{"id":13544,"date":"2021-04-29T14:50:50","date_gmt":"2021-04-29T12:50:50","guid":{"rendered":"https:\/\/huckerts.net\/van-chuyen-y-te\/xu-ly-mui-hoi\/"},"modified":"2022-10-25T11:14:52","modified_gmt":"2022-10-25T09:14:52","slug":"xu-ly-mui-hoi","status":"publish","type":"page","link":"https:\/\/huckerts.net\/vi\/van-chuyen-y-te\/xu-ly-mui-hoi\/","title":{"rendered":"X\u1eed l\u00fd m\u00f9i h\u00f4i"},"content":{"rendered":"<p>[vc_row][vc_column][vc_column_text]<\/p>\n<p class=\"p1\"><span style=\"color: #000000;\">V\u1edbi c\u00e1c lo\u1ea1i tinh d\u1ea7u \u0111\u01b0\u1ee3c ch\u1ecdn l\u1ecdc, <strong><span class=\"s1\">UMONIUM<\/span><span class=\"s2\">38\u00ae <\/span>AIR CONTROL<\/strong> gi\u00fap lo\u1ea1i b\u1ecf ho\u00e0n to\u00e0n c\u00e1c m\u00f9i h\u00f4i kh\u00f3 ch\u1ecbu. M\u1ed7i chai 100 ml ch\u1ee9a t\u01b0\u01a1ng \u0111\u01b0\u01a1ng v\u1edbi \u00edt nh\u1ea5t 20 kg c\u00e2y kh\u00f4 v\u00e0 c\u00f3 th\u1ec3 x\u1ecbt h\u01a1n 900 l\u1ea7n. Hi\u1ec7u qu\u1ea3 r\u00f5 r\u1ec7t, s\u1ea3n ph\u1ea9m l\u00e0m s\u1ea1ch kh\u00f4ng kh\u00ed, kh\u1eed m\u00f9i ch\u1ec9 v\u1edbi m\u1ed9t l\u1ea7n x\u1ecbt v\u00e0 gi\u00fap gi\u1ea3m nguy c\u01a1 \u00f4 nhi\u1ec5m kh\u00f4ng kh\u00ed.<\/span><\/p>\n<p class=\"p1\"><span style=\"color: #000000;\">Trong l\u00e0nh, tinh khi\u1ebft, t\u1ef1 nhi\u00ean v\u00e0 m\u1ea1nh m\u1ebd, m\u1ed9t phi\u00ean b\u1ea3n d\u00e0nh cho m\u00e1y khu\u1ebfch t\u00e1n t\u1ef1 \u0111\u1ed9ng, c\u00f3 t\u00ean l\u00e0 <strong><span class=\"s1\">UMONIUM<\/span><span class=\"s2\">38\u00ae<\/span> <span class=\"s3\">AIR CONTROL MATIC<\/span> <span class=\"s4\">.<\/span><\/strong><\/span><\/p>\n<p>[\/vc_column_text][vc_empty_space height=&#8221;35px&#8221;][vc_single_image image=&#8221;11413&#8243; img_size=&#8221;1100 x100&#8243; alignment=&#8221;center&#8221;][vc_separator][vc_row_inner css=&#8221;.vc_custom_1613403034812{margin-bottom: 50px !important;}&#8221;][vc_column_inner width=&#8221;1\/2&#8243;][vc_single_image image=&#8221;2488&#8243; img_size=&#8221;full&#8221; alignment=&#8221;center&#8221;][vc_column_text]<\/p>\n<h3 style=\"text-align: left;\">B\u00ecnh kh\u1eed m\u00f9i T\u1ef0 \u0110\u1ed8NG<\/h3>\n<p class=\"p1\">\u0110\u00e2y l\u00e0 lo\u1ea1i b\u00ecnh x\u1ecbt s\u1eb5n s\u00e0ng s\u1eed d\u1ee5ng trong kh\u00f4ng kh\u00ed.<\/p>\n<p class=\"p1\" style=\"text-align: left;\"><strong><img loading=\"lazy\" decoding=\"async\" class=\"alignnone wp-image-2531\" src=\"https:\/\/huckerts.net\/wp-content\/uploads\/2021\/04\/capacite.jpg\" alt=\"\" width=\"20\" height=\"20\" \/> DUNG T\u00cdCH :<\/strong> M\u1ed9t b\u00ecnh s\u1eed d\u1ee5ng cho 150 m\u00b3, t\u01b0\u01a1ng \u0111\u01b0\u01a1ng v\u1edbi m\u1ed9t c\u0103n ph\u00f2ng c\u00f3 di\u1ec7n t\u00edch t\u1eeb 50 \u0111\u1ebfn 60 m\u00b2 (\u00b1 3000 nh\u00e1t x\u1ecbt cho m\u1ed7i 250 ml \u0111\u01b0\u1ee3c l\u1eadp tr\u00ecnh theo nhu c\u1ea7u c\u1ee7a qu\u00fd v\u1ecb).<\/p>\n<p class=\"p1\" style=\"text-align: left;\"><strong><img loading=\"lazy\" decoding=\"async\" class=\"alignnone wp-image-2532\" src=\"https:\/\/huckerts.net\/wp-content\/uploads\/2021\/04\/format.jpg\" alt=\"\" width=\"25\" height=\"33\" \/> BAO B\u00cc :<\/strong> 250 ml.<\/p>\n<p>[\/vc_column_text][\/vc_column_inner][vc_column_inner width=&#8221;1\/2&#8243;][vc_single_image image=&#8221;2491&#8243; img_size=&#8221;full&#8221; alignment=&#8221;center&#8221;][vc_column_text]<\/p>\n<h3 style=\"text-align: left;\">B\u00ecnh kh\u1eed m\u00f9i TH\u1ee6 C\u00d4NG<\/h3>\n<p class=\"p1\">\u0110\u00e2y l\u00e0 lo\u1ea1i b\u00ecnh phun x\u1ecbt s\u1eb5n s\u00e0ng s\u1eed d\u1ee5ng trong kh\u00f4ng kh\u00ed.<\/p>\n<p class=\"p1\" style=\"text-align: left;\"><strong><img loading=\"lazy\" decoding=\"async\" class=\"alignnone wp-image-2531\" src=\"https:\/\/huckerts.net\/wp-content\/uploads\/2021\/04\/capacite.jpg\" alt=\"\" width=\"20\" height=\"20\" \/> DUNG T\u00cdCH :<\/strong> M\u1ed9t b\u00ecnh x\u1ecbt s\u1eed d\u1ee5ng cho 20 m\u00b3 (\u00b1 900 nh\u00e1t x\u1ecbt cho m\u1ed7i 100 ml).<\/p>\n<p class=\"p1\" style=\"text-align: left;\"><strong><img loading=\"lazy\" decoding=\"async\" class=\"alignnone wp-image-2532\" src=\"https:\/\/huckerts.net\/wp-content\/uploads\/2021\/04\/format.jpg\" alt=\"\" width=\"25\" height=\"33\" \/> BAO B\u00cc :<\/strong> 5 ml, 10 ml v\u00e0 100 ml.<\/p>\n<p>[\/vc_column_text][\/vc_column_inner][\/vc_row_inner][vc_btn title=&#8221;T\u1ea3i v\u1ec1 t\u1eadp tin&#8221; size=&#8221;xs&#8221; align=&#8221;center&#8221; css_animation=&#8221;none&#8221; link=&#8221;url:https%3A%2F%2Fhuckerts.net%2Fwp-content%2Fuploads%2Fproduct_sheets_vi%2FFP00206-U38-Air-Control-VI.pdf||target:%20_blank|&#8221;][vc_empty_space height=&#8221;50&#8243;][\/vc_column][\/vc_row][vc_row][vc_column][vc_column_text]<\/p>\n<h6 class=\"p1\"><em>H\u00ecnh \u1ea3nh s\u1ea3n ph\u1ea9m kh\u00f4ng theo h\u1ee3p \u0111\u1ed3ng. \u0110\u1ec3 bi\u1ebft kh\u1ea3 n\u0103ng s\u1eb5n c\u00f3 hi\u1ec7n t\u1ea1i c\u1ee7a c\u00e1c s\u1ea3n ph\u1ea9m n\u00e0y \u1edf qu\u1ed1c gia c\u1ee7a qu\u00fd v\u1ecb, \u0111\u1eebng ng\u1ea7n ng\u1ea1i li\u00ean h\u1ec7 v\u1edbi ch\u00fang t\u00f4i.<\/em><\/h6>\n<p>[\/vc_column_text][\/vc_column][\/vc_row]<\/p>\n","protected":false},"excerpt":{"rendered":"<p>[vc_row][vc_column][vc_column_text] V\u1edbi c\u00e1c lo\u1ea1i tinh d\u1ea7u \u0111\u01b0\u1ee3c ch\u1ecdn l\u1ecdc, UMONIUM38\u00ae AIR CONTROL gi\u00fap lo\u1ea1i b\u1ecf ho\u00e0n to\u00e0n c\u00e1c m\u00f9i h\u00f4i kh\u00f3 ch\u1ecbu. M\u1ed7i chai 100 ml ch\u1ee9a t\u01b0\u01a1ng \u0111\u01b0\u01a1ng v\u1edbi \u00edt nh\u1ea5t 20 kg c\u00e2y kh\u00f4 v\u00e0 c\u00f3 th\u1ec3 x\u1ecbt h\u01a1n 900 l\u1ea7n. Hi\u1ec7u qu\u1ea3 r\u00f5 r\u1ec7t, s\u1ea3n ph\u1ea9m l\u00e0m s\u1ea1ch kh\u00f4ng kh\u00ed, kh\u1eed m\u00f9i ch\u1ec9 v\u1edbi m\u1ed9t l\u1ea7n x\u1ecbt v\u00e0 gi\u00fap gi\u1ea3m nguy c\u01a1 \u00f4 nhi\u1ec5m kh\u00f4ng kh\u00ed. Trong l\u00e0nh, tinh khi\u1ebft, t\u1ef1 nhi\u00ean v\u00e0 m\u1ea1nh m\u1ebd, m\u1ed9t phi\u00ean b\u1ea3n d\u00e0nh cho m\u00e1y khu\u1ebfch t\u00e1n t\u1ef1 \u0111\u1ed9ng, c\u00f3 t\u00ean l\u00e0 UMONIUM38\u00ae AIR CONTROL MATIC . [\/vc_column_text][vc_empty_space height=&#8221;35px&#8221;][vc_single_image image=&#8221;11413&#8243; img_size=&#8221;1100 x100&#8243; alignment=&#8221;center&#8221;][vc_separator][vc_row_inner css=&#8221;.vc_custom_1613403034812{margin-bottom: 50px !important;}&#8221;][vc_column_inner width=&#8221;1\/2&#8243;][vc_single_image image=&#8221;2488&#8243; img_size=&#8221;full&#8221; alignment=&#8221;center&#8221;][vc_column_text] B\u00ecnh kh\u1eed m\u00f9i T\u1ef0 \u0110\u1ed8NG \u0110\u00e2y l\u00e0 lo\u1ea1i b\u00ecnh x\u1ecbt s\u1eb5n s\u00e0ng s\u1eed d\u1ee5ng trong kh\u00f4ng kh\u00ed. DUNG T\u00cdCH : M\u1ed9t b\u00ecnh s\u1eed d\u1ee5ng cho 150 m\u00b3, t\u01b0\u01a1ng \u0111\u01b0\u01a1ng v\u1edbi m\u1ed9t c\u0103n ph\u00f2ng c\u00f3 di\u1ec7n t\u00edch t\u1eeb 50 \u0111\u1ebfn 60 m\u00b2 (\u00b1 3000 nh\u00e1t x\u1ecbt cho m\u1ed7i 250 ml \u0111\u01b0\u1ee3c l\u1eadp tr\u00ecnh theo nhu c\u1ea7u c\u1ee7a qu\u00fd v\u1ecb). BAO B\u00cc : 250 ml. [\/vc_column_text][\/vc_column_inner][vc_column_inner width=&#8221;1\/2&#8243;][vc_single_image image=&#8221;2491&#8243; img_size=&#8221;full&#8221; alignment=&#8221;center&#8221;][vc_column_text] B\u00ecnh kh\u1eed m\u00f9i TH\u1ee6 C\u00d4NG \u0110\u00e2y l\u00e0 lo\u1ea1i b\u00ecnh phun x\u1ecbt s\u1eb5n s\u00e0ng s\u1eed d\u1ee5ng trong kh\u00f4ng kh\u00ed. DUNG T\u00cdCH : M\u1ed9t b\u00ecnh x\u1ecbt s\u1eed d\u1ee5ng cho 20 m\u00b3 (\u00b1 900 nh\u00e1t x\u1ecbt cho m\u1ed7i 100 ml). BAO B\u00cc : 5 ml, 10 ml v\u00e0 100 ml. [\/vc_column_text][\/vc_column_inner][\/vc_row_inner][vc_btn title=&#8221;T\u1ea3i v\u1ec1 t\u1eadp tin&#8221; size=&#8221;xs&#8221; align=&#8221;center&#8221; css_animation=&#8221;none&#8221; link=&#8221;url:https%3A%2F%2Fhuckerts.net%2Fwp-content%2Fuploads%2Fproduct_sheets_vi%2FFP00206-U38-Air-Control-VI.pdf||target:%20_blank|&#8221;][vc_empty_space height=&#8221;50&#8243;][\/vc_column][\/vc_row][vc_row][vc_column][vc_column_text] H\u00ecnh \u1ea3nh s\u1ea3n ph\u1ea9m kh\u00f4ng theo h\u1ee3p \u0111\u1ed3ng. \u0110\u1ec3 bi\u1ebft kh\u1ea3 n\u0103ng s\u1eb5n c\u00f3 hi\u1ec7n t\u1ea1i c\u1ee7a c\u00e1c s\u1ea3n ph\u1ea9m n\u00e0y \u1edf qu\u1ed1c gia c\u1ee7a qu\u00fd v\u1ecb, \u0111\u1eebng ng\u1ea7n ng\u1ea1i li\u00ean h\u1ec7 v\u1edbi ch\u00fang t\u00f4i. [\/vc_column_text][\/vc_column][\/vc_row]<\/p>\n","protected":false},"author":13,"featured_media":0,"parent":13517,"menu_order":0,"comment_status":"closed","ping_status":"closed","template":"","meta":{"footnotes":""},"yoast_head":"<!-- This site is optimized with the Yoast SEO plugin v21.7 - https:\/\/yoast.com\/wordpress\/plugins\/seo\/ -->\n<title>X\u1eed l\u00fd m\u00f9i h\u00f4i - Huckert&#039;s<\/title>\n<meta name=\"robots\" content=\"index, follow, max-snippet:-1, max-image-preview:large, max-video-preview:-1\" \/>\n<link rel=\"canonical\" href=\"https:\/\/huckerts.net\/vi\/van-chuyen-y-te\/xu-ly-mui-hoi\/\" \/>\n<meta property=\"og:locale\" content=\"vi_VN\" \/>\n<meta property=\"og:type\" content=\"article\" \/>\n<meta property=\"og:title\" content=\"X\u1eed l\u00fd m\u00f9i h\u00f4i - Huckert&#039;s\" \/>\n<meta property=\"og:description\" content=\"[vc_row][vc_column][vc_column_text] V\u1edbi c\u00e1c lo\u1ea1i tinh d\u1ea7u \u0111\u01b0\u1ee3c ch\u1ecdn l\u1ecdc, UMONIUM38\u00ae AIR CONTROL gi\u00fap lo\u1ea1i b\u1ecf ho\u00e0n to\u00e0n c\u00e1c m\u00f9i h\u00f4i kh\u00f3 ch\u1ecbu. M\u1ed7i chai 100 ml ch\u1ee9a t\u01b0\u01a1ng \u0111\u01b0\u01a1ng v\u1edbi \u00edt nh\u1ea5t 20 kg c\u00e2y kh\u00f4 v\u00e0 c\u00f3 th\u1ec3 x\u1ecbt h\u01a1n 900 l\u1ea7n. Hi\u1ec7u qu\u1ea3 r\u00f5 r\u1ec7t, s\u1ea3n ph\u1ea9m l\u00e0m s\u1ea1ch kh\u00f4ng kh\u00ed, kh\u1eed m\u00f9i ch\u1ec9 v\u1edbi m\u1ed9t l\u1ea7n x\u1ecbt v\u00e0 gi\u00fap gi\u1ea3m nguy c\u01a1 \u00f4 nhi\u1ec5m kh\u00f4ng kh\u00ed. Trong l\u00e0nh, tinh khi\u1ebft, t\u1ef1 nhi\u00ean v\u00e0 m\u1ea1nh m\u1ebd, m\u1ed9t phi\u00ean b\u1ea3n d\u00e0nh cho m\u00e1y khu\u1ebfch t\u00e1n t\u1ef1 \u0111\u1ed9ng, c\u00f3 t\u00ean l\u00e0 UMONIUM38\u00ae AIR CONTROL MATIC . [\/vc_column_text][vc_empty_space height=&#8221;35px&#8221;][vc_single_image image=&#8221;11413&#8243; img_size=&#8221;1100 x100&#8243; alignment=&#8221;center&#8221;][vc_separator][vc_row_inner css=&#8221;.vc_custom_1613403034812{margin-bottom: 50px !important;}&#8221;][vc_column_inner width=&#8221;1\/2&#8243;][vc_single_image image=&#8221;2488&#8243; img_size=&#8221;full&#8221; alignment=&#8221;center&#8221;][vc_column_text] B\u00ecnh kh\u1eed m\u00f9i T\u1ef0 \u0110\u1ed8NG \u0110\u00e2y l\u00e0 lo\u1ea1i b\u00ecnh x\u1ecbt s\u1eb5n s\u00e0ng s\u1eed d\u1ee5ng trong kh\u00f4ng kh\u00ed. DUNG T\u00cdCH : M\u1ed9t b\u00ecnh s\u1eed d\u1ee5ng cho 150 m\u00b3, t\u01b0\u01a1ng \u0111\u01b0\u01a1ng v\u1edbi m\u1ed9t c\u0103n ph\u00f2ng c\u00f3 di\u1ec7n t\u00edch t\u1eeb 50 \u0111\u1ebfn 60 m\u00b2 (\u00b1 3000 nh\u00e1t x\u1ecbt cho m\u1ed7i 250 ml \u0111\u01b0\u1ee3c l\u1eadp tr\u00ecnh theo nhu c\u1ea7u c\u1ee7a qu\u00fd v\u1ecb). BAO B\u00cc : 250 ml. [\/vc_column_text][\/vc_column_inner][vc_column_inner width=&#8221;1\/2&#8243;][vc_single_image image=&#8221;2491&#8243; img_size=&#8221;full&#8221; alignment=&#8221;center&#8221;][vc_column_text] B\u00ecnh kh\u1eed m\u00f9i TH\u1ee6 C\u00d4NG \u0110\u00e2y l\u00e0 lo\u1ea1i b\u00ecnh phun x\u1ecbt s\u1eb5n s\u00e0ng s\u1eed d\u1ee5ng trong kh\u00f4ng kh\u00ed. DUNG T\u00cdCH : M\u1ed9t b\u00ecnh x\u1ecbt s\u1eed d\u1ee5ng cho 20 m\u00b3 (\u00b1 900 nh\u00e1t x\u1ecbt cho m\u1ed7i 100 ml). BAO B\u00cc : 5 ml, 10 ml v\u00e0 100 ml. [\/vc_column_text][\/vc_column_inner][\/vc_row_inner][vc_btn title=&#8221;T\u1ea3i v\u1ec1 t\u1eadp tin&#8221; size=&#8221;xs&#8221; align=&#8221;center&#8221; css_animation=&#8221;none&#8221; link=&#8221;url:https%3A%2F%2Fhuckerts.net%2Fwp-content%2Fuploads%2Fproduct_sheets_vi%2FFP00206-U38-Air-Control-VI.pdf||target:%20_blank|&#8221;][vc_empty_space height=&#8221;50&#8243;][\/vc_column][\/vc_row][vc_row][vc_column][vc_column_text] H\u00ecnh \u1ea3nh s\u1ea3n ph\u1ea9m kh\u00f4ng theo h\u1ee3p \u0111\u1ed3ng. \u0110\u1ec3 bi\u1ebft kh\u1ea3 n\u0103ng s\u1eb5n c\u00f3 hi\u1ec7n t\u1ea1i c\u1ee7a c\u00e1c s\u1ea3n ph\u1ea9m n\u00e0y \u1edf qu\u1ed1c gia c\u1ee7a qu\u00fd v\u1ecb, \u0111\u1eebng ng\u1ea7n ng\u1ea1i li\u00ean h\u1ec7 v\u1edbi ch\u00fang t\u00f4i. [\/vc_column_text][\/vc_column][\/vc_row]\" \/>\n<meta property=\"og:url\" content=\"https:\/\/huckerts.net\/vi\/van-chuyen-y-te\/xu-ly-mui-hoi\/\" \/>\n<meta property=\"og:site_name\" content=\"Huckert&#039;s\" \/>\n<meta property=\"article:publisher\" content=\"https:\/\/www.facebook.com\/huckerts\" \/>\n<meta property=\"article:modified_time\" content=\"2022-10-25T09:14:52+00:00\" \/>\n<meta property=\"og:image\" content=\"https:\/\/huckerts.net\/wp-content\/uploads\/2021\/04\/capacite.jpg\" \/>\n<meta name=\"twitter:card\" content=\"summary_large_image\" \/>\n<meta name=\"twitter:label1\" content=\"Est. reading time\" \/>\n\t<meta name=\"twitter:data1\" content=\"3 minutes\" \/>\n<script type=\"application\/ld+json\" class=\"yoast-schema-graph\">{\"@context\":\"https:\/\/schema.org\",\"@graph\":[{\"@type\":\"WebPage\",\"@id\":\"https:\/\/huckerts.net\/vi\/van-chuyen-y-te\/xu-ly-mui-hoi\/\",\"url\":\"https:\/\/huckerts.net\/vi\/van-chuyen-y-te\/xu-ly-mui-hoi\/\",\"name\":\"X\u1eed l\u00fd m\u00f9i h\u00f4i - Huckert&#039;s\",\"isPartOf\":{\"@id\":\"https:\/\/huckerts.net\/#website\"},\"datePublished\":\"2021-04-29T12:50:50+00:00\",\"dateModified\":\"2022-10-25T09:14:52+00:00\",\"breadcrumb\":{\"@id\":\"https:\/\/huckerts.net\/vi\/van-chuyen-y-te\/xu-ly-mui-hoi\/#breadcrumb\"},\"inLanguage\":\"vi-VN\",\"potentialAction\":[{\"@type\":\"ReadAction\",\"target\":[\"https:\/\/huckerts.net\/vi\/van-chuyen-y-te\/xu-ly-mui-hoi\/\"]}]},{\"@type\":\"BreadcrumbList\",\"@id\":\"https:\/\/huckerts.net\/vi\/van-chuyen-y-te\/xu-ly-mui-hoi\/#breadcrumb\",\"itemListElement\":[{\"@type\":\"ListItem\",\"position\":1,\"name\":\"V\u1eadn chuy\u1ec3n y t\u1ebf\",\"item\":\"https:\/\/huckerts.net\/vi\/van-chuyen-y-te\/\"},{\"@type\":\"ListItem\",\"position\":2,\"name\":\"X\u1eed l\u00fd m\u00f9i h\u00f4i\"}]},{\"@type\":\"WebSite\",\"@id\":\"https:\/\/huckerts.net\/#website\",\"url\":\"https:\/\/huckerts.net\/\",\"name\":\"Huckert&#039;s\",\"description\":\"La d\u00e9sinfection ma\u00eetris\u00e9e\",\"potentialAction\":[{\"@type\":\"SearchAction\",\"target\":{\"@type\":\"EntryPoint\",\"urlTemplate\":\"https:\/\/huckerts.net\/?s={search_term_string}\"},\"query-input\":\"required name=search_term_string\"}],\"inLanguage\":\"vi-VN\"}]}<\/script>\n<!-- \/ Yoast SEO plugin. -->","yoast_head_json":{"title":"X\u1eed l\u00fd m\u00f9i h\u00f4i - Huckert&#039;s","robots":{"index":"index","follow":"follow","max-snippet":"max-snippet:-1","max-image-preview":"max-image-preview:large","max-video-preview":"max-video-preview:-1"},"canonical":"https:\/\/huckerts.net\/vi\/van-chuyen-y-te\/xu-ly-mui-hoi\/","og_locale":"vi_VN","og_type":"article","og_title":"X\u1eed l\u00fd m\u00f9i h\u00f4i - Huckert&#039;s","og_description":"[vc_row][vc_column][vc_column_text] V\u1edbi c\u00e1c lo\u1ea1i tinh d\u1ea7u \u0111\u01b0\u1ee3c ch\u1ecdn l\u1ecdc, UMONIUM38\u00ae AIR CONTROL gi\u00fap lo\u1ea1i b\u1ecf ho\u00e0n to\u00e0n c\u00e1c m\u00f9i h\u00f4i kh\u00f3 ch\u1ecbu. M\u1ed7i chai 100 ml ch\u1ee9a t\u01b0\u01a1ng \u0111\u01b0\u01a1ng v\u1edbi \u00edt nh\u1ea5t 20 kg c\u00e2y kh\u00f4 v\u00e0 c\u00f3 th\u1ec3 x\u1ecbt h\u01a1n 900 l\u1ea7n. Hi\u1ec7u qu\u1ea3 r\u00f5 r\u1ec7t, s\u1ea3n ph\u1ea9m l\u00e0m s\u1ea1ch kh\u00f4ng kh\u00ed, kh\u1eed m\u00f9i ch\u1ec9 v\u1edbi m\u1ed9t l\u1ea7n x\u1ecbt v\u00e0 gi\u00fap gi\u1ea3m nguy c\u01a1 \u00f4 nhi\u1ec5m kh\u00f4ng kh\u00ed. Trong l\u00e0nh, tinh khi\u1ebft, t\u1ef1 nhi\u00ean v\u00e0 m\u1ea1nh m\u1ebd, m\u1ed9t phi\u00ean b\u1ea3n d\u00e0nh cho m\u00e1y khu\u1ebfch t\u00e1n t\u1ef1 \u0111\u1ed9ng, c\u00f3 t\u00ean l\u00e0 UMONIUM38\u00ae AIR CONTROL MATIC . [\/vc_column_text][vc_empty_space height=&#8221;35px&#8221;][vc_single_image image=&#8221;11413&#8243; img_size=&#8221;1100 x100&#8243; alignment=&#8221;center&#8221;][vc_separator][vc_row_inner css=&#8221;.vc_custom_1613403034812{margin-bottom: 50px !important;}&#8221;][vc_column_inner width=&#8221;1\/2&#8243;][vc_single_image image=&#8221;2488&#8243; img_size=&#8221;full&#8221; alignment=&#8221;center&#8221;][vc_column_text] B\u00ecnh kh\u1eed m\u00f9i T\u1ef0 \u0110\u1ed8NG \u0110\u00e2y l\u00e0 lo\u1ea1i b\u00ecnh x\u1ecbt s\u1eb5n s\u00e0ng s\u1eed d\u1ee5ng trong kh\u00f4ng kh\u00ed. DUNG T\u00cdCH : M\u1ed9t b\u00ecnh s\u1eed d\u1ee5ng cho 150 m\u00b3, t\u01b0\u01a1ng \u0111\u01b0\u01a1ng v\u1edbi m\u1ed9t c\u0103n ph\u00f2ng c\u00f3 di\u1ec7n t\u00edch t\u1eeb 50 \u0111\u1ebfn 60 m\u00b2 (\u00b1 3000 nh\u00e1t x\u1ecbt cho m\u1ed7i 250 ml \u0111\u01b0\u1ee3c l\u1eadp tr\u00ecnh theo nhu c\u1ea7u c\u1ee7a qu\u00fd v\u1ecb). BAO B\u00cc : 250 ml. [\/vc_column_text][\/vc_column_inner][vc_column_inner width=&#8221;1\/2&#8243;][vc_single_image image=&#8221;2491&#8243; img_size=&#8221;full&#8221; alignment=&#8221;center&#8221;][vc_column_text] B\u00ecnh kh\u1eed m\u00f9i TH\u1ee6 C\u00d4NG \u0110\u00e2y l\u00e0 lo\u1ea1i b\u00ecnh phun x\u1ecbt s\u1eb5n s\u00e0ng s\u1eed d\u1ee5ng trong kh\u00f4ng kh\u00ed. DUNG T\u00cdCH : M\u1ed9t b\u00ecnh x\u1ecbt s\u1eed d\u1ee5ng cho 20 m\u00b3 (\u00b1 900 nh\u00e1t x\u1ecbt cho m\u1ed7i 100 ml). BAO B\u00cc : 5 ml, 10 ml v\u00e0 100 ml. [\/vc_column_text][\/vc_column_inner][\/vc_row_inner][vc_btn title=&#8221;T\u1ea3i v\u1ec1 t\u1eadp tin&#8221; size=&#8221;xs&#8221; align=&#8221;center&#8221; css_animation=&#8221;none&#8221; link=&#8221;url:https%3A%2F%2Fhuckerts.net%2Fwp-content%2Fuploads%2Fproduct_sheets_vi%2FFP00206-U38-Air-Control-VI.pdf||target:%20_blank|&#8221;][vc_empty_space height=&#8221;50&#8243;][\/vc_column][\/vc_row][vc_row][vc_column][vc_column_text] H\u00ecnh \u1ea3nh s\u1ea3n ph\u1ea9m kh\u00f4ng theo h\u1ee3p \u0111\u1ed3ng. \u0110\u1ec3 bi\u1ebft kh\u1ea3 n\u0103ng s\u1eb5n c\u00f3 hi\u1ec7n t\u1ea1i c\u1ee7a c\u00e1c s\u1ea3n ph\u1ea9m n\u00e0y \u1edf qu\u1ed1c gia c\u1ee7a qu\u00fd v\u1ecb, \u0111\u1eebng ng\u1ea7n ng\u1ea1i li\u00ean h\u1ec7 v\u1edbi ch\u00fang t\u00f4i. [\/vc_column_text][\/vc_column][\/vc_row]","og_url":"https:\/\/huckerts.net\/vi\/van-chuyen-y-te\/xu-ly-mui-hoi\/","og_site_name":"Huckert&#039;s","article_publisher":"https:\/\/www.facebook.com\/huckerts","article_modified_time":"2022-10-25T09:14:52+00:00","og_image":[{"url":"https:\/\/huckerts.net\/wp-content\/uploads\/2021\/04\/capacite.jpg"}],"twitter_card":"summary_large_image","twitter_misc":{"Est. reading time":"3 minutes"},"schema":{"@context":"https:\/\/schema.org","@graph":[{"@type":"WebPage","@id":"https:\/\/huckerts.net\/vi\/van-chuyen-y-te\/xu-ly-mui-hoi\/","url":"https:\/\/huckerts.net\/vi\/van-chuyen-y-te\/xu-ly-mui-hoi\/","name":"X\u1eed l\u00fd m\u00f9i h\u00f4i - Huckert&#039;s","isPartOf":{"@id":"https:\/\/huckerts.net\/#website"},"datePublished":"2021-04-29T12:50:50+00:00","dateModified":"2022-10-25T09:14:52+00:00","breadcrumb":{"@id":"https:\/\/huckerts.net\/vi\/van-chuyen-y-te\/xu-ly-mui-hoi\/#breadcrumb"},"inLanguage":"vi-VN","potentialAction":[{"@type":"ReadAction","target":["https:\/\/huckerts.net\/vi\/van-chuyen-y-te\/xu-ly-mui-hoi\/"]}]},{"@type":"BreadcrumbList","@id":"https:\/\/huckerts.net\/vi\/van-chuyen-y-te\/xu-ly-mui-hoi\/#breadcrumb","itemListElement":[{"@type":"ListItem","position":1,"name":"V\u1eadn chuy\u1ec3n y t\u1ebf","item":"https:\/\/huckerts.net\/vi\/van-chuyen-y-te\/"},{"@type":"ListItem","position":2,"name":"X\u1eed l\u00fd m\u00f9i h\u00f4i"}]},{"@type":"WebSite","@id":"https:\/\/huckerts.net\/#website","url":"https:\/\/huckerts.net\/","name":"Huckert&#039;s","description":"La d\u00e9sinfection ma\u00eetris\u00e9e","potentialAction":[{"@type":"SearchAction","target":{"@type":"EntryPoint","urlTemplate":"https:\/\/huckerts.net\/?s={search_term_string}"},"query-input":"required name=search_term_string"}],"inLanguage":"vi-VN"}]}},"_links":{"self":[{"href":"https:\/\/huckerts.net\/vi\/wp-json\/wp\/v2\/pages\/13544"}],"collection":[{"href":"https:\/\/huckerts.net\/vi\/wp-json\/wp\/v2\/pages"}],"about":[{"href":"https:\/\/huckerts.net\/vi\/wp-json\/wp\/v2\/types\/page"}],"author":[{"embeddable":true,"href":"https:\/\/huckerts.net\/vi\/wp-json\/wp\/v2\/users\/13"}],"replies":[{"embeddable":true,"href":"https:\/\/huckerts.net\/vi\/wp-json\/wp\/v2\/comments?post=13544"}],"version-history":[{"count":7,"href":"https:\/\/huckerts.net\/vi\/wp-json\/wp\/v2\/pages\/13544\/revisions"}],"predecessor-version":[{"id":13856,"href":"https:\/\/huckerts.net\/vi\/wp-json\/wp\/v2\/pages\/13544\/revisions\/13856"}],"up":[{"embeddable":true,"href":"https:\/\/huckerts.net\/vi\/wp-json\/wp\/v2\/pages\/13517"}],"wp:attachment":[{"href":"https:\/\/huckerts.net\/vi\/wp-json\/wp\/v2\/media?parent=13544"}],"curies":[{"name":"wp","href":"https:\/\/api.w.org\/{rel}","templated":true}]}}