{"id":13526,"date":"2021-04-29T14:47:55","date_gmt":"2021-04-29T12:47:55","guid":{"rendered":"https:\/\/huckerts.net\/van-chuyen-y-te\/dong-cu\/"},"modified":"2022-10-25T10:29:08","modified_gmt":"2022-10-25T08:29:08","slug":"dong-cu","status":"publish","type":"page","link":"https:\/\/huckerts.net\/vi\/van-chuyen-y-te\/dong-cu\/","title":{"rendered":"D\u00f4ng c\u1ee5"},"content":{"rendered":"<p>[vc_row][vc_column][vc_column_text]<\/p>\n<p class=\"p1\"><span style=\"color: #000000;\">M\u1ed9t gi\u1ea3i ph\u00e1p thay th\u1ebf th\u1ef1c s\u1ef1 cho c\u00e1c s\u1ea3n ph\u1ea9m ch\u1ee9a enzym, axit v\u00e0 ki\u1ec1m, <strong><span class=\"s1\">UMONIUM<\/span><\/strong><span class=\"s2\"><strong>38\u00ae<\/strong><\/span> <strong><span class=\"s3\">INSTRUMENTS<\/span><\/strong> \u0111\u01b0\u1ee3c s\u1eed d\u1ee5ng cho c\u00e1c giai \u0111o\u1ea1n tr\u01b0\u1edbc khi kh\u1eed khu\u1ea9n v\u00e0 kh\u1eed khu\u1ea9n thi\u1ebft b\u1ecb \u0111o \u0111\u1ea1c.<\/span><\/p>\n<p class=\"p2\"><span style=\"color: #000000;\"><span class=\"s5\">\u1ed4n \u0111\u1ecbnh, \u0111\u1ed9 pH trung t\u00ednh, an to\u00e0n<\/span> (kh\u00f4ng ch\u00e1y, kh\u00f4ng c\u00f3 nguy c\u01a1 \u0103n m\u00f2n, g\u00e2y b\u1ecfng ho\u1eb7c c\u00f3 h\u01a1i \u0111\u1ed9c) <span class=\"s5\">v\u00e0 kh\u00f4ng ch\u1ee9a c\u00e1c th\u00e0nh ph\u1ea7n CMR<\/span> (G\u00e2y ung th\u01b0, g\u00e2y \u0111\u1ed9t bi\u1ebfn ho\u1eb7c nhi\u1ec5m \u0111\u1ed9c) <span class=\"s5\">ho\u1eb7c<\/span> c\u00e1c ch\u1ea5t g\u00e2y r\u1ed1i lo\u1ea1n n\u1ed9i ti\u1ebft<span class=\"s4\">, kh\u00f4ng \u0111\u1ec3<\/span> l\u1ea1i d\u01b0 l\u01b0\u1ee3ng sau khi r\u1eeda s\u1ea1ch.<\/span><\/p>\n<p>[\/vc_column_text][vc_empty_space height=&#8221;35px&#8221;][vc_single_image image=&#8221;4110&#8243; img_size=&#8221;1100 x100&#8243; alignment=&#8221;center&#8221;][vc_separator][vc_empty_space height=&#8221;70px&#8221;][vc_row_inner css=&#8221;.vc_custom_1613402049010{margin-bottom: 50px !important;}&#8221;][vc_column_inner width=&#8221;1\/3&#8243;][vc_single_image image=&#8221;2393&#8243; img_size=&#8221;full&#8221; alignment=&#8221;center&#8221;][vc_column_text]<\/p>\n<h3 style=\"text-align: left;\">Ch\u1ea5t t\u1ea9y r\u1eeda v\u00e0 kh\u1eed tr\u00f9ng<br \/>\nThi\u1ebft b\u1ecb y t\u1ebf Lo\u1ea1i IIb<\/h3>\n<p style=\"text-align: left;\">Dung d\u1ecbch \u0111\u1eadm \u0111\u1eb7c \u0111\u01b0\u1ee3c pha lo\u00e3ng \u1edf m\u1ee9c 0,5% (l\u00e0m s\u1ea1ch) ho\u1eb7c 2,5% (kh\u1eed tr\u00f9ng) \u0111\u1ec3 s\u1eed d\u1ee5ng th\u1ee7 c\u00f4ng (ng\u00e2m + qu\u00e9t ch\u1ea3i) ho\u1eb7c trong b\u1ed3n si\u00eau \u00e2m.<\/p>\n<p class=\"p1\" style=\"text-align: left;\"><strong><img loading=\"lazy\" decoding=\"async\" class=\"alignnone wp-image-2531\" src=\"https:\/\/huckerts.net\/wp-content\/uploads\/2021\/04\/capacite.jpg\" alt=\"\" width=\"20\" height=\"20\" \/> DUNG T\u00cdCH :<\/strong> 1L dung d\u1ecbch \u0111\u1eadm \u0111\u1eb7c cho ph\u00e9p pha \u0111\u01b0\u1ee3c 200L dung d\u1ecbch pha lo\u00e3ng (0,5%).<\/p>\n<p class=\"p1\" style=\"text-align: left;\"><strong><img loading=\"lazy\" decoding=\"async\" class=\"alignnone wp-image-2532\" src=\"https:\/\/huckerts.net\/wp-content\/uploads\/2021\/04\/format.jpg\" alt=\"\" width=\"25\" height=\"33\" \/> BAO B\u00cc :<\/strong> 1L et 5L.<\/p>\n<p style=\"text-align: left;\"><strong><img loading=\"lazy\" decoding=\"async\" class=\"alignnone wp-image-2533\" src=\"https:\/\/huckerts.net\/wp-content\/uploads\/2021\/04\/cible.jpg\" alt=\"\" width=\"20\" height=\"20\" \/> PH\u1ed4 HO\u1ea0T \u0110\u1ed8NG :<\/strong> Di\u1ec7t c\u00e1c lo\u1ea1i vi khu\u1ea9n, n\u1ea5m, khu\u1ea9n mycobacteria v\u00e0 virus.<\/p>\n<p>[\/vc_column_text][vc_btn title=&#8221;T\u1ea3i v\u1ec1 t\u1eadp tin&#8221; size=&#8221;xs&#8221; align=&#8221;center&#8221; css_animation=&#8221;none&#8221; link=&#8221;url:https%3A%2F%2Fhuckerts.net%2Fwp-content%2Fuploads%2Fproduct_sheets_vi%2FFP00036-U38-Instruments-VI.pdf||target:%20_blank|&#8221;][\/vc_column_inner][\/vc_row_inner][\/vc_column][\/vc_row][vc_row][vc_column][vc_empty_space][vc_column_text]<\/p>\n<h6 class=\"p1\"><em>H\u00ecnh \u1ea3nh s\u1ea3n ph\u1ea9m kh\u00f4ng theo h\u1ee3p \u0111\u1ed3ng. \u0110\u1ec3 bi\u1ebft kh\u1ea3 n\u0103ng s\u1eb5n c\u00f3 hi\u1ec7n t\u1ea1i v\u1ec1 c\u00e1c thi\u1ebft b\u1ecb y t\u1ebf c\u1ee7a ch\u00fang t\u00f4i \u1edf qu\u1ed1c gia c\u1ee7a qu\u00fd v\u1ecb, \u0111\u1eebng ng\u1ea7n ng\u1ea1i li\u00ean h\u1ec7 v\u1edbi ch\u00fang t\u00f4i.<\/em><\/h6>\n<p>[\/vc_column_text][\/vc_column][\/vc_row]<\/p>\n","protected":false},"excerpt":{"rendered":"<p>[vc_row][vc_column][vc_column_text] M\u1ed9t gi\u1ea3i ph\u00e1p thay th\u1ebf th\u1ef1c s\u1ef1 cho c\u00e1c s\u1ea3n ph\u1ea9m ch\u1ee9a enzym, axit v\u00e0 ki\u1ec1m, UMONIUM38\u00ae INSTRUMENTS \u0111\u01b0\u1ee3c s\u1eed d\u1ee5ng cho c\u00e1c giai \u0111o\u1ea1n tr\u01b0\u1edbc khi kh\u1eed khu\u1ea9n v\u00e0 kh\u1eed khu\u1ea9n thi\u1ebft b\u1ecb \u0111o \u0111\u1ea1c. \u1ed4n \u0111\u1ecbnh, \u0111\u1ed9 pH trung t\u00ednh, an to\u00e0n (kh\u00f4ng ch\u00e1y, kh\u00f4ng c\u00f3 nguy c\u01a1 \u0103n m\u00f2n, g\u00e2y b\u1ecfng ho\u1eb7c c\u00f3 h\u01a1i \u0111\u1ed9c) v\u00e0 kh\u00f4ng ch\u1ee9a c\u00e1c th\u00e0nh ph\u1ea7n CMR (G\u00e2y ung th\u01b0, g\u00e2y \u0111\u1ed9t bi\u1ebfn ho\u1eb7c nhi\u1ec5m \u0111\u1ed9c) ho\u1eb7c c\u00e1c ch\u1ea5t g\u00e2y r\u1ed1i lo\u1ea1n n\u1ed9i ti\u1ebft, kh\u00f4ng \u0111\u1ec3 l\u1ea1i d\u01b0 l\u01b0\u1ee3ng sau khi r\u1eeda s\u1ea1ch. [\/vc_column_text][vc_empty_space height=&#8221;35px&#8221;][vc_single_image image=&#8221;4110&#8243; img_size=&#8221;1100 x100&#8243; alignment=&#8221;center&#8221;][vc_separator][vc_empty_space height=&#8221;70px&#8221;][vc_row_inner css=&#8221;.vc_custom_1613402049010{margin-bottom: 50px !important;}&#8221;][vc_column_inner width=&#8221;1\/3&#8243;][vc_single_image image=&#8221;2393&#8243; img_size=&#8221;full&#8221; alignment=&#8221;center&#8221;][vc_column_text] Ch\u1ea5t t\u1ea9y r\u1eeda v\u00e0 kh\u1eed tr\u00f9ng Thi\u1ebft b\u1ecb y t\u1ebf Lo\u1ea1i IIb Dung d\u1ecbch \u0111\u1eadm \u0111\u1eb7c \u0111\u01b0\u1ee3c pha lo\u00e3ng \u1edf m\u1ee9c 0,5% (l\u00e0m s\u1ea1ch) ho\u1eb7c 2,5% (kh\u1eed tr\u00f9ng) \u0111\u1ec3 s\u1eed d\u1ee5ng th\u1ee7 c\u00f4ng (ng\u00e2m + qu\u00e9t ch\u1ea3i) ho\u1eb7c trong b\u1ed3n si\u00eau \u00e2m. DUNG T\u00cdCH : 1L dung d\u1ecbch \u0111\u1eadm \u0111\u1eb7c cho ph\u00e9p pha \u0111\u01b0\u1ee3c 200L dung d\u1ecbch pha lo\u00e3ng (0,5%). BAO B\u00cc : 1L et 5L. PH\u1ed4 HO\u1ea0T \u0110\u1ed8NG : Di\u1ec7t c\u00e1c lo\u1ea1i vi khu\u1ea9n, n\u1ea5m, khu\u1ea9n mycobacteria v\u00e0 virus. [\/vc_column_text][vc_btn title=&#8221;T\u1ea3i v\u1ec1 t\u1eadp tin&#8221; size=&#8221;xs&#8221; align=&#8221;center&#8221; css_animation=&#8221;none&#8221; link=&#8221;url:https%3A%2F%2Fhuckerts.net%2Fwp-content%2Fuploads%2Fproduct_sheets_vi%2FFP00036-U38-Instruments-VI.pdf||target:%20_blank|&#8221;][\/vc_column_inner][\/vc_row_inner][\/vc_column][\/vc_row][vc_row][vc_column][vc_empty_space][vc_column_text] H\u00ecnh \u1ea3nh s\u1ea3n ph\u1ea9m kh\u00f4ng theo h\u1ee3p \u0111\u1ed3ng. \u0110\u1ec3 bi\u1ebft kh\u1ea3 n\u0103ng s\u1eb5n c\u00f3 hi\u1ec7n t\u1ea1i v\u1ec1 c\u00e1c thi\u1ebft b\u1ecb y t\u1ebf c\u1ee7a ch\u00fang t\u00f4i \u1edf qu\u1ed1c gia c\u1ee7a qu\u00fd v\u1ecb, \u0111\u1eebng ng\u1ea7n ng\u1ea1i li\u00ean h\u1ec7 v\u1edbi ch\u00fang t\u00f4i. [\/vc_column_text][\/vc_column][\/vc_row]<\/p>\n","protected":false},"author":13,"featured_media":0,"parent":13517,"menu_order":0,"comment_status":"closed","ping_status":"closed","template":"","meta":{"footnotes":""},"yoast_head":"<!-- This site is optimized with the Yoast SEO plugin v21.7 - https:\/\/yoast.com\/wordpress\/plugins\/seo\/ -->\n<title>D\u00f4ng c\u1ee5 - Huckert&#039;s<\/title>\n<meta name=\"robots\" content=\"index, follow, max-snippet:-1, max-image-preview:large, max-video-preview:-1\" \/>\n<link rel=\"canonical\" href=\"https:\/\/huckerts.net\/vi\/van-chuyen-y-te\/dong-cu\/\" \/>\n<meta property=\"og:locale\" content=\"vi_VN\" \/>\n<meta property=\"og:type\" content=\"article\" \/>\n<meta property=\"og:title\" content=\"D\u00f4ng c\u1ee5 - Huckert&#039;s\" \/>\n<meta property=\"og:description\" content=\"[vc_row][vc_column][vc_column_text] M\u1ed9t gi\u1ea3i ph\u00e1p thay th\u1ebf th\u1ef1c s\u1ef1 cho c\u00e1c s\u1ea3n ph\u1ea9m ch\u1ee9a enzym, axit v\u00e0 ki\u1ec1m, UMONIUM38\u00ae INSTRUMENTS \u0111\u01b0\u1ee3c s\u1eed d\u1ee5ng cho c\u00e1c giai \u0111o\u1ea1n tr\u01b0\u1edbc khi kh\u1eed khu\u1ea9n v\u00e0 kh\u1eed khu\u1ea9n thi\u1ebft b\u1ecb \u0111o \u0111\u1ea1c. \u1ed4n \u0111\u1ecbnh, \u0111\u1ed9 pH trung t\u00ednh, an to\u00e0n (kh\u00f4ng ch\u00e1y, kh\u00f4ng c\u00f3 nguy c\u01a1 \u0103n m\u00f2n, g\u00e2y b\u1ecfng ho\u1eb7c c\u00f3 h\u01a1i \u0111\u1ed9c) v\u00e0 kh\u00f4ng ch\u1ee9a c\u00e1c th\u00e0nh ph\u1ea7n CMR (G\u00e2y ung th\u01b0, g\u00e2y \u0111\u1ed9t bi\u1ebfn ho\u1eb7c nhi\u1ec5m \u0111\u1ed9c) ho\u1eb7c c\u00e1c ch\u1ea5t g\u00e2y r\u1ed1i lo\u1ea1n n\u1ed9i ti\u1ebft, kh\u00f4ng \u0111\u1ec3 l\u1ea1i d\u01b0 l\u01b0\u1ee3ng sau khi r\u1eeda s\u1ea1ch. [\/vc_column_text][vc_empty_space height=&#8221;35px&#8221;][vc_single_image image=&#8221;4110&#8243; img_size=&#8221;1100 x100&#8243; alignment=&#8221;center&#8221;][vc_separator][vc_empty_space height=&#8221;70px&#8221;][vc_row_inner css=&#8221;.vc_custom_1613402049010{margin-bottom: 50px !important;}&#8221;][vc_column_inner width=&#8221;1\/3&#8243;][vc_single_image image=&#8221;2393&#8243; img_size=&#8221;full&#8221; alignment=&#8221;center&#8221;][vc_column_text] Ch\u1ea5t t\u1ea9y r\u1eeda v\u00e0 kh\u1eed tr\u00f9ng Thi\u1ebft b\u1ecb y t\u1ebf Lo\u1ea1i IIb Dung d\u1ecbch \u0111\u1eadm \u0111\u1eb7c \u0111\u01b0\u1ee3c pha lo\u00e3ng \u1edf m\u1ee9c 0,5% (l\u00e0m s\u1ea1ch) ho\u1eb7c 2,5% (kh\u1eed tr\u00f9ng) \u0111\u1ec3 s\u1eed d\u1ee5ng th\u1ee7 c\u00f4ng (ng\u00e2m + qu\u00e9t ch\u1ea3i) ho\u1eb7c trong b\u1ed3n si\u00eau \u00e2m. DUNG T\u00cdCH : 1L dung d\u1ecbch \u0111\u1eadm \u0111\u1eb7c cho ph\u00e9p pha \u0111\u01b0\u1ee3c 200L dung d\u1ecbch pha lo\u00e3ng (0,5%). BAO B\u00cc : 1L et 5L. PH\u1ed4 HO\u1ea0T \u0110\u1ed8NG : Di\u1ec7t c\u00e1c lo\u1ea1i vi khu\u1ea9n, n\u1ea5m, khu\u1ea9n mycobacteria v\u00e0 virus. [\/vc_column_text][vc_btn title=&#8221;T\u1ea3i v\u1ec1 t\u1eadp tin&#8221; size=&#8221;xs&#8221; align=&#8221;center&#8221; css_animation=&#8221;none&#8221; link=&#8221;url:https%3A%2F%2Fhuckerts.net%2Fwp-content%2Fuploads%2Fproduct_sheets_vi%2FFP00036-U38-Instruments-VI.pdf||target:%20_blank|&#8221;][\/vc_column_inner][\/vc_row_inner][\/vc_column][\/vc_row][vc_row][vc_column][vc_empty_space][vc_column_text] H\u00ecnh \u1ea3nh s\u1ea3n ph\u1ea9m kh\u00f4ng theo h\u1ee3p \u0111\u1ed3ng. \u0110\u1ec3 bi\u1ebft kh\u1ea3 n\u0103ng s\u1eb5n c\u00f3 hi\u1ec7n t\u1ea1i v\u1ec1 c\u00e1c thi\u1ebft b\u1ecb y t\u1ebf c\u1ee7a ch\u00fang t\u00f4i \u1edf qu\u1ed1c gia c\u1ee7a qu\u00fd v\u1ecb, \u0111\u1eebng ng\u1ea7n ng\u1ea1i li\u00ean h\u1ec7 v\u1edbi ch\u00fang t\u00f4i. [\/vc_column_text][\/vc_column][\/vc_row]\" \/>\n<meta property=\"og:url\" content=\"https:\/\/huckerts.net\/vi\/van-chuyen-y-te\/dong-cu\/\" \/>\n<meta property=\"og:site_name\" content=\"Huckert&#039;s\" \/>\n<meta property=\"article:publisher\" content=\"https:\/\/www.facebook.com\/huckerts\" \/>\n<meta property=\"article:modified_time\" content=\"2022-10-25T08:29:08+00:00\" \/>\n<meta property=\"og:image\" content=\"https:\/\/huckerts.net\/wp-content\/uploads\/2021\/04\/capacite.jpg\" \/>\n<meta name=\"twitter:card\" content=\"summary_large_image\" \/>\n<meta name=\"twitter:label1\" content=\"Est. reading time\" \/>\n\t<meta name=\"twitter:data1\" content=\"2 minutes\" \/>\n<script type=\"application\/ld+json\" class=\"yoast-schema-graph\">{\"@context\":\"https:\/\/schema.org\",\"@graph\":[{\"@type\":\"WebPage\",\"@id\":\"https:\/\/huckerts.net\/vi\/van-chuyen-y-te\/dong-cu\/\",\"url\":\"https:\/\/huckerts.net\/vi\/van-chuyen-y-te\/dong-cu\/\",\"name\":\"D\u00f4ng c\u1ee5 - Huckert&#039;s\",\"isPartOf\":{\"@id\":\"https:\/\/huckerts.net\/#website\"},\"datePublished\":\"2021-04-29T12:47:55+00:00\",\"dateModified\":\"2022-10-25T08:29:08+00:00\",\"breadcrumb\":{\"@id\":\"https:\/\/huckerts.net\/vi\/van-chuyen-y-te\/dong-cu\/#breadcrumb\"},\"inLanguage\":\"vi-VN\",\"potentialAction\":[{\"@type\":\"ReadAction\",\"target\":[\"https:\/\/huckerts.net\/vi\/van-chuyen-y-te\/dong-cu\/\"]}]},{\"@type\":\"BreadcrumbList\",\"@id\":\"https:\/\/huckerts.net\/vi\/van-chuyen-y-te\/dong-cu\/#breadcrumb\",\"itemListElement\":[{\"@type\":\"ListItem\",\"position\":1,\"name\":\"V\u1eadn chuy\u1ec3n y t\u1ebf\",\"item\":\"https:\/\/huckerts.net\/vi\/van-chuyen-y-te\/\"},{\"@type\":\"ListItem\",\"position\":2,\"name\":\"D\u00f4ng c\u1ee5\"}]},{\"@type\":\"WebSite\",\"@id\":\"https:\/\/huckerts.net\/#website\",\"url\":\"https:\/\/huckerts.net\/\",\"name\":\"Huckert&#039;s\",\"description\":\"La d\u00e9sinfection ma\u00eetris\u00e9e\",\"potentialAction\":[{\"@type\":\"SearchAction\",\"target\":{\"@type\":\"EntryPoint\",\"urlTemplate\":\"https:\/\/huckerts.net\/?s={search_term_string}\"},\"query-input\":\"required name=search_term_string\"}],\"inLanguage\":\"vi-VN\"}]}<\/script>\n<!-- \/ Yoast SEO plugin. -->","yoast_head_json":{"title":"D\u00f4ng c\u1ee5 - Huckert&#039;s","robots":{"index":"index","follow":"follow","max-snippet":"max-snippet:-1","max-image-preview":"max-image-preview:large","max-video-preview":"max-video-preview:-1"},"canonical":"https:\/\/huckerts.net\/vi\/van-chuyen-y-te\/dong-cu\/","og_locale":"vi_VN","og_type":"article","og_title":"D\u00f4ng c\u1ee5 - Huckert&#039;s","og_description":"[vc_row][vc_column][vc_column_text] M\u1ed9t gi\u1ea3i ph\u00e1p thay th\u1ebf th\u1ef1c s\u1ef1 cho c\u00e1c s\u1ea3n ph\u1ea9m ch\u1ee9a enzym, axit v\u00e0 ki\u1ec1m, UMONIUM38\u00ae INSTRUMENTS \u0111\u01b0\u1ee3c s\u1eed d\u1ee5ng cho c\u00e1c giai \u0111o\u1ea1n tr\u01b0\u1edbc khi kh\u1eed khu\u1ea9n v\u00e0 kh\u1eed khu\u1ea9n thi\u1ebft b\u1ecb \u0111o \u0111\u1ea1c. \u1ed4n \u0111\u1ecbnh, \u0111\u1ed9 pH trung t\u00ednh, an to\u00e0n (kh\u00f4ng ch\u00e1y, kh\u00f4ng c\u00f3 nguy c\u01a1 \u0103n m\u00f2n, g\u00e2y b\u1ecfng ho\u1eb7c c\u00f3 h\u01a1i \u0111\u1ed9c) v\u00e0 kh\u00f4ng ch\u1ee9a c\u00e1c th\u00e0nh ph\u1ea7n CMR (G\u00e2y ung th\u01b0, g\u00e2y \u0111\u1ed9t bi\u1ebfn ho\u1eb7c nhi\u1ec5m \u0111\u1ed9c) ho\u1eb7c c\u00e1c ch\u1ea5t g\u00e2y r\u1ed1i lo\u1ea1n n\u1ed9i ti\u1ebft, kh\u00f4ng \u0111\u1ec3 l\u1ea1i d\u01b0 l\u01b0\u1ee3ng sau khi r\u1eeda s\u1ea1ch. [\/vc_column_text][vc_empty_space height=&#8221;35px&#8221;][vc_single_image image=&#8221;4110&#8243; img_size=&#8221;1100 x100&#8243; alignment=&#8221;center&#8221;][vc_separator][vc_empty_space height=&#8221;70px&#8221;][vc_row_inner css=&#8221;.vc_custom_1613402049010{margin-bottom: 50px !important;}&#8221;][vc_column_inner width=&#8221;1\/3&#8243;][vc_single_image image=&#8221;2393&#8243; img_size=&#8221;full&#8221; alignment=&#8221;center&#8221;][vc_column_text] Ch\u1ea5t t\u1ea9y r\u1eeda v\u00e0 kh\u1eed tr\u00f9ng Thi\u1ebft b\u1ecb y t\u1ebf Lo\u1ea1i IIb Dung d\u1ecbch \u0111\u1eadm \u0111\u1eb7c \u0111\u01b0\u1ee3c pha lo\u00e3ng \u1edf m\u1ee9c 0,5% (l\u00e0m s\u1ea1ch) ho\u1eb7c 2,5% (kh\u1eed tr\u00f9ng) \u0111\u1ec3 s\u1eed d\u1ee5ng th\u1ee7 c\u00f4ng (ng\u00e2m + qu\u00e9t ch\u1ea3i) ho\u1eb7c trong b\u1ed3n si\u00eau \u00e2m. DUNG T\u00cdCH : 1L dung d\u1ecbch \u0111\u1eadm \u0111\u1eb7c cho ph\u00e9p pha \u0111\u01b0\u1ee3c 200L dung d\u1ecbch pha lo\u00e3ng (0,5%). BAO B\u00cc : 1L et 5L. PH\u1ed4 HO\u1ea0T \u0110\u1ed8NG : Di\u1ec7t c\u00e1c lo\u1ea1i vi khu\u1ea9n, n\u1ea5m, khu\u1ea9n mycobacteria v\u00e0 virus. [\/vc_column_text][vc_btn title=&#8221;T\u1ea3i v\u1ec1 t\u1eadp tin&#8221; size=&#8221;xs&#8221; align=&#8221;center&#8221; css_animation=&#8221;none&#8221; link=&#8221;url:https%3A%2F%2Fhuckerts.net%2Fwp-content%2Fuploads%2Fproduct_sheets_vi%2FFP00036-U38-Instruments-VI.pdf||target:%20_blank|&#8221;][\/vc_column_inner][\/vc_row_inner][\/vc_column][\/vc_row][vc_row][vc_column][vc_empty_space][vc_column_text] H\u00ecnh \u1ea3nh s\u1ea3n ph\u1ea9m kh\u00f4ng theo h\u1ee3p \u0111\u1ed3ng. \u0110\u1ec3 bi\u1ebft kh\u1ea3 n\u0103ng s\u1eb5n c\u00f3 hi\u1ec7n t\u1ea1i v\u1ec1 c\u00e1c thi\u1ebft b\u1ecb y t\u1ebf c\u1ee7a ch\u00fang t\u00f4i \u1edf qu\u1ed1c gia c\u1ee7a qu\u00fd v\u1ecb, \u0111\u1eebng ng\u1ea7n ng\u1ea1i li\u00ean h\u1ec7 v\u1edbi ch\u00fang t\u00f4i. [\/vc_column_text][\/vc_column][\/vc_row]","og_url":"https:\/\/huckerts.net\/vi\/van-chuyen-y-te\/dong-cu\/","og_site_name":"Huckert&#039;s","article_publisher":"https:\/\/www.facebook.com\/huckerts","article_modified_time":"2022-10-25T08:29:08+00:00","og_image":[{"url":"https:\/\/huckerts.net\/wp-content\/uploads\/2021\/04\/capacite.jpg"}],"twitter_card":"summary_large_image","twitter_misc":{"Est. reading time":"2 minutes"},"schema":{"@context":"https:\/\/schema.org","@graph":[{"@type":"WebPage","@id":"https:\/\/huckerts.net\/vi\/van-chuyen-y-te\/dong-cu\/","url":"https:\/\/huckerts.net\/vi\/van-chuyen-y-te\/dong-cu\/","name":"D\u00f4ng c\u1ee5 - Huckert&#039;s","isPartOf":{"@id":"https:\/\/huckerts.net\/#website"},"datePublished":"2021-04-29T12:47:55+00:00","dateModified":"2022-10-25T08:29:08+00:00","breadcrumb":{"@id":"https:\/\/huckerts.net\/vi\/van-chuyen-y-te\/dong-cu\/#breadcrumb"},"inLanguage":"vi-VN","potentialAction":[{"@type":"ReadAction","target":["https:\/\/huckerts.net\/vi\/van-chuyen-y-te\/dong-cu\/"]}]},{"@type":"BreadcrumbList","@id":"https:\/\/huckerts.net\/vi\/van-chuyen-y-te\/dong-cu\/#breadcrumb","itemListElement":[{"@type":"ListItem","position":1,"name":"V\u1eadn chuy\u1ec3n y t\u1ebf","item":"https:\/\/huckerts.net\/vi\/van-chuyen-y-te\/"},{"@type":"ListItem","position":2,"name":"D\u00f4ng c\u1ee5"}]},{"@type":"WebSite","@id":"https:\/\/huckerts.net\/#website","url":"https:\/\/huckerts.net\/","name":"Huckert&#039;s","description":"La d\u00e9sinfection ma\u00eetris\u00e9e","potentialAction":[{"@type":"SearchAction","target":{"@type":"EntryPoint","urlTemplate":"https:\/\/huckerts.net\/?s={search_term_string}"},"query-input":"required name=search_term_string"}],"inLanguage":"vi-VN"}]}},"_links":{"self":[{"href":"https:\/\/huckerts.net\/vi\/wp-json\/wp\/v2\/pages\/13526"}],"collection":[{"href":"https:\/\/huckerts.net\/vi\/wp-json\/wp\/v2\/pages"}],"about":[{"href":"https:\/\/huckerts.net\/vi\/wp-json\/wp\/v2\/types\/page"}],"author":[{"embeddable":true,"href":"https:\/\/huckerts.net\/vi\/wp-json\/wp\/v2\/users\/13"}],"replies":[{"embeddable":true,"href":"https:\/\/huckerts.net\/vi\/wp-json\/wp\/v2\/comments?post=13526"}],"version-history":[{"count":6,"href":"https:\/\/huckerts.net\/vi\/wp-json\/wp\/v2\/pages\/13526\/revisions"}],"predecessor-version":[{"id":13848,"href":"https:\/\/huckerts.net\/vi\/wp-json\/wp\/v2\/pages\/13526\/revisions\/13848"}],"up":[{"embeddable":true,"href":"https:\/\/huckerts.net\/vi\/wp-json\/wp\/v2\/pages\/13517"}],"wp:attachment":[{"href":"https:\/\/huckerts.net\/vi\/wp-json\/wp\/v2\/media?parent=13526"}],"curies":[{"name":"wp","href":"https:\/\/api.w.org\/{rel}","templated":true}]}}