{"id":13079,"date":"2021-04-26T15:34:31","date_gmt":"2021-04-26T13:34:31","guid":{"rendered":"https:\/\/huckerts.net\/fiv-amp-2\/san\/"},"modified":"2022-10-21T16:59:14","modified_gmt":"2022-10-21T14:59:14","slug":"san","status":"publish","type":"page","link":"https:\/\/huckerts.net\/vi\/fiv-amp-2\/san\/","title":{"rendered":"S\u00e0n"},"content":{"rendered":"<p>[vc_row][vc_column][vc_column_text]<\/p>\n<p class=\"p1\"><span style=\"color: #000000;\">\u0110\u1eb7c bi\u1ec7t \u0111\u01b0\u1ee3c khuy\u00ean <span class=\"s1\">d\u00f9ng trong c\u00e1c m\u00f4i tr\u01b0\u1eddng nh\u1ea1y c\u1ea3m<\/span>, <strong><span class=\"s2\">UMONIUM<\/span><span class=\"s3\">38\u00ae <\/span> <span class=\"s4\">NEUTRALIS <\/span><\/strong>l\u00e0 m\u1ed9t s\u1ea3n ph\u1ea9m kh\u00f4ng m\u00f9i, kh\u00f4ng ch\u1ee9a tinh<span class=\"s1\">d\u1ea7u HO\u00c0N TO\u00c0N kh\u00f4ng \u0111\u1ed9c h\u1ea1i \u0111\u01b0\u1ee3c ki\u1ec3m ch\u1ee9ng trong m\u00f4i tr\u01b0\u1eddng nu\u00f4i c\u1ea5y ph\u00f4i<\/span>(X\u00e9t nghi\u1ec7m \u0111\u00e1nh gi\u00e1 ph\u00f4i chu\u1ed9t v\u00e0 X\u00e9t nghi\u1ec7m s\u1ee9c s\u1ed1ng tinh tr\u00f9ng ng\u01b0\u1eddi), ho\u00e0n to\u00e0n ph\u00f9 h\u1ee3p \u0111\u1ec3 s\u1eed d\u1ee5ng h\u00e0ng ng\u00e0y.<\/span><\/p>\n<p class=\"p1\"><span style=\"color: #000000;\">Ch\u1ea5t t\u1ea9y \u2013 kh\u1eed khu\u1ea9n, s\u1ea3n <span class=\"s1\">ph\u1ea9m n\u00e0y \u1ed5n \u0111\u1ecbnh, \u0111\u1ed9 pH trung t\u00ednh, an to\u00e0n<\/span> (kh\u00f4ng ch\u00e1y, kh\u00f4ng c\u00f3 nguy c\u01a1 \u0103n m\u00f2n, g\u00e2y <span class=\"s5\">b\u1ecfng ho\u1eb7c c\u00f3 h\u01a1i \u0111\u1ed9c)<\/span> v\u00e0 kh\u00f4ng ch\u1ee9a c\u00e1c th\u00e0nh ph\u1ea7n CMR (G\u00e2y ung th\u01b0, g\u00e2y \u0111\u1ed9t bi\u1ebfn ho\u1eb7c nhi\u1ec5m \u0111\u1ed9c) ho\u1eb7c c\u00e1c ch\u1ea5t g\u00e2y r\u1ed1i lo\u1ea1n n\u1ed9i ti\u1ebft<span class=\"s5\">.<\/span> Hi\u1ec7u qu\u1ea3 \u0111\u1ed1i v\u1edbi to\u00e0n b\u1ed9 c\u00e1c m\u1ea7m b\u1ec7nh th\u1ef1c v\u1eadt<span class=\"s5\">,<\/span> <span class=\"s5\">ch\u00fang \u0111\u00e1p \u1ee9ng c\u00e1c ti\u00eau<\/span> chu\u1ea9n quy chu\u1ea9n cao nh\u1ea5t c\u1ee7a Ch\u00e2u \u00c2u <span class=\"s5\">v\u00e0 kh\u00f4ng \u0111\u1ec3<\/span> l\u1ea1i d\u01b0 l\u01b0\u1ee3ng sau khi r\u1eeda s\u1ea1ch.<\/span><\/p>\n<p>[\/vc_column_text][vc_empty_space height=&#8221;35px&#8221;][vc_single_image image=&#8221;11416&#8243; img_size=&#8221;1100 x100&#8243; alignment=&#8221;center&#8221;][vc_separator][vc_empty_space height=&#8221;70px&#8221;][vc_row_inner css=&#8221;.vc_custom_1613403034812{margin-bottom: 50px !important;}&#8221;][vc_column_inner width=&#8221;1\/3&#8243;][vc_single_image image=&#8221;3492&#8243; img_size=&#8221;full&#8221; alignment=&#8221;center&#8221;][vc_column_text]<\/p>\n<h3>Ch\u1ea5t t\u1ea9y r\u1eeda v\u00e0 kh\u1eed tr\u00f9ng<br \/>\nThi\u1ebft b\u1ecb y t\u1ebf Lo\u1ea1i IIb<\/h3>\n<p style=\"text-align: left;\">Dung d\u1ecbch \u0111\u1eadm \u0111\u1eb7c s\u1ebd \u0111\u01b0\u1ee3c pha lo\u00e3ng \u1edf h\u00e0m l\u01b0\u1ee3ng 0,5% (l\u00e0m s\u1ea1ch) ho\u1eb7c 2,5% (kh\u1eed tr\u00f9ng) \u0111\u1ec3 s\u1eed d\u1ee5ng b\u1eb1ng c\u00e1ch nh\u00fang ho\u1eb7c lau \u1ea9m.<\/p>\n<p class=\"p1\" style=\"text-align: left;\"><strong><img loading=\"lazy\" decoding=\"async\" class=\"alignnone wp-image-2531\" src=\"https:\/\/huckerts.net\/wp-content\/uploads\/2021\/04\/capacite.jpg\" alt=\"\" width=\"20\" height=\"20\" \/> DUNG T\u00cdCH :<\/strong> 1L dung d\u1ecbch \u0111\u1eadm \u0111\u1eb7c cho ph\u00e9p pha \u0111\u01b0\u1ee3c 200L dung d\u1ecbch pha lo\u00e3ng (0,5%).<\/p>\n<p class=\"p1\" style=\"text-align: left;\"><strong><img loading=\"lazy\" decoding=\"async\" class=\"alignnone wp-image-2532\" src=\"https:\/\/huckerts.net\/wp-content\/uploads\/2021\/04\/format.jpg\" alt=\"\" width=\"25\" height=\"33\" \/> BAO B\u00cc :<\/strong> 1L et 5L.<\/p>\n<p style=\"text-align: left;\"><strong><img loading=\"lazy\" decoding=\"async\" class=\"alignnone wp-image-2533\" src=\"https:\/\/huckerts.net\/wp-content\/uploads\/2021\/04\/cible.jpg\" alt=\"\" width=\"20\" height=\"20\" \/> PH\u1ed4 HO\u1ea0T \u0110\u1ed8NG :<\/strong> Di\u1ec7t c\u00e1c lo\u1ea1i vi khu\u1ea9n, n\u1ea5m, khu\u1ea9n mycobacteria v\u00e0 virus.<\/p>\n<p>[\/vc_column_text][vc_btn title=&#8221;T\u1ea3i v\u1ec1 t\u1eadp tin&#8221; size=&#8221;xs&#8221; align=&#8221;center&#8221; css_animation=&#8221;none&#8221; link=&#8221;url:https%3A%2F%2Fhuckerts.net%2Fwp-content%2Fuploads%2Fproduct_sheets_vi%2FFP00016-U38-Neutralis-VI.pdf||target:%20_blank|&#8221;][\/vc_column_inner][\/vc_row_inner][\/vc_column][\/vc_row][vc_row][vc_column][vc_empty_space][vc_column_text]<\/p>\n<h6 class=\"p1\"><em>H\u00ecnh \u1ea3nh s\u1ea3n ph\u1ea9m kh\u00f4ng theo h\u1ee3p \u0111\u1ed3ng. \u0110\u1ec3 bi\u1ebft kh\u1ea3 n\u0103ng s\u1eb5n c\u00f3 hi\u1ec7n t\u1ea1i v\u1ec1 c\u00e1c thi\u1ebft b\u1ecb y t\u1ebf c\u1ee7a ch\u00fang t\u00f4i \u1edf qu\u1ed1c gia c\u1ee7a qu\u00fd v\u1ecb, \u0111\u1eebng ng\u1ea7n ng\u1ea1i li\u00ean h\u1ec7 v\u1edbi ch\u00fang t\u00f4i.<\/em><\/h6>\n<p>[\/vc_column_text][\/vc_column][\/vc_row][vc_row][vc_column][\/vc_column][\/vc_row]<\/p>\n","protected":false},"excerpt":{"rendered":"<p>[vc_row][vc_column][vc_column_text] \u0110\u1eb7c bi\u1ec7t \u0111\u01b0\u1ee3c khuy\u00ean d\u00f9ng trong c\u00e1c m\u00f4i tr\u01b0\u1eddng nh\u1ea1y c\u1ea3m, UMONIUM38\u00ae NEUTRALIS l\u00e0 m\u1ed9t s\u1ea3n ph\u1ea9m kh\u00f4ng m\u00f9i, kh\u00f4ng ch\u1ee9a tinhd\u1ea7u HO\u00c0N TO\u00c0N kh\u00f4ng \u0111\u1ed9c h\u1ea1i \u0111\u01b0\u1ee3c ki\u1ec3m ch\u1ee9ng trong m\u00f4i tr\u01b0\u1eddng nu\u00f4i c\u1ea5y ph\u00f4i(X\u00e9t nghi\u1ec7m \u0111\u00e1nh gi\u00e1 ph\u00f4i chu\u1ed9t v\u00e0 X\u00e9t nghi\u1ec7m s\u1ee9c s\u1ed1ng tinh tr\u00f9ng ng\u01b0\u1eddi), ho\u00e0n to\u00e0n ph\u00f9 h\u1ee3p \u0111\u1ec3 s\u1eed d\u1ee5ng h\u00e0ng ng\u00e0y. Ch\u1ea5t t\u1ea9y \u2013 kh\u1eed khu\u1ea9n, s\u1ea3n ph\u1ea9m n\u00e0y \u1ed5n \u0111\u1ecbnh, \u0111\u1ed9 pH trung t\u00ednh, an to\u00e0n (kh\u00f4ng ch\u00e1y, kh\u00f4ng c\u00f3 nguy c\u01a1 \u0103n m\u00f2n, g\u00e2y b\u1ecfng ho\u1eb7c c\u00f3 h\u01a1i \u0111\u1ed9c) v\u00e0 kh\u00f4ng ch\u1ee9a c\u00e1c th\u00e0nh ph\u1ea7n CMR (G\u00e2y ung th\u01b0, g\u00e2y \u0111\u1ed9t bi\u1ebfn ho\u1eb7c nhi\u1ec5m \u0111\u1ed9c) ho\u1eb7c c\u00e1c ch\u1ea5t g\u00e2y r\u1ed1i lo\u1ea1n n\u1ed9i ti\u1ebft. Hi\u1ec7u qu\u1ea3 \u0111\u1ed1i v\u1edbi to\u00e0n b\u1ed9 c\u00e1c m\u1ea7m b\u1ec7nh th\u1ef1c v\u1eadt, ch\u00fang \u0111\u00e1p \u1ee9ng c\u00e1c ti\u00eau chu\u1ea9n quy chu\u1ea9n cao nh\u1ea5t c\u1ee7a Ch\u00e2u \u00c2u v\u00e0 kh\u00f4ng \u0111\u1ec3 l\u1ea1i d\u01b0 l\u01b0\u1ee3ng sau khi r\u1eeda s\u1ea1ch. [\/vc_column_text][vc_empty_space height=&#8221;35px&#8221;][vc_single_image image=&#8221;11416&#8243; img_size=&#8221;1100 x100&#8243; alignment=&#8221;center&#8221;][vc_separator][vc_empty_space height=&#8221;70px&#8221;][vc_row_inner css=&#8221;.vc_custom_1613403034812{margin-bottom: 50px !important;}&#8221;][vc_column_inner width=&#8221;1\/3&#8243;][vc_single_image image=&#8221;3492&#8243; img_size=&#8221;full&#8221; alignment=&#8221;center&#8221;][vc_column_text] Ch\u1ea5t t\u1ea9y r\u1eeda v\u00e0 kh\u1eed tr\u00f9ng Thi\u1ebft b\u1ecb y t\u1ebf Lo\u1ea1i IIb Dung d\u1ecbch \u0111\u1eadm \u0111\u1eb7c s\u1ebd \u0111\u01b0\u1ee3c pha lo\u00e3ng \u1edf h\u00e0m l\u01b0\u1ee3ng 0,5% (l\u00e0m s\u1ea1ch) ho\u1eb7c 2,5% (kh\u1eed tr\u00f9ng) \u0111\u1ec3 s\u1eed d\u1ee5ng b\u1eb1ng c\u00e1ch nh\u00fang ho\u1eb7c lau \u1ea9m. DUNG T\u00cdCH : 1L dung d\u1ecbch \u0111\u1eadm \u0111\u1eb7c cho ph\u00e9p pha \u0111\u01b0\u1ee3c 200L dung d\u1ecbch pha lo\u00e3ng (0,5%). BAO B\u00cc : 1L et 5L. PH\u1ed4 HO\u1ea0T \u0110\u1ed8NG : Di\u1ec7t c\u00e1c lo\u1ea1i vi khu\u1ea9n, n\u1ea5m, khu\u1ea9n mycobacteria v\u00e0 virus. [\/vc_column_text][vc_btn title=&#8221;T\u1ea3i v\u1ec1 t\u1eadp tin&#8221; size=&#8221;xs&#8221; align=&#8221;center&#8221; css_animation=&#8221;none&#8221; link=&#8221;url:https%3A%2F%2Fhuckerts.net%2Fwp-content%2Fuploads%2Fproduct_sheets_vi%2FFP00016-U38-Neutralis-VI.pdf||target:%20_blank|&#8221;][\/vc_column_inner][\/vc_row_inner][\/vc_column][\/vc_row][vc_row][vc_column][vc_empty_space][vc_column_text] H\u00ecnh \u1ea3nh s\u1ea3n ph\u1ea9m kh\u00f4ng theo h\u1ee3p \u0111\u1ed3ng. \u0110\u1ec3 bi\u1ebft kh\u1ea3 n\u0103ng s\u1eb5n c\u00f3 hi\u1ec7n t\u1ea1i v\u1ec1 c\u00e1c thi\u1ebft b\u1ecb y t\u1ebf c\u1ee7a ch\u00fang t\u00f4i \u1edf qu\u1ed1c gia c\u1ee7a qu\u00fd v\u1ecb, \u0111\u1eebng ng\u1ea7n ng\u1ea1i li\u00ean h\u1ec7 v\u1edbi ch\u00fang t\u00f4i. [\/vc_column_text][\/vc_column][\/vc_row][vc_row][vc_column][\/vc_column][\/vc_row]<\/p>\n","protected":false},"author":13,"featured_media":0,"parent":13064,"menu_order":0,"comment_status":"closed","ping_status":"closed","template":"","meta":{"footnotes":""},"yoast_head":"<!-- This site is optimized with the Yoast SEO plugin v21.7 - https:\/\/yoast.com\/wordpress\/plugins\/seo\/ -->\n<title>S\u00e0n - Huckert&#039;s<\/title>\n<meta name=\"robots\" content=\"index, follow, max-snippet:-1, max-image-preview:large, max-video-preview:-1\" \/>\n<link rel=\"canonical\" href=\"https:\/\/huckerts.net\/vi\/fiv-amp-2\/san\/\" \/>\n<meta property=\"og:locale\" content=\"vi_VN\" \/>\n<meta property=\"og:type\" content=\"article\" \/>\n<meta property=\"og:title\" content=\"S\u00e0n - Huckert&#039;s\" \/>\n<meta property=\"og:description\" content=\"[vc_row][vc_column][vc_column_text] \u0110\u1eb7c bi\u1ec7t \u0111\u01b0\u1ee3c khuy\u00ean d\u00f9ng trong c\u00e1c m\u00f4i tr\u01b0\u1eddng nh\u1ea1y c\u1ea3m, UMONIUM38\u00ae NEUTRALIS l\u00e0 m\u1ed9t s\u1ea3n ph\u1ea9m kh\u00f4ng m\u00f9i, kh\u00f4ng ch\u1ee9a tinhd\u1ea7u HO\u00c0N TO\u00c0N kh\u00f4ng \u0111\u1ed9c h\u1ea1i \u0111\u01b0\u1ee3c ki\u1ec3m ch\u1ee9ng trong m\u00f4i tr\u01b0\u1eddng nu\u00f4i c\u1ea5y ph\u00f4i(X\u00e9t nghi\u1ec7m \u0111\u00e1nh gi\u00e1 ph\u00f4i chu\u1ed9t v\u00e0 X\u00e9t nghi\u1ec7m s\u1ee9c s\u1ed1ng tinh tr\u00f9ng ng\u01b0\u1eddi), ho\u00e0n to\u00e0n ph\u00f9 h\u1ee3p \u0111\u1ec3 s\u1eed d\u1ee5ng h\u00e0ng ng\u00e0y. Ch\u1ea5t t\u1ea9y \u2013 kh\u1eed khu\u1ea9n, s\u1ea3n ph\u1ea9m n\u00e0y \u1ed5n \u0111\u1ecbnh, \u0111\u1ed9 pH trung t\u00ednh, an to\u00e0n (kh\u00f4ng ch\u00e1y, kh\u00f4ng c\u00f3 nguy c\u01a1 \u0103n m\u00f2n, g\u00e2y b\u1ecfng ho\u1eb7c c\u00f3 h\u01a1i \u0111\u1ed9c) v\u00e0 kh\u00f4ng ch\u1ee9a c\u00e1c th\u00e0nh ph\u1ea7n CMR (G\u00e2y ung th\u01b0, g\u00e2y \u0111\u1ed9t bi\u1ebfn ho\u1eb7c nhi\u1ec5m \u0111\u1ed9c) ho\u1eb7c c\u00e1c ch\u1ea5t g\u00e2y r\u1ed1i lo\u1ea1n n\u1ed9i ti\u1ebft. Hi\u1ec7u qu\u1ea3 \u0111\u1ed1i v\u1edbi to\u00e0n b\u1ed9 c\u00e1c m\u1ea7m b\u1ec7nh th\u1ef1c v\u1eadt, ch\u00fang \u0111\u00e1p \u1ee9ng c\u00e1c ti\u00eau chu\u1ea9n quy chu\u1ea9n cao nh\u1ea5t c\u1ee7a Ch\u00e2u \u00c2u v\u00e0 kh\u00f4ng \u0111\u1ec3 l\u1ea1i d\u01b0 l\u01b0\u1ee3ng sau khi r\u1eeda s\u1ea1ch. [\/vc_column_text][vc_empty_space height=&#8221;35px&#8221;][vc_single_image image=&#8221;11416&#8243; img_size=&#8221;1100 x100&#8243; alignment=&#8221;center&#8221;][vc_separator][vc_empty_space height=&#8221;70px&#8221;][vc_row_inner css=&#8221;.vc_custom_1613403034812{margin-bottom: 50px !important;}&#8221;][vc_column_inner width=&#8221;1\/3&#8243;][vc_single_image image=&#8221;3492&#8243; img_size=&#8221;full&#8221; alignment=&#8221;center&#8221;][vc_column_text] Ch\u1ea5t t\u1ea9y r\u1eeda v\u00e0 kh\u1eed tr\u00f9ng Thi\u1ebft b\u1ecb y t\u1ebf Lo\u1ea1i IIb Dung d\u1ecbch \u0111\u1eadm \u0111\u1eb7c s\u1ebd \u0111\u01b0\u1ee3c pha lo\u00e3ng \u1edf h\u00e0m l\u01b0\u1ee3ng 0,5% (l\u00e0m s\u1ea1ch) ho\u1eb7c 2,5% (kh\u1eed tr\u00f9ng) \u0111\u1ec3 s\u1eed d\u1ee5ng b\u1eb1ng c\u00e1ch nh\u00fang ho\u1eb7c lau \u1ea9m. DUNG T\u00cdCH : 1L dung d\u1ecbch \u0111\u1eadm \u0111\u1eb7c cho ph\u00e9p pha \u0111\u01b0\u1ee3c 200L dung d\u1ecbch pha lo\u00e3ng (0,5%). BAO B\u00cc : 1L et 5L. PH\u1ed4 HO\u1ea0T \u0110\u1ed8NG : Di\u1ec7t c\u00e1c lo\u1ea1i vi khu\u1ea9n, n\u1ea5m, khu\u1ea9n mycobacteria v\u00e0 virus. [\/vc_column_text][vc_btn title=&#8221;T\u1ea3i v\u1ec1 t\u1eadp tin&#8221; size=&#8221;xs&#8221; align=&#8221;center&#8221; css_animation=&#8221;none&#8221; link=&#8221;url:https%3A%2F%2Fhuckerts.net%2Fwp-content%2Fuploads%2Fproduct_sheets_vi%2FFP00016-U38-Neutralis-VI.pdf||target:%20_blank|&#8221;][\/vc_column_inner][\/vc_row_inner][\/vc_column][\/vc_row][vc_row][vc_column][vc_empty_space][vc_column_text] H\u00ecnh \u1ea3nh s\u1ea3n ph\u1ea9m kh\u00f4ng theo h\u1ee3p \u0111\u1ed3ng. \u0110\u1ec3 bi\u1ebft kh\u1ea3 n\u0103ng s\u1eb5n c\u00f3 hi\u1ec7n t\u1ea1i v\u1ec1 c\u00e1c thi\u1ebft b\u1ecb y t\u1ebf c\u1ee7a ch\u00fang t\u00f4i \u1edf qu\u1ed1c gia c\u1ee7a qu\u00fd v\u1ecb, \u0111\u1eebng ng\u1ea7n ng\u1ea1i li\u00ean h\u1ec7 v\u1edbi ch\u00fang t\u00f4i. [\/vc_column_text][\/vc_column][\/vc_row][vc_row][vc_column][\/vc_column][\/vc_row]\" \/>\n<meta property=\"og:url\" content=\"https:\/\/huckerts.net\/vi\/fiv-amp-2\/san\/\" \/>\n<meta property=\"og:site_name\" content=\"Huckert&#039;s\" \/>\n<meta property=\"article:publisher\" content=\"https:\/\/www.facebook.com\/huckerts\" \/>\n<meta property=\"article:modified_time\" content=\"2022-10-21T14:59:14+00:00\" \/>\n<meta property=\"og:image\" content=\"https:\/\/huckerts.net\/wp-content\/uploads\/2021\/04\/capacite.jpg\" \/>\n<meta name=\"twitter:card\" content=\"summary_large_image\" \/>\n<meta name=\"twitter:label1\" content=\"Est. reading time\" \/>\n\t<meta name=\"twitter:data1\" content=\"3 minutes\" \/>\n<script type=\"application\/ld+json\" class=\"yoast-schema-graph\">{\"@context\":\"https:\/\/schema.org\",\"@graph\":[{\"@type\":\"WebPage\",\"@id\":\"https:\/\/huckerts.net\/vi\/fiv-amp-2\/san\/\",\"url\":\"https:\/\/huckerts.net\/vi\/fiv-amp-2\/san\/\",\"name\":\"S\u00e0n - Huckert&#039;s\",\"isPartOf\":{\"@id\":\"https:\/\/huckerts.net\/#website\"},\"datePublished\":\"2021-04-26T13:34:31+00:00\",\"dateModified\":\"2022-10-21T14:59:14+00:00\",\"breadcrumb\":{\"@id\":\"https:\/\/huckerts.net\/vi\/fiv-amp-2\/san\/#breadcrumb\"},\"inLanguage\":\"vi-VN\",\"potentialAction\":[{\"@type\":\"ReadAction\",\"target\":[\"https:\/\/huckerts.net\/vi\/fiv-amp-2\/san\/\"]}]},{\"@type\":\"BreadcrumbList\",\"@id\":\"https:\/\/huckerts.net\/vi\/fiv-amp-2\/san\/#breadcrumb\",\"itemListElement\":[{\"@type\":\"ListItem\",\"position\":1,\"name\":\"FIV\/AMP\",\"item\":\"https:\/\/huckerts.net\/vi\/fiv-amp-2\/\"},{\"@type\":\"ListItem\",\"position\":2,\"name\":\"S\u00e0n\"}]},{\"@type\":\"WebSite\",\"@id\":\"https:\/\/huckerts.net\/#website\",\"url\":\"https:\/\/huckerts.net\/\",\"name\":\"Huckert&#039;s\",\"description\":\"La d\u00e9sinfection ma\u00eetris\u00e9e\",\"potentialAction\":[{\"@type\":\"SearchAction\",\"target\":{\"@type\":\"EntryPoint\",\"urlTemplate\":\"https:\/\/huckerts.net\/?s={search_term_string}\"},\"query-input\":\"required name=search_term_string\"}],\"inLanguage\":\"vi-VN\"}]}<\/script>\n<!-- \/ Yoast SEO plugin. -->","yoast_head_json":{"title":"S\u00e0n - Huckert&#039;s","robots":{"index":"index","follow":"follow","max-snippet":"max-snippet:-1","max-image-preview":"max-image-preview:large","max-video-preview":"max-video-preview:-1"},"canonical":"https:\/\/huckerts.net\/vi\/fiv-amp-2\/san\/","og_locale":"vi_VN","og_type":"article","og_title":"S\u00e0n - Huckert&#039;s","og_description":"[vc_row][vc_column][vc_column_text] \u0110\u1eb7c bi\u1ec7t \u0111\u01b0\u1ee3c khuy\u00ean d\u00f9ng trong c\u00e1c m\u00f4i tr\u01b0\u1eddng nh\u1ea1y c\u1ea3m, UMONIUM38\u00ae NEUTRALIS l\u00e0 m\u1ed9t s\u1ea3n ph\u1ea9m kh\u00f4ng m\u00f9i, kh\u00f4ng ch\u1ee9a tinhd\u1ea7u HO\u00c0N TO\u00c0N kh\u00f4ng \u0111\u1ed9c h\u1ea1i \u0111\u01b0\u1ee3c ki\u1ec3m ch\u1ee9ng trong m\u00f4i tr\u01b0\u1eddng nu\u00f4i c\u1ea5y ph\u00f4i(X\u00e9t nghi\u1ec7m \u0111\u00e1nh gi\u00e1 ph\u00f4i chu\u1ed9t v\u00e0 X\u00e9t nghi\u1ec7m s\u1ee9c s\u1ed1ng tinh tr\u00f9ng ng\u01b0\u1eddi), ho\u00e0n to\u00e0n ph\u00f9 h\u1ee3p \u0111\u1ec3 s\u1eed d\u1ee5ng h\u00e0ng ng\u00e0y. Ch\u1ea5t t\u1ea9y \u2013 kh\u1eed khu\u1ea9n, s\u1ea3n ph\u1ea9m n\u00e0y \u1ed5n \u0111\u1ecbnh, \u0111\u1ed9 pH trung t\u00ednh, an to\u00e0n (kh\u00f4ng ch\u00e1y, kh\u00f4ng c\u00f3 nguy c\u01a1 \u0103n m\u00f2n, g\u00e2y b\u1ecfng ho\u1eb7c c\u00f3 h\u01a1i \u0111\u1ed9c) v\u00e0 kh\u00f4ng ch\u1ee9a c\u00e1c th\u00e0nh ph\u1ea7n CMR (G\u00e2y ung th\u01b0, g\u00e2y \u0111\u1ed9t bi\u1ebfn ho\u1eb7c nhi\u1ec5m \u0111\u1ed9c) ho\u1eb7c c\u00e1c ch\u1ea5t g\u00e2y r\u1ed1i lo\u1ea1n n\u1ed9i ti\u1ebft. Hi\u1ec7u qu\u1ea3 \u0111\u1ed1i v\u1edbi to\u00e0n b\u1ed9 c\u00e1c m\u1ea7m b\u1ec7nh th\u1ef1c v\u1eadt, ch\u00fang \u0111\u00e1p \u1ee9ng c\u00e1c ti\u00eau chu\u1ea9n quy chu\u1ea9n cao nh\u1ea5t c\u1ee7a Ch\u00e2u \u00c2u v\u00e0 kh\u00f4ng \u0111\u1ec3 l\u1ea1i d\u01b0 l\u01b0\u1ee3ng sau khi r\u1eeda s\u1ea1ch. [\/vc_column_text][vc_empty_space height=&#8221;35px&#8221;][vc_single_image image=&#8221;11416&#8243; img_size=&#8221;1100 x100&#8243; alignment=&#8221;center&#8221;][vc_separator][vc_empty_space height=&#8221;70px&#8221;][vc_row_inner css=&#8221;.vc_custom_1613403034812{margin-bottom: 50px !important;}&#8221;][vc_column_inner width=&#8221;1\/3&#8243;][vc_single_image image=&#8221;3492&#8243; img_size=&#8221;full&#8221; alignment=&#8221;center&#8221;][vc_column_text] Ch\u1ea5t t\u1ea9y r\u1eeda v\u00e0 kh\u1eed tr\u00f9ng Thi\u1ebft b\u1ecb y t\u1ebf Lo\u1ea1i IIb Dung d\u1ecbch \u0111\u1eadm \u0111\u1eb7c s\u1ebd \u0111\u01b0\u1ee3c pha lo\u00e3ng \u1edf h\u00e0m l\u01b0\u1ee3ng 0,5% (l\u00e0m s\u1ea1ch) ho\u1eb7c 2,5% (kh\u1eed tr\u00f9ng) \u0111\u1ec3 s\u1eed d\u1ee5ng b\u1eb1ng c\u00e1ch nh\u00fang ho\u1eb7c lau \u1ea9m. DUNG T\u00cdCH : 1L dung d\u1ecbch \u0111\u1eadm \u0111\u1eb7c cho ph\u00e9p pha \u0111\u01b0\u1ee3c 200L dung d\u1ecbch pha lo\u00e3ng (0,5%). BAO B\u00cc : 1L et 5L. PH\u1ed4 HO\u1ea0T \u0110\u1ed8NG : Di\u1ec7t c\u00e1c lo\u1ea1i vi khu\u1ea9n, n\u1ea5m, khu\u1ea9n mycobacteria v\u00e0 virus. [\/vc_column_text][vc_btn title=&#8221;T\u1ea3i v\u1ec1 t\u1eadp tin&#8221; size=&#8221;xs&#8221; align=&#8221;center&#8221; css_animation=&#8221;none&#8221; link=&#8221;url:https%3A%2F%2Fhuckerts.net%2Fwp-content%2Fuploads%2Fproduct_sheets_vi%2FFP00016-U38-Neutralis-VI.pdf||target:%20_blank|&#8221;][\/vc_column_inner][\/vc_row_inner][\/vc_column][\/vc_row][vc_row][vc_column][vc_empty_space][vc_column_text] H\u00ecnh \u1ea3nh s\u1ea3n ph\u1ea9m kh\u00f4ng theo h\u1ee3p \u0111\u1ed3ng. \u0110\u1ec3 bi\u1ebft kh\u1ea3 n\u0103ng s\u1eb5n c\u00f3 hi\u1ec7n t\u1ea1i v\u1ec1 c\u00e1c thi\u1ebft b\u1ecb y t\u1ebf c\u1ee7a ch\u00fang t\u00f4i \u1edf qu\u1ed1c gia c\u1ee7a qu\u00fd v\u1ecb, \u0111\u1eebng ng\u1ea7n ng\u1ea1i li\u00ean h\u1ec7 v\u1edbi ch\u00fang t\u00f4i. [\/vc_column_text][\/vc_column][\/vc_row][vc_row][vc_column][\/vc_column][\/vc_row]","og_url":"https:\/\/huckerts.net\/vi\/fiv-amp-2\/san\/","og_site_name":"Huckert&#039;s","article_publisher":"https:\/\/www.facebook.com\/huckerts","article_modified_time":"2022-10-21T14:59:14+00:00","og_image":[{"url":"https:\/\/huckerts.net\/wp-content\/uploads\/2021\/04\/capacite.jpg"}],"twitter_card":"summary_large_image","twitter_misc":{"Est. reading time":"3 minutes"},"schema":{"@context":"https:\/\/schema.org","@graph":[{"@type":"WebPage","@id":"https:\/\/huckerts.net\/vi\/fiv-amp-2\/san\/","url":"https:\/\/huckerts.net\/vi\/fiv-amp-2\/san\/","name":"S\u00e0n - Huckert&#039;s","isPartOf":{"@id":"https:\/\/huckerts.net\/#website"},"datePublished":"2021-04-26T13:34:31+00:00","dateModified":"2022-10-21T14:59:14+00:00","breadcrumb":{"@id":"https:\/\/huckerts.net\/vi\/fiv-amp-2\/san\/#breadcrumb"},"inLanguage":"vi-VN","potentialAction":[{"@type":"ReadAction","target":["https:\/\/huckerts.net\/vi\/fiv-amp-2\/san\/"]}]},{"@type":"BreadcrumbList","@id":"https:\/\/huckerts.net\/vi\/fiv-amp-2\/san\/#breadcrumb","itemListElement":[{"@type":"ListItem","position":1,"name":"FIV\/AMP","item":"https:\/\/huckerts.net\/vi\/fiv-amp-2\/"},{"@type":"ListItem","position":2,"name":"S\u00e0n"}]},{"@type":"WebSite","@id":"https:\/\/huckerts.net\/#website","url":"https:\/\/huckerts.net\/","name":"Huckert&#039;s","description":"La d\u00e9sinfection ma\u00eetris\u00e9e","potentialAction":[{"@type":"SearchAction","target":{"@type":"EntryPoint","urlTemplate":"https:\/\/huckerts.net\/?s={search_term_string}"},"query-input":"required name=search_term_string"}],"inLanguage":"vi-VN"}]}},"_links":{"self":[{"href":"https:\/\/huckerts.net\/vi\/wp-json\/wp\/v2\/pages\/13079"}],"collection":[{"href":"https:\/\/huckerts.net\/vi\/wp-json\/wp\/v2\/pages"}],"about":[{"href":"https:\/\/huckerts.net\/vi\/wp-json\/wp\/v2\/types\/page"}],"author":[{"embeddable":true,"href":"https:\/\/huckerts.net\/vi\/wp-json\/wp\/v2\/users\/13"}],"replies":[{"embeddable":true,"href":"https:\/\/huckerts.net\/vi\/wp-json\/wp\/v2\/comments?post=13079"}],"version-history":[{"count":3,"href":"https:\/\/huckerts.net\/vi\/wp-json\/wp\/v2\/pages\/13079\/revisions"}],"predecessor-version":[{"id":13684,"href":"https:\/\/huckerts.net\/vi\/wp-json\/wp\/v2\/pages\/13079\/revisions\/13684"}],"up":[{"embeddable":true,"href":"https:\/\/huckerts.net\/vi\/wp-json\/wp\/v2\/pages\/13064"}],"wp:attachment":[{"href":"https:\/\/huckerts.net\/vi\/wp-json\/wp\/v2\/media?parent=13079"}],"curies":[{"name":"wp","href":"https:\/\/api.w.org\/{rel}","templated":true}]}}