{"id":13034,"date":"2021-04-26T10:56:31","date_gmt":"2021-04-26T08:56:31","guid":{"rendered":"https:\/\/huckerts.net\/cua-chung-toi\/"},"modified":"2022-10-19T14:47:02","modified_gmt":"2022-10-19T12:47:02","slug":"cua-chung-toi","status":"publish","type":"page","link":"https:\/\/huckerts.net\/vi\/cua-chung-toi\/","title":{"rendered":"C\u1ee7a ch\u00fang t\u00f4i"},"content":{"rendered":"<p>C\u00e1c s\u1ea3n ph\u1ea9m tuy\u1ec3n ch\u1ecdn c\u1ee7a ch\u00fang t\u00f4i cho \u0111\u1ebfn nay ch\u1ec9 d\u00e0nh ri\u00eang cho c\u00e1c chuy\u00ean gia, tuy nhi\u00ean c\u00e1c s\u1ea3n ph\u1ea9m n\u00e0y s\u1ebd s\u1edbm \u0111\u01b0\u1ee3c cung c\u1ea5p cho c\u00f4ng ch\u00fang th\u00f4ng qua c\u1eeda h\u00e0ng \u0111i\u1ec7n t\u1eed c\u1ee7a ch\u00fang t\u00f4i.<\/p>\n<p>Xin h\u00e3y ki\u00ean nh\u1eabn m\u1ed9t ch\u00fat, n\u1ed9i dung n\u00e0y hi\u1ec7n \u0111ang \u0111\u01b0\u1ee3c x\u00e2y d\u1ef1ng.<\/p>\n<p>&nbsp;<\/p>\n<p><img loading=\"lazy\" decoding=\"async\" class=\"alignnone wp-image-2862\" src=\"https:\/\/huckerts.net\/wp-content\/uploads\/2021\/04\/en-construction-300x191.jpg\" alt=\"\" width=\"882\" height=\"562\" srcset=\"https:\/\/huckerts.net\/wp-content\/uploads\/2021\/04\/en-construction-300x191.jpg 300w, https:\/\/huckerts.net\/wp-content\/uploads\/2021\/04\/en-construction-1024x651.jpg 1024w, https:\/\/huckerts.net\/wp-content\/uploads\/2021\/04\/en-construction-768x488.jpg 768w, https:\/\/huckerts.net\/wp-content\/uploads\/2021\/04\/en-construction-958x609.jpg 958w\" sizes=\"(max-width: 882px) 100vw, 882px\" \/><\/p>\n","protected":false},"excerpt":{"rendered":"<p>C\u00e1c s\u1ea3n ph\u1ea9m tuy\u1ec3n ch\u1ecdn c\u1ee7a ch\u00fang t\u00f4i cho \u0111\u1ebfn nay ch\u1ec9 d\u00e0nh ri\u00eang cho c\u00e1c chuy\u00ean gia, tuy nhi\u00ean c\u00e1c s\u1ea3n ph\u1ea9m n\u00e0y s\u1ebd s\u1edbm \u0111\u01b0\u1ee3c cung c\u1ea5p cho c\u00f4ng ch\u00fang th\u00f4ng qua c\u1eeda h\u00e0ng \u0111i\u1ec7n t\u1eed c\u1ee7a ch\u00fang t\u00f4i. Xin h\u00e3y ki\u00ean nh\u1eabn m\u1ed9t ch\u00fat, n\u1ed9i dung n\u00e0y hi\u1ec7n \u0111ang \u0111\u01b0\u1ee3c x\u00e2y d\u1ef1ng. &nbsp;<\/p>\n","protected":false},"author":13,"featured_media":0,"parent":0,"menu_order":0,"comment_status":"closed","ping_status":"closed","template":"","meta":{"footnotes":""},"yoast_head":"<!-- This site is optimized with the Yoast SEO plugin v21.7 - https:\/\/yoast.com\/wordpress\/plugins\/seo\/ -->\n<title>C\u1ee7a ch\u00fang t\u00f4i - Huckert&#039;s<\/title>\n<meta name=\"robots\" content=\"noindex, nofollow\" \/>\n<meta property=\"og:locale\" content=\"vi_VN\" \/>\n<meta property=\"og:type\" content=\"article\" \/>\n<meta property=\"og:title\" content=\"C\u1ee7a ch\u00fang t\u00f4i - Huckert&#039;s\" \/>\n<meta property=\"og:description\" content=\"C\u00e1c s\u1ea3n ph\u1ea9m tuy\u1ec3n ch\u1ecdn c\u1ee7a ch\u00fang t\u00f4i cho \u0111\u1ebfn nay ch\u1ec9 d\u00e0nh ri\u00eang cho c\u00e1c chuy\u00ean gia, tuy nhi\u00ean c\u00e1c s\u1ea3n ph\u1ea9m n\u00e0y s\u1ebd s\u1edbm \u0111\u01b0\u1ee3c cung c\u1ea5p cho c\u00f4ng ch\u00fang th\u00f4ng qua c\u1eeda h\u00e0ng \u0111i\u1ec7n t\u1eed c\u1ee7a ch\u00fang t\u00f4i. Xin h\u00e3y ki\u00ean nh\u1eabn m\u1ed9t ch\u00fat, n\u1ed9i dung n\u00e0y hi\u1ec7n \u0111ang \u0111\u01b0\u1ee3c x\u00e2y d\u1ef1ng. &nbsp;\" \/>\n<meta property=\"og:url\" content=\"https:\/\/huckerts.net\/vi\/cua-chung-toi\/\" \/>\n<meta property=\"og:site_name\" content=\"Huckert&#039;s\" \/>\n<meta property=\"article:publisher\" content=\"https:\/\/www.facebook.com\/huckerts\" \/>\n<meta property=\"article:modified_time\" content=\"2022-10-19T12:47:02+00:00\" \/>\n<meta property=\"og:image\" content=\"https:\/\/huckerts.net\/wp-content\/uploads\/2021\/04\/en-construction-300x191.jpg\" \/>\n<meta name=\"twitter:card\" content=\"summary_large_image\" \/>\n<meta name=\"twitter:label1\" content=\"Est. reading time\" \/>\n\t<meta name=\"twitter:data1\" content=\"1 minute\" \/>\n<script type=\"application\/ld+json\" class=\"yoast-schema-graph\">{\"@context\":\"https:\/\/schema.org\",\"@graph\":[{\"@type\":\"WebPage\",\"@id\":\"https:\/\/huckerts.net\/vi\/cua-chung-toi\/\",\"url\":\"https:\/\/huckerts.net\/vi\/cua-chung-toi\/\",\"name\":\"C\u1ee7a ch\u00fang t\u00f4i - Huckert&#039;s\",\"isPartOf\":{\"@id\":\"https:\/\/huckerts.net\/#website\"},\"datePublished\":\"2021-04-26T08:56:31+00:00\",\"dateModified\":\"2022-10-19T12:47:02+00:00\",\"inLanguage\":\"vi-VN\",\"potentialAction\":[{\"@type\":\"ReadAction\",\"target\":[\"https:\/\/huckerts.net\/vi\/cua-chung-toi\/\"]}]},{\"@type\":\"WebSite\",\"@id\":\"https:\/\/huckerts.net\/#website\",\"url\":\"https:\/\/huckerts.net\/\",\"name\":\"Huckert&#039;s\",\"description\":\"La d\u00e9sinfection ma\u00eetris\u00e9e\",\"potentialAction\":[{\"@type\":\"SearchAction\",\"target\":{\"@type\":\"EntryPoint\",\"urlTemplate\":\"https:\/\/huckerts.net\/?s={search_term_string}\"},\"query-input\":\"required name=search_term_string\"}],\"inLanguage\":\"vi-VN\"}]}<\/script>\n<!-- \/ Yoast SEO plugin. -->","yoast_head_json":{"title":"C\u1ee7a ch\u00fang t\u00f4i - Huckert&#039;s","robots":{"index":"noindex","follow":"nofollow"},"og_locale":"vi_VN","og_type":"article","og_title":"C\u1ee7a ch\u00fang t\u00f4i - Huckert&#039;s","og_description":"C\u00e1c s\u1ea3n ph\u1ea9m tuy\u1ec3n ch\u1ecdn c\u1ee7a ch\u00fang t\u00f4i cho \u0111\u1ebfn nay ch\u1ec9 d\u00e0nh ri\u00eang cho c\u00e1c chuy\u00ean gia, tuy nhi\u00ean c\u00e1c s\u1ea3n ph\u1ea9m n\u00e0y s\u1ebd s\u1edbm \u0111\u01b0\u1ee3c cung c\u1ea5p cho c\u00f4ng ch\u00fang th\u00f4ng qua c\u1eeda h\u00e0ng \u0111i\u1ec7n t\u1eed c\u1ee7a ch\u00fang t\u00f4i. Xin h\u00e3y ki\u00ean nh\u1eabn m\u1ed9t ch\u00fat, n\u1ed9i dung n\u00e0y hi\u1ec7n \u0111ang \u0111\u01b0\u1ee3c x\u00e2y d\u1ef1ng. &nbsp;","og_url":"https:\/\/huckerts.net\/vi\/cua-chung-toi\/","og_site_name":"Huckert&#039;s","article_publisher":"https:\/\/www.facebook.com\/huckerts","article_modified_time":"2022-10-19T12:47:02+00:00","og_image":[{"url":"https:\/\/huckerts.net\/wp-content\/uploads\/2021\/04\/en-construction-300x191.jpg"}],"twitter_card":"summary_large_image","twitter_misc":{"Est. reading time":"1 minute"},"schema":{"@context":"https:\/\/schema.org","@graph":[{"@type":"WebPage","@id":"https:\/\/huckerts.net\/vi\/cua-chung-toi\/","url":"https:\/\/huckerts.net\/vi\/cua-chung-toi\/","name":"C\u1ee7a ch\u00fang t\u00f4i - Huckert&#039;s","isPartOf":{"@id":"https:\/\/huckerts.net\/#website"},"datePublished":"2021-04-26T08:56:31+00:00","dateModified":"2022-10-19T12:47:02+00:00","inLanguage":"vi-VN","potentialAction":[{"@type":"ReadAction","target":["https:\/\/huckerts.net\/vi\/cua-chung-toi\/"]}]},{"@type":"WebSite","@id":"https:\/\/huckerts.net\/#website","url":"https:\/\/huckerts.net\/","name":"Huckert&#039;s","description":"La d\u00e9sinfection ma\u00eetris\u00e9e","potentialAction":[{"@type":"SearchAction","target":{"@type":"EntryPoint","urlTemplate":"https:\/\/huckerts.net\/?s={search_term_string}"},"query-input":"required name=search_term_string"}],"inLanguage":"vi-VN"}]}},"_links":{"self":[{"href":"https:\/\/huckerts.net\/vi\/wp-json\/wp\/v2\/pages\/13034"}],"collection":[{"href":"https:\/\/huckerts.net\/vi\/wp-json\/wp\/v2\/pages"}],"about":[{"href":"https:\/\/huckerts.net\/vi\/wp-json\/wp\/v2\/types\/page"}],"author":[{"embeddable":true,"href":"https:\/\/huckerts.net\/vi\/wp-json\/wp\/v2\/users\/13"}],"replies":[{"embeddable":true,"href":"https:\/\/huckerts.net\/vi\/wp-json\/wp\/v2\/comments?post=13034"}],"version-history":[{"count":2,"href":"https:\/\/huckerts.net\/vi\/wp-json\/wp\/v2\/pages\/13034\/revisions"}],"predecessor-version":[{"id":13036,"href":"https:\/\/huckerts.net\/vi\/wp-json\/wp\/v2\/pages\/13034\/revisions\/13036"}],"wp:attachment":[{"href":"https:\/\/huckerts.net\/vi\/wp-json\/wp\/v2\/media?parent=13034"}],"curies":[{"name":"wp","href":"https:\/\/api.w.org\/{rel}","templated":true}]}}