{"id":12836,"date":"2021-04-16T13:43:09","date_gmt":"2021-04-16T11:43:09","guid":{"rendered":"https:\/\/huckerts.net\/nong-nghiep-thuc-pham\/lam-sach-tai-cho\/"},"modified":"2022-11-22T17:30:08","modified_gmt":"2022-11-22T16:30:08","slug":"lam-sach-tai-cho","status":"publish","type":"page","link":"https:\/\/huckerts.net\/vi\/nong-nghiep-thuc-pham\/lam-sach-tai-cho\/","title":{"rendered":"L\u00c0M S\u1ea0CH T\u1ea0I CH\u1ed6"},"content":{"rendered":"<p>[vc_row][vc_column][vc_column_text]<\/p>\n<p class=\"p1\"><span style=\"color: #000000;\"><span class=\"s1\">\u0110\u01b0\u1ee3c ph\u00e1t<\/span> tri\u1ec3n \u0111\u1eb7c bi\u1ec7t d\u00e0nh cho c\u00e1c b\u1ec1 m\u1eb7t ti\u1ebfp x\u00fac v\u1edbi th\u1ef1c ph\u1ea9m<span class=\"s1\">, <\/span><strong><span class=\"s2\">UMONIUM<\/span><span class=\"s3\">38\u00ae <\/span> <span class=\"s4\">MASTER <\/span> <span class=\"s4\">FOOD <\/span><\/strong>l\u00e0 m\u1ed9t ch\u1ea5t di\u1ec7t khu\u1ea9n kh\u00f4ng m\u00f9i v\u00e0 kh\u00f4ng ch\u1ee9a tinh d\u1ea7u. Tu\u00e2n th\u1ee7 <span class=\"s5\">Quy \u0111\u1ecbnh<\/span> <span class=\"s6\">m\u1edbi c\u1ee7a Ch\u00e2u \u00c2u v\u1ec1 ch\u1ea5t di\u1ec7t<\/span> <span class=\"s6\">khu\u1ea9n s\u1ed1 528\/2012<\/span>, ho\u00e0n to\u00e0n ph\u00f9 h\u1ee3p \u0111\u1ec3 s\u1eed d\u1ee5ng h\u00e0ng ng\u00e0y tr\u00ean c\u00e1c b\u1ec1 m\u1eb7t v\u00e0 thi\u1ebft b\u1ecb theo c\u00e1c \u0111i\u1ec3m ki\u1ec3m <span class=\"s6\">so\u00e1t t\u1edbi h\u1ea1n<\/span> HACCP<span class=\"s1\">.<\/span><\/span><\/p>\n<p class=\"p2\"><span style=\"color: #000000;\">Ch\u1ea5t t\u1ea9y \u2013 kh\u1eed khu\u1ea9n v\u00e0 t\u1ea9y d\u1ea7u m\u1ee1, s\u1ea3n <span class=\"s6\">ph\u1ea9m n\u00e0y \u1ed5n \u0111\u1ecbnh, \u0111\u1ed9 pH trung t\u00ednh, an to\u00e0n<\/span> (kh\u00f4ng ch\u00e1y, kh\u00f4ng c\u00f3 nguy c\u01a1 \u0103n <span class=\"s1\">m\u00f2n, g\u00e2y b\u1ecfng ho\u1eb7c c\u00f3 h\u01a1i \u0111\u1ed9c)<\/span> v\u00e0 kh\u00f4ng ch\u1ee9a c\u00e1c th\u00e0nh ph\u1ea7n CMR (G\u00e2y ung th\u01b0, g\u00e2y \u0111\u1ed9t bi\u1ebfn ho\u1eb7c nhi\u1ec5m \u0111\u1ed9c) ho\u1eb7c c\u00e1c ch\u1ea5t g\u00e2y r\u1ed1i lo\u1ea1n n\u1ed9i ti\u1ebft<span class=\"s1\">.<\/span> Hi\u1ec7u qu\u1ea3 \u0111\u1ed1i v\u1edbi to\u00e0n b\u1ed9 c\u00e1c m\u1ea7m b\u1ec7nh th\u1ef1c v\u1eadt<span class=\"s1\">, ch\u00fang \u0111\u00e1p \u1ee9ng c\u00e1c ti\u00eau<\/span> chu\u1ea9n quy chu\u1ea9n cao nh\u1ea5t c\u1ee7a Ch\u00e2u \u00c2u <span class=\"s1\">v\u00e0 kh\u00f4ng \u0111\u1ec3<\/span> l\u1ea1i d\u01b0 l\u01b0\u1ee3ng sau khi r\u1eeda s\u1ea1ch.<\/span><\/p>\n<p>[\/vc_column_text][vc_empty_space height=&#8221;35px&#8221;][vc_single_image image=&#8221;15092&#8243; img_size=&#8221;1100 x100&#8243; alignment=&#8221;center&#8221;][vc_separator][vc_empty_space height=&#8221;70px&#8221;][vc_row_inner css=&#8221;.vc_custom_1613403034812{margin-bottom: 50px !important;}&#8221;][vc_column_inner width=&#8221;1\/3&#8243;][vc_single_image image=&#8221;11427&#8243; img_size=&#8221;full&#8221; alignment=&#8221;center&#8221;][vc_column_text]<\/p>\n<h3 style=\"text-align: left;\">Ch\u1ea5t t\u1ea9y r\u1eeda v\u00e0 kh\u1eed tr\u00f9ng<br \/>\nCh\u1ea5t di\u1ec7t khu\u1ea9n PT4<\/h3>\n<p style=\"text-align: left;\">Dung d\u1ecbch \u0111\u1eadm \u0111\u1eb7c s\u1ebd \u0111\u01b0\u1ee3c pha lo\u00e3ng \u1edf h\u00e0m l\u01b0\u1ee3ng 0,5% (l\u00e0m s\u1ea1ch) ho\u1eb7c 2,5% (kh\u1eed tr\u00f9ng) \u0111\u1ec3 s\u1eed d\u1ee5ng b\u1eb1ng c\u00e1ch nh\u00fang ho\u1eb7c lau \u1ea9m.<\/p>\n<p class=\"p1\" style=\"text-align: left;\"><strong><img loading=\"lazy\" decoding=\"async\" class=\"alignnone wp-image-2531\" src=\"https:\/\/huckerts.net\/wp-content\/uploads\/2021\/04\/capacite.jpg\" alt=\"\" width=\"20\" height=\"20\" \/> DUNG T\u00cdCH :<\/strong> 1L dung d\u1ecbch \u0111\u1eadm \u0111\u1eb7c cho ph\u00e9p pha \u0111\u01b0\u1ee3c 200L dung d\u1ecbch pha lo\u00e3ng (0,5%).<\/p>\n<p class=\"p1\" style=\"text-align: left;\"><strong><img loading=\"lazy\" decoding=\"async\" class=\"alignnone wp-image-2532\" src=\"https:\/\/huckerts.net\/wp-content\/uploads\/2021\/04\/format.jpg\" alt=\"\" width=\"25\" height=\"33\" \/> BAO B\u00cc :<\/strong> 1L, 5L, 25L, 200L v\u00e0 1000L.<\/p>\n<p style=\"text-align: left;\"><strong><img loading=\"lazy\" decoding=\"async\" class=\"alignnone wp-image-2533\" src=\"https:\/\/huckerts.net\/wp-content\/uploads\/2021\/04\/cible.jpg\" alt=\"\" width=\"20\" height=\"20\" \/> PH\u1ed4 HO\u1ea0T \u0110\u1ed8NG :<\/strong> Di\u1ec7t c\u00e1c lo\u1ea1i vi khu\u1ea9n, n\u1ea5m, khu\u1ea9n mycobacteria v\u00e0 virus.<\/p>\n<p>[\/vc_column_text][vc_btn title=&#8221;T\u1ea3i v\u1ec1 t\u1eadp tin&#8221; size=&#8221;xs&#8221; align=&#8221;center&#8221; css_animation=&#8221;none&#8221; link=&#8221;url:https%3A%2F%2Fhuckerts.net%2Fwp-content%2Fuploads%2Fproduct_sheets_vi%2FFP00376-U38-Master-Food-VI.pdf||target:%20_blank|&#8221;][\/vc_column_inner][\/vc_row_inner][\/vc_column][\/vc_row][vc_row][vc_column][vc_empty_space][vc_column_text]<\/p>\n<h6 class=\"p1\"><em>H\u00ecnh \u1ea3nh s\u1ea3n ph\u1ea9m kh\u00f4ng theo h\u1ee3p \u0111\u1ed3ng. C\u00e1c s\u1ea3n ph\u1ea9m di\u1ec7t khu\u1ea9n c\u1ee7a ch\u00fang t\u00f4i ch\u1ec9 \u0111\u01b0\u1ee3c cung c\u1ea5p \u1edf nh\u1eefng qu\u1ed1c gia m\u00e0 s\u1ea3n ph\u1ea9m \u0111\u00e3 \u0111\u01b0\u1ee3c \u0111\u0103ng k\u00fd. \u0110\u1ec3 bi\u1ebft t\u00ecnh tr\u1ea1ng s\u1eb5n c\u00f3 hi\u1ec7n t\u1ea1i \u1edf qu\u1ed1c gia c\u1ee7a qu\u00fd v\u1ecb, xin \u0111\u1eebng ng\u1ea7n ng\u1ea1i li\u00ean h\u1ec7 v\u1edbi ch\u00fang t\u00f4i. S\u1eed d\u1ee5ng c\u00e1c s\u1ea3n ph\u1ea9m di\u1ec7t khu\u1ea9n m\u1ed9t c\u00e1ch th\u1eadn tr\u1ecdng. Tr\u01b0\u1edbc khi s\u1eed d\u1ee5ng, h\u00e3y \u0111\u1ecdc nh\u00e3n v\u00e0 c\u00e1c th\u00f4ng tin v\u1ec1 s\u1ea3n ph\u1ea9m.<\/em><\/h6>\n<p>[\/vc_column_text][\/vc_column][\/vc_row][vc_row][vc_column][\/vc_column][\/vc_row]<\/p>\n","protected":false},"excerpt":{"rendered":"<p>[vc_row][vc_column][vc_column_text] \u0110\u01b0\u1ee3c ph\u00e1t tri\u1ec3n \u0111\u1eb7c bi\u1ec7t d\u00e0nh cho c\u00e1c b\u1ec1 m\u1eb7t ti\u1ebfp x\u00fac v\u1edbi th\u1ef1c ph\u1ea9m, UMONIUM38\u00ae MASTER FOOD l\u00e0 m\u1ed9t ch\u1ea5t di\u1ec7t khu\u1ea9n kh\u00f4ng m\u00f9i v\u00e0 kh\u00f4ng ch\u1ee9a tinh d\u1ea7u. Tu\u00e2n th\u1ee7 Quy \u0111\u1ecbnh m\u1edbi c\u1ee7a Ch\u00e2u \u00c2u v\u1ec1 ch\u1ea5t di\u1ec7t khu\u1ea9n s\u1ed1 528\/2012, ho\u00e0n to\u00e0n ph\u00f9 h\u1ee3p \u0111\u1ec3 s\u1eed d\u1ee5ng h\u00e0ng ng\u00e0y tr\u00ean c\u00e1c b\u1ec1 m\u1eb7t v\u00e0 thi\u1ebft b\u1ecb theo c\u00e1c \u0111i\u1ec3m ki\u1ec3m so\u00e1t t\u1edbi h\u1ea1n HACCP. Ch\u1ea5t t\u1ea9y \u2013 kh\u1eed khu\u1ea9n v\u00e0 t\u1ea9y d\u1ea7u m\u1ee1, s\u1ea3n ph\u1ea9m n\u00e0y \u1ed5n \u0111\u1ecbnh, \u0111\u1ed9 pH trung t\u00ednh, an to\u00e0n (kh\u00f4ng ch\u00e1y, kh\u00f4ng c\u00f3 nguy c\u01a1 \u0103n m\u00f2n, g\u00e2y b\u1ecfng ho\u1eb7c c\u00f3 h\u01a1i \u0111\u1ed9c) v\u00e0 kh\u00f4ng ch\u1ee9a c\u00e1c th\u00e0nh ph\u1ea7n CMR (G\u00e2y ung th\u01b0, g\u00e2y \u0111\u1ed9t bi\u1ebfn ho\u1eb7c nhi\u1ec5m \u0111\u1ed9c) ho\u1eb7c c\u00e1c ch\u1ea5t g\u00e2y r\u1ed1i lo\u1ea1n n\u1ed9i ti\u1ebft. Hi\u1ec7u qu\u1ea3 \u0111\u1ed1i v\u1edbi to\u00e0n b\u1ed9 c\u00e1c m\u1ea7m b\u1ec7nh th\u1ef1c v\u1eadt, ch\u00fang \u0111\u00e1p \u1ee9ng c\u00e1c ti\u00eau chu\u1ea9n quy chu\u1ea9n cao nh\u1ea5t c\u1ee7a Ch\u00e2u \u00c2u v\u00e0 kh\u00f4ng \u0111\u1ec3 l\u1ea1i d\u01b0 l\u01b0\u1ee3ng sau khi r\u1eeda s\u1ea1ch. [\/vc_column_text][vc_empty_space height=&#8221;35px&#8221;][vc_single_image image=&#8221;15092&#8243; img_size=&#8221;1100 x100&#8243; alignment=&#8221;center&#8221;][vc_separator][vc_empty_space height=&#8221;70px&#8221;][vc_row_inner css=&#8221;.vc_custom_1613403034812{margin-bottom: 50px !important;}&#8221;][vc_column_inner width=&#8221;1\/3&#8243;][vc_single_image image=&#8221;11427&#8243; img_size=&#8221;full&#8221; alignment=&#8221;center&#8221;][vc_column_text] Ch\u1ea5t t\u1ea9y r\u1eeda v\u00e0 kh\u1eed tr\u00f9ng Ch\u1ea5t di\u1ec7t khu\u1ea9n PT4 Dung d\u1ecbch \u0111\u1eadm \u0111\u1eb7c s\u1ebd \u0111\u01b0\u1ee3c pha lo\u00e3ng \u1edf h\u00e0m l\u01b0\u1ee3ng 0,5% (l\u00e0m s\u1ea1ch) ho\u1eb7c 2,5% (kh\u1eed tr\u00f9ng) \u0111\u1ec3 s\u1eed d\u1ee5ng b\u1eb1ng c\u00e1ch nh\u00fang ho\u1eb7c lau \u1ea9m. DUNG T\u00cdCH : 1L dung d\u1ecbch \u0111\u1eadm \u0111\u1eb7c cho ph\u00e9p pha \u0111\u01b0\u1ee3c 200L dung d\u1ecbch pha lo\u00e3ng (0,5%). BAO B\u00cc : 1L, 5L, 25L, 200L v\u00e0 1000L. PH\u1ed4 HO\u1ea0T \u0110\u1ed8NG : Di\u1ec7t c\u00e1c lo\u1ea1i vi khu\u1ea9n, n\u1ea5m, khu\u1ea9n mycobacteria v\u00e0 virus. [\/vc_column_text][vc_btn title=&#8221;T\u1ea3i v\u1ec1 t\u1eadp tin&#8221; size=&#8221;xs&#8221; align=&#8221;center&#8221; css_animation=&#8221;none&#8221; link=&#8221;url:https%3A%2F%2Fhuckerts.net%2Fwp-content%2Fuploads%2Fproduct_sheets_vi%2FFP00376-U38-Master-Food-VI.pdf||target:%20_blank|&#8221;][\/vc_column_inner][\/vc_row_inner][\/vc_column][\/vc_row][vc_row][vc_column][vc_empty_space][vc_column_text] H\u00ecnh \u1ea3nh s\u1ea3n ph\u1ea9m kh\u00f4ng theo h\u1ee3p \u0111\u1ed3ng. C\u00e1c s\u1ea3n ph\u1ea9m di\u1ec7t khu\u1ea9n c\u1ee7a ch\u00fang t\u00f4i ch\u1ec9 \u0111\u01b0\u1ee3c cung c\u1ea5p \u1edf nh\u1eefng qu\u1ed1c gia m\u00e0 s\u1ea3n ph\u1ea9m \u0111\u00e3 \u0111\u01b0\u1ee3c \u0111\u0103ng k\u00fd. \u0110\u1ec3 bi\u1ebft t\u00ecnh tr\u1ea1ng s\u1eb5n c\u00f3 hi\u1ec7n t\u1ea1i \u1edf qu\u1ed1c gia c\u1ee7a qu\u00fd v\u1ecb, xin \u0111\u1eebng ng\u1ea7n ng\u1ea1i li\u00ean h\u1ec7 v\u1edbi ch\u00fang t\u00f4i. S\u1eed d\u1ee5ng c\u00e1c s\u1ea3n ph\u1ea9m di\u1ec7t khu\u1ea9n m\u1ed9t c\u00e1ch th\u1eadn tr\u1ecdng. Tr\u01b0\u1edbc khi s\u1eed d\u1ee5ng, h\u00e3y \u0111\u1ecdc nh\u00e3n v\u00e0 c\u00e1c th\u00f4ng tin v\u1ec1 s\u1ea3n ph\u1ea9m. [\/vc_column_text][\/vc_column][\/vc_row][vc_row][vc_column][\/vc_column][\/vc_row]<\/p>\n","protected":false},"author":13,"featured_media":0,"parent":12677,"menu_order":0,"comment_status":"closed","ping_status":"closed","template":"","meta":{"footnotes":""},"yoast_head":"<!-- This site is optimized with the Yoast SEO plugin v21.7 - https:\/\/yoast.com\/wordpress\/plugins\/seo\/ -->\n<title>L\u00c0M S\u1ea0CH T\u1ea0I CH\u1ed6 - Huckert&#039;s<\/title>\n<meta name=\"robots\" content=\"index, follow, max-snippet:-1, max-image-preview:large, max-video-preview:-1\" \/>\n<link rel=\"canonical\" href=\"https:\/\/huckerts.net\/vi\/nong-nghiep-thuc-pham\/lam-sach-tai-cho\/\" \/>\n<meta property=\"og:locale\" content=\"vi_VN\" \/>\n<meta property=\"og:type\" content=\"article\" \/>\n<meta property=\"og:title\" content=\"L\u00c0M S\u1ea0CH T\u1ea0I CH\u1ed6 - Huckert&#039;s\" \/>\n<meta property=\"og:description\" content=\"[vc_row][vc_column][vc_column_text] \u0110\u01b0\u1ee3c ph\u00e1t tri\u1ec3n \u0111\u1eb7c bi\u1ec7t d\u00e0nh cho c\u00e1c b\u1ec1 m\u1eb7t ti\u1ebfp x\u00fac v\u1edbi th\u1ef1c ph\u1ea9m, UMONIUM38\u00ae MASTER FOOD l\u00e0 m\u1ed9t ch\u1ea5t di\u1ec7t khu\u1ea9n kh\u00f4ng m\u00f9i v\u00e0 kh\u00f4ng ch\u1ee9a tinh d\u1ea7u. Tu\u00e2n th\u1ee7 Quy \u0111\u1ecbnh m\u1edbi c\u1ee7a Ch\u00e2u \u00c2u v\u1ec1 ch\u1ea5t di\u1ec7t khu\u1ea9n s\u1ed1 528\/2012, ho\u00e0n to\u00e0n ph\u00f9 h\u1ee3p \u0111\u1ec3 s\u1eed d\u1ee5ng h\u00e0ng ng\u00e0y tr\u00ean c\u00e1c b\u1ec1 m\u1eb7t v\u00e0 thi\u1ebft b\u1ecb theo c\u00e1c \u0111i\u1ec3m ki\u1ec3m so\u00e1t t\u1edbi h\u1ea1n HACCP. Ch\u1ea5t t\u1ea9y \u2013 kh\u1eed khu\u1ea9n v\u00e0 t\u1ea9y d\u1ea7u m\u1ee1, s\u1ea3n ph\u1ea9m n\u00e0y \u1ed5n \u0111\u1ecbnh, \u0111\u1ed9 pH trung t\u00ednh, an to\u00e0n (kh\u00f4ng ch\u00e1y, kh\u00f4ng c\u00f3 nguy c\u01a1 \u0103n m\u00f2n, g\u00e2y b\u1ecfng ho\u1eb7c c\u00f3 h\u01a1i \u0111\u1ed9c) v\u00e0 kh\u00f4ng ch\u1ee9a c\u00e1c th\u00e0nh ph\u1ea7n CMR (G\u00e2y ung th\u01b0, g\u00e2y \u0111\u1ed9t bi\u1ebfn ho\u1eb7c nhi\u1ec5m \u0111\u1ed9c) ho\u1eb7c c\u00e1c ch\u1ea5t g\u00e2y r\u1ed1i lo\u1ea1n n\u1ed9i ti\u1ebft. Hi\u1ec7u qu\u1ea3 \u0111\u1ed1i v\u1edbi to\u00e0n b\u1ed9 c\u00e1c m\u1ea7m b\u1ec7nh th\u1ef1c v\u1eadt, ch\u00fang \u0111\u00e1p \u1ee9ng c\u00e1c ti\u00eau chu\u1ea9n quy chu\u1ea9n cao nh\u1ea5t c\u1ee7a Ch\u00e2u \u00c2u v\u00e0 kh\u00f4ng \u0111\u1ec3 l\u1ea1i d\u01b0 l\u01b0\u1ee3ng sau khi r\u1eeda s\u1ea1ch. [\/vc_column_text][vc_empty_space height=&#8221;35px&#8221;][vc_single_image image=&#8221;15092&#8243; img_size=&#8221;1100 x100&#8243; alignment=&#8221;center&#8221;][vc_separator][vc_empty_space height=&#8221;70px&#8221;][vc_row_inner css=&#8221;.vc_custom_1613403034812{margin-bottom: 50px !important;}&#8221;][vc_column_inner width=&#8221;1\/3&#8243;][vc_single_image image=&#8221;11427&#8243; img_size=&#8221;full&#8221; alignment=&#8221;center&#8221;][vc_column_text] Ch\u1ea5t t\u1ea9y r\u1eeda v\u00e0 kh\u1eed tr\u00f9ng Ch\u1ea5t di\u1ec7t khu\u1ea9n PT4 Dung d\u1ecbch \u0111\u1eadm \u0111\u1eb7c s\u1ebd \u0111\u01b0\u1ee3c pha lo\u00e3ng \u1edf h\u00e0m l\u01b0\u1ee3ng 0,5% (l\u00e0m s\u1ea1ch) ho\u1eb7c 2,5% (kh\u1eed tr\u00f9ng) \u0111\u1ec3 s\u1eed d\u1ee5ng b\u1eb1ng c\u00e1ch nh\u00fang ho\u1eb7c lau \u1ea9m. DUNG T\u00cdCH : 1L dung d\u1ecbch \u0111\u1eadm \u0111\u1eb7c cho ph\u00e9p pha \u0111\u01b0\u1ee3c 200L dung d\u1ecbch pha lo\u00e3ng (0,5%). BAO B\u00cc : 1L, 5L, 25L, 200L v\u00e0 1000L. PH\u1ed4 HO\u1ea0T \u0110\u1ed8NG : Di\u1ec7t c\u00e1c lo\u1ea1i vi khu\u1ea9n, n\u1ea5m, khu\u1ea9n mycobacteria v\u00e0 virus. [\/vc_column_text][vc_btn title=&#8221;T\u1ea3i v\u1ec1 t\u1eadp tin&#8221; size=&#8221;xs&#8221; align=&#8221;center&#8221; css_animation=&#8221;none&#8221; link=&#8221;url:https%3A%2F%2Fhuckerts.net%2Fwp-content%2Fuploads%2Fproduct_sheets_vi%2FFP00376-U38-Master-Food-VI.pdf||target:%20_blank|&#8221;][\/vc_column_inner][\/vc_row_inner][\/vc_column][\/vc_row][vc_row][vc_column][vc_empty_space][vc_column_text] H\u00ecnh \u1ea3nh s\u1ea3n ph\u1ea9m kh\u00f4ng theo h\u1ee3p \u0111\u1ed3ng. C\u00e1c s\u1ea3n ph\u1ea9m di\u1ec7t khu\u1ea9n c\u1ee7a ch\u00fang t\u00f4i ch\u1ec9 \u0111\u01b0\u1ee3c cung c\u1ea5p \u1edf nh\u1eefng qu\u1ed1c gia m\u00e0 s\u1ea3n ph\u1ea9m \u0111\u00e3 \u0111\u01b0\u1ee3c \u0111\u0103ng k\u00fd. \u0110\u1ec3 bi\u1ebft t\u00ecnh tr\u1ea1ng s\u1eb5n c\u00f3 hi\u1ec7n t\u1ea1i \u1edf qu\u1ed1c gia c\u1ee7a qu\u00fd v\u1ecb, xin \u0111\u1eebng ng\u1ea7n ng\u1ea1i li\u00ean h\u1ec7 v\u1edbi ch\u00fang t\u00f4i. S\u1eed d\u1ee5ng c\u00e1c s\u1ea3n ph\u1ea9m di\u1ec7t khu\u1ea9n m\u1ed9t c\u00e1ch th\u1eadn tr\u1ecdng. Tr\u01b0\u1edbc khi s\u1eed d\u1ee5ng, h\u00e3y \u0111\u1ecdc nh\u00e3n v\u00e0 c\u00e1c th\u00f4ng tin v\u1ec1 s\u1ea3n ph\u1ea9m. [\/vc_column_text][\/vc_column][\/vc_row][vc_row][vc_column][\/vc_column][\/vc_row]\" \/>\n<meta property=\"og:url\" content=\"https:\/\/huckerts.net\/vi\/nong-nghiep-thuc-pham\/lam-sach-tai-cho\/\" \/>\n<meta property=\"og:site_name\" content=\"Huckert&#039;s\" \/>\n<meta property=\"article:publisher\" content=\"https:\/\/www.facebook.com\/huckerts\" \/>\n<meta property=\"article:modified_time\" content=\"2022-11-22T16:30:08+00:00\" \/>\n<meta property=\"og:image\" content=\"https:\/\/huckerts.net\/wp-content\/uploads\/2021\/04\/capacite.jpg\" \/>\n<meta name=\"twitter:card\" content=\"summary_large_image\" \/>\n<meta name=\"twitter:label1\" content=\"Est. reading time\" \/>\n\t<meta name=\"twitter:data1\" content=\"3 minutes\" \/>\n<script type=\"application\/ld+json\" class=\"yoast-schema-graph\">{\"@context\":\"https:\/\/schema.org\",\"@graph\":[{\"@type\":\"WebPage\",\"@id\":\"https:\/\/huckerts.net\/vi\/nong-nghiep-thuc-pham\/lam-sach-tai-cho\/\",\"url\":\"https:\/\/huckerts.net\/vi\/nong-nghiep-thuc-pham\/lam-sach-tai-cho\/\",\"name\":\"L\u00c0M S\u1ea0CH T\u1ea0I CH\u1ed6 - Huckert&#039;s\",\"isPartOf\":{\"@id\":\"https:\/\/huckerts.net\/#website\"},\"datePublished\":\"2021-04-16T11:43:09+00:00\",\"dateModified\":\"2022-11-22T16:30:08+00:00\",\"breadcrumb\":{\"@id\":\"https:\/\/huckerts.net\/vi\/nong-nghiep-thuc-pham\/lam-sach-tai-cho\/#breadcrumb\"},\"inLanguage\":\"vi-VN\",\"potentialAction\":[{\"@type\":\"ReadAction\",\"target\":[\"https:\/\/huckerts.net\/vi\/nong-nghiep-thuc-pham\/lam-sach-tai-cho\/\"]}]},{\"@type\":\"BreadcrumbList\",\"@id\":\"https:\/\/huckerts.net\/vi\/nong-nghiep-thuc-pham\/lam-sach-tai-cho\/#breadcrumb\",\"itemListElement\":[{\"@type\":\"ListItem\",\"position\":1,\"name\":\"N\u00f4ng nghi\u1ec7p th\u1ef1c ph\u1ea9m\",\"item\":\"https:\/\/huckerts.net\/vi\/nong-nghiep-thuc-pham\/\"},{\"@type\":\"ListItem\",\"position\":2,\"name\":\"L\u00c0M S\u1ea0CH T\u1ea0I CH\u1ed6\"}]},{\"@type\":\"WebSite\",\"@id\":\"https:\/\/huckerts.net\/#website\",\"url\":\"https:\/\/huckerts.net\/\",\"name\":\"Huckert&#039;s\",\"description\":\"La d\u00e9sinfection ma\u00eetris\u00e9e\",\"potentialAction\":[{\"@type\":\"SearchAction\",\"target\":{\"@type\":\"EntryPoint\",\"urlTemplate\":\"https:\/\/huckerts.net\/?s={search_term_string}\"},\"query-input\":\"required name=search_term_string\"}],\"inLanguage\":\"vi-VN\"}]}<\/script>\n<!-- \/ Yoast SEO plugin. -->","yoast_head_json":{"title":"L\u00c0M S\u1ea0CH T\u1ea0I CH\u1ed6 - Huckert&#039;s","robots":{"index":"index","follow":"follow","max-snippet":"max-snippet:-1","max-image-preview":"max-image-preview:large","max-video-preview":"max-video-preview:-1"},"canonical":"https:\/\/huckerts.net\/vi\/nong-nghiep-thuc-pham\/lam-sach-tai-cho\/","og_locale":"vi_VN","og_type":"article","og_title":"L\u00c0M S\u1ea0CH T\u1ea0I CH\u1ed6 - Huckert&#039;s","og_description":"[vc_row][vc_column][vc_column_text] \u0110\u01b0\u1ee3c ph\u00e1t tri\u1ec3n \u0111\u1eb7c bi\u1ec7t d\u00e0nh cho c\u00e1c b\u1ec1 m\u1eb7t ti\u1ebfp x\u00fac v\u1edbi th\u1ef1c ph\u1ea9m, UMONIUM38\u00ae MASTER FOOD l\u00e0 m\u1ed9t ch\u1ea5t di\u1ec7t khu\u1ea9n kh\u00f4ng m\u00f9i v\u00e0 kh\u00f4ng ch\u1ee9a tinh d\u1ea7u. Tu\u00e2n th\u1ee7 Quy \u0111\u1ecbnh m\u1edbi c\u1ee7a Ch\u00e2u \u00c2u v\u1ec1 ch\u1ea5t di\u1ec7t khu\u1ea9n s\u1ed1 528\/2012, ho\u00e0n to\u00e0n ph\u00f9 h\u1ee3p \u0111\u1ec3 s\u1eed d\u1ee5ng h\u00e0ng ng\u00e0y tr\u00ean c\u00e1c b\u1ec1 m\u1eb7t v\u00e0 thi\u1ebft b\u1ecb theo c\u00e1c \u0111i\u1ec3m ki\u1ec3m so\u00e1t t\u1edbi h\u1ea1n HACCP. Ch\u1ea5t t\u1ea9y \u2013 kh\u1eed khu\u1ea9n v\u00e0 t\u1ea9y d\u1ea7u m\u1ee1, s\u1ea3n ph\u1ea9m n\u00e0y \u1ed5n \u0111\u1ecbnh, \u0111\u1ed9 pH trung t\u00ednh, an to\u00e0n (kh\u00f4ng ch\u00e1y, kh\u00f4ng c\u00f3 nguy c\u01a1 \u0103n m\u00f2n, g\u00e2y b\u1ecfng ho\u1eb7c c\u00f3 h\u01a1i \u0111\u1ed9c) v\u00e0 kh\u00f4ng ch\u1ee9a c\u00e1c th\u00e0nh ph\u1ea7n CMR (G\u00e2y ung th\u01b0, g\u00e2y \u0111\u1ed9t bi\u1ebfn ho\u1eb7c nhi\u1ec5m \u0111\u1ed9c) ho\u1eb7c c\u00e1c ch\u1ea5t g\u00e2y r\u1ed1i lo\u1ea1n n\u1ed9i ti\u1ebft. Hi\u1ec7u qu\u1ea3 \u0111\u1ed1i v\u1edbi to\u00e0n b\u1ed9 c\u00e1c m\u1ea7m b\u1ec7nh th\u1ef1c v\u1eadt, ch\u00fang \u0111\u00e1p \u1ee9ng c\u00e1c ti\u00eau chu\u1ea9n quy chu\u1ea9n cao nh\u1ea5t c\u1ee7a Ch\u00e2u \u00c2u v\u00e0 kh\u00f4ng \u0111\u1ec3 l\u1ea1i d\u01b0 l\u01b0\u1ee3ng sau khi r\u1eeda s\u1ea1ch. [\/vc_column_text][vc_empty_space height=&#8221;35px&#8221;][vc_single_image image=&#8221;15092&#8243; img_size=&#8221;1100 x100&#8243; alignment=&#8221;center&#8221;][vc_separator][vc_empty_space height=&#8221;70px&#8221;][vc_row_inner css=&#8221;.vc_custom_1613403034812{margin-bottom: 50px !important;}&#8221;][vc_column_inner width=&#8221;1\/3&#8243;][vc_single_image image=&#8221;11427&#8243; img_size=&#8221;full&#8221; alignment=&#8221;center&#8221;][vc_column_text] Ch\u1ea5t t\u1ea9y r\u1eeda v\u00e0 kh\u1eed tr\u00f9ng Ch\u1ea5t di\u1ec7t khu\u1ea9n PT4 Dung d\u1ecbch \u0111\u1eadm \u0111\u1eb7c s\u1ebd \u0111\u01b0\u1ee3c pha lo\u00e3ng \u1edf h\u00e0m l\u01b0\u1ee3ng 0,5% (l\u00e0m s\u1ea1ch) ho\u1eb7c 2,5% (kh\u1eed tr\u00f9ng) \u0111\u1ec3 s\u1eed d\u1ee5ng b\u1eb1ng c\u00e1ch nh\u00fang ho\u1eb7c lau \u1ea9m. DUNG T\u00cdCH : 1L dung d\u1ecbch \u0111\u1eadm \u0111\u1eb7c cho ph\u00e9p pha \u0111\u01b0\u1ee3c 200L dung d\u1ecbch pha lo\u00e3ng (0,5%). BAO B\u00cc : 1L, 5L, 25L, 200L v\u00e0 1000L. PH\u1ed4 HO\u1ea0T \u0110\u1ed8NG : Di\u1ec7t c\u00e1c lo\u1ea1i vi khu\u1ea9n, n\u1ea5m, khu\u1ea9n mycobacteria v\u00e0 virus. [\/vc_column_text][vc_btn title=&#8221;T\u1ea3i v\u1ec1 t\u1eadp tin&#8221; size=&#8221;xs&#8221; align=&#8221;center&#8221; css_animation=&#8221;none&#8221; link=&#8221;url:https%3A%2F%2Fhuckerts.net%2Fwp-content%2Fuploads%2Fproduct_sheets_vi%2FFP00376-U38-Master-Food-VI.pdf||target:%20_blank|&#8221;][\/vc_column_inner][\/vc_row_inner][\/vc_column][\/vc_row][vc_row][vc_column][vc_empty_space][vc_column_text] H\u00ecnh \u1ea3nh s\u1ea3n ph\u1ea9m kh\u00f4ng theo h\u1ee3p \u0111\u1ed3ng. C\u00e1c s\u1ea3n ph\u1ea9m di\u1ec7t khu\u1ea9n c\u1ee7a ch\u00fang t\u00f4i ch\u1ec9 \u0111\u01b0\u1ee3c cung c\u1ea5p \u1edf nh\u1eefng qu\u1ed1c gia m\u00e0 s\u1ea3n ph\u1ea9m \u0111\u00e3 \u0111\u01b0\u1ee3c \u0111\u0103ng k\u00fd. \u0110\u1ec3 bi\u1ebft t\u00ecnh tr\u1ea1ng s\u1eb5n c\u00f3 hi\u1ec7n t\u1ea1i \u1edf qu\u1ed1c gia c\u1ee7a qu\u00fd v\u1ecb, xin \u0111\u1eebng ng\u1ea7n ng\u1ea1i li\u00ean h\u1ec7 v\u1edbi ch\u00fang t\u00f4i. S\u1eed d\u1ee5ng c\u00e1c s\u1ea3n ph\u1ea9m di\u1ec7t khu\u1ea9n m\u1ed9t c\u00e1ch th\u1eadn tr\u1ecdng. Tr\u01b0\u1edbc khi s\u1eed d\u1ee5ng, h\u00e3y \u0111\u1ecdc nh\u00e3n v\u00e0 c\u00e1c th\u00f4ng tin v\u1ec1 s\u1ea3n ph\u1ea9m. [\/vc_column_text][\/vc_column][\/vc_row][vc_row][vc_column][\/vc_column][\/vc_row]","og_url":"https:\/\/huckerts.net\/vi\/nong-nghiep-thuc-pham\/lam-sach-tai-cho\/","og_site_name":"Huckert&#039;s","article_publisher":"https:\/\/www.facebook.com\/huckerts","article_modified_time":"2022-11-22T16:30:08+00:00","og_image":[{"url":"https:\/\/huckerts.net\/wp-content\/uploads\/2021\/04\/capacite.jpg"}],"twitter_card":"summary_large_image","twitter_misc":{"Est. reading time":"3 minutes"},"schema":{"@context":"https:\/\/schema.org","@graph":[{"@type":"WebPage","@id":"https:\/\/huckerts.net\/vi\/nong-nghiep-thuc-pham\/lam-sach-tai-cho\/","url":"https:\/\/huckerts.net\/vi\/nong-nghiep-thuc-pham\/lam-sach-tai-cho\/","name":"L\u00c0M S\u1ea0CH T\u1ea0I CH\u1ed6 - Huckert&#039;s","isPartOf":{"@id":"https:\/\/huckerts.net\/#website"},"datePublished":"2021-04-16T11:43:09+00:00","dateModified":"2022-11-22T16:30:08+00:00","breadcrumb":{"@id":"https:\/\/huckerts.net\/vi\/nong-nghiep-thuc-pham\/lam-sach-tai-cho\/#breadcrumb"},"inLanguage":"vi-VN","potentialAction":[{"@type":"ReadAction","target":["https:\/\/huckerts.net\/vi\/nong-nghiep-thuc-pham\/lam-sach-tai-cho\/"]}]},{"@type":"BreadcrumbList","@id":"https:\/\/huckerts.net\/vi\/nong-nghiep-thuc-pham\/lam-sach-tai-cho\/#breadcrumb","itemListElement":[{"@type":"ListItem","position":1,"name":"N\u00f4ng nghi\u1ec7p th\u1ef1c ph\u1ea9m","item":"https:\/\/huckerts.net\/vi\/nong-nghiep-thuc-pham\/"},{"@type":"ListItem","position":2,"name":"L\u00c0M S\u1ea0CH T\u1ea0I CH\u1ed6"}]},{"@type":"WebSite","@id":"https:\/\/huckerts.net\/#website","url":"https:\/\/huckerts.net\/","name":"Huckert&#039;s","description":"La d\u00e9sinfection ma\u00eetris\u00e9e","potentialAction":[{"@type":"SearchAction","target":{"@type":"EntryPoint","urlTemplate":"https:\/\/huckerts.net\/?s={search_term_string}"},"query-input":"required name=search_term_string"}],"inLanguage":"vi-VN"}]}},"_links":{"self":[{"href":"https:\/\/huckerts.net\/vi\/wp-json\/wp\/v2\/pages\/12836"}],"collection":[{"href":"https:\/\/huckerts.net\/vi\/wp-json\/wp\/v2\/pages"}],"about":[{"href":"https:\/\/huckerts.net\/vi\/wp-json\/wp\/v2\/types\/page"}],"author":[{"embeddable":true,"href":"https:\/\/huckerts.net\/vi\/wp-json\/wp\/v2\/users\/13"}],"replies":[{"embeddable":true,"href":"https:\/\/huckerts.net\/vi\/wp-json\/wp\/v2\/comments?post=12836"}],"version-history":[{"count":5,"href":"https:\/\/huckerts.net\/vi\/wp-json\/wp\/v2\/pages\/12836\/revisions"}],"predecessor-version":[{"id":15297,"href":"https:\/\/huckerts.net\/vi\/wp-json\/wp\/v2\/pages\/12836\/revisions\/15297"}],"up":[{"embeddable":true,"href":"https:\/\/huckerts.net\/vi\/wp-json\/wp\/v2\/pages\/12677"}],"wp:attachment":[{"href":"https:\/\/huckerts.net\/vi\/wp-json\/wp\/v2\/media?parent=12836"}],"curies":[{"name":"wp","href":"https:\/\/api.w.org\/{rel}","templated":true}]}}