{"id":14538,"date":"2021-04-29T11:14:00","date_gmt":"2021-04-29T09:14:00","guid":{"rendered":"https:\/\/huckerts.net\/%e0%b9%80%e0%b8%a7%e0%b8%8a%e0%b8%a8%e0%b8%b2%e0%b8%aa%e0%b8%95%e0%b8%a3%e0%b9%8c%e0%b8%97%e0%b8%b2%e0%b8%a3%e0%b8%81%e0%b9%81%e0%b8%a3%e0%b8%81%e0%b9%80%e0%b8%81%e0%b8%b4%e0%b8%94\/%e0%b8%9e%e0%b8%b7%e0%b9%89%e0%b8%99\/"},"modified":"2022-11-08T10:48:55","modified_gmt":"2022-11-08T09:48:55","slug":"%e0%b8%9e%e0%b8%b7%e0%b9%89%e0%b8%99","status":"publish","type":"page","link":"https:\/\/huckerts.net\/th\/%e0%b9%80%e0%b8%a7%e0%b8%8a%e0%b8%a8%e0%b8%b2%e0%b8%aa%e0%b8%95%e0%b8%a3%e0%b9%8c%e0%b8%97%e0%b8%b2%e0%b8%a3%e0%b8%81%e0%b9%81%e0%b8%a3%e0%b8%81%e0%b9%80%e0%b8%81%e0%b8%b4%e0%b8%94\/%e0%b8%9e%e0%b8%b7%e0%b9%89%e0%b8%99\/","title":{"rendered":"\u0e1e\u0e37\u0e49\u0e19"},"content":{"rendered":"<p>[vc_row][vc_column][vc_column_text]<\/p>\n<p class=\"p1\"><span style=\"color: #000000;\"><span class=\"s1\">\u0e17\u0e33\u0e08\u0e32\u0e01\u0e2a\u0e32\u0e23\u0e40\u0e04\u0e21\u0e35\u0e0a\u0e31\u0e49\u0e19\u0e14\u0e35<\/span> \u0e19\u0e49\u0e33\u0e22\u0e32\u0e06\u0e48\u0e32\u0e40\u0e0a\u0e37\u0e49\u0e2d\u0e02\u0e2d\u0e07\u0e40\u0e23\u0e32\u0e17\u0e33<span class=\"s1\">\u0e43\u0e2b\u0e49\u0e04\u0e38\u0e13<\/span><span class=\"s1\">\u0e21\u0e31\u0e48\u0e19\u0e43\u0e08<\/span>\u0e43\u0e19\u0e01\u0e32\u0e23\u0e06\u0e48\u0e32\u0e40\u0e0a\u0e37\u0e49\u0e2d<span class=\"s1\">\u0e43\u0e19\u0e23\u0e30\u0e14\u0e31\u0e1a\u0e2a\u0e39\u0e07<\/span><span class=\"s1\">\u0e42\u0e14\u0e22<\/span>\u0e43\u0e0a\u0e49\u0e40\u0e27\u0e25\u0e32\u0e2a\u0e31\u0e49\u0e19 <span class=\"s1\">\u0e46<\/span> \u0e14\u0e49\u0e27\u0e22\u0e02\u0e31\u0e49\u0e19\u0e15\u0e2d\u0e19\u0e07\u0e48\u0e32\u0e22\u0e14\u0e32\u0e22 <span class=\"s1\">\u0e41\u0e25\u0e30<\/span>\u0e1b\u0e23\u0e30\u0e2b\u0e22\u0e31\u0e14<span class=\"s1\">\u0e1b\u0e23\u0e34\u0e21\u0e32\u0e13<\/span><\/span><\/p>\n<p><span style=\"color: #000000;\"><span class=\"s1\"><strong><span class=\"s2\">UMONIUM<\/span><span class=\"s3\">38\u00ae NEUTRALIS <\/span><\/strong> <span class=\"s3\">\u0e40\u0e1b\u0e47\u0e19\u0e2d\u0e38\u0e1b <\/span><\/span>\u0e01\u0e23\u0e13\u0e4c\u0e17\u0e32\u0e07\u0e01\u0e32\u0e23\u0e41\u0e1e\u0e17\u0e22\u0e4c\u0e17\u0e35\u0e48\u0e44\u0e21\u0e48\u0e21\u0e35\u0e19\u0e49\u0e33\u0e2b\u0e2d\u0e21\u0e2b\u0e23\u0e37\u0e2d\u0e19\u0e49\u0e33\u0e21\u0e31\u0e19<span class=\"s1\">\u0e2b\u0e2d\u0e21\u0e23\u0e30\u0e40\u0e2b\u0e22 \u0e15\u0e23\u0e27\u0e08\u0e2a\u0e2d\u0e1a\u0e41\u0e25\u0e49\u0e27\u0e27\u0e48\u0e32\u0e1b\u0e23\u0e32\u0e28\u0e08\u0e32\u0e01\u0e2d\u0e31\u0e19\u0e15\u0e23\u0e32\u0e22\u0e43\u0e14 \u0e46 \u0e41\u0e21\u0e49\u0e01\u0e23\u0e30\u0e17\u0e31\u0e48\u0e07\u0e43\u0e19\u0e2a\u0e20\u0e32\u0e1e\u0e41\u0e27\u0e14\u0e25\u0e49\u0e2d\u0e21\u0e02\u0e2d\u0e07\u0e15\u0e31\u0e27\u0e2d\u0e48\u0e2d\u0e19<\/span> (\u0e01\u0e32\u0e23\u0e17\u0e14\u0e2a\u0e2d\u0e1a\u0e15\u0e31\u0e27\u0e2d\u0e48\u0e2d\u0e19\u0e02\u0e2d\u0e07\u0e2b\u0e19\u0e39\u0e41\u0e25\u0e30\u0e01\u0e32\u0e23\u0e17\u0e14\u0e2a\u0e2d\u0e1a\u0e01\u0e32\u0e23\u0e2d\u0e22\u0e39\u0e48\u0e23\u0e2d\u0e14\u0e02\u0e2d\u0e07\u0e2d\u0e2a\u0e38\u0e08\u0e34\u0e02\u0e2d\u0e07\u0e21\u0e19\u0e38\u0e29\u0e22\u0e4c)<\/span><\/p>\n<p class=\"p2\"><span style=\"color: #000000;\">\u0e19\u0e49\u0e33\u0e22\u0e32\u0e17\u0e33\u0e04\u0e27\u0e32\u0e21\u0e2a\u0e30\u0e2d\u0e32\u0e14 \u2013 \u0e40\u0e1b\u0e47\u0e19\u0e17\u0e31\u0e49\u0e07\u0e19\u0e49\u0e33\u0e22\u0e32\u0e06\u0e48\u0e32\u0e40\u0e0a\u0e37\u0e49\u0e2d\u0e41\u0e25\u0e30 <span class=\"s3\">\u0e21\u0e35\u0e04\u0e27\u0e32\u0e21\u0e40\u0e2a\u0e16\u0e35\u0e22\u0e23 \u0e21\u0e35\u0e04\u0e48\u0e32 pH \u0e40\u0e1b\u0e47\u0e19\u0e01\u0e25\u0e32\u0e07 \u0e21\u0e35\u0e04\u0e27\u0e32\u0e21\u0e1b\u0e25\u0e2d\u0e14\u0e20\u0e31\u0e22<\/span> (\u0e44\u0e21\u0e48\u0e15\u0e34\u0e14\u0e44\u0e1f \u0e44\u0e21\u0e48\u0e21\u0e35\u0e04\u0e27\u0e32\u0e21\u0e40\u0e2a\u0e35\u0e48\u0e22\u0e07\u0e17\u0e35\u0e48\u0e08\u0e30\u0e40\u0e01\u0e34\u0e14\u0e01\u0e32\u0e23<span class=\"s1\">\u0e01\u0e31\u0e14\u0e01\u0e23\u0e48\u0e2d\u0e19 \u0e40\u0e01\u0e34\u0e14\u0e01\u0e32\u0e23\u0e40\u0e1c\u0e32\u0e44\u0e2b\u0e21\u0e49 \u0e2b\u0e23\u0e37\u0e2d\u0e40\u0e01\u0e34\u0e14\u0e44\u0e2d\u0e23\u0e30\u0e40\u0e2b\u0e22\u0e17\u0e35\u0e48\u0e40\u0e1b\u0e47\u0e19\u0e1e\u0e34\u0e29)<\/span> \u0e41\u0e25\u0e30\u0e44\u0e21\u0e48\u0e21\u0e35\u0e2a\u0e48\u0e27\u0e19\u0e1b\u0e23\u0e30\u0e01\u0e2d\u0e1a \u0e02\u0e2d\u0e07 CMR (\u0e2a\u0e32\u0e23\u0e01\u0e48\u0e2d\u0e21\u0e30\u0e40\u0e23\u0e47\u0e07 \u0e2a\u0e32\u0e23\u0e01\u0e48\u0e2d\u0e01\u0e25\u0e32\u0e22\u0e1e\u0e31\u0e19\u0e18\u0e38\u0e4c \u0e2b\u0e23\u0e37\u0e2d\u0e2a\u0e32\u0e23\u0e2d\u0e31\u0e19\u0e15\u0e23\u0e32\u0e22\u0e15\u0e48\u0e2d\u0e23\u0e30\u0e1a\u0e1a\u0e2a\u0e37\u0e1a\u0e1e\u0e31\u0e19\u0e18\u0e38\u0e4c) \u0e2b\u0e23\u0e37\u0e2d\u0e2a\u0e32\u0e23\u0e01\u0e48\u0e2d\u0e01\u0e27\u0e19\u0e01\u0e32\u0e23<span class=\"s1\">\u0e17\u0e33\u0e07\u0e32\u0e19\u0e02\u0e2d\u0e07\u0e15\u0e48\u0e2d\u0e21\u0e44\u0e23\u0e49\u0e17\u0e48\u0e2d<\/span> \u0e21\u0e35\u0e1b\u0e23\u0e30\u0e2a\u0e34\u0e17\u0e18\u0e34\u0e20\u0e32\u0e1e\u0e40\u0e21\u0e37\u0e48\u0e2d\u0e43\u0e0a\u0e49\u0e01\u0e31\u0e1a\u0e1e\u0e37\u0e0a\u0e17\u0e35\u0e48\u0e01\u0e48\u0e2d<span class=\"s1\">\u0e42\u0e23\u0e04\u0e17\u0e38\u0e01\u0e0a\u0e19\u0e34\u0e14 \u0e2a\u0e2d\u0e14\u0e04\u0e25\u0e49\u0e2d\u0e07\u0e15\u0e32\u0e21\u0e23\u0e30\u0e40\u0e1a\u0e35\u0e22\u0e1a<\/span>\u0e21\u0e32\u0e15\u0e23\u0e10\u0e32\u0e19\u0e2a\u0e39\u0e07\u0e2a\u0e38\u0e14\u0e02\u0e2d\u0e07\u0e22\u0e38\u0e42\u0e23\u0e1b\u0e41\u0e25\u0e30<span class=\"s1\">\u0e44\u0e21\u0e48<\/span>\u0e17\u0e34\u0e49\u0e07\u0e2a\u0e32\u0e23\u0e15\u0e01\u0e04\u0e49\u0e32\u0e07\u0e2b\u0e25\u0e31\u0e07\u0e08\u0e32\u0e01\u0e01\u0e32\u0e23\u0e0a\u0e33\u0e23\u0e30\u0e25\u0e49\u0e32\u0e07<\/span><\/p>\n<p>[\/vc_column_text][vc_empty_space height=&#8221;35px&#8221;][vc_single_image image=&#8221;11039&#8243; img_size=&#8221;1100 x100&#8243; alignment=&#8221;center&#8221;][vc_separator][vc_empty_space height=&#8221;70px&#8221;][vc_row_inner css=&#8221;.vc_custom_1613403034812{margin-bottom: 50px !important;}&#8221;][vc_column_inner width=&#8221;1\/3&#8243;][vc_single_image image=&#8221;3492&#8243; img_size=&#8221;full&#8221; alignment=&#8221;center&#8221;][vc_column_text]<\/p>\n<h3>\u0e19\u0e49\u0e33\u0e22\u0e32\u0e17\u0e33\u0e04\u0e27\u0e32\u0e21\u0e2a\u0e30\u0e2d\u0e32\u0e14\u0e41\u0e25\u0e30\u0e06\u0e48\u0e32\u0e40\u0e0a\u0e37\u0e49\u0e2d<br \/>\n\u0e2d\u0e38\u0e1b\u0e01\u0e23\u0e13\u0e4c\u0e17\u0e32\u0e07\u0e01\u0e32\u0e23\u0e41\u0e1e\u0e17\u0e22\u0e4c \u0e04\u0e25\u0e32\u0e2a IIb<\/h3>\n<p style=\"text-align: left;\">\u0e2a\u0e32\u0e23\u0e25\u0e30\u0e25\u0e32\u0e22\u0e40\u0e02\u0e49\u0e21\u0e02\u0e49\u0e19\u0e17\u0e35\u0e48\u0e15\u0e49\u0e2d\u0e07\u0e40\u0e08\u0e37\u0e2d\u0e08\u0e32\u0e07\u0e14\u0e49\u0e27\u0e22\u0e2d\u0e31\u0e15\u0e23\u0e32\u0e2a\u0e48\u0e27\u0e19 0.5% (\u0e40\u0e1e\u0e37\u0e48\u0e2d\u0e01\u0e32\u0e23\u0e17\u0e33\u0e04\u0e27\u0e32\u0e21\u0e2a\u0e30\u0e2d\u0e32\u0e14) \u0e2b\u0e23\u0e37\u0e2d 2.5% (\u0e40\u0e1e\u0e37\u0e48\u0e2d\u0e01\u0e32\u0e23\u0e06\u0e48\u0e32\u0e40\u0e0a\u0e37\u0e49\u0e2d) \u0e2a\u0e33\u0e2b\u0e23\u0e31\u0e1a\u0e01\u0e32\u0e23\u0e43\u0e0a\u0e49\u0e07\u0e32\u0e19\u0e42\u0e14\u0e22\u0e01\u0e32\u0e23\u0e41\u0e0a\u0e48\u0e2b\u0e23\u0e37\u0e2d\u0e01\u0e32\u0e23\u0e40\u0e0a\u0e47\u0e14\u0e41\u0e1a\u0e1a\u0e40\u0e1b\u0e35\u0e22\u0e01<\/p>\n<p class=\"p1\" style=\"text-align: left;\"><strong><img loading=\"lazy\" decoding=\"async\" class=\"alignnone wp-image-2531\" src=\"https:\/\/huckerts.net\/wp-content\/uploads\/2021\/04\/capacite.jpg\" alt=\"\" width=\"20\" height=\"20\" \/> \u0e04\u0e38\u0e13\u0e2a\u0e21\u0e1a\u0e31\u0e15\u0e34 :<\/strong> \u0e2a\u0e32\u0e23\u0e25\u0e30\u0e25\u0e32\u0e22\u0e40\u0e02\u0e49\u0e21\u0e02\u0e49\u0e19 1 \u0e25. \u0e2a\u0e32\u0e21\u0e32\u0e23\u0e16\u0e19\u0e33\u0e44\u0e1b\u0e43\u0e0a\u0e49\u0e40\u0e1b\u0e47\u0e19\u0e2a\u0e32\u0e23\u0e25\u0e30\u0e25\u0e32\u0e22\u0e40\u0e08\u0e37\u0e2d\u0e08\u0e32\u0e07\u0e44\u0e14\u0e49 200 \u0e25. (0.5%)<\/p>\n<p class=\"p1\" style=\"text-align: left;\"><strong><img loading=\"lazy\" decoding=\"async\" class=\"alignnone wp-image-2532\" src=\"https:\/\/huckerts.net\/wp-content\/uploads\/2021\/04\/format.jpg\" alt=\"\" width=\"25\" height=\"33\" \/> \u0e1a\u0e23\u0e23\u0e08\u0e38\u0e20\u0e31\u0e13\u0e11\u0e4c :<\/strong> 1 \u0e25. \u0e41\u0e25\u0e30 5 \u0e25.<\/p>\n<p style=\"text-align: left;\"><strong><img loading=\"lazy\" decoding=\"async\" class=\"alignnone wp-image-2533\" src=\"https:\/\/huckerts.net\/wp-content\/uploads\/2021\/04\/cible.jpg\" alt=\"\" width=\"20\" height=\"20\" \/> \u0e04\u0e27\u0e32\u0e21\u0e2b\u0e25\u0e32\u0e01\u0e2b\u0e25\u0e32\u0e22\u0e43\u0e19\u0e01\u0e32\u0e23\u0e43\u0e0a\u0e49\u0e07\u0e32\u0e19 :<\/strong> \u0e06\u0e48\u0e32\u0e40\u0e0a\u0e37\u0e49\u0e2d\u0e41\u0e1a\u0e04\u0e17\u0e35\u0e40\u0e23\u0e35\u0e22 \u0e40\u0e0a\u0e37\u0e49\u0e2d\u0e23\u0e32 \u0e21\u0e31\u0e22\u0e42\u0e04\u0e41\u0e1a\u0e04\u0e17\u0e35\u0e40\u0e23\u0e35\u0e22\u0e41\u0e25\u0e30\u0e44\u0e27\u0e23\u0e31\u0e2a<\/p>\n<p>[\/vc_column_text][vc_btn title=&#8221;\u0e14\u0e32\u0e27\u0e19\u0e4c\u0e42\u0e2b\u0e25\u0e14\u0e40\u0e2d\u0e01\u0e2a\u0e32\u0e23&#8221; size=&#8221;xs&#8221; align=&#8221;center&#8221; css_animation=&#8221;none&#8221; link=&#8221;url:https%3A%2F%2Fhuckerts.net%2Fwp-content%2Fuploads%2Fproduct_sheets_th%2FFP00017-U38-Neutralis-TH.pdf||target:%20_blank|&#8221;][\/vc_column_inner][vc_column_inner width=&#8221;1\/3&#8243;][\/vc_column_inner][vc_column_inner width=&#8221;1\/3&#8243;][\/vc_column_inner][\/vc_row_inner][\/vc_column][\/vc_row][vc_row][vc_column][vc_empty_space][vc_column_text]<\/p>\n<h6 class=\"p1\"><em>\u0e20\u0e32\u0e1e\u0e16\u0e48\u0e32\u0e22\u0e1c\u0e25\u0e34\u0e15\u0e20\u0e31\u0e13\u0e11\u0e4c\u0e17\u0e35\u0e48\u0e44\u0e21\u0e48\u0e15\u0e34\u0e14\u0e2a\u0e31\u0e0d\u0e0d\u0e32 \u0e2b\u0e32\u0e01\u0e15\u0e49\u0e2d\u0e07\u0e01\u0e32\u0e23\u0e17\u0e23\u0e32\u0e1a\u0e27\u0e48\u0e32\u0e21\u0e35\u0e2d\u0e38\u0e1b\u0e01\u0e23\u0e13\u0e4c\u0e17\u0e32\u0e07\u0e01\u0e32\u0e23\u0e41\u0e1e\u0e17\u0e22\u0e4c\u0e02\u0e2d\u0e07\u0e40\u0e23\u0e32\u0e1e\u0e23\u0e49\u0e2d\u0e21\u0e08\u0e33\u0e2b\u0e19\u0e48\u0e32\u0e22\u0e43\u0e19\u0e1b\u0e23\u0e30\u0e40\u0e17\u0e28\u0e02\u0e2d\u0e07\u0e04\u0e38\u0e13\u0e43\u0e19\u0e02\u0e13\u0e30\u0e19\u0e35\u0e49\u0e2b\u0e23\u0e37\u0e2d\u0e44\u0e21\u0e48 \u0e42\u0e1b\u0e23\u0e14\u0e2d\u0e22\u0e48\u0e32\u0e25\u0e31\u0e07\u0e40\u0e25\u0e17\u0e35\u0e48\u0e08\u0e30\u0e15\u0e34\u0e14\u0e15\u0e48\u0e2d\u0e40\u0e23\u0e32<\/em><\/h6>\n<p>[\/vc_column_text][\/vc_column][\/vc_row]<\/p>\n","protected":false},"excerpt":{"rendered":"<p>[vc_row][vc_column][vc_column_text] \u0e17\u0e33\u0e08\u0e32\u0e01\u0e2a\u0e32\u0e23\u0e40\u0e04\u0e21\u0e35\u0e0a\u0e31\u0e49\u0e19\u0e14\u0e35 \u0e19\u0e49\u0e33\u0e22\u0e32\u0e06\u0e48\u0e32\u0e40\u0e0a\u0e37\u0e49\u0e2d\u0e02\u0e2d\u0e07\u0e40\u0e23\u0e32\u0e17\u0e33\u0e43\u0e2b\u0e49\u0e04\u0e38\u0e13\u0e21\u0e31\u0e48\u0e19\u0e43\u0e08\u0e43\u0e19\u0e01\u0e32\u0e23\u0e06\u0e48\u0e32\u0e40\u0e0a\u0e37\u0e49\u0e2d\u0e43\u0e19\u0e23\u0e30\u0e14\u0e31\u0e1a\u0e2a\u0e39\u0e07\u0e42\u0e14\u0e22\u0e43\u0e0a\u0e49\u0e40\u0e27\u0e25\u0e32\u0e2a\u0e31\u0e49\u0e19 \u0e46 \u0e14\u0e49\u0e27\u0e22\u0e02\u0e31\u0e49\u0e19\u0e15\u0e2d\u0e19\u0e07\u0e48\u0e32\u0e22\u0e14\u0e32\u0e22 \u0e41\u0e25\u0e30\u0e1b\u0e23\u0e30\u0e2b\u0e22\u0e31\u0e14\u0e1b\u0e23\u0e34\u0e21\u0e32\u0e13 UMONIUM38\u00ae NEUTRALIS \u0e40\u0e1b\u0e47\u0e19\u0e2d\u0e38\u0e1b \u0e01\u0e23\u0e13\u0e4c\u0e17\u0e32\u0e07\u0e01\u0e32\u0e23\u0e41\u0e1e\u0e17\u0e22\u0e4c\u0e17\u0e35\u0e48\u0e44\u0e21\u0e48\u0e21\u0e35\u0e19\u0e49\u0e33\u0e2b\u0e2d\u0e21\u0e2b\u0e23\u0e37\u0e2d\u0e19\u0e49\u0e33\u0e21\u0e31\u0e19\u0e2b\u0e2d\u0e21\u0e23\u0e30\u0e40\u0e2b\u0e22 \u0e15\u0e23\u0e27\u0e08\u0e2a\u0e2d\u0e1a\u0e41\u0e25\u0e49\u0e27\u0e27\u0e48\u0e32\u0e1b\u0e23\u0e32\u0e28\u0e08\u0e32\u0e01\u0e2d\u0e31\u0e19\u0e15\u0e23\u0e32\u0e22\u0e43\u0e14 \u0e46 \u0e41\u0e21\u0e49\u0e01\u0e23\u0e30\u0e17\u0e31\u0e48\u0e07\u0e43\u0e19\u0e2a\u0e20\u0e32\u0e1e\u0e41\u0e27\u0e14\u0e25\u0e49\u0e2d\u0e21\u0e02\u0e2d\u0e07\u0e15\u0e31\u0e27\u0e2d\u0e48\u0e2d\u0e19 (\u0e01\u0e32\u0e23\u0e17\u0e14\u0e2a\u0e2d\u0e1a\u0e15\u0e31\u0e27\u0e2d\u0e48\u0e2d\u0e19\u0e02\u0e2d\u0e07\u0e2b\u0e19\u0e39\u0e41\u0e25\u0e30\u0e01\u0e32\u0e23\u0e17\u0e14\u0e2a\u0e2d\u0e1a\u0e01\u0e32\u0e23\u0e2d\u0e22\u0e39\u0e48\u0e23\u0e2d\u0e14\u0e02\u0e2d\u0e07\u0e2d\u0e2a\u0e38\u0e08\u0e34\u0e02\u0e2d\u0e07\u0e21\u0e19\u0e38\u0e29\u0e22\u0e4c) \u0e19\u0e49\u0e33\u0e22\u0e32\u0e17\u0e33\u0e04\u0e27\u0e32\u0e21\u0e2a\u0e30\u0e2d\u0e32\u0e14 \u2013 \u0e40\u0e1b\u0e47\u0e19\u0e17\u0e31\u0e49\u0e07\u0e19\u0e49\u0e33\u0e22\u0e32\u0e06\u0e48\u0e32\u0e40\u0e0a\u0e37\u0e49\u0e2d\u0e41\u0e25\u0e30 \u0e21\u0e35\u0e04\u0e27\u0e32\u0e21\u0e40\u0e2a\u0e16\u0e35\u0e22\u0e23 \u0e21\u0e35\u0e04\u0e48\u0e32 pH \u0e40\u0e1b\u0e47\u0e19\u0e01\u0e25\u0e32\u0e07 \u0e21\u0e35\u0e04\u0e27\u0e32\u0e21\u0e1b\u0e25\u0e2d\u0e14\u0e20\u0e31\u0e22 (\u0e44\u0e21\u0e48\u0e15\u0e34\u0e14\u0e44\u0e1f \u0e44\u0e21\u0e48\u0e21\u0e35\u0e04\u0e27\u0e32\u0e21\u0e40\u0e2a\u0e35\u0e48\u0e22\u0e07\u0e17\u0e35\u0e48\u0e08\u0e30\u0e40\u0e01\u0e34\u0e14\u0e01\u0e32\u0e23\u0e01\u0e31\u0e14\u0e01\u0e23\u0e48\u0e2d\u0e19 \u0e40\u0e01\u0e34\u0e14\u0e01\u0e32\u0e23\u0e40\u0e1c\u0e32\u0e44\u0e2b\u0e21\u0e49  [&hellip;]<\/p>\n","protected":false},"author":13,"featured_media":0,"parent":14526,"menu_order":0,"comment_status":"closed","ping_status":"closed","template":"","meta":{"footnotes":""},"yoast_head":"<!-- This site is optimized with the Yoast SEO plugin v21.7 - https:\/\/yoast.com\/wordpress\/plugins\/seo\/ -->\n<title>\u0e1e\u0e37\u0e49\u0e19 - Huckert&#039;s<\/title>\n<meta name=\"robots\" content=\"index, follow, max-snippet:-1, max-image-preview:large, max-video-preview:-1\" \/>\n<link rel=\"canonical\" href=\"https:\/\/huckerts.net\/th\/\u0e40\u0e27\u0e0a\u0e28\u0e32\u0e2a\u0e15\u0e23\u0e4c\u0e17\u0e32\u0e23\u0e01\u0e41\u0e23\u0e01\u0e40\u0e01\u0e34\u0e14\/\u0e1e\u0e37\u0e49\u0e19\/\" \/>\n<meta property=\"og:locale\" content=\"th_TH\" \/>\n<meta property=\"og:type\" content=\"article\" \/>\n<meta property=\"og:title\" content=\"\u0e1e\u0e37\u0e49\u0e19 - Huckert&#039;s\" \/>\n<meta property=\"og:description\" content=\"[vc_row][vc_column][vc_column_text] \u0e17\u0e33\u0e08\u0e32\u0e01\u0e2a\u0e32\u0e23\u0e40\u0e04\u0e21\u0e35\u0e0a\u0e31\u0e49\u0e19\u0e14\u0e35 \u0e19\u0e49\u0e33\u0e22\u0e32\u0e06\u0e48\u0e32\u0e40\u0e0a\u0e37\u0e49\u0e2d\u0e02\u0e2d\u0e07\u0e40\u0e23\u0e32\u0e17\u0e33\u0e43\u0e2b\u0e49\u0e04\u0e38\u0e13\u0e21\u0e31\u0e48\u0e19\u0e43\u0e08\u0e43\u0e19\u0e01\u0e32\u0e23\u0e06\u0e48\u0e32\u0e40\u0e0a\u0e37\u0e49\u0e2d\u0e43\u0e19\u0e23\u0e30\u0e14\u0e31\u0e1a\u0e2a\u0e39\u0e07\u0e42\u0e14\u0e22\u0e43\u0e0a\u0e49\u0e40\u0e27\u0e25\u0e32\u0e2a\u0e31\u0e49\u0e19 \u0e46 \u0e14\u0e49\u0e27\u0e22\u0e02\u0e31\u0e49\u0e19\u0e15\u0e2d\u0e19\u0e07\u0e48\u0e32\u0e22\u0e14\u0e32\u0e22 \u0e41\u0e25\u0e30\u0e1b\u0e23\u0e30\u0e2b\u0e22\u0e31\u0e14\u0e1b\u0e23\u0e34\u0e21\u0e32\u0e13 UMONIUM38\u00ae NEUTRALIS \u0e40\u0e1b\u0e47\u0e19\u0e2d\u0e38\u0e1b \u0e01\u0e23\u0e13\u0e4c\u0e17\u0e32\u0e07\u0e01\u0e32\u0e23\u0e41\u0e1e\u0e17\u0e22\u0e4c\u0e17\u0e35\u0e48\u0e44\u0e21\u0e48\u0e21\u0e35\u0e19\u0e49\u0e33\u0e2b\u0e2d\u0e21\u0e2b\u0e23\u0e37\u0e2d\u0e19\u0e49\u0e33\u0e21\u0e31\u0e19\u0e2b\u0e2d\u0e21\u0e23\u0e30\u0e40\u0e2b\u0e22 \u0e15\u0e23\u0e27\u0e08\u0e2a\u0e2d\u0e1a\u0e41\u0e25\u0e49\u0e27\u0e27\u0e48\u0e32\u0e1b\u0e23\u0e32\u0e28\u0e08\u0e32\u0e01\u0e2d\u0e31\u0e19\u0e15\u0e23\u0e32\u0e22\u0e43\u0e14 \u0e46 \u0e41\u0e21\u0e49\u0e01\u0e23\u0e30\u0e17\u0e31\u0e48\u0e07\u0e43\u0e19\u0e2a\u0e20\u0e32\u0e1e\u0e41\u0e27\u0e14\u0e25\u0e49\u0e2d\u0e21\u0e02\u0e2d\u0e07\u0e15\u0e31\u0e27\u0e2d\u0e48\u0e2d\u0e19 (\u0e01\u0e32\u0e23\u0e17\u0e14\u0e2a\u0e2d\u0e1a\u0e15\u0e31\u0e27\u0e2d\u0e48\u0e2d\u0e19\u0e02\u0e2d\u0e07\u0e2b\u0e19\u0e39\u0e41\u0e25\u0e30\u0e01\u0e32\u0e23\u0e17\u0e14\u0e2a\u0e2d\u0e1a\u0e01\u0e32\u0e23\u0e2d\u0e22\u0e39\u0e48\u0e23\u0e2d\u0e14\u0e02\u0e2d\u0e07\u0e2d\u0e2a\u0e38\u0e08\u0e34\u0e02\u0e2d\u0e07\u0e21\u0e19\u0e38\u0e29\u0e22\u0e4c) \u0e19\u0e49\u0e33\u0e22\u0e32\u0e17\u0e33\u0e04\u0e27\u0e32\u0e21\u0e2a\u0e30\u0e2d\u0e32\u0e14 \u2013 \u0e40\u0e1b\u0e47\u0e19\u0e17\u0e31\u0e49\u0e07\u0e19\u0e49\u0e33\u0e22\u0e32\u0e06\u0e48\u0e32\u0e40\u0e0a\u0e37\u0e49\u0e2d\u0e41\u0e25\u0e30 \u0e21\u0e35\u0e04\u0e27\u0e32\u0e21\u0e40\u0e2a\u0e16\u0e35\u0e22\u0e23 \u0e21\u0e35\u0e04\u0e48\u0e32 pH \u0e40\u0e1b\u0e47\u0e19\u0e01\u0e25\u0e32\u0e07 \u0e21\u0e35\u0e04\u0e27\u0e32\u0e21\u0e1b\u0e25\u0e2d\u0e14\u0e20\u0e31\u0e22 (\u0e44\u0e21\u0e48\u0e15\u0e34\u0e14\u0e44\u0e1f \u0e44\u0e21\u0e48\u0e21\u0e35\u0e04\u0e27\u0e32\u0e21\u0e40\u0e2a\u0e35\u0e48\u0e22\u0e07\u0e17\u0e35\u0e48\u0e08\u0e30\u0e40\u0e01\u0e34\u0e14\u0e01\u0e32\u0e23\u0e01\u0e31\u0e14\u0e01\u0e23\u0e48\u0e2d\u0e19 \u0e40\u0e01\u0e34\u0e14\u0e01\u0e32\u0e23\u0e40\u0e1c\u0e32\u0e44\u0e2b\u0e21\u0e49 [&hellip;]\" \/>\n<meta property=\"og:url\" content=\"https:\/\/huckerts.net\/th\/\u0e40\u0e27\u0e0a\u0e28\u0e32\u0e2a\u0e15\u0e23\u0e4c\u0e17\u0e32\u0e23\u0e01\u0e41\u0e23\u0e01\u0e40\u0e01\u0e34\u0e14\/\u0e1e\u0e37\u0e49\u0e19\/\" \/>\n<meta property=\"og:site_name\" content=\"Huckert&#039;s\" \/>\n<meta property=\"article:publisher\" content=\"https:\/\/www.facebook.com\/huckerts\" \/>\n<meta property=\"article:modified_time\" content=\"2022-11-08T09:48:55+00:00\" \/>\n<meta property=\"og:image\" content=\"https:\/\/huckerts.net\/wp-content\/uploads\/2021\/04\/capacite.jpg\" \/>\n<meta name=\"twitter:card\" content=\"summary_large_image\" \/>\n<meta name=\"twitter:label1\" content=\"Est. reading time\" \/>\n\t<meta name=\"twitter:data1\" content=\"2 \u0e19\u0e32\u0e17\u0e35\" \/>\n<script type=\"application\/ld+json\" class=\"yoast-schema-graph\">{\"@context\":\"https:\/\/schema.org\",\"@graph\":[{\"@type\":\"WebPage\",\"@id\":\"https:\/\/huckerts.net\/th\/%e0%b9%80%e0%b8%a7%e0%b8%8a%e0%b8%a8%e0%b8%b2%e0%b8%aa%e0%b8%95%e0%b8%a3%e0%b9%8c%e0%b8%97%e0%b8%b2%e0%b8%a3%e0%b8%81%e0%b9%81%e0%b8%a3%e0%b8%81%e0%b9%80%e0%b8%81%e0%b8%b4%e0%b8%94\/%e0%b8%9e%e0%b8%b7%e0%b9%89%e0%b8%99\/\",\"url\":\"https:\/\/huckerts.net\/th\/%e0%b9%80%e0%b8%a7%e0%b8%8a%e0%b8%a8%e0%b8%b2%e0%b8%aa%e0%b8%95%e0%b8%a3%e0%b9%8c%e0%b8%97%e0%b8%b2%e0%b8%a3%e0%b8%81%e0%b9%81%e0%b8%a3%e0%b8%81%e0%b9%80%e0%b8%81%e0%b8%b4%e0%b8%94\/%e0%b8%9e%e0%b8%b7%e0%b9%89%e0%b8%99\/\",\"name\":\"\u0e1e\u0e37\u0e49\u0e19 - Huckert&#039;s\",\"isPartOf\":{\"@id\":\"https:\/\/huckerts.net\/#website\"},\"datePublished\":\"2021-04-29T09:14:00+00:00\",\"dateModified\":\"2022-11-08T09:48:55+00:00\",\"breadcrumb\":{\"@id\":\"https:\/\/huckerts.net\/th\/%e0%b9%80%e0%b8%a7%e0%b8%8a%e0%b8%a8%e0%b8%b2%e0%b8%aa%e0%b8%95%e0%b8%a3%e0%b9%8c%e0%b8%97%e0%b8%b2%e0%b8%a3%e0%b8%81%e0%b9%81%e0%b8%a3%e0%b8%81%e0%b9%80%e0%b8%81%e0%b8%b4%e0%b8%94\/%e0%b8%9e%e0%b8%b7%e0%b9%89%e0%b8%99\/#breadcrumb\"},\"inLanguage\":\"th\",\"potentialAction\":[{\"@type\":\"ReadAction\",\"target\":[\"https:\/\/huckerts.net\/th\/%e0%b9%80%e0%b8%a7%e0%b8%8a%e0%b8%a8%e0%b8%b2%e0%b8%aa%e0%b8%95%e0%b8%a3%e0%b9%8c%e0%b8%97%e0%b8%b2%e0%b8%a3%e0%b8%81%e0%b9%81%e0%b8%a3%e0%b8%81%e0%b9%80%e0%b8%81%e0%b8%b4%e0%b8%94\/%e0%b8%9e%e0%b8%b7%e0%b9%89%e0%b8%99\/\"]}]},{\"@type\":\"BreadcrumbList\",\"@id\":\"https:\/\/huckerts.net\/th\/%e0%b9%80%e0%b8%a7%e0%b8%8a%e0%b8%a8%e0%b8%b2%e0%b8%aa%e0%b8%95%e0%b8%a3%e0%b9%8c%e0%b8%97%e0%b8%b2%e0%b8%a3%e0%b8%81%e0%b9%81%e0%b8%a3%e0%b8%81%e0%b9%80%e0%b8%81%e0%b8%b4%e0%b8%94\/%e0%b8%9e%e0%b8%b7%e0%b9%89%e0%b8%99\/#breadcrumb\",\"itemListElement\":[{\"@type\":\"ListItem\",\"position\":1,\"name\":\"\u0e40\u0e27\u0e0a\u0e28\u0e32\u0e2a\u0e15\u0e23\u0e4c\u0e17\u0e32\u0e23\u0e01\u0e41\u0e23\u0e01\u0e40\u0e01\u0e34\u0e14\",\"item\":\"https:\/\/huckerts.net\/th\/%e0%b9%80%e0%b8%a7%e0%b8%8a%e0%b8%a8%e0%b8%b2%e0%b8%aa%e0%b8%95%e0%b8%a3%e0%b9%8c%e0%b8%97%e0%b8%b2%e0%b8%a3%e0%b8%81%e0%b9%81%e0%b8%a3%e0%b8%81%e0%b9%80%e0%b8%81%e0%b8%b4%e0%b8%94\/\"},{\"@type\":\"ListItem\",\"position\":2,\"name\":\"\u0e1e\u0e37\u0e49\u0e19\"}]},{\"@type\":\"WebSite\",\"@id\":\"https:\/\/huckerts.net\/#website\",\"url\":\"https:\/\/huckerts.net\/\",\"name\":\"Huckert&#039;s\",\"description\":\"La d\u00e9sinfection ma\u00eetris\u00e9e\",\"potentialAction\":[{\"@type\":\"SearchAction\",\"target\":{\"@type\":\"EntryPoint\",\"urlTemplate\":\"https:\/\/huckerts.net\/?s={search_term_string}\"},\"query-input\":\"required name=search_term_string\"}],\"inLanguage\":\"th\"}]}<\/script>\n<!-- \/ Yoast SEO plugin. -->","yoast_head_json":{"title":"\u0e1e\u0e37\u0e49\u0e19 - Huckert&#039;s","robots":{"index":"index","follow":"follow","max-snippet":"max-snippet:-1","max-image-preview":"max-image-preview:large","max-video-preview":"max-video-preview:-1"},"canonical":"https:\/\/huckerts.net\/th\/\u0e40\u0e27\u0e0a\u0e28\u0e32\u0e2a\u0e15\u0e23\u0e4c\u0e17\u0e32\u0e23\u0e01\u0e41\u0e23\u0e01\u0e40\u0e01\u0e34\u0e14\/\u0e1e\u0e37\u0e49\u0e19\/","og_locale":"th_TH","og_type":"article","og_title":"\u0e1e\u0e37\u0e49\u0e19 - Huckert&#039;s","og_description":"[vc_row][vc_column][vc_column_text] \u0e17\u0e33\u0e08\u0e32\u0e01\u0e2a\u0e32\u0e23\u0e40\u0e04\u0e21\u0e35\u0e0a\u0e31\u0e49\u0e19\u0e14\u0e35 \u0e19\u0e49\u0e33\u0e22\u0e32\u0e06\u0e48\u0e32\u0e40\u0e0a\u0e37\u0e49\u0e2d\u0e02\u0e2d\u0e07\u0e40\u0e23\u0e32\u0e17\u0e33\u0e43\u0e2b\u0e49\u0e04\u0e38\u0e13\u0e21\u0e31\u0e48\u0e19\u0e43\u0e08\u0e43\u0e19\u0e01\u0e32\u0e23\u0e06\u0e48\u0e32\u0e40\u0e0a\u0e37\u0e49\u0e2d\u0e43\u0e19\u0e23\u0e30\u0e14\u0e31\u0e1a\u0e2a\u0e39\u0e07\u0e42\u0e14\u0e22\u0e43\u0e0a\u0e49\u0e40\u0e27\u0e25\u0e32\u0e2a\u0e31\u0e49\u0e19 \u0e46 \u0e14\u0e49\u0e27\u0e22\u0e02\u0e31\u0e49\u0e19\u0e15\u0e2d\u0e19\u0e07\u0e48\u0e32\u0e22\u0e14\u0e32\u0e22 \u0e41\u0e25\u0e30\u0e1b\u0e23\u0e30\u0e2b\u0e22\u0e31\u0e14\u0e1b\u0e23\u0e34\u0e21\u0e32\u0e13 UMONIUM38\u00ae NEUTRALIS \u0e40\u0e1b\u0e47\u0e19\u0e2d\u0e38\u0e1b \u0e01\u0e23\u0e13\u0e4c\u0e17\u0e32\u0e07\u0e01\u0e32\u0e23\u0e41\u0e1e\u0e17\u0e22\u0e4c\u0e17\u0e35\u0e48\u0e44\u0e21\u0e48\u0e21\u0e35\u0e19\u0e49\u0e33\u0e2b\u0e2d\u0e21\u0e2b\u0e23\u0e37\u0e2d\u0e19\u0e49\u0e33\u0e21\u0e31\u0e19\u0e2b\u0e2d\u0e21\u0e23\u0e30\u0e40\u0e2b\u0e22 \u0e15\u0e23\u0e27\u0e08\u0e2a\u0e2d\u0e1a\u0e41\u0e25\u0e49\u0e27\u0e27\u0e48\u0e32\u0e1b\u0e23\u0e32\u0e28\u0e08\u0e32\u0e01\u0e2d\u0e31\u0e19\u0e15\u0e23\u0e32\u0e22\u0e43\u0e14 \u0e46 \u0e41\u0e21\u0e49\u0e01\u0e23\u0e30\u0e17\u0e31\u0e48\u0e07\u0e43\u0e19\u0e2a\u0e20\u0e32\u0e1e\u0e41\u0e27\u0e14\u0e25\u0e49\u0e2d\u0e21\u0e02\u0e2d\u0e07\u0e15\u0e31\u0e27\u0e2d\u0e48\u0e2d\u0e19 (\u0e01\u0e32\u0e23\u0e17\u0e14\u0e2a\u0e2d\u0e1a\u0e15\u0e31\u0e27\u0e2d\u0e48\u0e2d\u0e19\u0e02\u0e2d\u0e07\u0e2b\u0e19\u0e39\u0e41\u0e25\u0e30\u0e01\u0e32\u0e23\u0e17\u0e14\u0e2a\u0e2d\u0e1a\u0e01\u0e32\u0e23\u0e2d\u0e22\u0e39\u0e48\u0e23\u0e2d\u0e14\u0e02\u0e2d\u0e07\u0e2d\u0e2a\u0e38\u0e08\u0e34\u0e02\u0e2d\u0e07\u0e21\u0e19\u0e38\u0e29\u0e22\u0e4c) \u0e19\u0e49\u0e33\u0e22\u0e32\u0e17\u0e33\u0e04\u0e27\u0e32\u0e21\u0e2a\u0e30\u0e2d\u0e32\u0e14 \u2013 \u0e40\u0e1b\u0e47\u0e19\u0e17\u0e31\u0e49\u0e07\u0e19\u0e49\u0e33\u0e22\u0e32\u0e06\u0e48\u0e32\u0e40\u0e0a\u0e37\u0e49\u0e2d\u0e41\u0e25\u0e30 \u0e21\u0e35\u0e04\u0e27\u0e32\u0e21\u0e40\u0e2a\u0e16\u0e35\u0e22\u0e23 \u0e21\u0e35\u0e04\u0e48\u0e32 pH \u0e40\u0e1b\u0e47\u0e19\u0e01\u0e25\u0e32\u0e07 \u0e21\u0e35\u0e04\u0e27\u0e32\u0e21\u0e1b\u0e25\u0e2d\u0e14\u0e20\u0e31\u0e22 (\u0e44\u0e21\u0e48\u0e15\u0e34\u0e14\u0e44\u0e1f \u0e44\u0e21\u0e48\u0e21\u0e35\u0e04\u0e27\u0e32\u0e21\u0e40\u0e2a\u0e35\u0e48\u0e22\u0e07\u0e17\u0e35\u0e48\u0e08\u0e30\u0e40\u0e01\u0e34\u0e14\u0e01\u0e32\u0e23\u0e01\u0e31\u0e14\u0e01\u0e23\u0e48\u0e2d\u0e19 \u0e40\u0e01\u0e34\u0e14\u0e01\u0e32\u0e23\u0e40\u0e1c\u0e32\u0e44\u0e2b\u0e21\u0e49 [&hellip;]","og_url":"https:\/\/huckerts.net\/th\/\u0e40\u0e27\u0e0a\u0e28\u0e32\u0e2a\u0e15\u0e23\u0e4c\u0e17\u0e32\u0e23\u0e01\u0e41\u0e23\u0e01\u0e40\u0e01\u0e34\u0e14\/\u0e1e\u0e37\u0e49\u0e19\/","og_site_name":"Huckert&#039;s","article_publisher":"https:\/\/www.facebook.com\/huckerts","article_modified_time":"2022-11-08T09:48:55+00:00","og_image":[{"url":"https:\/\/huckerts.net\/wp-content\/uploads\/2021\/04\/capacite.jpg"}],"twitter_card":"summary_large_image","twitter_misc":{"Est. reading time":"2 \u0e19\u0e32\u0e17\u0e35"},"schema":{"@context":"https:\/\/schema.org","@graph":[{"@type":"WebPage","@id":"https:\/\/huckerts.net\/th\/%e0%b9%80%e0%b8%a7%e0%b8%8a%e0%b8%a8%e0%b8%b2%e0%b8%aa%e0%b8%95%e0%b8%a3%e0%b9%8c%e0%b8%97%e0%b8%b2%e0%b8%a3%e0%b8%81%e0%b9%81%e0%b8%a3%e0%b8%81%e0%b9%80%e0%b8%81%e0%b8%b4%e0%b8%94\/%e0%b8%9e%e0%b8%b7%e0%b9%89%e0%b8%99\/","url":"https:\/\/huckerts.net\/th\/%e0%b9%80%e0%b8%a7%e0%b8%8a%e0%b8%a8%e0%b8%b2%e0%b8%aa%e0%b8%95%e0%b8%a3%e0%b9%8c%e0%b8%97%e0%b8%b2%e0%b8%a3%e0%b8%81%e0%b9%81%e0%b8%a3%e0%b8%81%e0%b9%80%e0%b8%81%e0%b8%b4%e0%b8%94\/%e0%b8%9e%e0%b8%b7%e0%b9%89%e0%b8%99\/","name":"\u0e1e\u0e37\u0e49\u0e19 - Huckert&#039;s","isPartOf":{"@id":"https:\/\/huckerts.net\/#website"},"datePublished":"2021-04-29T09:14:00+00:00","dateModified":"2022-11-08T09:48:55+00:00","breadcrumb":{"@id":"https:\/\/huckerts.net\/th\/%e0%b9%80%e0%b8%a7%e0%b8%8a%e0%b8%a8%e0%b8%b2%e0%b8%aa%e0%b8%95%e0%b8%a3%e0%b9%8c%e0%b8%97%e0%b8%b2%e0%b8%a3%e0%b8%81%e0%b9%81%e0%b8%a3%e0%b8%81%e0%b9%80%e0%b8%81%e0%b8%b4%e0%b8%94\/%e0%b8%9e%e0%b8%b7%e0%b9%89%e0%b8%99\/#breadcrumb"},"inLanguage":"th","potentialAction":[{"@type":"ReadAction","target":["https:\/\/huckerts.net\/th\/%e0%b9%80%e0%b8%a7%e0%b8%8a%e0%b8%a8%e0%b8%b2%e0%b8%aa%e0%b8%95%e0%b8%a3%e0%b9%8c%e0%b8%97%e0%b8%b2%e0%b8%a3%e0%b8%81%e0%b9%81%e0%b8%a3%e0%b8%81%e0%b9%80%e0%b8%81%e0%b8%b4%e0%b8%94\/%e0%b8%9e%e0%b8%b7%e0%b9%89%e0%b8%99\/"]}]},{"@type":"BreadcrumbList","@id":"https:\/\/huckerts.net\/th\/%e0%b9%80%e0%b8%a7%e0%b8%8a%e0%b8%a8%e0%b8%b2%e0%b8%aa%e0%b8%95%e0%b8%a3%e0%b9%8c%e0%b8%97%e0%b8%b2%e0%b8%a3%e0%b8%81%e0%b9%81%e0%b8%a3%e0%b8%81%e0%b9%80%e0%b8%81%e0%b8%b4%e0%b8%94\/%e0%b8%9e%e0%b8%b7%e0%b9%89%e0%b8%99\/#breadcrumb","itemListElement":[{"@type":"ListItem","position":1,"name":"\u0e40\u0e27\u0e0a\u0e28\u0e32\u0e2a\u0e15\u0e23\u0e4c\u0e17\u0e32\u0e23\u0e01\u0e41\u0e23\u0e01\u0e40\u0e01\u0e34\u0e14","item":"https:\/\/huckerts.net\/th\/%e0%b9%80%e0%b8%a7%e0%b8%8a%e0%b8%a8%e0%b8%b2%e0%b8%aa%e0%b8%95%e0%b8%a3%e0%b9%8c%e0%b8%97%e0%b8%b2%e0%b8%a3%e0%b8%81%e0%b9%81%e0%b8%a3%e0%b8%81%e0%b9%80%e0%b8%81%e0%b8%b4%e0%b8%94\/"},{"@type":"ListItem","position":2,"name":"\u0e1e\u0e37\u0e49\u0e19"}]},{"@type":"WebSite","@id":"https:\/\/huckerts.net\/#website","url":"https:\/\/huckerts.net\/","name":"Huckert&#039;s","description":"La d\u00e9sinfection ma\u00eetris\u00e9e","potentialAction":[{"@type":"SearchAction","target":{"@type":"EntryPoint","urlTemplate":"https:\/\/huckerts.net\/?s={search_term_string}"},"query-input":"required name=search_term_string"}],"inLanguage":"th"}]}},"_links":{"self":[{"href":"https:\/\/huckerts.net\/th\/wp-json\/wp\/v2\/pages\/14538"}],"collection":[{"href":"https:\/\/huckerts.net\/th\/wp-json\/wp\/v2\/pages"}],"about":[{"href":"https:\/\/huckerts.net\/th\/wp-json\/wp\/v2\/types\/page"}],"author":[{"embeddable":true,"href":"https:\/\/huckerts.net\/th\/wp-json\/wp\/v2\/users\/13"}],"replies":[{"embeddable":true,"href":"https:\/\/huckerts.net\/th\/wp-json\/wp\/v2\/comments?post=14538"}],"version-history":[{"count":4,"href":"https:\/\/huckerts.net\/th\/wp-json\/wp\/v2\/pages\/14538\/revisions"}],"predecessor-version":[{"id":14992,"href":"https:\/\/huckerts.net\/th\/wp-json\/wp\/v2\/pages\/14538\/revisions\/14992"}],"up":[{"embeddable":true,"href":"https:\/\/huckerts.net\/th\/wp-json\/wp\/v2\/pages\/14526"}],"wp:attachment":[{"href":"https:\/\/huckerts.net\/th\/wp-json\/wp\/v2\/media?parent=14538"}],"curies":[{"name":"wp","href":"https:\/\/api.w.org\/{rel}","templated":true}]}}