{"id":14243,"date":"2021-04-26T10:56:31","date_gmt":"2021-04-26T08:56:31","guid":{"rendered":"https:\/\/huckerts.net\/e-shop-2\/"},"modified":"2022-10-28T11:23:27","modified_gmt":"2022-10-28T09:23:27","slug":"e-shop-2","status":"publish","type":"page","link":"https:\/\/huckerts.net\/th\/e-shop-2\/","title":{"rendered":"E-Shop"},"content":{"rendered":"<p>\u0e1c\u0e25\u0e34\u0e15\u0e20\u0e31\u0e13\u0e11\u0e4c\u0e17\u0e35\u0e48\u0e40\u0e23\u0e32\u0e04\u0e31\u0e14\u0e2a\u0e23\u0e23\u0e21\u0e32\u0e08\u0e19\u0e16\u0e36\u0e07 \u0e13 \u0e15\u0e2d\u0e19\u0e19\u0e35\u0e49 \u0e2a\u0e07\u0e27\u0e19\u0e44\u0e27\u0e49\u0e2a\u0e33\u0e2b\u0e23\u0e31\u0e1a\u0e1a\u0e38\u0e04\u0e25\u0e32\u0e01\u0e23\u0e27\u0e34\u0e0a\u0e32\u0e0a\u0e35\u0e1e\u0e40\u0e17\u0e48\u0e32\u0e19\u0e31\u0e49\u0e19 \u0e41\u0e25\u0e30\u0e08\u0e30\u0e1e\u0e23\u0e49\u0e2d\u0e21\u0e43\u0e2b\u0e49\u0e1a\u0e23\u0e34\u0e01\u0e32\u0e23\u0e41\u0e01\u0e48\u0e1a\u0e38\u0e04\u0e04\u0e25\u0e17\u0e31\u0e48\u0e27\u0e44\u0e1b\u0e1c\u0e48\u0e32\u0e19\u0e17\u0e32\u0e07 e-shop \u0e02\u0e2d\u0e07\u0e40\u0e23\u0e32\u0e43\u0e19\u0e40\u0e23\u0e47\u0e27 \u0e46 \u0e19\u0e35\u0e49<\/p>\n<p>\u0e2d\u0e14\u0e43\u0e08\u0e23\u0e2d\u0e2d\u0e35\u0e01\u0e19\u0e34\u0e14 \u0e1c\u0e25\u0e34\u0e15\u0e20\u0e31\u0e13\u0e11\u0e4c\u0e14\u0e31\u0e07\u0e01\u0e25\u0e48\u0e32\u0e27\u0e01\u0e33\u0e25\u0e31\u0e07\u0e2d\u0e22\u0e39\u0e48\u0e43\u0e19\u0e23\u0e30\u0e2b\u0e27\u0e48\u0e32\u0e07\u0e14\u0e33\u0e40\u0e19\u0e34\u0e19\u0e01\u0e32\u0e23\u0e1e\u0e31\u0e12\u0e19\u0e32<\/p>\n<p>&nbsp;<\/p>\n<p><img loading=\"lazy\" decoding=\"async\" class=\"alignnone wp-image-2862\" src=\"https:\/\/huckerts.net\/wp-content\/uploads\/2021\/04\/en-construction-300x191.jpg\" alt=\"\" width=\"882\" height=\"562\" srcset=\"https:\/\/huckerts.net\/wp-content\/uploads\/2021\/04\/en-construction-300x191.jpg 300w, https:\/\/huckerts.net\/wp-content\/uploads\/2021\/04\/en-construction-1024x651.jpg 1024w, https:\/\/huckerts.net\/wp-content\/uploads\/2021\/04\/en-construction-768x488.jpg 768w, https:\/\/huckerts.net\/wp-content\/uploads\/2021\/04\/en-construction-958x609.jpg 958w\" sizes=\"(max-width: 882px) 100vw, 882px\" \/><\/p>\n","protected":false},"excerpt":{"rendered":"<p>\u0e1c\u0e25\u0e34\u0e15\u0e20\u0e31\u0e13\u0e11\u0e4c\u0e17\u0e35\u0e48\u0e40\u0e23\u0e32\u0e04\u0e31\u0e14\u0e2a\u0e23\u0e23\u0e21\u0e32\u0e08\u0e19\u0e16\u0e36\u0e07 \u0e13 \u0e15\u0e2d\u0e19\u0e19\u0e35\u0e49 \u0e2a\u0e07\u0e27\u0e19\u0e44\u0e27\u0e49\u0e2a\u0e33\u0e2b\u0e23\u0e31\u0e1a\u0e1a\u0e38\u0e04\u0e25\u0e32\u0e01\u0e23\u0e27\u0e34\u0e0a\u0e32\u0e0a\u0e35\u0e1e\u0e40\u0e17\u0e48\u0e32\u0e19\u0e31\u0e49\u0e19 \u0e41\u0e25\u0e30\u0e08\u0e30\u0e1e\u0e23\u0e49\u0e2d\u0e21\u0e43\u0e2b\u0e49\u0e1a\u0e23\u0e34\u0e01\u0e32\u0e23\u0e41\u0e01\u0e48\u0e1a\u0e38\u0e04\u0e04\u0e25\u0e17\u0e31\u0e48\u0e27\u0e44\u0e1b\u0e1c\u0e48\u0e32\u0e19\u0e17\u0e32\u0e07 e-shop \u0e02\u0e2d\u0e07\u0e40\u0e23\u0e32\u0e43\u0e19\u0e40\u0e23\u0e47\u0e27 \u0e46 \u0e19\u0e35\u0e49 \u0e2d\u0e14\u0e43\u0e08\u0e23\u0e2d\u0e2d\u0e35\u0e01\u0e19\u0e34\u0e14 \u0e1c\u0e25\u0e34\u0e15\u0e20\u0e31\u0e13\u0e11\u0e4c\u0e14\u0e31\u0e07\u0e01\u0e25\u0e48\u0e32\u0e27\u0e01\u0e33\u0e25\u0e31\u0e07\u0e2d\u0e22\u0e39\u0e48\u0e43\u0e19\u0e23\u0e30\u0e2b\u0e27\u0e48\u0e32\u0e07\u0e14\u0e33\u0e40\u0e19\u0e34\u0e19\u0e01\u0e32\u0e23\u0e1e\u0e31\u0e12\u0e19\u0e32 &nbsp;<\/p>\n","protected":false},"author":13,"featured_media":0,"parent":0,"menu_order":0,"comment_status":"closed","ping_status":"closed","template":"","meta":{"footnotes":""},"yoast_head":"<!-- This site is optimized with the Yoast SEO plugin v21.7 - https:\/\/yoast.com\/wordpress\/plugins\/seo\/ -->\n<title>E-Shop - Huckert&#039;s<\/title>\n<meta name=\"robots\" content=\"noindex, nofollow\" \/>\n<meta property=\"og:locale\" content=\"th_TH\" \/>\n<meta property=\"og:type\" content=\"article\" \/>\n<meta property=\"og:title\" content=\"E-Shop - Huckert&#039;s\" \/>\n<meta property=\"og:description\" content=\"\u0e1c\u0e25\u0e34\u0e15\u0e20\u0e31\u0e13\u0e11\u0e4c\u0e17\u0e35\u0e48\u0e40\u0e23\u0e32\u0e04\u0e31\u0e14\u0e2a\u0e23\u0e23\u0e21\u0e32\u0e08\u0e19\u0e16\u0e36\u0e07 \u0e13 \u0e15\u0e2d\u0e19\u0e19\u0e35\u0e49 \u0e2a\u0e07\u0e27\u0e19\u0e44\u0e27\u0e49\u0e2a\u0e33\u0e2b\u0e23\u0e31\u0e1a\u0e1a\u0e38\u0e04\u0e25\u0e32\u0e01\u0e23\u0e27\u0e34\u0e0a\u0e32\u0e0a\u0e35\u0e1e\u0e40\u0e17\u0e48\u0e32\u0e19\u0e31\u0e49\u0e19 \u0e41\u0e25\u0e30\u0e08\u0e30\u0e1e\u0e23\u0e49\u0e2d\u0e21\u0e43\u0e2b\u0e49\u0e1a\u0e23\u0e34\u0e01\u0e32\u0e23\u0e41\u0e01\u0e48\u0e1a\u0e38\u0e04\u0e04\u0e25\u0e17\u0e31\u0e48\u0e27\u0e44\u0e1b\u0e1c\u0e48\u0e32\u0e19\u0e17\u0e32\u0e07 e-shop \u0e02\u0e2d\u0e07\u0e40\u0e23\u0e32\u0e43\u0e19\u0e40\u0e23\u0e47\u0e27 \u0e46 \u0e19\u0e35\u0e49 \u0e2d\u0e14\u0e43\u0e08\u0e23\u0e2d\u0e2d\u0e35\u0e01\u0e19\u0e34\u0e14 \u0e1c\u0e25\u0e34\u0e15\u0e20\u0e31\u0e13\u0e11\u0e4c\u0e14\u0e31\u0e07\u0e01\u0e25\u0e48\u0e32\u0e27\u0e01\u0e33\u0e25\u0e31\u0e07\u0e2d\u0e22\u0e39\u0e48\u0e43\u0e19\u0e23\u0e30\u0e2b\u0e27\u0e48\u0e32\u0e07\u0e14\u0e33\u0e40\u0e19\u0e34\u0e19\u0e01\u0e32\u0e23\u0e1e\u0e31\u0e12\u0e19\u0e32 &nbsp;\" \/>\n<meta property=\"og:url\" content=\"https:\/\/huckerts.net\/th\/e-shop-2\/\" \/>\n<meta property=\"og:site_name\" content=\"Huckert&#039;s\" \/>\n<meta property=\"article:publisher\" content=\"https:\/\/www.facebook.com\/huckerts\" \/>\n<meta property=\"article:modified_time\" content=\"2022-10-28T09:23:27+00:00\" \/>\n<meta property=\"og:image\" content=\"https:\/\/huckerts.net\/wp-content\/uploads\/2021\/04\/en-construction-300x191.jpg\" \/>\n<meta name=\"twitter:card\" content=\"summary_large_image\" \/>\n<meta name=\"twitter:label1\" content=\"Est. reading time\" \/>\n\t<meta name=\"twitter:data1\" content=\"1 \u0e19\u0e32\u0e17\u0e35\" \/>\n<script type=\"application\/ld+json\" class=\"yoast-schema-graph\">{\"@context\":\"https:\/\/schema.org\",\"@graph\":[{\"@type\":\"WebPage\",\"@id\":\"https:\/\/huckerts.net\/th\/e-shop-2\/\",\"url\":\"https:\/\/huckerts.net\/th\/e-shop-2\/\",\"name\":\"E-Shop - Huckert&#039;s\",\"isPartOf\":{\"@id\":\"https:\/\/huckerts.net\/#website\"},\"datePublished\":\"2021-04-26T08:56:31+00:00\",\"dateModified\":\"2022-10-28T09:23:27+00:00\",\"inLanguage\":\"th\",\"potentialAction\":[{\"@type\":\"ReadAction\",\"target\":[\"https:\/\/huckerts.net\/th\/e-shop-2\/\"]}]},{\"@type\":\"WebSite\",\"@id\":\"https:\/\/huckerts.net\/#website\",\"url\":\"https:\/\/huckerts.net\/\",\"name\":\"Huckert&#039;s\",\"description\":\"La d\u00e9sinfection ma\u00eetris\u00e9e\",\"potentialAction\":[{\"@type\":\"SearchAction\",\"target\":{\"@type\":\"EntryPoint\",\"urlTemplate\":\"https:\/\/huckerts.net\/?s={search_term_string}\"},\"query-input\":\"required name=search_term_string\"}],\"inLanguage\":\"th\"}]}<\/script>\n<!-- \/ Yoast SEO plugin. -->","yoast_head_json":{"title":"E-Shop - Huckert&#039;s","robots":{"index":"noindex","follow":"nofollow"},"og_locale":"th_TH","og_type":"article","og_title":"E-Shop - Huckert&#039;s","og_description":"\u0e1c\u0e25\u0e34\u0e15\u0e20\u0e31\u0e13\u0e11\u0e4c\u0e17\u0e35\u0e48\u0e40\u0e23\u0e32\u0e04\u0e31\u0e14\u0e2a\u0e23\u0e23\u0e21\u0e32\u0e08\u0e19\u0e16\u0e36\u0e07 \u0e13 \u0e15\u0e2d\u0e19\u0e19\u0e35\u0e49 \u0e2a\u0e07\u0e27\u0e19\u0e44\u0e27\u0e49\u0e2a\u0e33\u0e2b\u0e23\u0e31\u0e1a\u0e1a\u0e38\u0e04\u0e25\u0e32\u0e01\u0e23\u0e27\u0e34\u0e0a\u0e32\u0e0a\u0e35\u0e1e\u0e40\u0e17\u0e48\u0e32\u0e19\u0e31\u0e49\u0e19 \u0e41\u0e25\u0e30\u0e08\u0e30\u0e1e\u0e23\u0e49\u0e2d\u0e21\u0e43\u0e2b\u0e49\u0e1a\u0e23\u0e34\u0e01\u0e32\u0e23\u0e41\u0e01\u0e48\u0e1a\u0e38\u0e04\u0e04\u0e25\u0e17\u0e31\u0e48\u0e27\u0e44\u0e1b\u0e1c\u0e48\u0e32\u0e19\u0e17\u0e32\u0e07 e-shop \u0e02\u0e2d\u0e07\u0e40\u0e23\u0e32\u0e43\u0e19\u0e40\u0e23\u0e47\u0e27 \u0e46 \u0e19\u0e35\u0e49 \u0e2d\u0e14\u0e43\u0e08\u0e23\u0e2d\u0e2d\u0e35\u0e01\u0e19\u0e34\u0e14 \u0e1c\u0e25\u0e34\u0e15\u0e20\u0e31\u0e13\u0e11\u0e4c\u0e14\u0e31\u0e07\u0e01\u0e25\u0e48\u0e32\u0e27\u0e01\u0e33\u0e25\u0e31\u0e07\u0e2d\u0e22\u0e39\u0e48\u0e43\u0e19\u0e23\u0e30\u0e2b\u0e27\u0e48\u0e32\u0e07\u0e14\u0e33\u0e40\u0e19\u0e34\u0e19\u0e01\u0e32\u0e23\u0e1e\u0e31\u0e12\u0e19\u0e32 &nbsp;","og_url":"https:\/\/huckerts.net\/th\/e-shop-2\/","og_site_name":"Huckert&#039;s","article_publisher":"https:\/\/www.facebook.com\/huckerts","article_modified_time":"2022-10-28T09:23:27+00:00","og_image":[{"url":"https:\/\/huckerts.net\/wp-content\/uploads\/2021\/04\/en-construction-300x191.jpg"}],"twitter_card":"summary_large_image","twitter_misc":{"Est. reading time":"1 \u0e19\u0e32\u0e17\u0e35"},"schema":{"@context":"https:\/\/schema.org","@graph":[{"@type":"WebPage","@id":"https:\/\/huckerts.net\/th\/e-shop-2\/","url":"https:\/\/huckerts.net\/th\/e-shop-2\/","name":"E-Shop - Huckert&#039;s","isPartOf":{"@id":"https:\/\/huckerts.net\/#website"},"datePublished":"2021-04-26T08:56:31+00:00","dateModified":"2022-10-28T09:23:27+00:00","inLanguage":"th","potentialAction":[{"@type":"ReadAction","target":["https:\/\/huckerts.net\/th\/e-shop-2\/"]}]},{"@type":"WebSite","@id":"https:\/\/huckerts.net\/#website","url":"https:\/\/huckerts.net\/","name":"Huckert&#039;s","description":"La d\u00e9sinfection ma\u00eetris\u00e9e","potentialAction":[{"@type":"SearchAction","target":{"@type":"EntryPoint","urlTemplate":"https:\/\/huckerts.net\/?s={search_term_string}"},"query-input":"required name=search_term_string"}],"inLanguage":"th"}]}},"_links":{"self":[{"href":"https:\/\/huckerts.net\/th\/wp-json\/wp\/v2\/pages\/14243"}],"collection":[{"href":"https:\/\/huckerts.net\/th\/wp-json\/wp\/v2\/pages"}],"about":[{"href":"https:\/\/huckerts.net\/th\/wp-json\/wp\/v2\/types\/page"}],"author":[{"embeddable":true,"href":"https:\/\/huckerts.net\/th\/wp-json\/wp\/v2\/users\/13"}],"replies":[{"embeddable":true,"href":"https:\/\/huckerts.net\/th\/wp-json\/wp\/v2\/comments?post=14243"}],"version-history":[{"count":1,"href":"https:\/\/huckerts.net\/th\/wp-json\/wp\/v2\/pages\/14243\/revisions"}],"predecessor-version":[{"id":14244,"href":"https:\/\/huckerts.net\/th\/wp-json\/wp\/v2\/pages\/14243\/revisions\/14244"}],"wp:attachment":[{"href":"https:\/\/huckerts.net\/th\/wp-json\/wp\/v2\/media?parent=14243"}],"curies":[{"name":"wp","href":"https:\/\/api.w.org\/{rel}","templated":true}]}}