{"id":14021,"date":"2016-03-15T17:19:24","date_gmt":"2016-03-15T16:19:24","guid":{"rendered":"https:\/\/huckerts.net\/%e0%b9%84%e0%b8%94%e0%b8%ad%e0%b8%b2%e0%b8%a3%e0%b8%b5%e0%b9%88\/"},"modified":"2022-10-26T11:09:39","modified_gmt":"2022-10-26T09:09:39","slug":"%e0%b9%84%e0%b8%94%e0%b8%ad%e0%b8%b2%e0%b8%a3%e0%b8%b5%e0%b9%88","status":"publish","type":"page","link":"https:\/\/huckerts.net\/th\/%e0%b9%84%e0%b8%94%e0%b8%ad%e0%b8%b2%e0%b8%a3%e0%b8%b5%e0%b9%88\/","title":{"rendered":"\u0e44\u0e14\u0e2d\u0e32\u0e23\u0e35\u0e48"},"content":{"rendered":"<div id =\"\" class =\"event_calendar calendar\"><\/div>\n","protected":false},"excerpt":{"rendered":"","protected":false},"author":15,"featured_media":0,"parent":0,"menu_order":0,"comment_status":"closed","ping_status":"closed","template":"","meta":{"footnotes":""},"yoast_head":"<!-- This site is optimized with the Yoast SEO plugin v21.7 - https:\/\/yoast.com\/wordpress\/plugins\/seo\/ -->\n<title>\u0e44\u0e14\u0e2d\u0e32\u0e23\u0e35\u0e48 - Huckert&#039;s<\/title>\n<meta name=\"robots\" content=\"index, follow, max-snippet:-1, max-image-preview:large, max-video-preview:-1\" \/>\n<link rel=\"canonical\" href=\"https:\/\/huckerts.net\/th\/\u0e44\u0e14\u0e2d\u0e32\u0e23\u0e35\u0e48\/\" \/>\n<meta property=\"og:locale\" content=\"th_TH\" \/>\n<meta property=\"og:type\" content=\"article\" \/>\n<meta property=\"og:title\" content=\"\u0e44\u0e14\u0e2d\u0e32\u0e23\u0e35\u0e48 - Huckert&#039;s\" \/>\n<meta property=\"og:url\" content=\"https:\/\/huckerts.net\/th\/\u0e44\u0e14\u0e2d\u0e32\u0e23\u0e35\u0e48\/\" \/>\n<meta property=\"og:site_name\" content=\"Huckert&#039;s\" \/>\n<meta property=\"article:publisher\" content=\"https:\/\/www.facebook.com\/huckerts\" \/>\n<meta property=\"article:modified_time\" content=\"2022-10-26T09:09:39+00:00\" \/>\n<meta property=\"og:image\" content=\"https:\/\/huckerts.net\/wp-content\/uploads\/2022\/01\/huckertnet-screeshot_2022-scaled.jpg\" \/>\n\t<meta property=\"og:image:width\" content=\"2560\" \/>\n\t<meta property=\"og:image:height\" content=\"1600\" \/>\n\t<meta property=\"og:image:type\" content=\"image\/jpeg\" \/>\n<meta name=\"twitter:card\" content=\"summary_large_image\" \/>\n<meta name=\"twitter:label1\" content=\"Est. reading time\" \/>\n\t<meta name=\"twitter:data1\" content=\"1 \u0e19\u0e32\u0e17\u0e35\" \/>\n<script type=\"application\/ld+json\" class=\"yoast-schema-graph\">{\"@context\":\"https:\/\/schema.org\",\"@graph\":[{\"@type\":\"WebPage\",\"@id\":\"https:\/\/huckerts.net\/th\/%e0%b9%84%e0%b8%94%e0%b8%ad%e0%b8%b2%e0%b8%a3%e0%b8%b5%e0%b9%88\/\",\"url\":\"https:\/\/huckerts.net\/th\/%e0%b9%84%e0%b8%94%e0%b8%ad%e0%b8%b2%e0%b8%a3%e0%b8%b5%e0%b9%88\/\",\"name\":\"\u0e44\u0e14\u0e2d\u0e32\u0e23\u0e35\u0e48 - Huckert&#039;s\",\"isPartOf\":{\"@id\":\"https:\/\/huckerts.net\/#website\"},\"datePublished\":\"2016-03-15T16:19:24+00:00\",\"dateModified\":\"2022-10-26T09:09:39+00:00\",\"inLanguage\":\"th\",\"potentialAction\":[{\"@type\":\"ReadAction\",\"target\":[\"https:\/\/huckerts.net\/th\/%e0%b9%84%e0%b8%94%e0%b8%ad%e0%b8%b2%e0%b8%a3%e0%b8%b5%e0%b9%88\/\"]}]},{\"@type\":\"WebSite\",\"@id\":\"https:\/\/huckerts.net\/#website\",\"url\":\"https:\/\/huckerts.net\/\",\"name\":\"Huckert&#039;s\",\"description\":\"La d\u00e9sinfection ma\u00eetris\u00e9e\",\"potentialAction\":[{\"@type\":\"SearchAction\",\"target\":{\"@type\":\"EntryPoint\",\"urlTemplate\":\"https:\/\/huckerts.net\/?s={search_term_string}\"},\"query-input\":\"required name=search_term_string\"}],\"inLanguage\":\"th\"}]}<\/script>\n<!-- \/ Yoast SEO plugin. -->","yoast_head_json":{"title":"\u0e44\u0e14\u0e2d\u0e32\u0e23\u0e35\u0e48 - Huckert&#039;s","robots":{"index":"index","follow":"follow","max-snippet":"max-snippet:-1","max-image-preview":"max-image-preview:large","max-video-preview":"max-video-preview:-1"},"canonical":"https:\/\/huckerts.net\/th\/\u0e44\u0e14\u0e2d\u0e32\u0e23\u0e35\u0e48\/","og_locale":"th_TH","og_type":"article","og_title":"\u0e44\u0e14\u0e2d\u0e32\u0e23\u0e35\u0e48 - Huckert&#039;s","og_url":"https:\/\/huckerts.net\/th\/\u0e44\u0e14\u0e2d\u0e32\u0e23\u0e35\u0e48\/","og_site_name":"Huckert&#039;s","article_publisher":"https:\/\/www.facebook.com\/huckerts","article_modified_time":"2022-10-26T09:09:39+00:00","og_image":[{"width":2560,"height":1600,"url":"https:\/\/huckerts.net\/wp-content\/uploads\/2022\/01\/huckertnet-screeshot_2022-scaled.jpg","type":"image\/jpeg"}],"twitter_card":"summary_large_image","twitter_misc":{"Est. reading time":"1 \u0e19\u0e32\u0e17\u0e35"},"schema":{"@context":"https:\/\/schema.org","@graph":[{"@type":"WebPage","@id":"https:\/\/huckerts.net\/th\/%e0%b9%84%e0%b8%94%e0%b8%ad%e0%b8%b2%e0%b8%a3%e0%b8%b5%e0%b9%88\/","url":"https:\/\/huckerts.net\/th\/%e0%b9%84%e0%b8%94%e0%b8%ad%e0%b8%b2%e0%b8%a3%e0%b8%b5%e0%b9%88\/","name":"\u0e44\u0e14\u0e2d\u0e32\u0e23\u0e35\u0e48 - Huckert&#039;s","isPartOf":{"@id":"https:\/\/huckerts.net\/#website"},"datePublished":"2016-03-15T16:19:24+00:00","dateModified":"2022-10-26T09:09:39+00:00","inLanguage":"th","potentialAction":[{"@type":"ReadAction","target":["https:\/\/huckerts.net\/th\/%e0%b9%84%e0%b8%94%e0%b8%ad%e0%b8%b2%e0%b8%a3%e0%b8%b5%e0%b9%88\/"]}]},{"@type":"WebSite","@id":"https:\/\/huckerts.net\/#website","url":"https:\/\/huckerts.net\/","name":"Huckert&#039;s","description":"La d\u00e9sinfection ma\u00eetris\u00e9e","potentialAction":[{"@type":"SearchAction","target":{"@type":"EntryPoint","urlTemplate":"https:\/\/huckerts.net\/?s={search_term_string}"},"query-input":"required name=search_term_string"}],"inLanguage":"th"}]}},"_links":{"self":[{"href":"https:\/\/huckerts.net\/th\/wp-json\/wp\/v2\/pages\/14021"}],"collection":[{"href":"https:\/\/huckerts.net\/th\/wp-json\/wp\/v2\/pages"}],"about":[{"href":"https:\/\/huckerts.net\/th\/wp-json\/wp\/v2\/types\/page"}],"author":[{"embeddable":true,"href":"https:\/\/huckerts.net\/th\/wp-json\/wp\/v2\/users\/15"}],"replies":[{"embeddable":true,"href":"https:\/\/huckerts.net\/th\/wp-json\/wp\/v2\/comments?post=14021"}],"version-history":[{"count":1,"href":"https:\/\/huckerts.net\/th\/wp-json\/wp\/v2\/pages\/14021\/revisions"}],"predecessor-version":[{"id":14022,"href":"https:\/\/huckerts.net\/th\/wp-json\/wp\/v2\/pages\/14021\/revisions\/14022"}],"wp:attachment":[{"href":"https:\/\/huckerts.net\/th\/wp-json\/wp\/v2\/media?parent=14021"}],"curies":[{"name":"wp","href":"https:\/\/api.w.org\/{rel}","templated":true}]}}