{"id":8317,"date":"2021-04-26T10:56:31","date_gmt":"2021-04-26T08:56:31","guid":{"rendered":"https:\/\/huckerts.net\/e-shop\/"},"modified":"2022-09-14T16:07:40","modified_gmt":"2022-09-14T14:07:40","slug":"e-shop","status":"publish","type":"page","link":"https:\/\/huckerts.net\/nl\/e-shop\/","title":{"rendered":"E-Shop"},"content":{"rendered":"<p>Een selectie van onze producten die tot nu toe voorbehouden waren tot vakmensen zal binnenkort beschikbaar zijn voor het ruime publiek via onze e-shop.<\/p>\n<p>Nog even geduld. Er wordt nog aan gewerkt.<\/p>\n<p>&nbsp;<\/p>\n<p><img loading=\"lazy\" decoding=\"async\" class=\"alignnone wp-image-2862\" src=\"https:\/\/huckerts.net\/wp-content\/uploads\/2021\/04\/en-construction-300x191.jpg\" alt=\"\" width=\"882\" height=\"562\" srcset=\"https:\/\/huckerts.net\/wp-content\/uploads\/2021\/04\/en-construction-300x191.jpg 300w, https:\/\/huckerts.net\/wp-content\/uploads\/2021\/04\/en-construction-1024x651.jpg 1024w, https:\/\/huckerts.net\/wp-content\/uploads\/2021\/04\/en-construction-768x488.jpg 768w, https:\/\/huckerts.net\/wp-content\/uploads\/2021\/04\/en-construction-958x609.jpg 958w\" sizes=\"(max-width: 882px) 100vw, 882px\" \/><\/p>\n","protected":false},"excerpt":{"rendered":"<p>Een selectie van onze producten die tot nu toe voorbehouden waren tot vakmensen zal binnenkort beschikbaar zijn voor het ruime publiek via onze e-shop. Nog even geduld. Er wordt nog aan gewerkt. &nbsp;<\/p>\n","protected":false},"author":13,"featured_media":0,"parent":0,"menu_order":0,"comment_status":"closed","ping_status":"closed","template":"","meta":{"footnotes":""},"yoast_head":"<!-- This site is optimized with the Yoast SEO plugin v21.7 - https:\/\/yoast.com\/wordpress\/plugins\/seo\/ -->\n<title>E-Shop - Huckert&#039;s<\/title>\n<meta name=\"robots\" content=\"noindex, nofollow\" \/>\n<meta property=\"og:locale\" content=\"nl_NL\" \/>\n<meta property=\"og:type\" content=\"article\" \/>\n<meta property=\"og:title\" content=\"E-Shop - Huckert&#039;s\" \/>\n<meta property=\"og:description\" content=\"Een selectie van onze producten die tot nu toe voorbehouden waren tot vakmensen zal binnenkort beschikbaar zijn voor het ruime publiek via onze e-shop. Nog even geduld. Er wordt nog aan gewerkt. &nbsp;\" \/>\n<meta property=\"og:url\" content=\"https:\/\/huckerts.net\/nl\/e-shop\/\" \/>\n<meta property=\"og:site_name\" content=\"Huckert&#039;s\" \/>\n<meta property=\"article:publisher\" content=\"https:\/\/www.facebook.com\/huckerts\" \/>\n<meta property=\"article:modified_time\" content=\"2022-09-14T14:07:40+00:00\" \/>\n<meta property=\"og:image\" content=\"https:\/\/huckerts.net\/wp-content\/uploads\/2021\/04\/en-construction-300x191.jpg\" \/>\n<meta name=\"twitter:card\" content=\"summary_large_image\" \/>\n<meta name=\"twitter:label1\" content=\"Geschatte leestijd\" \/>\n\t<meta name=\"twitter:data1\" content=\"1 minuut\" \/>\n<script type=\"application\/ld+json\" class=\"yoast-schema-graph\">{\"@context\":\"https:\/\/schema.org\",\"@graph\":[{\"@type\":\"WebPage\",\"@id\":\"https:\/\/huckerts.net\/nl\/e-shop\/\",\"url\":\"https:\/\/huckerts.net\/nl\/e-shop\/\",\"name\":\"E-Shop - Huckert&#039;s\",\"isPartOf\":{\"@id\":\"https:\/\/huckerts.net\/#website\"},\"datePublished\":\"2021-04-26T08:56:31+00:00\",\"dateModified\":\"2022-09-14T14:07:40+00:00\",\"inLanguage\":\"nl-NL\",\"potentialAction\":[{\"@type\":\"ReadAction\",\"target\":[\"https:\/\/huckerts.net\/nl\/e-shop\/\"]}]},{\"@type\":\"WebSite\",\"@id\":\"https:\/\/huckerts.net\/#website\",\"url\":\"https:\/\/huckerts.net\/\",\"name\":\"Huckert&#039;s\",\"description\":\"La d\u00e9sinfection ma\u00eetris\u00e9e\",\"potentialAction\":[{\"@type\":\"SearchAction\",\"target\":{\"@type\":\"EntryPoint\",\"urlTemplate\":\"https:\/\/huckerts.net\/?s={search_term_string}\"},\"query-input\":\"required name=search_term_string\"}],\"inLanguage\":\"nl-NL\"}]}<\/script>\n<!-- \/ Yoast SEO plugin. -->","yoast_head_json":{"title":"E-Shop - Huckert&#039;s","robots":{"index":"noindex","follow":"nofollow"},"og_locale":"nl_NL","og_type":"article","og_title":"E-Shop - Huckert&#039;s","og_description":"Een selectie van onze producten die tot nu toe voorbehouden waren tot vakmensen zal binnenkort beschikbaar zijn voor het ruime publiek via onze e-shop. Nog even geduld. Er wordt nog aan gewerkt. &nbsp;","og_url":"https:\/\/huckerts.net\/nl\/e-shop\/","og_site_name":"Huckert&#039;s","article_publisher":"https:\/\/www.facebook.com\/huckerts","article_modified_time":"2022-09-14T14:07:40+00:00","og_image":[{"url":"https:\/\/huckerts.net\/wp-content\/uploads\/2021\/04\/en-construction-300x191.jpg"}],"twitter_card":"summary_large_image","twitter_misc":{"Geschatte leestijd":"1 minuut"},"schema":{"@context":"https:\/\/schema.org","@graph":[{"@type":"WebPage","@id":"https:\/\/huckerts.net\/nl\/e-shop\/","url":"https:\/\/huckerts.net\/nl\/e-shop\/","name":"E-Shop - Huckert&#039;s","isPartOf":{"@id":"https:\/\/huckerts.net\/#website"},"datePublished":"2021-04-26T08:56:31+00:00","dateModified":"2022-09-14T14:07:40+00:00","inLanguage":"nl-NL","potentialAction":[{"@type":"ReadAction","target":["https:\/\/huckerts.net\/nl\/e-shop\/"]}]},{"@type":"WebSite","@id":"https:\/\/huckerts.net\/#website","url":"https:\/\/huckerts.net\/","name":"Huckert&#039;s","description":"La d\u00e9sinfection ma\u00eetris\u00e9e","potentialAction":[{"@type":"SearchAction","target":{"@type":"EntryPoint","urlTemplate":"https:\/\/huckerts.net\/?s={search_term_string}"},"query-input":"required name=search_term_string"}],"inLanguage":"nl-NL"}]}},"_links":{"self":[{"href":"https:\/\/huckerts.net\/nl\/wp-json\/wp\/v2\/pages\/8317"}],"collection":[{"href":"https:\/\/huckerts.net\/nl\/wp-json\/wp\/v2\/pages"}],"about":[{"href":"https:\/\/huckerts.net\/nl\/wp-json\/wp\/v2\/types\/page"}],"author":[{"embeddable":true,"href":"https:\/\/huckerts.net\/nl\/wp-json\/wp\/v2\/users\/13"}],"replies":[{"embeddable":true,"href":"https:\/\/huckerts.net\/nl\/wp-json\/wp\/v2\/comments?post=8317"}],"version-history":[{"count":1,"href":"https:\/\/huckerts.net\/nl\/wp-json\/wp\/v2\/pages\/8317\/revisions"}],"predecessor-version":[{"id":8880,"href":"https:\/\/huckerts.net\/nl\/wp-json\/wp\/v2\/pages\/8317\/revisions\/8880"}],"wp:attachment":[{"href":"https:\/\/huckerts.net\/nl\/wp-json\/wp\/v2\/media?parent=8317"}],"curies":[{"name":"wp","href":"https:\/\/api.w.org\/{rel}","templated":true}]}}