{"id":8274,"date":"2022-01-21T14:05:14","date_gmt":"2022-01-21T13:05:14","guid":{"rendered":"https:\/\/huckerts.net\/coming-soon\/"},"modified":"2022-09-12T12:20:37","modified_gmt":"2022-09-12T10:20:37","slug":"coming-soon","status":"publish","type":"page","link":"https:\/\/huckerts.net\/nl\/coming-soon\/","title":{"rendered":"Coming Soon"},"content":{"rendered":"<p>[vc_row][vc_column css=&#8221;.vc_custom_1642770727339{margin-top: 250px !important;}&#8221;][vc_single_image image=&#8221;1338&#8243; img_size=&#8221;large&#8221; alignment=&#8221;center&#8221;][\/vc_column][\/vc_row][vc_row][vc_column css=&#8221;.vc_custom_1642770796649{margin-top: 20px !important;margin-bottom: 250px !important;}&#8221;][vc_column_text]<\/p>\n<p style=\"text-align: center;\"><strong>Coming Soon<\/strong> | <strong>binnenkort beschikbaar<\/strong> | <strong>Pr\u00f3ximamente<\/strong> | <strong>Prossimamente<\/strong> | <strong>kommt bald<\/strong> | <strong>\u0e40\u0e23\u0e47\u0e27 \u0e46 \u0e19\u0e35\u0e49<\/strong> |<\/p>\n<p>[\/vc_column_text][\/vc_column][\/vc_row]<\/p>\n","protected":false},"excerpt":{"rendered":"<p>[vc_row][vc_column css=&#8221;.vc_custom_1642770727339{margin-top: 250px !important;}&#8221;][vc_single_image image=&#8221;1338&#8243; img_size=&#8221;large&#8221; alignment=&#8221;center&#8221;][\/vc_column][\/vc_row][vc_row][vc_column css=&#8221;.vc_custom_1642770796649{margin-top: 20px !important;margin-bottom: 250px !important;}&#8221;][vc_column_text] Coming Soon | binnenkort beschikbaar | Pr\u00f3ximamente | Prossimamente | kommt bald | \u0e40\u0e23\u0e47\u0e27 \u0e46 \u0e19\u0e35\u0e49 | [\/vc_column_text][\/vc_column][\/vc_row]<\/p>\n","protected":false},"author":15,"featured_media":0,"parent":0,"menu_order":0,"comment_status":"closed","ping_status":"closed","template":"","meta":{"footnotes":""},"yoast_head":"<!-- This site is optimized with the Yoast SEO plugin v21.7 - https:\/\/yoast.com\/wordpress\/plugins\/seo\/ -->\n<title>Coming Soon - Huckert&#039;s<\/title>\n<meta name=\"robots\" content=\"noindex, nofollow\" \/>\n<meta property=\"og:locale\" content=\"nl_NL\" \/>\n<meta property=\"og:type\" content=\"article\" \/>\n<meta property=\"og:title\" content=\"Coming Soon - Huckert&#039;s\" \/>\n<meta property=\"og:description\" content=\"[vc_row][vc_column css=&#8221;.vc_custom_1642770727339{margin-top: 250px !important;}&#8221;][vc_single_image image=&#8221;1338&#8243; img_size=&#8221;large&#8221; alignment=&#8221;center&#8221;][\/vc_column][\/vc_row][vc_row][vc_column css=&#8221;.vc_custom_1642770796649{margin-top: 20px !important;margin-bottom: 250px !important;}&#8221;][vc_column_text] Coming Soon | binnenkort beschikbaar | Pr\u00f3ximamente | Prossimamente | kommt bald | \u0e40\u0e23\u0e47\u0e27 \u0e46 \u0e19\u0e35\u0e49 | [\/vc_column_text][\/vc_column][\/vc_row]\" \/>\n<meta property=\"og:url\" content=\"https:\/\/huckerts.net\/nl\/coming-soon\/\" \/>\n<meta property=\"og:site_name\" content=\"Huckert&#039;s\" \/>\n<meta property=\"article:publisher\" content=\"https:\/\/www.facebook.com\/huckerts\" \/>\n<meta property=\"article:modified_time\" content=\"2022-09-12T10:20:37+00:00\" \/>\n<meta property=\"og:image\" content=\"https:\/\/huckerts.net\/wp-content\/uploads\/2022\/01\/huckertnet-screeshot_2022-scaled.jpg\" \/>\n\t<meta property=\"og:image:width\" content=\"2560\" \/>\n\t<meta property=\"og:image:height\" content=\"1600\" \/>\n\t<meta property=\"og:image:type\" content=\"image\/jpeg\" \/>\n<meta name=\"twitter:card\" content=\"summary_large_image\" \/>\n<script type=\"application\/ld+json\" class=\"yoast-schema-graph\">{\"@context\":\"https:\/\/schema.org\",\"@graph\":[{\"@type\":\"WebPage\",\"@id\":\"https:\/\/huckerts.net\/nl\/coming-soon\/\",\"url\":\"https:\/\/huckerts.net\/nl\/coming-soon\/\",\"name\":\"Coming Soon - Huckert&#039;s\",\"isPartOf\":{\"@id\":\"https:\/\/huckerts.net\/#website\"},\"datePublished\":\"2022-01-21T13:05:14+00:00\",\"dateModified\":\"2022-09-12T10:20:37+00:00\",\"inLanguage\":\"nl-NL\",\"potentialAction\":[{\"@type\":\"ReadAction\",\"target\":[\"https:\/\/huckerts.net\/nl\/coming-soon\/\"]}]},{\"@type\":\"WebSite\",\"@id\":\"https:\/\/huckerts.net\/#website\",\"url\":\"https:\/\/huckerts.net\/\",\"name\":\"Huckert&#039;s\",\"description\":\"La d\u00e9sinfection ma\u00eetris\u00e9e\",\"potentialAction\":[{\"@type\":\"SearchAction\",\"target\":{\"@type\":\"EntryPoint\",\"urlTemplate\":\"https:\/\/huckerts.net\/?s={search_term_string}\"},\"query-input\":\"required name=search_term_string\"}],\"inLanguage\":\"nl-NL\"}]}<\/script>\n<!-- \/ Yoast SEO plugin. -->","yoast_head_json":{"title":"Coming Soon - Huckert&#039;s","robots":{"index":"noindex","follow":"nofollow"},"og_locale":"nl_NL","og_type":"article","og_title":"Coming Soon - Huckert&#039;s","og_description":"[vc_row][vc_column css=&#8221;.vc_custom_1642770727339{margin-top: 250px !important;}&#8221;][vc_single_image image=&#8221;1338&#8243; img_size=&#8221;large&#8221; alignment=&#8221;center&#8221;][\/vc_column][\/vc_row][vc_row][vc_column css=&#8221;.vc_custom_1642770796649{margin-top: 20px !important;margin-bottom: 250px !important;}&#8221;][vc_column_text] Coming Soon | binnenkort beschikbaar | Pr\u00f3ximamente | Prossimamente | kommt bald | \u0e40\u0e23\u0e47\u0e27 \u0e46 \u0e19\u0e35\u0e49 | [\/vc_column_text][\/vc_column][\/vc_row]","og_url":"https:\/\/huckerts.net\/nl\/coming-soon\/","og_site_name":"Huckert&#039;s","article_publisher":"https:\/\/www.facebook.com\/huckerts","article_modified_time":"2022-09-12T10:20:37+00:00","og_image":[{"width":2560,"height":1600,"url":"https:\/\/huckerts.net\/wp-content\/uploads\/2022\/01\/huckertnet-screeshot_2022-scaled.jpg","type":"image\/jpeg"}],"twitter_card":"summary_large_image","schema":{"@context":"https:\/\/schema.org","@graph":[{"@type":"WebPage","@id":"https:\/\/huckerts.net\/nl\/coming-soon\/","url":"https:\/\/huckerts.net\/nl\/coming-soon\/","name":"Coming Soon - Huckert&#039;s","isPartOf":{"@id":"https:\/\/huckerts.net\/#website"},"datePublished":"2022-01-21T13:05:14+00:00","dateModified":"2022-09-12T10:20:37+00:00","inLanguage":"nl-NL","potentialAction":[{"@type":"ReadAction","target":["https:\/\/huckerts.net\/nl\/coming-soon\/"]}]},{"@type":"WebSite","@id":"https:\/\/huckerts.net\/#website","url":"https:\/\/huckerts.net\/","name":"Huckert&#039;s","description":"La d\u00e9sinfection ma\u00eetris\u00e9e","potentialAction":[{"@type":"SearchAction","target":{"@type":"EntryPoint","urlTemplate":"https:\/\/huckerts.net\/?s={search_term_string}"},"query-input":"required name=search_term_string"}],"inLanguage":"nl-NL"}]}},"_links":{"self":[{"href":"https:\/\/huckerts.net\/nl\/wp-json\/wp\/v2\/pages\/8274"}],"collection":[{"href":"https:\/\/huckerts.net\/nl\/wp-json\/wp\/v2\/pages"}],"about":[{"href":"https:\/\/huckerts.net\/nl\/wp-json\/wp\/v2\/types\/page"}],"author":[{"embeddable":true,"href":"https:\/\/huckerts.net\/nl\/wp-json\/wp\/v2\/users\/15"}],"replies":[{"embeddable":true,"href":"https:\/\/huckerts.net\/nl\/wp-json\/wp\/v2\/comments?post=8274"}],"version-history":[{"count":1,"href":"https:\/\/huckerts.net\/nl\/wp-json\/wp\/v2\/pages\/8274\/revisions"}],"predecessor-version":[{"id":8275,"href":"https:\/\/huckerts.net\/nl\/wp-json\/wp\/v2\/pages\/8274\/revisions\/8275"}],"wp:attachment":[{"href":"https:\/\/huckerts.net\/nl\/wp-json\/wp\/v2\/media?parent=8274"}],"curies":[{"name":"wp","href":"https:\/\/api.w.org\/{rel}","templated":true}]}}