{"id":20712,"date":"2025-08-26T19:17:31","date_gmt":"2025-08-26T17:17:31","guid":{"rendered":"https:\/\/huckerts.net\/nos-univers\/sante\/"},"modified":"2026-02-05T17:08:20","modified_gmt":"2026-02-05T16:08:20","slug":"sante","status":"publish","type":"page","link":"https:\/\/huckerts.net\/nl\/nos-univers\/sante\/","title":{"rendered":"Gezondheid"},"content":{"rendered":"<p>[vc_row][vc_column]\r\n  <div class=\"block block_text\">\r\n    <div class=\"block_text__container\">\r\n      <div class=\"block_text__container__content\">\r\n        <h2 class=\" animateFade fadeOutAnimation\"><\/h2>\r\n        <div class=\"text animateFade fadeOutAnimation\">\r\n          Het Laboratoire Huckert&#8217;s International ondersteunt zorgprofessionals met oplossingen die zijn ontworpen om te voldoen aan de eisen op het gebied van hygi\u00ebne, veiligheid en preventie in alle medische omgevingen, van klassieke tot zeer gevoelige. Onze expertise draagt bij aan de bescherming van pati\u00ebnten, zorgverleners, apparatuur en het milieu en garandeert een hoogwaardige zorgverlening.\r\n        <\/div>\r\n      <\/div>\r\n    <\/div>\r\n  <\/div>[\/vc_column][\/vc_row][vc_row][vc_column]\r\n  <div class=\"block block_grid\">\r\n    <div class=\"block_grid__container\">\r\n      <div class=\"block_grid__container__items\">\r\n        \r\n    <div class=\"block_grid__container__items__item\">\r\n      <a href=\"https:\/\/huckerts.net\/wp-content\/uploads\/2026\/02\/FP00947_catalogue_gynecologie_NL.pdf\" target=\"_blank\">\r\n        <div class=\"image animateFade fadeOutAnimation\">\r\n          <img decoding=\"async\" src=\"https:\/\/huckerts.net\/wp-content\/uploads\/2025\/08\/gyneco_echographie-scaled.jpg\" alt=\"Image mise en avant\">\r\n        <\/div>\r\n        <div class=\"grid-content animateFade fadeOutAnimation\">\r\n          <div class=\"top-title animateFade fadeOutAnimation\">Gezondheid<\/div>\r\n          <div class=\"title\">\r\n            <h3>Gynaecologie<\/h3>\r\n            <span href=\"https:\/\/huckerts.net\/wp-content\/uploads\/2026\/02\/FP00947_catalogue_gynecologie_NL.pdf\" target=\"_blank\" class=\"arrow-button\"><\/span>\r\n          <\/div>\r\n          <div class=\"description\">\r\n            Krachtige en veilige desinfectieoplossingen, goedgekeurd voor de meest gevoelige omgevingen.\r\n          <\/div>\r\n        <\/div>\r\n      <\/a>\r\n    <\/div>\r\n    \r\n    <div class=\"block_grid__container__items__item\">\r\n      <a href=\"https:\/\/huckerts.net\/wp-content\/uploads\/2026\/02\/Neonatologie-NL.pdf\" target=\"_blank\">\r\n        <div class=\"image animateFade fadeOutAnimation\">\r\n          <img decoding=\"async\" src=\"https:\/\/huckerts.net\/wp-content\/uploads\/2025\/08\/bebe_incubateur-scaled.jpeg\" alt=\"Image mise en avant\">\r\n        <\/div>\r\n        <div class=\"grid-content animateFade fadeOutAnimation\">\r\n          <div class=\"top-title animateFade fadeOutAnimation\">Gezondheid<\/div>\r\n          <div class=\"title\">\r\n            <h3>Neonatologie<\/h3>\r\n            <span href=\"https:\/\/huckerts.net\/wp-content\/uploads\/2026\/02\/Neonatologie-NL.pdf\" target=\"_blank\" class=\"arrow-button\"><\/span>\r\n          <\/div>\r\n          <div class=\"description\">\r\n            Gecertificeerde producten om de gezondheid van zuigelingen te beschermen, zonder concessies te doen aan de desinfectie.\r\n          <\/div>\r\n        <\/div>\r\n      <\/a>\r\n    <\/div>\r\n    \r\n    <div class=\"block_grid__container__items__item\">\r\n      <a href=\"https:\/\/huckerts.net\/wp-content\/uploads\/2026\/02\/Catalogue-FIVAMP-NL.pdf\" target=\"_blank\">\r\n        <div class=\"image animateFade fadeOutAnimation\">\r\n          <img decoding=\"async\" src=\"https:\/\/huckerts.net\/wp-content\/uploads\/2025\/08\/Embryon.jpg\" alt=\"Image mise en avant\">\r\n        <\/div>\r\n        <div class=\"grid-content animateFade fadeOutAnimation\">\r\n          <div class=\"top-title animateFade fadeOutAnimation\">Gezondheid<\/div>\r\n          <div class=\"title\">\r\n            <h3>IVF\/MBV<\/h3>\r\n            <span href=\"https:\/\/huckerts.net\/wp-content\/uploads\/2026\/02\/Catalogue-FIVAMP-NL.pdf\" target=\"_blank\" class=\"arrow-button\"><\/span>\r\n          <\/div>\r\n          <div class=\"description\">\r\n            Veilige en effici\u00ebnte oplossingen die het succes van IVF-protocollen garanderen\r\n          <\/div>\r\n        <\/div>\r\n      <\/a>\r\n    <\/div>\r\n    \r\n    <div class=\"block_grid__container__items__item\">\r\n      <a href=\"https:\/\/huckerts.net\/wp-content\/uploads\/2026\/02\/Catalogue_Hopitaux_cliniques_NL.pdf\" target=\"_blank\">\r\n        <div class=\"image animateFade fadeOutAnimation\">\r\n          <img decoding=\"async\" src=\"https:\/\/huckerts.net\/wp-content\/uploads\/2025\/08\/Couloir-hopital-1.png\" alt=\"Image mise en avant\">\r\n        <\/div>\r\n        <div class=\"grid-content animateFade fadeOutAnimation\">\r\n          <div class=\"top-title animateFade fadeOutAnimation\">Gezondheid<\/div>\r\n          <div class=\"title\">\r\n            <h3>Ziekenhuizen en klinieken<\/h3>\r\n            <span href=\"https:\/\/huckerts.net\/wp-content\/uploads\/2026\/02\/Catalogue_Hopitaux_cliniques_NL.pdf\" target=\"_blank\" class=\"arrow-button\"><\/span>\r\n          <\/div>\r\n          <div class=\"description\">\r\n            Betrouwbare oplossingen die prestaties, veiligheid en respect voor apparatuur, personeel en pati\u00ebnten combineren.\r\n          <\/div>\r\n        <\/div>\r\n      <\/a>\r\n    <\/div>\r\n    \r\n    <div class=\"block_grid__container__items__item\">\r\n      <a href=\"https:\/\/huckerts.net\/wp-content\/uploads\/2025\/08\/Dentiste-FR.pdf\" target=\"_blank\">\r\n        <div class=\"image animateFade fadeOutAnimation\">\r\n          <img decoding=\"async\" src=\"https:\/\/huckerts.net\/wp-content\/uploads\/2025\/08\/dentiste_zoom_mains_instruments-scaled.jpg\" alt=\"Image mise en avant\">\r\n        <\/div>\r\n        <div class=\"grid-content animateFade fadeOutAnimation\">\r\n          <div class=\"top-title animateFade fadeOutAnimation\">Gezondheid<\/div>\r\n          <div class=\"title\">\r\n            <h3>Tandheelkunde<\/h3>\r\n            <span href=\"https:\/\/huckerts.net\/wp-content\/uploads\/2025\/08\/Dentiste-FR.pdf\" target=\"_blank\" class=\"arrow-button\"><\/span>\r\n          <\/div>\r\n          <div class=\"description\">\r\n            Effectieve, snelle en veilige desinfectie voor tandarts- en orthodontiepraktijken.\r\n          <\/div>\r\n        <\/div>\r\n      <\/a>\r\n    <\/div>\r\n    \r\n    <div class=\"block_grid__container__items__item\">\r\n        <div class=\"image animateFade fadeOutAnimation\">\r\n          <img decoding=\"async\" src=\"https:\/\/huckerts.net\/wp-content\/uploads\/2025\/08\/secours2-scaled.jpg\" alt=\"Image mise en avant\">\r\n        <\/div>\r\n        <div class=\"grid-content animateFade fadeOutAnimation\">\r\n          <div class=\"top-title animateFade fadeOutAnimation\">Gezondheid<\/div>\r\n          <div class=\"title\">\r\n            <h3>Hulpdienst<\/h3>\r\n          <\/div>\r\n          <div class=\"description\">\r\n            Compromisloze hygi\u00ebne en desinfectie, geschikt voor de meest kritische omstandigheden\r\n          <\/div>\r\n        <\/div>\r\n    <\/div>\r\n    \r\n    <div class=\"block_grid__container__items__item\">\r\n        <div class=\"image animateFade fadeOutAnimation\">\r\n          <img decoding=\"async\" src=\"https:\/\/huckerts.net\/wp-content\/uploads\/2025\/08\/Consultation-03-scaled.jpg\" alt=\"Image mise en avant\">\r\n        <\/div>\r\n        <div class=\"grid-content animateFade fadeOutAnimation\">\r\n          <div class=\"top-title animateFade fadeOutAnimation\">Gezondheid<\/div>\r\n          <div class=\"title\">\r\n            <h3>Paramedische beroepen<\/h3>\r\n          <\/div>\r\n          <div class=\"description\">\r\n            Eenvoudige en effici\u00ebnte oplossingen, geschikt voor zowel zorg in de praktijk als thuiszorg\r\n          <\/div>\r\n        <\/div>\r\n    <\/div>\r\n    \r\n      <\/div>\r\n    <\/div>\r\n  <\/div>\r\n\r\n  [\/vc_column][\/vc_row]<\/p>\n","protected":false},"excerpt":{"rendered":"<p>[vc_row][vc_column][\/vc_column][\/vc_row][vc_row][vc_column][\/vc_column][\/vc_row]<\/p>\n","protected":false},"author":15,"featured_media":18842,"parent":20674,"menu_order":0,"comment_status":"closed","ping_status":"closed","template":"","meta":{"footnotes":""},"yoast_head":"<!-- This site is optimized with the Yoast SEO plugin v21.7 - https:\/\/yoast.com\/wordpress\/plugins\/seo\/ -->\n<title>Gezondheid - Huckert&#039;s<\/title>\n<meta name=\"robots\" content=\"index, follow, max-snippet:-1, max-image-preview:large, max-video-preview:-1\" \/>\n<link rel=\"canonical\" href=\"https:\/\/huckerts.net\/nl\/nos-univers\/sante\/\" \/>\n<meta property=\"og:locale\" content=\"nl_NL\" \/>\n<meta property=\"og:type\" content=\"article\" \/>\n<meta property=\"og:title\" content=\"Gezondheid - Huckert&#039;s\" \/>\n<meta property=\"og:description\" content=\"[vc_row][vc_column][\/vc_column][\/vc_row][vc_row][vc_column][\/vc_column][\/vc_row]\" \/>\n<meta property=\"og:url\" content=\"https:\/\/huckerts.net\/nl\/nos-univers\/sante\/\" \/>\n<meta property=\"og:site_name\" content=\"Huckert&#039;s\" \/>\n<meta property=\"article:publisher\" content=\"https:\/\/www.facebook.com\/huckerts\" \/>\n<meta property=\"article:modified_time\" content=\"2026-02-05T16:08:20+00:00\" \/>\n<meta property=\"og:image\" content=\"https:\/\/huckerts.net\/wp-content\/uploads\/2025\/08\/Couloir-hopital-1-1024x731.png\" \/>\n\t<meta property=\"og:image:width\" content=\"1024\" \/>\n\t<meta property=\"og:image:height\" content=\"731\" \/>\n\t<meta property=\"og:image:type\" content=\"image\/png\" \/>\n<meta name=\"twitter:card\" content=\"summary_large_image\" \/>\n<meta name=\"twitter:label1\" content=\"Geschatte leestijd\" \/>\n\t<meta name=\"twitter:data1\" content=\"1 minuut\" \/>\n<script type=\"application\/ld+json\" class=\"yoast-schema-graph\">{\"@context\":\"https:\/\/schema.org\",\"@graph\":[{\"@type\":\"WebPage\",\"@id\":\"https:\/\/huckerts.net\/nl\/nos-univers\/sante\/\",\"url\":\"https:\/\/huckerts.net\/nl\/nos-univers\/sante\/\",\"name\":\"Gezondheid - Huckert&#039;s\",\"isPartOf\":{\"@id\":\"https:\/\/huckerts.net\/#website\"},\"datePublished\":\"2025-08-26T17:17:31+00:00\",\"dateModified\":\"2026-02-05T16:08:20+00:00\",\"breadcrumb\":{\"@id\":\"https:\/\/huckerts.net\/nl\/nos-univers\/sante\/#breadcrumb\"},\"inLanguage\":\"nl-NL\",\"potentialAction\":[{\"@type\":\"ReadAction\",\"target\":[\"https:\/\/huckerts.net\/nl\/nos-univers\/sante\/\"]}]},{\"@type\":\"BreadcrumbList\",\"@id\":\"https:\/\/huckerts.net\/nl\/nos-univers\/sante\/#breadcrumb\",\"itemListElement\":[{\"@type\":\"ListItem\",\"position\":1,\"name\":\"Onze sectoren\",\"item\":\"https:\/\/huckerts.net\/nl\/nos-univers\/\"},{\"@type\":\"ListItem\",\"position\":2,\"name\":\"Gezondheid\"}]},{\"@type\":\"WebSite\",\"@id\":\"https:\/\/huckerts.net\/#website\",\"url\":\"https:\/\/huckerts.net\/\",\"name\":\"Huckert&#039;s\",\"description\":\"La d\u00e9sinfection ma\u00eetris\u00e9e\",\"potentialAction\":[{\"@type\":\"SearchAction\",\"target\":{\"@type\":\"EntryPoint\",\"urlTemplate\":\"https:\/\/huckerts.net\/?s={search_term_string}\"},\"query-input\":\"required name=search_term_string\"}],\"inLanguage\":\"nl-NL\"}]}<\/script>\n<!-- \/ Yoast SEO plugin. -->","yoast_head_json":{"title":"Gezondheid - Huckert&#039;s","robots":{"index":"index","follow":"follow","max-snippet":"max-snippet:-1","max-image-preview":"max-image-preview:large","max-video-preview":"max-video-preview:-1"},"canonical":"https:\/\/huckerts.net\/nl\/nos-univers\/sante\/","og_locale":"nl_NL","og_type":"article","og_title":"Gezondheid - Huckert&#039;s","og_description":"[vc_row][vc_column][\/vc_column][\/vc_row][vc_row][vc_column][\/vc_column][\/vc_row]","og_url":"https:\/\/huckerts.net\/nl\/nos-univers\/sante\/","og_site_name":"Huckert&#039;s","article_publisher":"https:\/\/www.facebook.com\/huckerts","article_modified_time":"2026-02-05T16:08:20+00:00","og_image":[{"width":1024,"height":731,"url":"https:\/\/huckerts.net\/wp-content\/uploads\/2025\/08\/Couloir-hopital-1-1024x731.png","type":"image\/png"}],"twitter_card":"summary_large_image","twitter_misc":{"Geschatte leestijd":"1 minuut"},"schema":{"@context":"https:\/\/schema.org","@graph":[{"@type":"WebPage","@id":"https:\/\/huckerts.net\/nl\/nos-univers\/sante\/","url":"https:\/\/huckerts.net\/nl\/nos-univers\/sante\/","name":"Gezondheid - Huckert&#039;s","isPartOf":{"@id":"https:\/\/huckerts.net\/#website"},"datePublished":"2025-08-26T17:17:31+00:00","dateModified":"2026-02-05T16:08:20+00:00","breadcrumb":{"@id":"https:\/\/huckerts.net\/nl\/nos-univers\/sante\/#breadcrumb"},"inLanguage":"nl-NL","potentialAction":[{"@type":"ReadAction","target":["https:\/\/huckerts.net\/nl\/nos-univers\/sante\/"]}]},{"@type":"BreadcrumbList","@id":"https:\/\/huckerts.net\/nl\/nos-univers\/sante\/#breadcrumb","itemListElement":[{"@type":"ListItem","position":1,"name":"Onze sectoren","item":"https:\/\/huckerts.net\/nl\/nos-univers\/"},{"@type":"ListItem","position":2,"name":"Gezondheid"}]},{"@type":"WebSite","@id":"https:\/\/huckerts.net\/#website","url":"https:\/\/huckerts.net\/","name":"Huckert&#039;s","description":"La d\u00e9sinfection ma\u00eetris\u00e9e","potentialAction":[{"@type":"SearchAction","target":{"@type":"EntryPoint","urlTemplate":"https:\/\/huckerts.net\/?s={search_term_string}"},"query-input":"required name=search_term_string"}],"inLanguage":"nl-NL"}]}},"_links":{"self":[{"href":"https:\/\/huckerts.net\/nl\/wp-json\/wp\/v2\/pages\/20712"}],"collection":[{"href":"https:\/\/huckerts.net\/nl\/wp-json\/wp\/v2\/pages"}],"about":[{"href":"https:\/\/huckerts.net\/nl\/wp-json\/wp\/v2\/types\/page"}],"author":[{"embeddable":true,"href":"https:\/\/huckerts.net\/nl\/wp-json\/wp\/v2\/users\/15"}],"replies":[{"embeddable":true,"href":"https:\/\/huckerts.net\/nl\/wp-json\/wp\/v2\/comments?post=20712"}],"version-history":[{"count":4,"href":"https:\/\/huckerts.net\/nl\/wp-json\/wp\/v2\/pages\/20712\/revisions"}],"predecessor-version":[{"id":20737,"href":"https:\/\/huckerts.net\/nl\/wp-json\/wp\/v2\/pages\/20712\/revisions\/20737"}],"up":[{"embeddable":true,"href":"https:\/\/huckerts.net\/nl\/wp-json\/wp\/v2\/pages\/20674"}],"wp:featuredmedia":[{"embeddable":true,"href":"https:\/\/huckerts.net\/nl\/wp-json\/wp\/v2\/media\/18842"}],"wp:attachment":[{"href":"https:\/\/huckerts.net\/nl\/wp-json\/wp\/v2\/media?parent=20712"}],"curies":[{"name":"wp","href":"https:\/\/api.w.org\/{rel}","templated":true}]}}