{"id":20691,"date":"2025-08-26T19:50:11","date_gmt":"2025-08-26T17:50:11","guid":{"rendered":"https:\/\/huckerts.net\/nos-univers\/veterinaire\/"},"modified":"2026-02-05T17:09:29","modified_gmt":"2026-02-05T16:09:29","slug":"veterinaire","status":"publish","type":"page","link":"https:\/\/huckerts.net\/nl\/nos-univers\/veterinaire\/","title":{"rendered":"Dierenarts"},"content":{"rendered":"<p>[vc_row][vc_column]\r\n  <div class=\"block block_text\">\r\n    <div class=\"block_text__container\">\r\n      <div class=\"block_text__container__content\">\r\n        <h2 class=\" animateFade fadeOutAnimation\"><\/h2>\r\n        <div class=\"text animateFade fadeOutAnimation\">\r\n          Omdat diergezondheid onlosmakelijk verbonden is met de gezondheid van de mens, biedt Laboratoire Huckert&#8217;s International oplossingen die zijn afgestemd op veterinaire omgevingen. Onze belofte: dieren, teams en structuren beschermen door een hoog niveau van hygi\u00ebne en bioveiligheid te garanderen.\r\n        <\/div>\r\n      <\/div>\r\n    <\/div>\r\n  <\/div>[\/vc_column][\/vc_row][vc_row][vc_column]\r\n  <div class=\"block block_grid\">\r\n    <div class=\"block_grid__container\">\r\n      <div class=\"block_grid__container__items\">\r\n        \r\n    <div class=\"block_grid__container__items__item\">\r\n        <div class=\"image animateFade fadeOutAnimation\">\r\n          <img decoding=\"async\" src=\"https:\/\/huckerts.net\/wp-content\/uploads\/2025\/08\/5.png\" alt=\"Image mise en avant\">\r\n        <\/div>\r\n        <div class=\"grid-content animateFade fadeOutAnimation\">\r\n          <div class=\"top-title animateFade fadeOutAnimation\">Dierenarts<\/div>\r\n          <div class=\"title\">\r\n            <h3>Dierenarts<\/h3>\r\n          <\/div>\r\n          <div class=\"description\">\r\n            Betrouwbare desinfectieproducten die veilig zijn voor het milieu, onze dieren en uw apparatuur.\r\n          <\/div>\r\n        <\/div>\r\n    <\/div>\r\n    \r\n      <\/div>\r\n    <\/div>\r\n  <\/div>\r\n\r\n  [\/vc_column][\/vc_row]<\/p>\n","protected":false},"excerpt":{"rendered":"<p>[vc_row][vc_column][\/vc_column][\/vc_row][vc_row][vc_column][\/vc_column][\/vc_row]<\/p>\n","protected":false},"author":15,"featured_media":19599,"parent":20674,"menu_order":0,"comment_status":"closed","ping_status":"closed","template":"","meta":{"footnotes":""},"yoast_head":"<!-- This site is optimized with the Yoast SEO plugin v21.7 - https:\/\/yoast.com\/wordpress\/plugins\/seo\/ -->\n<title>Dierenarts - Huckert&#039;s<\/title>\n<meta name=\"robots\" content=\"index, follow, max-snippet:-1, max-image-preview:large, max-video-preview:-1\" \/>\n<link rel=\"canonical\" href=\"https:\/\/huckerts.net\/nl\/nos-univers\/veterinaire\/\" \/>\n<meta property=\"og:locale\" content=\"nl_NL\" \/>\n<meta property=\"og:type\" content=\"article\" \/>\n<meta property=\"og:title\" content=\"Dierenarts - Huckert&#039;s\" \/>\n<meta property=\"og:description\" content=\"[vc_row][vc_column][\/vc_column][\/vc_row][vc_row][vc_column][\/vc_column][\/vc_row]\" \/>\n<meta property=\"og:url\" content=\"https:\/\/huckerts.net\/nl\/nos-univers\/veterinaire\/\" \/>\n<meta property=\"og:site_name\" content=\"Huckert&#039;s\" \/>\n<meta property=\"article:publisher\" content=\"https:\/\/www.facebook.com\/huckerts\" \/>\n<meta property=\"article:modified_time\" content=\"2026-02-05T16:09:29+00:00\" \/>\n<meta property=\"og:image\" content=\"https:\/\/huckerts.net\/wp-content\/uploads\/2025\/09\/7-1024x683.png\" \/>\n\t<meta property=\"og:image:width\" content=\"1024\" \/>\n\t<meta property=\"og:image:height\" content=\"683\" \/>\n\t<meta property=\"og:image:type\" content=\"image\/png\" \/>\n<meta name=\"twitter:card\" content=\"summary_large_image\" \/>\n<meta name=\"twitter:label1\" content=\"Geschatte leestijd\" \/>\n\t<meta name=\"twitter:data1\" content=\"1 minuut\" \/>\n<script type=\"application\/ld+json\" class=\"yoast-schema-graph\">{\"@context\":\"https:\/\/schema.org\",\"@graph\":[{\"@type\":\"WebPage\",\"@id\":\"https:\/\/huckerts.net\/nl\/nos-univers\/veterinaire\/\",\"url\":\"https:\/\/huckerts.net\/nl\/nos-univers\/veterinaire\/\",\"name\":\"Dierenarts - Huckert&#039;s\",\"isPartOf\":{\"@id\":\"https:\/\/huckerts.net\/#website\"},\"datePublished\":\"2025-08-26T17:50:11+00:00\",\"dateModified\":\"2026-02-05T16:09:29+00:00\",\"breadcrumb\":{\"@id\":\"https:\/\/huckerts.net\/nl\/nos-univers\/veterinaire\/#breadcrumb\"},\"inLanguage\":\"nl-NL\",\"potentialAction\":[{\"@type\":\"ReadAction\",\"target\":[\"https:\/\/huckerts.net\/nl\/nos-univers\/veterinaire\/\"]}]},{\"@type\":\"BreadcrumbList\",\"@id\":\"https:\/\/huckerts.net\/nl\/nos-univers\/veterinaire\/#breadcrumb\",\"itemListElement\":[{\"@type\":\"ListItem\",\"position\":1,\"name\":\"Onze sectoren\",\"item\":\"https:\/\/huckerts.net\/nl\/nos-univers\/\"},{\"@type\":\"ListItem\",\"position\":2,\"name\":\"Dierenarts\"}]},{\"@type\":\"WebSite\",\"@id\":\"https:\/\/huckerts.net\/#website\",\"url\":\"https:\/\/huckerts.net\/\",\"name\":\"Huckert&#039;s\",\"description\":\"La d\u00e9sinfection ma\u00eetris\u00e9e\",\"potentialAction\":[{\"@type\":\"SearchAction\",\"target\":{\"@type\":\"EntryPoint\",\"urlTemplate\":\"https:\/\/huckerts.net\/?s={search_term_string}\"},\"query-input\":\"required name=search_term_string\"}],\"inLanguage\":\"nl-NL\"}]}<\/script>\n<!-- \/ Yoast SEO plugin. -->","yoast_head_json":{"title":"Dierenarts - Huckert&#039;s","robots":{"index":"index","follow":"follow","max-snippet":"max-snippet:-1","max-image-preview":"max-image-preview:large","max-video-preview":"max-video-preview:-1"},"canonical":"https:\/\/huckerts.net\/nl\/nos-univers\/veterinaire\/","og_locale":"nl_NL","og_type":"article","og_title":"Dierenarts - Huckert&#039;s","og_description":"[vc_row][vc_column][\/vc_column][\/vc_row][vc_row][vc_column][\/vc_column][\/vc_row]","og_url":"https:\/\/huckerts.net\/nl\/nos-univers\/veterinaire\/","og_site_name":"Huckert&#039;s","article_publisher":"https:\/\/www.facebook.com\/huckerts","article_modified_time":"2026-02-05T16:09:29+00:00","og_image":[{"width":1024,"height":683,"url":"https:\/\/huckerts.net\/wp-content\/uploads\/2025\/09\/7-1024x683.png","type":"image\/png"}],"twitter_card":"summary_large_image","twitter_misc":{"Geschatte leestijd":"1 minuut"},"schema":{"@context":"https:\/\/schema.org","@graph":[{"@type":"WebPage","@id":"https:\/\/huckerts.net\/nl\/nos-univers\/veterinaire\/","url":"https:\/\/huckerts.net\/nl\/nos-univers\/veterinaire\/","name":"Dierenarts - Huckert&#039;s","isPartOf":{"@id":"https:\/\/huckerts.net\/#website"},"datePublished":"2025-08-26T17:50:11+00:00","dateModified":"2026-02-05T16:09:29+00:00","breadcrumb":{"@id":"https:\/\/huckerts.net\/nl\/nos-univers\/veterinaire\/#breadcrumb"},"inLanguage":"nl-NL","potentialAction":[{"@type":"ReadAction","target":["https:\/\/huckerts.net\/nl\/nos-univers\/veterinaire\/"]}]},{"@type":"BreadcrumbList","@id":"https:\/\/huckerts.net\/nl\/nos-univers\/veterinaire\/#breadcrumb","itemListElement":[{"@type":"ListItem","position":1,"name":"Onze sectoren","item":"https:\/\/huckerts.net\/nl\/nos-univers\/"},{"@type":"ListItem","position":2,"name":"Dierenarts"}]},{"@type":"WebSite","@id":"https:\/\/huckerts.net\/#website","url":"https:\/\/huckerts.net\/","name":"Huckert&#039;s","description":"La d\u00e9sinfection ma\u00eetris\u00e9e","potentialAction":[{"@type":"SearchAction","target":{"@type":"EntryPoint","urlTemplate":"https:\/\/huckerts.net\/?s={search_term_string}"},"query-input":"required name=search_term_string"}],"inLanguage":"nl-NL"}]}},"_links":{"self":[{"href":"https:\/\/huckerts.net\/nl\/wp-json\/wp\/v2\/pages\/20691"}],"collection":[{"href":"https:\/\/huckerts.net\/nl\/wp-json\/wp\/v2\/pages"}],"about":[{"href":"https:\/\/huckerts.net\/nl\/wp-json\/wp\/v2\/types\/page"}],"author":[{"embeddable":true,"href":"https:\/\/huckerts.net\/nl\/wp-json\/wp\/v2\/users\/15"}],"replies":[{"embeddable":true,"href":"https:\/\/huckerts.net\/nl\/wp-json\/wp\/v2\/comments?post=20691"}],"version-history":[{"count":4,"href":"https:\/\/huckerts.net\/nl\/wp-json\/wp\/v2\/pages\/20691\/revisions"}],"predecessor-version":[{"id":20738,"href":"https:\/\/huckerts.net\/nl\/wp-json\/wp\/v2\/pages\/20691\/revisions\/20738"}],"up":[{"embeddable":true,"href":"https:\/\/huckerts.net\/nl\/wp-json\/wp\/v2\/pages\/20674"}],"wp:featuredmedia":[{"embeddable":true,"href":"https:\/\/huckerts.net\/nl\/wp-json\/wp\/v2\/media\/19599"}],"wp:attachment":[{"href":"https:\/\/huckerts.net\/nl\/wp-json\/wp\/v2\/media?parent=20691"}],"curies":[{"name":"wp","href":"https:\/\/api.w.org\/{rel}","templated":true}]}}