{"id":20534,"date":"2021-08-25T13:41:13","date_gmt":"2021-08-25T11:41:13","guid":{"rendered":"https:\/\/huckerts.net\/umonium38\/"},"modified":"2026-01-23T10:31:28","modified_gmt":"2026-01-23T09:31:28","slug":"umonium38","status":"publish","type":"page","link":"https:\/\/huckerts.net\/nl\/umonium38\/","title":{"rendered":"UMONIUM38\u00ae"},"content":{"rendered":"<p>[vc_row css=&#8221;.vc_custom_1607082351781{margin-top: 107px !important;}&#8221;][vc_column][vc_column_text]<\/p>\n<p class=\"p1\">Er waren 38 pogingen nodig om de formule te verkrijgen die prestaties, snelheid, stabiliteit en veiligheid in zich verenigt. De formule van onze UMONIUM38\u00ae-producten toont een aanzienlijk breder werkingsspectrum. De contacttijden zijn kort en realistisch. De gebruiksconcentraties zijn gering. Het tensioactieve karakter van de formule zorgt voor een krachtige reinigende werking, desinfectie van hoog niveau voor alle pathogenen en de verwijdering van een vettige, eiwitachtige film en van biofilm, door middel van weken, circulatie van stromen, nat afvegen, verstuiven, aanbrengen van schuim, &#8230; Koud \u00e9n warm.<\/p>\n<p>[\/vc_column_text][vc_single_image image=&#8221;20163&#8243; img_size=&#8221;full&#8221; alignment=&#8221;center&#8221; css_animation=&#8221;fadeInUp&#8221;][vc_empty_space height=&#8221;64px&#8221;][\/vc_column][\/vc_row][vc_row][vc_column]\r\n  <div class=\"block block_two_columns\">\r\n    <div class=\"block_two_columns__container default\">\r\n      <div class=\"block_two_columns__container__image\">\r\n        <img decoding=\"async\" src=\"https:\/\/huckerts.net\/wp-content\/uploads\/2021\/09\/U38-01.jpg\" alt=\"Image mise en avant\" class=\" animateFade fadeOutAnimation\">\r\n      <\/div>\r\n      <div class=\"block_two_columns__container__content\">\r\n        <div class=\"text animateFade fadeOutAnimation\">\r\n          <\/p>\n<div class=\"wpb_text_column wpb_content_element \">\n<div class=\"wpb_wrapper\">\n<h2>ERKENDE DOELTREFFENDHEID<\/h2>\n<\/div>\n<\/div>\n<div class=\"wpb_text_column wpb_content_element \">\n<div class=\"wpb_wrapper\">\n<p class=\"p1\">Conform en gevalideerd volgens de hoogste Europese normatieve standaarden. De doeltreffendheid van onze desinfectiemiddelen wordt erkend voor het geheel van de pathogene flora (bacteri\u00ebn, gisten, schimmels, mycobacteri\u00ebn, virussen), zelfs in omstandigheden van interferentie.<\/p>\n<\/div>\n<\/div>\n<p>\r\n        <\/div>\r\n        \r\n      <\/div>\r\n    <\/div>\r\n  <\/div>[\/vc_column][\/vc_row][vc_row][vc_column]\r\n  <div class=\"block block_two_columns\">\r\n    <div class=\"block_two_columns__container inverse\">\r\n      <div class=\"block_two_columns__container__image\">\r\n        <img decoding=\"async\" src=\"https:\/\/huckerts.net\/wp-content\/uploads\/2021\/09\/U38-02.jpg\" alt=\"Image mise en avant\" class=\" animateFade fadeOutAnimation\">\r\n      <\/div>\r\n      <div class=\"block_two_columns__container__content\">\r\n        <div class=\"text animateFade fadeOutAnimation\">\r\n          <\/p>\n<div class=\"wpb_text_column wpb_content_element \">\n<div class=\"wpb_wrapper\">\n<h2>VEILIGE PRODUCTEN<\/h2>\n<\/div>\n<\/div>\n<div class=\"wpb_text_column wpb_content_element \">\n<div class=\"wpb_wrapper\">\n<p class=\"p1\">Vanuit een VERANTWOORDE benaderingswijze verbindt Laboratoire Huckert&#8217;s International zich ertoe om producten op de markt te brengen die geen risico vormen voor de operator, de pati\u00ebnt, het materiaal en het milieu.<br \/>\nOnze desinfectiemiddelen bevatten geen CMR-componenten (kankerverwekkend, mutageen, reprotoxisch) of hormoonontregelaars, ze zijn pH-neutraal, niet corrosief, onontvlambaar en geven geen giftige dampen af.<\/p>\n<p>Producten die geen gevaar vormen voor uw gezondheid of uw materiaal!<\/p>\n<\/div>\n<\/div>\n<p>\r\n        <\/div>\r\n        \r\n      <\/div>\r\n    <\/div>\r\n  <\/div>[\/vc_column][\/vc_row][vc_row][vc_column][vc_empty_space height=&#8221;30px&#8221;][vc_row_inner][vc_column_inner width=&#8221;1\/4&#8243;][vc_single_image image=&#8221;3920&#8243; img_size=&#8221;90 x 90&#8243; alignment=&#8221;center&#8221; style=&#8221;vc_box_rounded&#8221;][vc_column_text]<\/p>\n<p style=\"font-size: 15px; font-weight: normal; font-stretch: normal; font-style: normal; line-height: 1.33; letter-spacing: normal; text-align: center; color: rgba(0, 0, 0, 0.66);\">Zonder gevaarlijke damp<\/p>\n<p>[\/vc_column_text][\/vc_column_inner][vc_column_inner width=&#8221;1\/4&#8243;][vc_single_image image=&#8221;3918&#8243; img_size=&#8221;90 x 90&#8243; alignment=&#8221;center&#8221; style=&#8221;vc_box_rounded&#8221;][vc_column_text]<\/p>\n<p style=\"font-size: 15px; font-weight: normal; font-stretch: normal; font-style: normal; line-height: 1.33; letter-spacing: normal; text-align: center; color: rgba(0, 0, 0, 0.66);\">Zonder CMR-substantie<br \/>\nof hormoonontregelaar<\/p>\n<p>[\/vc_column_text][\/vc_column_inner][vc_column_inner width=&#8221;1\/4&#8243;][vc_single_image image=&#8221;3917&#8243; img_size=&#8221;90 x 90&#8243; alignment=&#8221;center&#8221; style=&#8221;vc_box_rounded&#8221;][vc_column_text]<\/p>\n<p class=\"p1\" style=\"text-align: center;\">Niet brandbaar<\/p>\n<p>[\/vc_column_text][\/vc_column_inner][vc_column_inner width=&#8221;1\/4&#8243;][vc_single_image image=&#8221;3915&#8243; img_size=&#8221;90 x 90&#8243; alignment=&#8221;center&#8221; style=&#8221;vc_box_rounded&#8221;][vc_column_text]<\/p>\n<p style=\"font-size: 15px; font-weight: normal; font-stretch: normal; font-style: normal; line-height: 1.33; letter-spacing: normal; text-align: center; color: rgba(0, 0, 0, 0.66);\">Zonder residu na spoeling<\/p>\n<p>[\/vc_column_text][\/vc_column_inner][\/vc_row_inner][vc_empty_space height=&#8221;30px&#8221;][\/vc_column][\/vc_row][vc_row][vc_column]\r\n  <div class=\"block block_two_columns\">\r\n    <div class=\"block_two_columns__container default\">\r\n      <div class=\"block_two_columns__container__image\">\r\n        <img decoding=\"async\" src=\"https:\/\/huckerts.net\/wp-content\/uploads\/2021\/09\/U38-03.jpg\" alt=\"Image mise en avant\" class=\" animateFade fadeOutAnimation\">\r\n      <\/div>\r\n      <div class=\"block_two_columns__container__content\">\r\n        <div class=\"text animateFade fadeOutAnimation\">\r\n          <\/p>\n<div class=\"wpb_text_column wpb_content_element \">\n<div class=\"wpb_wrapper\">\n<h2>AANGEPASTE ASSORTIMENTEN<\/h2>\n<\/div>\n<\/div>\n<div class=\"wpb_text_column wpb_content_element \">\n<div class=\"wpb_wrapper\">\n<p>Omdat de eisen per sector verschillen, heeft ons laboratorium verschillende assortimenten van desinfectiemiddelen ontwikkeld om te voorzien in de specifieke behoeften van elke professionele sector.<\/p>\n<p>We bieden u biociden en medische hulpmiddelen, met of zonder etherische oli\u00ebn, die zijn aangepast aan de meest veeleisende of gevoelige omgevingen, of die in contact staan met levensmiddelen.<\/p>\n<\/div>\n<\/div>\n<p>\r\n        <\/div>\r\n        \r\n      <\/div>\r\n    <\/div>\r\n  <\/div>[\/vc_column][\/vc_row][vc_row][vc_column]\r\n  <div class=\"block block_two_columns\">\r\n    <div class=\"block_two_columns__container inverse\">\r\n      <div class=\"block_two_columns__container__image\">\r\n        <img decoding=\"async\" src=\"https:\/\/huckerts.net\/wp-content\/uploads\/2021\/09\/U38-04.jpg\" alt=\"Image mise en avant\" class=\" animateFade fadeOutAnimation\">\r\n      <\/div>\r\n      <div class=\"block_two_columns__container__content\">\r\n        <div class=\"text animateFade fadeOutAnimation\">\r\n          <\/p>\n<div class=\"wpb_text_column wpb_content_element \">\n<div class=\"wpb_wrapper\">\n<h2>EEN DUBBELE WERKING: REINIGING EN DESINFECTIE<\/h2>\n<\/div>\n<\/div>\n<div class=\"wpb_text_column wpb_content_element \">\n<div class=\"wpb_wrapper\">\n<p class=\"p1\">UMONIUM38\u00ae bezit tensioactieve eigenschappen. De formule destabiliseert de verbindingen tussen de watermoleculen en stelt deze in staat dieper in de micro-oneffenheden binnen te dringen en zo de oplosbaarheid van andere moleculen (vetten, vuil &#8230;) te bevorderen.<\/p>\n<p class=\"p1\">Dankzij deze bijzondere eigenschap kan UMONIUM38\u00ae gebruikt worden om te reinigen en te desinfecteren.<\/p>\n<\/div>\n<\/div>\n<p>\r\n        <\/div>\r\n        \r\n      <\/div>\r\n    <\/div>\r\n  <\/div>[\/vc_column][\/vc_row]<\/p>\n","protected":false},"excerpt":{"rendered":"<p>[vc_row css=&#8221;.vc_custom_1607082351781{margin-top: 107px !important;}&#8221;][vc_column][vc_column_text] Er waren 38 pogingen nodig om de formule te verkrijgen die prestaties, snelheid, stabiliteit en veiligheid in zich verenigt. De formule van onze UMONIUM38\u00ae-producten toont een aanzienlijk breder werkingsspectrum. De contacttijden zijn kort en realistisch. De gebruiksconcentraties zijn gering. Het tensioactieve karakter van de formule zorgt voor een krachtige reinigende werking, desinfectie van hoog niveau voor alle pathogenen en de verwijdering van een vettige, eiwitachtige film en van biofilm, door middel van weken, circulatie van stromen, nat afvegen, verstuiven, aanbrengen van schuim, &#8230; Koud \u00e9n warm. [\/vc_column_text][vc_single_image image=&#8221;20163&#8243; img_size=&#8221;full&#8221; alignment=&#8221;center&#8221; css_animation=&#8221;fadeInUp&#8221;][vc_empty_space height=&#8221;64px&#8221;][\/vc_column][\/vc_row][vc_row][vc_column][\/vc_column][\/vc_row][vc_row][vc_column][\/vc_column][\/vc_row][vc_row][vc_column][vc_empty_space height=&#8221;30px&#8221;][vc_row_inner][vc_column_inner width=&#8221;1\/4&#8243;][vc_single_image image=&#8221;3920&#8243; img_size=&#8221;90 x 90&#8243; alignment=&#8221;center&#8221; style=&#8221;vc_box_rounded&#8221;][vc_column_text] Zonder gevaarlijke damp [\/vc_column_text][\/vc_column_inner][vc_column_inner width=&#8221;1\/4&#8243;][vc_single_image image=&#8221;3918&#8243; img_size=&#8221;90 x 90&#8243; alignment=&#8221;center&#8221; style=&#8221;vc_box_rounded&#8221;][vc_column_text] Zonder CMR-substantie of hormoonontregelaar [\/vc_column_text][\/vc_column_inner][vc_column_inner width=&#8221;1\/4&#8243;][vc_single_image image=&#8221;3917&#8243; img_size=&#8221;90 x 90&#8243; alignment=&#8221;center&#8221; style=&#8221;vc_box_rounded&#8221;][vc_column_text] Niet brandbaar [\/vc_column_text][\/vc_column_inner][vc_column_inner width=&#8221;1\/4&#8243;][vc_single_image image=&#8221;3915&#8243; img_size=&#8221;90 x 90&#8243; alignment=&#8221;center&#8221; style=&#8221;vc_box_rounded&#8221;][vc_column_text] Zonder residu na spoeling [\/vc_column_text][\/vc_column_inner][\/vc_row_inner][vc_empty_space height=&#8221;30px&#8221;][\/vc_column][\/vc_row][vc_row][vc_column][\/vc_column][\/vc_row][vc_row][vc_column][\/vc_column][\/vc_row]<\/p>\n","protected":false},"author":13,"featured_media":0,"parent":0,"menu_order":0,"comment_status":"closed","ping_status":"closed","template":"","meta":{"footnotes":""},"yoast_head":"<!-- This site is optimized with the Yoast SEO plugin v21.7 - https:\/\/yoast.com\/wordpress\/plugins\/seo\/ -->\n<title>UMONIUM38\u00ae - Huckert&#039;s<\/title>\n<meta name=\"robots\" content=\"index, follow, max-snippet:-1, max-image-preview:large, max-video-preview:-1\" \/>\n<link rel=\"canonical\" href=\"https:\/\/huckerts.net\/nl\/umonium38\/\" \/>\n<meta property=\"og:locale\" content=\"nl_NL\" \/>\n<meta property=\"og:type\" content=\"article\" \/>\n<meta property=\"og:title\" content=\"UMONIUM38\u00ae - Huckert&#039;s\" \/>\n<meta property=\"og:description\" content=\"[vc_row css=&#8221;.vc_custom_1607082351781{margin-top: 107px !important;}&#8221;][vc_column][vc_column_text] Er waren 38 pogingen nodig om de formule te verkrijgen die prestaties, snelheid, stabiliteit en veiligheid in zich verenigt. De formule van onze UMONIUM38\u00ae-producten toont een aanzienlijk breder werkingsspectrum. De contacttijden zijn kort en realistisch. De gebruiksconcentraties zijn gering. Het tensioactieve karakter van de formule zorgt voor een krachtige reinigende werking, desinfectie van hoog niveau voor alle pathogenen en de verwijdering van een vettige, eiwitachtige film en van biofilm, door middel van weken, circulatie van stromen, nat afvegen, verstuiven, aanbrengen van schuim, &#8230; Koud \u00e9n warm. [\/vc_column_text][vc_single_image image=&#8221;20163&#8243; img_size=&#8221;full&#8221; alignment=&#8221;center&#8221; css_animation=&#8221;fadeInUp&#8221;][vc_empty_space height=&#8221;64px&#8221;][\/vc_column][\/vc_row][vc_row][vc_column][\/vc_column][\/vc_row][vc_row][vc_column][\/vc_column][\/vc_row][vc_row][vc_column][vc_empty_space height=&#8221;30px&#8221;][vc_row_inner][vc_column_inner width=&#8221;1\/4&#8243;][vc_single_image image=&#8221;3920&#8243; img_size=&#8221;90 x 90&#8243; alignment=&#8221;center&#8221; style=&#8221;vc_box_rounded&#8221;][vc_column_text] Zonder gevaarlijke damp [\/vc_column_text][\/vc_column_inner][vc_column_inner width=&#8221;1\/4&#8243;][vc_single_image image=&#8221;3918&#8243; img_size=&#8221;90 x 90&#8243; alignment=&#8221;center&#8221; style=&#8221;vc_box_rounded&#8221;][vc_column_text] Zonder CMR-substantie of hormoonontregelaar [\/vc_column_text][\/vc_column_inner][vc_column_inner width=&#8221;1\/4&#8243;][vc_single_image image=&#8221;3917&#8243; img_size=&#8221;90 x 90&#8243; alignment=&#8221;center&#8221; style=&#8221;vc_box_rounded&#8221;][vc_column_text] Niet brandbaar [\/vc_column_text][\/vc_column_inner][vc_column_inner width=&#8221;1\/4&#8243;][vc_single_image image=&#8221;3915&#8243; img_size=&#8221;90 x 90&#8243; alignment=&#8221;center&#8221; style=&#8221;vc_box_rounded&#8221;][vc_column_text] Zonder residu na spoeling [\/vc_column_text][\/vc_column_inner][\/vc_row_inner][vc_empty_space height=&#8221;30px&#8221;][\/vc_column][\/vc_row][vc_row][vc_column][\/vc_column][\/vc_row][vc_row][vc_column][\/vc_column][\/vc_row]\" \/>\n<meta property=\"og:url\" content=\"https:\/\/huckerts.net\/nl\/umonium38\/\" \/>\n<meta property=\"og:site_name\" content=\"Huckert&#039;s\" \/>\n<meta property=\"article:publisher\" content=\"https:\/\/www.facebook.com\/huckerts\" \/>\n<meta property=\"article:modified_time\" content=\"2026-01-23T09:31:28+00:00\" \/>\n<meta property=\"og:image\" content=\"https:\/\/huckerts.net\/wp-content\/uploads\/2022\/01\/huckertnet-screeshot_2022-scaled.jpg\" \/>\n\t<meta property=\"og:image:width\" content=\"2560\" \/>\n\t<meta property=\"og:image:height\" content=\"1600\" \/>\n\t<meta property=\"og:image:type\" content=\"image\/jpeg\" \/>\n<meta name=\"twitter:card\" content=\"summary_large_image\" \/>\n<meta name=\"twitter:label1\" content=\"Geschatte leestijd\" \/>\n\t<meta name=\"twitter:data1\" content=\"2 minutes\" \/>\n<script type=\"application\/ld+json\" class=\"yoast-schema-graph\">{\"@context\":\"https:\/\/schema.org\",\"@graph\":[{\"@type\":\"WebPage\",\"@id\":\"https:\/\/huckerts.net\/nl\/umonium38\/\",\"url\":\"https:\/\/huckerts.net\/nl\/umonium38\/\",\"name\":\"UMONIUM38\u00ae - Huckert&#039;s\",\"isPartOf\":{\"@id\":\"https:\/\/huckerts.net\/#website\"},\"datePublished\":\"2021-08-25T11:41:13+00:00\",\"dateModified\":\"2026-01-23T09:31:28+00:00\",\"inLanguage\":\"nl-NL\",\"potentialAction\":[{\"@type\":\"ReadAction\",\"target\":[\"https:\/\/huckerts.net\/nl\/umonium38\/\"]}]},{\"@type\":\"WebSite\",\"@id\":\"https:\/\/huckerts.net\/#website\",\"url\":\"https:\/\/huckerts.net\/\",\"name\":\"Huckert&#039;s\",\"description\":\"La d\u00e9sinfection ma\u00eetris\u00e9e\",\"potentialAction\":[{\"@type\":\"SearchAction\",\"target\":{\"@type\":\"EntryPoint\",\"urlTemplate\":\"https:\/\/huckerts.net\/?s={search_term_string}\"},\"query-input\":\"required name=search_term_string\"}],\"inLanguage\":\"nl-NL\"}]}<\/script>\n<!-- \/ Yoast SEO plugin. -->","yoast_head_json":{"title":"UMONIUM38\u00ae - Huckert&#039;s","robots":{"index":"index","follow":"follow","max-snippet":"max-snippet:-1","max-image-preview":"max-image-preview:large","max-video-preview":"max-video-preview:-1"},"canonical":"https:\/\/huckerts.net\/nl\/umonium38\/","og_locale":"nl_NL","og_type":"article","og_title":"UMONIUM38\u00ae - Huckert&#039;s","og_description":"[vc_row css=&#8221;.vc_custom_1607082351781{margin-top: 107px !important;}&#8221;][vc_column][vc_column_text] Er waren 38 pogingen nodig om de formule te verkrijgen die prestaties, snelheid, stabiliteit en veiligheid in zich verenigt. De formule van onze UMONIUM38\u00ae-producten toont een aanzienlijk breder werkingsspectrum. De contacttijden zijn kort en realistisch. De gebruiksconcentraties zijn gering. Het tensioactieve karakter van de formule zorgt voor een krachtige reinigende werking, desinfectie van hoog niveau voor alle pathogenen en de verwijdering van een vettige, eiwitachtige film en van biofilm, door middel van weken, circulatie van stromen, nat afvegen, verstuiven, aanbrengen van schuim, &#8230; Koud \u00e9n warm. [\/vc_column_text][vc_single_image image=&#8221;20163&#8243; img_size=&#8221;full&#8221; alignment=&#8221;center&#8221; css_animation=&#8221;fadeInUp&#8221;][vc_empty_space height=&#8221;64px&#8221;][\/vc_column][\/vc_row][vc_row][vc_column][\/vc_column][\/vc_row][vc_row][vc_column][\/vc_column][\/vc_row][vc_row][vc_column][vc_empty_space height=&#8221;30px&#8221;][vc_row_inner][vc_column_inner width=&#8221;1\/4&#8243;][vc_single_image image=&#8221;3920&#8243; img_size=&#8221;90 x 90&#8243; alignment=&#8221;center&#8221; style=&#8221;vc_box_rounded&#8221;][vc_column_text] Zonder gevaarlijke damp [\/vc_column_text][\/vc_column_inner][vc_column_inner width=&#8221;1\/4&#8243;][vc_single_image image=&#8221;3918&#8243; img_size=&#8221;90 x 90&#8243; alignment=&#8221;center&#8221; style=&#8221;vc_box_rounded&#8221;][vc_column_text] Zonder CMR-substantie of hormoonontregelaar [\/vc_column_text][\/vc_column_inner][vc_column_inner width=&#8221;1\/4&#8243;][vc_single_image image=&#8221;3917&#8243; img_size=&#8221;90 x 90&#8243; alignment=&#8221;center&#8221; style=&#8221;vc_box_rounded&#8221;][vc_column_text] Niet brandbaar [\/vc_column_text][\/vc_column_inner][vc_column_inner width=&#8221;1\/4&#8243;][vc_single_image image=&#8221;3915&#8243; img_size=&#8221;90 x 90&#8243; alignment=&#8221;center&#8221; style=&#8221;vc_box_rounded&#8221;][vc_column_text] Zonder residu na spoeling [\/vc_column_text][\/vc_column_inner][\/vc_row_inner][vc_empty_space height=&#8221;30px&#8221;][\/vc_column][\/vc_row][vc_row][vc_column][\/vc_column][\/vc_row][vc_row][vc_column][\/vc_column][\/vc_row]","og_url":"https:\/\/huckerts.net\/nl\/umonium38\/","og_site_name":"Huckert&#039;s","article_publisher":"https:\/\/www.facebook.com\/huckerts","article_modified_time":"2026-01-23T09:31:28+00:00","og_image":[{"width":2560,"height":1600,"url":"https:\/\/huckerts.net\/wp-content\/uploads\/2022\/01\/huckertnet-screeshot_2022-scaled.jpg","type":"image\/jpeg"}],"twitter_card":"summary_large_image","twitter_misc":{"Geschatte leestijd":"2 minutes"},"schema":{"@context":"https:\/\/schema.org","@graph":[{"@type":"WebPage","@id":"https:\/\/huckerts.net\/nl\/umonium38\/","url":"https:\/\/huckerts.net\/nl\/umonium38\/","name":"UMONIUM38\u00ae - Huckert&#039;s","isPartOf":{"@id":"https:\/\/huckerts.net\/#website"},"datePublished":"2021-08-25T11:41:13+00:00","dateModified":"2026-01-23T09:31:28+00:00","inLanguage":"nl-NL","potentialAction":[{"@type":"ReadAction","target":["https:\/\/huckerts.net\/nl\/umonium38\/"]}]},{"@type":"WebSite","@id":"https:\/\/huckerts.net\/#website","url":"https:\/\/huckerts.net\/","name":"Huckert&#039;s","description":"La d\u00e9sinfection ma\u00eetris\u00e9e","potentialAction":[{"@type":"SearchAction","target":{"@type":"EntryPoint","urlTemplate":"https:\/\/huckerts.net\/?s={search_term_string}"},"query-input":"required name=search_term_string"}],"inLanguage":"nl-NL"}]}},"_links":{"self":[{"href":"https:\/\/huckerts.net\/nl\/wp-json\/wp\/v2\/pages\/20534"}],"collection":[{"href":"https:\/\/huckerts.net\/nl\/wp-json\/wp\/v2\/pages"}],"about":[{"href":"https:\/\/huckerts.net\/nl\/wp-json\/wp\/v2\/types\/page"}],"author":[{"embeddable":true,"href":"https:\/\/huckerts.net\/nl\/wp-json\/wp\/v2\/users\/13"}],"replies":[{"embeddable":true,"href":"https:\/\/huckerts.net\/nl\/wp-json\/wp\/v2\/comments?post=20534"}],"version-history":[{"count":3,"href":"https:\/\/huckerts.net\/nl\/wp-json\/wp\/v2\/pages\/20534\/revisions"}],"predecessor-version":[{"id":20535,"href":"https:\/\/huckerts.net\/nl\/wp-json\/wp\/v2\/pages\/20534\/revisions\/20535"}],"wp:attachment":[{"href":"https:\/\/huckerts.net\/nl\/wp-json\/wp\/v2\/media?parent=20534"}],"curies":[{"name":"wp","href":"https:\/\/api.w.org\/{rel}","templated":true}]}}