{"id":20527,"date":"2016-03-14T17:56:52","date_gmt":"2016-03-14T16:56:52","guid":{"rendered":"https:\/\/huckerts.net\/carrieres\/"},"modified":"2026-04-10T12:05:19","modified_gmt":"2026-04-10T10:05:19","slug":"carrieres","status":"publish","type":"page","link":"https:\/\/huckerts.net\/nl\/carrieres\/","title":{"rendered":"Loopbaan"},"content":{"rendered":"<p>[vc_row][vc_column]\r\n  <div class=\"block block_text\">\r\n    <div class=\"block_text__container\">\r\n      <div class=\"block_text__container__content\">\r\n        <h2 class=\" animateFade fadeOutAnimation\"><\/h2>\r\n        <div class=\"text animateFade fadeOutAnimation\">\r\n          De sector bloeit en ons laboratorium zoekt daarom regelmatig nieuwe medewerkers voor de verschillende afdelingen: productie, kwaliteitscontrole, wetenschap, reglementen, verkoop, administratie, &#8230;<\/p>\n<p>Solliciteer via ons formulier en kom werken bij een succesvol familiebedrijf dat zich richt op de ontwikkeling van mensen op de lange termijn. \r\n        <\/div>\r\n      <\/div>\r\n    <\/div>\r\n  <\/div>[\/vc_column][\/vc_row][vc_row][vc_column][vc_empty_space height=&#8221;50px&#8221;][\/vc_column][\/vc_row][vc_row][vc_column]\r\n  <div class=\"block block_accordion\">\r\n    <div class=\"block_accordion__container\">\r\n      <div class=\"block_accordion__container__sidebar\">\r\n        <ul class=\"block_accordion__container__sidebar__items \">\r\n          \r\n    <li class=\"block_accordion__container__sidebar__items__item active animateFade fadeOutAnimation\" data-name=\"externe-commercieel-medewerker-m-v-x\">\r\n      <a href=\"#\">EXTERNE COMMERCIEEL MEDEWERKER (M\/V\/X)<\/a>\r\n    <\/li>\r\n    \r\n        <\/ul>\r\n      <\/div>\r\n      <div class=\"block_accordion__container__content\">\r\n        <div class=\"block_accordion__container__content__items\">\r\n          \r\n    <div class=\"block_accordion__container__content__items__item active \" data-name=\"externe-commercieel-medewerker-m-v-x\">\r\n      <div class=\"job-offer\">\n\n    <h2>DE FUNCTIE IN EEN NOTENDOP<\/h2>\n    <p>U bent de spil van onze ontwikkeling in Oost- en West-Vlaanderen, met rechtstreekse rapportage aan de Sales Director. Uw missie: nieuwe accounts openen, overtuigen via expertise en marktaandeel veroveren in een regio met sterk potentieel.<\/p>\n\n    <p><strong>Uw prioritaire doelgroepen:<\/strong><\/p>\n    <ul>\n        <li>Vlaamse ziekenhuizen en ziekenhuisgroepen (UZ, AZ)<\/li>\n        <li>Aankoopcentrales<\/li>\n        <li>Woonzorgcentra & MRS<\/li>\n        <li>Gespecialiseerde klinieken (neonatologie, operatiekwartier, IVF\/PMA)<\/li>\n        <li>Laboratoria & farmaceutische industrie<\/li>\n    <\/ul>\n\n    <hr \/>\n\n    <h2>UW VERANTWOORDELIJKHEDEN<\/h2>\n\n    <h3>Commerci\u00eble ontwikkeling<\/h3>\n    <ul>\n        <li>Prospecteren, kwalificeren en uitbouwen van een klantenportefeuille in Oost- en West-Vlaanderen<\/li>\n        <li>Identificeren en bewerken van publieke en private offerteaanvragen (aankoopcentrales, ziekenhuisgroepen)<\/li>\n        <li>Bestaande klanten reactiveren en verder ontwikkelen<\/li>\n        <li>Deelnemen aan congressen, beurzen en wetenschappelijke studiedagen in Belgi\u00eb<\/li>\n    <\/ul>\n\n    <h3>Rol als expert-consultant<\/h3>\n    <ul>\n        <li>UMONIUM38\u00ae en PHYTOGEL By Huckert\u2019s\u00ae positioneren als de referentie op het vlak van risicovrije hoogwaardige desinfectie, made in Belgium<\/li>\n        <li>Dialoog aangaan met ziekenhuisapothekers, infectiologen, aankooopverantwoordelijken, artsen<\/li>\n        <li>Technische demonstraties en producttrainingen organiseren (ter plaatse en via videoconferentie)<\/li>\n        <li>Een concurrentiele marktopvolging verzorgen<\/li>\n    <\/ul>\n\n    <h3>Opvolging en rapportering<\/h3>\n    <ul>\n        <li>Uw commerci\u00eble pipeline opvolgen via ERP Odoo en regelmatig rapporteren aan de directie<\/li>\n        <li>Nauw samenwerken met uw collega's en het interne technische supportteam<\/li>\n    <\/ul>\n\n    <hr \/>\n\n    <h2>UW PROFIEL<\/h2>\n    <p>Wij zoeken een profiel dat technische expertise, commercieel inzicht en overtuiging combineert. Twee achtergronden komen in aanmerking:<\/p>\n\n    <p><strong>Profiel A \u2014 Ervaren en gedreven<\/strong><br>\n    3 tot 5 jaar B2B-verkoopervaring in MD, farma, biociden of gereglementeerde hygi\u00ebne. U wilt een project dragen, niet hokjes aanvinken in een grote onderneming.<\/p>\n\n    <p><strong>Profiel B \u2014 Senior met zingeving als drijfveer<\/strong><br>\n    5+ jaar ervaring, netwerk in de Vlaamse zorgsector, behoefte aan autonomie en direct contact met de directie van een groeiend familiebedrijf.<\/p>\n\n    <h3>Vereiste competenties<\/h3>\n    <ul style=\"column-count: 2; list-style-type: '\u25b8 '; padding-left: 20px;\">\n        <li>Nederlands (moedertaal\/C2)<\/li>\n        <li>Kennis medische verkoopcyclus<\/li>\n        <li>MS Office & ERP (Odoo: troef)<\/li>\n        <li>Rijbewijs B (min. 60% op de baan)<\/li>\n        <li>Presentatievaardigheden<\/li>\n        <li>Kennis Vlaamse ziekenhuismarkt<\/li>\n        <li>Professioneel Frans (+ basis Engels)<\/li>\n        <li>Ervaring met aanbestedingen<\/li>\n    <\/ul>\n\n    <h3>Wat u typeert<\/h3>\n    <ul>\n        <li>U bent ervan overtuigd dat een premium product verkopen een troef is<\/li>\n        <li>U deelt kennis even graag als u overtuigt<\/li>\n        <li>Autonoom en georganiseerd (ondernemersmentaliteit)<\/li>\n        <li>U houdt van directe impact en korte beslissingslijnen<\/li>\n        <li>Trots op een Made in Belgium, ethisch merk<\/li>\n    <\/ul>\n\n    <hr \/>\n\n    <h2>WAT WIJ U BIEDEN<\/h2>\n    <ul style=\"list-style-type: 'check ';\">\n        <li>Vast contract \u2014 Werknemersstatus<\/li>\n        <li>Bedrijfswagen + GSM + laptop<\/li>\n        <li>Aantrekkelijk vast + variabel pakket<\/li>\n        <li>Echte autonomie in de werkorganisatie<\/li>\n        <li>Uitgebreide technische opleiding<\/li>\n        <li>Direct contact met de directie<\/li>\n        <li>Regio met sterk potentieel<\/li>\n    <\/ul>\n\n    <blockquote style=\"background: #f9f9f9; border-left: 10px solid #ccc; padding: 15px; margin: 20px 0;\">\n        <strong>Waarom kiezen voor Laboratoire Huckert's International?<\/strong><br>\n        Omdat u een project draagt, geen quota. Omdat uw idee\u00ebn rechtstreeks de directie bereiken. Omdat u producten verkoopt waarin u echt gelooft.\n    <\/blockquote>\n\n    <hr \/>\n\n    <h2 style=\"text-align: center;\">GE\u00cfNTERESSEERD?<\/h2>\n    <p style=\"text-align: center;\">\n        Stuur uw cv en motivatiebrief naar:<br><br>\n        <a href=\"mailto:hr.belgium@idealisconsultingbe-laboratoire-huckerts.odoo.com\" style=\"background-color: #0073aa; color: white; padding: 15px 25px; text-decoration: none; border-radius: 5px; font-weight: bold;\">SOLICITEER HIER<\/a>\n    <\/p>\n\n    <p style=\"font-size: 0.9em; font-style: italic; margin-top: 40px; text-align: center;\">\n        Laboratoire Huckert's International waardeert diversiteit en behandelt alle kandidaturen op basis van gelijke competenties.\n    <\/p>\n\n<\/div>\r\n    <\/div>\r\n    \r\n        <\/div>\r\n      <\/div>\r\n    <\/div>\r\n  <\/div>[\/vc_column][\/vc_row][vc_row][vc_column]\n<div class=\"wpcf7 no-js\" id=\"wpcf7-f11618-o1\" lang=\"en-US\" dir=\"ltr\">\n<div class=\"screen-reader-response\"><p role=\"status\" aria-live=\"polite\" aria-atomic=\"true\"><\/p> <ul><\/ul><\/div>\n<form action=\"\/nl\/wp-json\/wp\/v2\/pages\/20527#wpcf7-f11618-o1\" method=\"post\" class=\"wpcf7-form init\" aria-label=\"Contact form\" novalidate=\"novalidate\" data-status=\"init\">\n<div style=\"display: none;\">\n<input type=\"hidden\" name=\"_wpcf7\" value=\"11618\" \/>\n<input type=\"hidden\" name=\"_wpcf7_version\" value=\"5.8.5\" \/>\n<input type=\"hidden\" name=\"_wpcf7_locale\" value=\"en_US\" \/>\n<input type=\"hidden\" name=\"_wpcf7_unit_tag\" value=\"wpcf7-f11618-o1\" \/>\n<input type=\"hidden\" name=\"_wpcf7_container_post\" value=\"0\" \/>\n<input type=\"hidden\" name=\"_wpcf7_posted_data_hash\" value=\"\" \/>\n<input type=\"hidden\" name=\"_wpcf7_recaptcha_response\" value=\"\" \/>\n<\/div>\n<div class=\"row\">\n\t<div class=\"col-md-12\">\n\t\t<div class=\"form-group\">\n\t\t\t<p><label>Naam *<\/label><br \/>\n<span class=\"wpcf7-form-control-wrap\" data-name=\"last-name\"><input size=\"40\" class=\"wpcf7-form-control wpcf7-text wpcf7-validates-as-required form-control\" aria-required=\"true\" aria-invalid=\"false\" value=\"\" type=\"text\" name=\"last-name\" \/><\/span>\n\t\t\t<\/p>\n\t\t<\/div>\n\t\t<div class=\"form-group\">\n\t\t\t<p><label>Voornaam *<\/label><br \/>\n<span class=\"wpcf7-form-control-wrap\" data-name=\"first-name\"><input size=\"40\" class=\"wpcf7-form-control wpcf7-text wpcf7-validates-as-required form-control\" aria-required=\"true\" aria-invalid=\"false\" value=\"\" type=\"text\" name=\"first-name\" \/><\/span>\n\t\t\t<\/p>\n\t\t<\/div>\n\t\t<div class=\"form-group\">\n\t\t\t<p><label>E-mail *<\/label><br \/>\n<span class=\"wpcf7-form-control-wrap\" data-name=\"email\"><input size=\"40\" class=\"wpcf7-form-control wpcf7-email wpcf7-validates-as-required wpcf7-text wpcf7-validates-as-email form-control\" aria-required=\"true\" aria-invalid=\"false\" value=\"\" type=\"email\" name=\"email\" \/><\/span>\n\t\t\t<\/p>\n\t\t<\/div>\n\t\t<div class=\"form-group\">\n\t\t\t<p><label>Functietitel *<\/label><br \/>\n<span class=\"wpcf7-form-control-wrap\" data-name=\"menu-580\"><select class=\"wpcf7-form-control wpcf7-select form-control\" aria-invalid=\"false\" name=\"menu-580\"><option value=\"Externe commercieel medewerker (H\/F\/X)\">Externe commercieel medewerker (H\/F\/X)<\/option><option value=\"Spontane sollicitatie\">Spontane sollicitatie<\/option><option value=\"Overige\">Overige<\/option><\/select><\/span>\n\t\t\t<\/p>\n\t\t<\/div>\n\t\t<div class=\"form-group\">\n\t\t\t<p><label>Voeg uw CV en motivatiebrief toe *<\/label><br \/>\n<span class=\"wpcf7-form-control-wrap\" data-name=\"upload-file-1\"><input size=\"40\" class=\"wpcf7-form-control wpcf7-drag-n-drop-file d-none\" aria-required=\"true\" aria-invalid=\"false\" type=\"file\" multiple=\"multiple\" data-name=\"upload-file-1\" data-type=\"jpeg|png|jpg|gif|pdf|doc|docx\" data-limit=\"3276800\" data-id=\"11618\" data-version=\"free version 1.3.7.4\" accept=\".jpeg, .png, .jpg, .gif, .pdf, .doc, .docx\" \/><\/span>\n\t\t\t<\/p>\n\t\t<\/div>\n\t\t<div class=\"spacer-10\">\n\t\t<\/div>\n\t\t<div class=\"form-group\">\n\t\t\t<p><span class=\"wpcf7-form-control-wrap\" data-name=\"checkbox-10\"><span class=\"wpcf7-form-control wpcf7-checkbox wpcf7-validates-as-required\"><span class=\"wpcf7-list-item first last\"><label><input type=\"checkbox\" name=\"checkbox-10[]\" value=\"Ik geef Laboratoire Huckert\u2019s International toestemming om contact met mij op te nemen via het e-mailadres in dit formulier\" \/><span class=\"wpcf7-list-item-label\">Ik geef Laboratoire Huckert\u2019s International toestemming om contact met mij op te nemen via het e-mailadres in dit formulier<\/span><\/label><\/span><\/span><\/span>\n\t\t\t<\/p>\n\t\t<\/div>\n\t\t<div class=\"form-group text-center\">\n\t\t\t<p><input class=\"wpcf7-form-control wpcf7-submit has-spinner btn btn-primary\" type=\"submit\" value=\"Uw sollicitatie verzenden\" \/>\n\t\t\t<\/p>\n\t\t<\/div>\n\t<\/div>\n<\/div><div class=\"wpcf7-response-output\" aria-hidden=\"true\"><\/div>\n<\/form>\n<\/div>\n[\/vc_column][\/vc_row]<\/p>\n","protected":false},"excerpt":{"rendered":"<p>[vc_row][vc_column][\/vc_column][\/vc_row][vc_row][vc_column][vc_empty_space height=&#8221;50px&#8221;][\/vc_column][\/vc_row][vc_row][vc_column][\/vc_column][\/vc_row][vc_row][vc_column][\/vc_column][\/vc_row]<\/p>\n","protected":false},"author":15,"featured_media":7866,"parent":0,"menu_order":0,"comment_status":"closed","ping_status":"closed","template":"","meta":{"footnotes":""},"yoast_head":"<!-- This site is optimized with the Yoast SEO plugin v21.7 - https:\/\/yoast.com\/wordpress\/plugins\/seo\/ -->\n<title>Loopbaan - Huckert&#039;s<\/title>\n<meta name=\"description\" content=\"Dans un secteur d\u2019activit\u00e9 en plein essor, notre laboratoire recherche r\u00e9guli\u00e8rement de nouveaux collaborateurs\" \/>\n<meta name=\"robots\" content=\"index, follow, max-snippet:-1, max-image-preview:large, max-video-preview:-1\" \/>\n<link rel=\"canonical\" href=\"https:\/\/huckerts.net\/nl\/carrieres\/\" \/>\n<meta property=\"og:locale\" content=\"nl_NL\" \/>\n<meta property=\"og:type\" content=\"article\" \/>\n<meta property=\"og:title\" content=\"Loopbaan - Huckert&#039;s\" \/>\n<meta property=\"og:description\" content=\"Dans un secteur d\u2019activit\u00e9 en plein essor, notre laboratoire recherche r\u00e9guli\u00e8rement de nouveaux collaborateurs\" \/>\n<meta property=\"og:url\" content=\"https:\/\/huckerts.net\/nl\/carrieres\/\" \/>\n<meta property=\"og:site_name\" content=\"Huckert&#039;s\" \/>\n<meta property=\"article:publisher\" content=\"https:\/\/www.facebook.com\/huckerts\" \/>\n<meta property=\"article:modified_time\" content=\"2026-04-10T10:05:19+00:00\" \/>\n<meta property=\"og:image\" content=\"https:\/\/huckerts.net\/wp-content\/uploads\/2021\/04\/c-v-1.jpg\" \/>\n\t<meta property=\"og:image:width\" content=\"1920\" \/>\n\t<meta property=\"og:image:height\" content=\"240\" \/>\n\t<meta property=\"og:image:type\" content=\"image\/jpeg\" \/>\n<meta name=\"twitter:card\" content=\"summary_large_image\" \/>\n<meta name=\"twitter:label1\" content=\"Geschatte leestijd\" \/>\n\t<meta name=\"twitter:data1\" content=\"1 minuut\" \/>\n<script type=\"application\/ld+json\" class=\"yoast-schema-graph\">{\"@context\":\"https:\/\/schema.org\",\"@graph\":[{\"@type\":\"WebPage\",\"@id\":\"https:\/\/huckerts.net\/nl\/carrieres\/\",\"url\":\"https:\/\/huckerts.net\/nl\/carrieres\/\",\"name\":\"Loopbaan - Huckert&#039;s\",\"isPartOf\":{\"@id\":\"https:\/\/huckerts.net\/#website\"},\"datePublished\":\"2016-03-14T16:56:52+00:00\",\"dateModified\":\"2026-04-10T10:05:19+00:00\",\"description\":\"Dans un secteur d\u2019activit\u00e9 en plein essor, notre laboratoire recherche r\u00e9guli\u00e8rement de nouveaux collaborateurs\",\"inLanguage\":\"nl-NL\",\"potentialAction\":[{\"@type\":\"ReadAction\",\"target\":[\"https:\/\/huckerts.net\/nl\/carrieres\/\"]}]},{\"@type\":\"WebSite\",\"@id\":\"https:\/\/huckerts.net\/#website\",\"url\":\"https:\/\/huckerts.net\/\",\"name\":\"Huckert&#039;s\",\"description\":\"La d\u00e9sinfection ma\u00eetris\u00e9e\",\"potentialAction\":[{\"@type\":\"SearchAction\",\"target\":{\"@type\":\"EntryPoint\",\"urlTemplate\":\"https:\/\/huckerts.net\/?s={search_term_string}\"},\"query-input\":\"required name=search_term_string\"}],\"inLanguage\":\"nl-NL\"}]}<\/script>\n<!-- \/ Yoast SEO plugin. -->","yoast_head_json":{"title":"Loopbaan - Huckert&#039;s","description":"Dans un secteur d\u2019activit\u00e9 en plein essor, notre laboratoire recherche r\u00e9guli\u00e8rement de nouveaux collaborateurs","robots":{"index":"index","follow":"follow","max-snippet":"max-snippet:-1","max-image-preview":"max-image-preview:large","max-video-preview":"max-video-preview:-1"},"canonical":"https:\/\/huckerts.net\/nl\/carrieres\/","og_locale":"nl_NL","og_type":"article","og_title":"Loopbaan - Huckert&#039;s","og_description":"Dans un secteur d\u2019activit\u00e9 en plein essor, notre laboratoire recherche r\u00e9guli\u00e8rement de nouveaux collaborateurs","og_url":"https:\/\/huckerts.net\/nl\/carrieres\/","og_site_name":"Huckert&#039;s","article_publisher":"https:\/\/www.facebook.com\/huckerts","article_modified_time":"2026-04-10T10:05:19+00:00","og_image":[{"width":1920,"height":240,"url":"https:\/\/huckerts.net\/wp-content\/uploads\/2021\/04\/c-v-1.jpg","type":"image\/jpeg"}],"twitter_card":"summary_large_image","twitter_misc":{"Geschatte leestijd":"1 minuut"},"schema":{"@context":"https:\/\/schema.org","@graph":[{"@type":"WebPage","@id":"https:\/\/huckerts.net\/nl\/carrieres\/","url":"https:\/\/huckerts.net\/nl\/carrieres\/","name":"Loopbaan - Huckert&#039;s","isPartOf":{"@id":"https:\/\/huckerts.net\/#website"},"datePublished":"2016-03-14T16:56:52+00:00","dateModified":"2026-04-10T10:05:19+00:00","description":"Dans un secteur d\u2019activit\u00e9 en plein essor, notre laboratoire recherche r\u00e9guli\u00e8rement de nouveaux collaborateurs","inLanguage":"nl-NL","potentialAction":[{"@type":"ReadAction","target":["https:\/\/huckerts.net\/nl\/carrieres\/"]}]},{"@type":"WebSite","@id":"https:\/\/huckerts.net\/#website","url":"https:\/\/huckerts.net\/","name":"Huckert&#039;s","description":"La d\u00e9sinfection ma\u00eetris\u00e9e","potentialAction":[{"@type":"SearchAction","target":{"@type":"EntryPoint","urlTemplate":"https:\/\/huckerts.net\/?s={search_term_string}"},"query-input":"required name=search_term_string"}],"inLanguage":"nl-NL"}]}},"_links":{"self":[{"href":"https:\/\/huckerts.net\/nl\/wp-json\/wp\/v2\/pages\/20527"}],"collection":[{"href":"https:\/\/huckerts.net\/nl\/wp-json\/wp\/v2\/pages"}],"about":[{"href":"https:\/\/huckerts.net\/nl\/wp-json\/wp\/v2\/types\/page"}],"author":[{"embeddable":true,"href":"https:\/\/huckerts.net\/nl\/wp-json\/wp\/v2\/users\/15"}],"replies":[{"embeddable":true,"href":"https:\/\/huckerts.net\/nl\/wp-json\/wp\/v2\/comments?post=20527"}],"version-history":[{"count":4,"href":"https:\/\/huckerts.net\/nl\/wp-json\/wp\/v2\/pages\/20527\/revisions"}],"predecessor-version":[{"id":21251,"href":"https:\/\/huckerts.net\/nl\/wp-json\/wp\/v2\/pages\/20527\/revisions\/21251"}],"wp:featuredmedia":[{"embeddable":true,"href":"https:\/\/huckerts.net\/nl\/wp-json\/wp\/v2\/media\/7866"}],"wp:attachment":[{"href":"https:\/\/huckerts.net\/nl\/wp-json\/wp\/v2\/media?parent=20527"}],"curies":[{"name":"wp","href":"https:\/\/api.w.org\/{rel}","templated":true}]}}