{"id":20524,"date":"2024-07-25T18:43:51","date_gmt":"2024-07-25T16:43:51","guid":{"rendered":"https:\/\/huckerts.net\/notre-histoire\/"},"modified":"2026-01-22T16:57:20","modified_gmt":"2026-01-22T15:57:20","slug":"notre-histoire","status":"publish","type":"page","link":"https:\/\/huckerts.net\/nl\/notre-histoire\/","title":{"rendered":"Onze geschiedenis"},"content":{"rendered":"<p>[vc_row][vc_column]\r\n  <div class=\"block block_timeline\">\r\n    <div class=\"block_timeline__container\">\r\n      <div class=\"block_timeline__container__items\">\r\n        <h2 class=\" animateFade fadeOutAnimation\">Histoire<\/h2>\r\n        <div id=\"timeline\" class=\"horizontal-timeline\">\r\n        <div class=\"events-content\">\r\n            <ol>\r\n              \r\n    <li data-horizontal-timeline='{\"date\": \"01\/01\/1957\",\"customDisplay\":\"1957\"}'>\r\n      <div class=\"description\">\r\n        <div class=\"description__image animateFade fadeOutAnimation\">\r\n          <img decoding=\"async\" src=\"https:\/\/huckerts.net\/wp-content\/uploads\/2024\/07\/notre_histoire_01.jpg\" alt=\"Image timeline\" \/>\r\n        <\/div>\r\n        <div class=\"description__content animateFade fadeOutAnimation\"> \r\n          <p class=\"date\">1957<\/span>\r\n          <h2>BEGIN VAN EEN MOOI AVONTUUR<\/h2>\r\n          <p class=\"text\">Sinds de oprichting in 1957 door Charles Huckert ontwikkelt en verkoopt Laboratoire Huckert's International hoogwaardige desinfectiemiddelen met een opmerkelijke veiligheid voor de operator, het materiaal en de natuurlijke omgeving.  <br><br>\nLaboratoire Huckert\u2019s International ontwikkelt zijn activiteit voortdurend. \n<br><br>\nHet succes van het familiebedrijf schuilt in de kwaliteit van hun producten en het professionnalisme van zijn team. Ons kernidee is INNOVATIE.<\/span>\r\n        <\/div>\r\n    <\/li>\r\n    \r\n    <li data-horizontal-timeline='{\"date\": \"01\/02\/1980\",\"customDisplay\":\"1980\"}'>\r\n      <div class=\"description\">\r\n        <div class=\"description__image animateFade fadeOutAnimation\">\r\n          <img decoding=\"async\" src=\"https:\/\/huckerts.net\/wp-content\/uploads\/2025\/07\/notre_histoire_02.jpg\" alt=\"Image timeline\" \/>\r\n        <\/div>\r\n        <div class=\"description__content animateFade fadeOutAnimation\"> \r\n          <p class=\"date\">1980<\/span>\r\n          <h2>INTERNATIONALE GROEI<\/h2>\r\n          <p class=\"text\">Laboratoire Huckert\u2019s International neemt in de jaren '80 een nieuwe wending door zijn activiteiten internationaal te ontwikkelen.\n<br><br>\n\nVandaag zijn we op alle continenten aanwezig. Deze hoge vlucht van het familiebedrijf dwingt de familieonderneming zich te specialiseren in de beheersing van het infectierisico en meer in het bijzonder in het medisch milieu, dat onze belangrijkste activiteitensector is.<\/span>\r\n        <\/div>\r\n    <\/li>\r\n    \r\n    <li data-horizontal-timeline='{\"date\": \"01\/03\/1996\",\"customDisplay\":\"1996\"}'>\r\n      <div class=\"description\">\r\n        <div class=\"description__image animateFade fadeOutAnimation\">\r\n          <img decoding=\"async\" src=\"https:\/\/huckerts.net\/wp-content\/uploads\/2025\/07\/notre_histoire_04.jpg\" alt=\"Image timeline\" \/>\r\n        <\/div>\r\n        <div class=\"description__content animateFade fadeOutAnimation\"> \r\n          <p class=\"date\">1996<\/span>\r\n          <h2>EEN GECERTIFICEERDE OMGEVING<\/h2>\r\n          <p class=\"text\">In 1996 konden we in onze nieuwe lokalen in Nijvel (Belgi\u00eb) een nieuw progressief werkingssysteem in een gecontroleerde omgeving (white room) opzetten.   \n<br><br>\nIn 1999 werden onze inspanningen om kwaliteitsborging te garanderen beloond met de ISO 9001- en ISO 13485-certificeringen. Sindsdien garanderen we een perfecte traceerbaarheid en reproduceerbaarheid van onze assortimenten Medische hulpmiddelen en Biociden.<\/span>\r\n        <\/div>\r\n    <\/li>\r\n    \r\n    <li data-horizontal-timeline='{\"date\": \"01\/04\/2000\",\"customDisplay\":\"2000\"}'>\r\n      <div class=\"description\">\r\n        <div class=\"description__image animateFade fadeOutAnimation\">\r\n          <img decoding=\"async\" src=\"https:\/\/huckerts.net\/wp-content\/uploads\/2025\/07\/notre_histoire_03.jpg\" alt=\"Image timeline\" \/>\r\n        <\/div>\r\n        <div class=\"description__content animateFade fadeOutAnimation\"> \r\n          <p class=\"date\">2000<\/span>\r\n          <h2>NIEUWE BEDRIJFSRUIMTEN \u2026<\/h2>\r\n          <p class=\"text\">De wil om te beantwoorden aan de behoeften van haar cli\u00ebnteel en zo dicht mogelijk bij dat cli\u00ebnteel te staan, heeft Laboratoire Huckert's International ertoe aangezet om in de jaren 2000 filialen in het Groot-Hertogdom Luxemburg en Frankrijk te openen.\n<br><br>\nIn 2014 werd een nieuwe stap gezet met de aankoop van een terrein van meer dan 3 hectare in Waver (Belgi\u00eb). Hier bevinden zich alle onderzoeks- en ontwikkelings-, productie-, verpakkings- en kwaliteitscontroleactiviteiten. <\/span>\r\n        <\/div>\r\n    <\/li>\r\n    \r\n    <li data-horizontal-timeline='{\"date\": \"01\/05\/2015\",\"customDisplay\":\"2015\"}'>\r\n      <div class=\"description\">\r\n        <div class=\"description__image animateFade fadeOutAnimation\">\r\n          <img decoding=\"async\" src=\"https:\/\/huckerts.net\/wp-content\/uploads\/2025\/07\/LHI-ITALIA.jpg\" alt=\"Image timeline\" \/>\r\n        <\/div>\r\n        <div class=\"description__content animateFade fadeOutAnimation\"> \r\n          <p class=\"date\">2015<\/span>\r\n          <h2> \u2026 IN EUROPA EN AZI\u00cb<\/h2>\r\n          <p class=\"text\">In 2015 wordt de verankering van Laboratoire Huckert\u2019s International in Itali\u00eb in het bijzonder gemarkeerd door de aankoop van een gebouw in het centrum van Umbri\u00eb.    \n<br><br>\nIn 2018 betrekt het laboratorium een nieuw gebouw van meer dan 2500 m\u00b2 op de Avenue Lavoisier 31 in Waver (Belgi\u00eb).\n<br><br>\nIn 2019 voert het bestuur het voornemen om het bedrijf internationaal uit te bouwen verder uit en richt het een eenheid in Singapore op. \n<br><br>\nEind 2021 komt het project van een nieuw filiaal in Zwitserland tot stand. \n\n<\/span>\r\n        <\/div>\r\n    <\/li>\r\n    \r\n    <li data-horizontal-timeline='{\"date\": \"01\/06\/2022\",\"customDisplay\":\"2022\"}'>\r\n      <div class=\"description\">\r\n        <div class=\"description__image animateFade fadeOutAnimation\">\r\n          <img decoding=\"async\" src=\"https:\/\/huckerts.net\/wp-content\/uploads\/2025\/07\/notre_histoire_05.jpg\" alt=\"Image timeline\" \/>\r\n        <\/div>\r\n        <div class=\"description__content animateFade fadeOutAnimation\"> \r\n          <p class=\"date\">2022<\/span>\r\n          <h2>NIEUWE PRODUCTIELIJNEN<\/h2>\r\n          <p class=\"text\">In 2022 vindt een uitbreiding van meer dan 1000 m\u00b2 plaats. Hierdoor wordt de opslagcapaciteit vergroot en het productiegebied verbeterd. Er worden nieuwe productielijnen ge\u00efnstalleerd, waarmee de productiecapaciteit verachtvoudigt. \n<br><br>\nDankzij deze investering kunnen we sneller inspelen op veranderingen. Als gevolg van de covid-crisis hebben we onze werkmethoden moeten reorganiseren om zo snel mogelijk te kunnen voldoen aan de vele verzoeken, zonder concessies te doen aan de kwaliteit. \n<br><br>\nDeze transformatie stelt het familiebedrijf in staat om een installatie van meer dan 7500 m\u00b2 te verwerven. Het is een mooie ontwikkeling die bijdraagt aan de expansie van Laboratoire Huckert\u2019s op mondiaal niveau.\n\n<\/span>\r\n        <\/div>\r\n    <\/li>\r\n    \r\n            <\/ol>\r\n        <\/div>\r\n        <\/div>\r\n      <\/div>\r\n    <\/div>\r\n  <\/div>\r\n\r\n  [\/vc_column][\/vc_row]<\/p>\n","protected":false},"excerpt":{"rendered":"<p>[vc_row][vc_column][\/vc_column][\/vc_row]<\/p>\n","protected":false},"author":15,"featured_media":0,"parent":0,"menu_order":0,"comment_status":"closed","ping_status":"closed","template":"","meta":{"footnotes":""},"yoast_head":"<!-- This site is optimized with the Yoast SEO plugin v21.7 - https:\/\/yoast.com\/wordpress\/plugins\/seo\/ -->\n<title>Onze geschiedenis - Huckert&#039;s<\/title>\n<meta name=\"robots\" content=\"index, follow, max-snippet:-1, max-image-preview:large, max-video-preview:-1\" \/>\n<link rel=\"canonical\" href=\"https:\/\/huckerts.net\/nl\/notre-histoire\/\" \/>\n<meta property=\"og:locale\" content=\"nl_NL\" \/>\n<meta property=\"og:type\" content=\"article\" \/>\n<meta property=\"og:title\" content=\"Onze geschiedenis - Huckert&#039;s\" \/>\n<meta property=\"og:description\" content=\"[vc_row][vc_column][\/vc_column][\/vc_row]\" \/>\n<meta property=\"og:url\" content=\"https:\/\/huckerts.net\/nl\/notre-histoire\/\" \/>\n<meta property=\"og:site_name\" content=\"Huckert&#039;s\" \/>\n<meta property=\"article:publisher\" content=\"https:\/\/www.facebook.com\/huckerts\" \/>\n<meta property=\"article:modified_time\" content=\"2026-01-22T15:57:20+00:00\" \/>\n<meta property=\"og:image\" content=\"https:\/\/huckerts.net\/wp-content\/uploads\/2022\/01\/huckertnet-screeshot_2022-scaled.jpg\" \/>\n\t<meta property=\"og:image:width\" content=\"2560\" \/>\n\t<meta property=\"og:image:height\" content=\"1600\" \/>\n\t<meta property=\"og:image:type\" content=\"image\/jpeg\" \/>\n<meta name=\"twitter:card\" content=\"summary_large_image\" \/>\n<meta name=\"twitter:label1\" content=\"Geschatte leestijd\" \/>\n\t<meta name=\"twitter:data1\" content=\"1 minuut\" \/>\n<script type=\"application\/ld+json\" class=\"yoast-schema-graph\">{\"@context\":\"https:\/\/schema.org\",\"@graph\":[{\"@type\":\"WebPage\",\"@id\":\"https:\/\/huckerts.net\/nl\/notre-histoire\/\",\"url\":\"https:\/\/huckerts.net\/nl\/notre-histoire\/\",\"name\":\"Onze geschiedenis - Huckert&#039;s\",\"isPartOf\":{\"@id\":\"https:\/\/huckerts.net\/#website\"},\"datePublished\":\"2024-07-25T16:43:51+00:00\",\"dateModified\":\"2026-01-22T15:57:20+00:00\",\"inLanguage\":\"nl-NL\",\"potentialAction\":[{\"@type\":\"ReadAction\",\"target\":[\"https:\/\/huckerts.net\/nl\/notre-histoire\/\"]}]},{\"@type\":\"WebSite\",\"@id\":\"https:\/\/huckerts.net\/#website\",\"url\":\"https:\/\/huckerts.net\/\",\"name\":\"Huckert&#039;s\",\"description\":\"La d\u00e9sinfection ma\u00eetris\u00e9e\",\"potentialAction\":[{\"@type\":\"SearchAction\",\"target\":{\"@type\":\"EntryPoint\",\"urlTemplate\":\"https:\/\/huckerts.net\/?s={search_term_string}\"},\"query-input\":\"required name=search_term_string\"}],\"inLanguage\":\"nl-NL\"}]}<\/script>\n<!-- \/ Yoast SEO plugin. -->","yoast_head_json":{"title":"Onze geschiedenis - Huckert&#039;s","robots":{"index":"index","follow":"follow","max-snippet":"max-snippet:-1","max-image-preview":"max-image-preview:large","max-video-preview":"max-video-preview:-1"},"canonical":"https:\/\/huckerts.net\/nl\/notre-histoire\/","og_locale":"nl_NL","og_type":"article","og_title":"Onze geschiedenis - Huckert&#039;s","og_description":"[vc_row][vc_column][\/vc_column][\/vc_row]","og_url":"https:\/\/huckerts.net\/nl\/notre-histoire\/","og_site_name":"Huckert&#039;s","article_publisher":"https:\/\/www.facebook.com\/huckerts","article_modified_time":"2026-01-22T15:57:20+00:00","og_image":[{"width":2560,"height":1600,"url":"https:\/\/huckerts.net\/wp-content\/uploads\/2022\/01\/huckertnet-screeshot_2022-scaled.jpg","type":"image\/jpeg"}],"twitter_card":"summary_large_image","twitter_misc":{"Geschatte leestijd":"1 minuut"},"schema":{"@context":"https:\/\/schema.org","@graph":[{"@type":"WebPage","@id":"https:\/\/huckerts.net\/nl\/notre-histoire\/","url":"https:\/\/huckerts.net\/nl\/notre-histoire\/","name":"Onze geschiedenis - Huckert&#039;s","isPartOf":{"@id":"https:\/\/huckerts.net\/#website"},"datePublished":"2024-07-25T16:43:51+00:00","dateModified":"2026-01-22T15:57:20+00:00","inLanguage":"nl-NL","potentialAction":[{"@type":"ReadAction","target":["https:\/\/huckerts.net\/nl\/notre-histoire\/"]}]},{"@type":"WebSite","@id":"https:\/\/huckerts.net\/#website","url":"https:\/\/huckerts.net\/","name":"Huckert&#039;s","description":"La d\u00e9sinfection ma\u00eetris\u00e9e","potentialAction":[{"@type":"SearchAction","target":{"@type":"EntryPoint","urlTemplate":"https:\/\/huckerts.net\/?s={search_term_string}"},"query-input":"required name=search_term_string"}],"inLanguage":"nl-NL"}]}},"_links":{"self":[{"href":"https:\/\/huckerts.net\/nl\/wp-json\/wp\/v2\/pages\/20524"}],"collection":[{"href":"https:\/\/huckerts.net\/nl\/wp-json\/wp\/v2\/pages"}],"about":[{"href":"https:\/\/huckerts.net\/nl\/wp-json\/wp\/v2\/types\/page"}],"author":[{"embeddable":true,"href":"https:\/\/huckerts.net\/nl\/wp-json\/wp\/v2\/users\/15"}],"replies":[{"embeddable":true,"href":"https:\/\/huckerts.net\/nl\/wp-json\/wp\/v2\/comments?post=20524"}],"version-history":[{"count":2,"href":"https:\/\/huckerts.net\/nl\/wp-json\/wp\/v2\/pages\/20524\/revisions"}],"predecessor-version":[{"id":20526,"href":"https:\/\/huckerts.net\/nl\/wp-json\/wp\/v2\/pages\/20524\/revisions\/20526"}],"wp:attachment":[{"href":"https:\/\/huckerts.net\/nl\/wp-json\/wp\/v2\/media?parent=20524"}],"curies":[{"name":"wp","href":"https:\/\/api.w.org\/{rel}","templated":true}]}}