{"id":21067,"date":"2025-08-28T12:11:36","date_gmt":"2025-08-28T10:11:36","guid":{"rendered":"https:\/\/huckerts.net\/nos-univers\/sante\/fiv-amp\/"},"modified":"2026-02-25T12:17:10","modified_gmt":"2026-02-25T11:17:10","slug":"fiv-amp","status":"publish","type":"page","link":"https:\/\/huckerts.net\/it\/nos-univers\/sante\/fiv-amp\/","title":{"rendered":"FIV\/PMA"},"content":{"rendered":"","protected":false},"excerpt":{"rendered":"","protected":false},"author":15,"featured_media":0,"parent":21026,"menu_order":0,"comment_status":"closed","ping_status":"closed","template":"","meta":{"footnotes":""},"yoast_head":"<!-- This site is optimized with the Yoast SEO plugin v21.7 - https:\/\/yoast.com\/wordpress\/plugins\/seo\/ -->\n<title>FIV\/PMA - Huckert&#039;s<\/title>\n<meta name=\"robots\" content=\"index, follow, max-snippet:-1, max-image-preview:large, max-video-preview:-1\" \/>\n<link rel=\"canonical\" href=\"https:\/\/huckerts.net\/it\/nos-univers\/sante\/fiv-amp\/\" \/>\n<meta property=\"og:locale\" content=\"it_IT\" \/>\n<meta property=\"og:type\" content=\"article\" \/>\n<meta property=\"og:title\" content=\"FIV\/PMA - Huckert&#039;s\" \/>\n<meta property=\"og:url\" content=\"https:\/\/huckerts.net\/it\/nos-univers\/sante\/fiv-amp\/\" \/>\n<meta property=\"og:site_name\" content=\"Huckert&#039;s\" \/>\n<meta property=\"article:publisher\" content=\"https:\/\/www.facebook.com\/huckerts\" \/>\n<meta property=\"article:modified_time\" content=\"2026-02-25T11:17:10+00:00\" \/>\n<meta property=\"og:image\" content=\"https:\/\/huckerts.net\/wp-content\/uploads\/2022\/01\/huckertnet-screeshot_2022-scaled.jpg\" \/>\n\t<meta property=\"og:image:width\" content=\"2560\" \/>\n\t<meta property=\"og:image:height\" content=\"1600\" \/>\n\t<meta property=\"og:image:type\" content=\"image\/jpeg\" \/>\n<meta name=\"twitter:card\" content=\"summary_large_image\" \/>\n<script type=\"application\/ld+json\" class=\"yoast-schema-graph\">{\"@context\":\"https:\/\/schema.org\",\"@graph\":[{\"@type\":\"WebPage\",\"@id\":\"https:\/\/huckerts.net\/it\/nos-univers\/sante\/fiv-amp\/\",\"url\":\"https:\/\/huckerts.net\/it\/nos-univers\/sante\/fiv-amp\/\",\"name\":\"FIV\/PMA - Huckert&#039;s\",\"isPartOf\":{\"@id\":\"https:\/\/huckerts.net\/#website\"},\"datePublished\":\"2025-08-28T10:11:36+00:00\",\"dateModified\":\"2026-02-25T11:17:10+00:00\",\"breadcrumb\":{\"@id\":\"https:\/\/huckerts.net\/it\/nos-univers\/sante\/fiv-amp\/#breadcrumb\"},\"inLanguage\":\"it-IT\",\"potentialAction\":[{\"@type\":\"ReadAction\",\"target\":[\"https:\/\/huckerts.net\/it\/nos-univers\/sante\/fiv-amp\/\"]}]},{\"@type\":\"BreadcrumbList\",\"@id\":\"https:\/\/huckerts.net\/it\/nos-univers\/sante\/fiv-amp\/#breadcrumb\",\"itemListElement\":[{\"@type\":\"ListItem\",\"position\":1,\"name\":\"Nos univers\",\"item\":\"https:\/\/huckerts.net\/it\/nos-univers\/\"},{\"@type\":\"ListItem\",\"position\":2,\"name\":\"Sanit\u00e0\",\"item\":\"https:\/\/huckerts.net\/it\/nos-univers\/sante\/\"},{\"@type\":\"ListItem\",\"position\":3,\"name\":\"FIV\/PMA\"}]},{\"@type\":\"WebSite\",\"@id\":\"https:\/\/huckerts.net\/#website\",\"url\":\"https:\/\/huckerts.net\/\",\"name\":\"Huckert&#039;s\",\"description\":\"La d\u00e9sinfection ma\u00eetris\u00e9e\",\"potentialAction\":[{\"@type\":\"SearchAction\",\"target\":{\"@type\":\"EntryPoint\",\"urlTemplate\":\"https:\/\/huckerts.net\/?s={search_term_string}\"},\"query-input\":\"required name=search_term_string\"}],\"inLanguage\":\"it-IT\"}]}<\/script>\n<!-- \/ Yoast SEO plugin. -->","yoast_head_json":{"title":"FIV\/PMA - Huckert&#039;s","robots":{"index":"index","follow":"follow","max-snippet":"max-snippet:-1","max-image-preview":"max-image-preview:large","max-video-preview":"max-video-preview:-1"},"canonical":"https:\/\/huckerts.net\/it\/nos-univers\/sante\/fiv-amp\/","og_locale":"it_IT","og_type":"article","og_title":"FIV\/PMA - Huckert&#039;s","og_url":"https:\/\/huckerts.net\/it\/nos-univers\/sante\/fiv-amp\/","og_site_name":"Huckert&#039;s","article_publisher":"https:\/\/www.facebook.com\/huckerts","article_modified_time":"2026-02-25T11:17:10+00:00","og_image":[{"width":2560,"height":1600,"url":"https:\/\/huckerts.net\/wp-content\/uploads\/2022\/01\/huckertnet-screeshot_2022-scaled.jpg","type":"image\/jpeg"}],"twitter_card":"summary_large_image","schema":{"@context":"https:\/\/schema.org","@graph":[{"@type":"WebPage","@id":"https:\/\/huckerts.net\/it\/nos-univers\/sante\/fiv-amp\/","url":"https:\/\/huckerts.net\/it\/nos-univers\/sante\/fiv-amp\/","name":"FIV\/PMA - Huckert&#039;s","isPartOf":{"@id":"https:\/\/huckerts.net\/#website"},"datePublished":"2025-08-28T10:11:36+00:00","dateModified":"2026-02-25T11:17:10+00:00","breadcrumb":{"@id":"https:\/\/huckerts.net\/it\/nos-univers\/sante\/fiv-amp\/#breadcrumb"},"inLanguage":"it-IT","potentialAction":[{"@type":"ReadAction","target":["https:\/\/huckerts.net\/it\/nos-univers\/sante\/fiv-amp\/"]}]},{"@type":"BreadcrumbList","@id":"https:\/\/huckerts.net\/it\/nos-univers\/sante\/fiv-amp\/#breadcrumb","itemListElement":[{"@type":"ListItem","position":1,"name":"Nos univers","item":"https:\/\/huckerts.net\/it\/nos-univers\/"},{"@type":"ListItem","position":2,"name":"Sanit\u00e0","item":"https:\/\/huckerts.net\/it\/nos-univers\/sante\/"},{"@type":"ListItem","position":3,"name":"FIV\/PMA"}]},{"@type":"WebSite","@id":"https:\/\/huckerts.net\/#website","url":"https:\/\/huckerts.net\/","name":"Huckert&#039;s","description":"La d\u00e9sinfection ma\u00eetris\u00e9e","potentialAction":[{"@type":"SearchAction","target":{"@type":"EntryPoint","urlTemplate":"https:\/\/huckerts.net\/?s={search_term_string}"},"query-input":"required name=search_term_string"}],"inLanguage":"it-IT"}]}},"_links":{"self":[{"href":"https:\/\/huckerts.net\/it\/wp-json\/wp\/v2\/pages\/21067"}],"collection":[{"href":"https:\/\/huckerts.net\/it\/wp-json\/wp\/v2\/pages"}],"about":[{"href":"https:\/\/huckerts.net\/it\/wp-json\/wp\/v2\/types\/page"}],"author":[{"embeddable":true,"href":"https:\/\/huckerts.net\/it\/wp-json\/wp\/v2\/users\/15"}],"replies":[{"embeddable":true,"href":"https:\/\/huckerts.net\/it\/wp-json\/wp\/v2\/comments?post=21067"}],"version-history":[{"count":1,"href":"https:\/\/huckerts.net\/it\/wp-json\/wp\/v2\/pages\/21067\/revisions"}],"predecessor-version":[{"id":21068,"href":"https:\/\/huckerts.net\/it\/wp-json\/wp\/v2\/pages\/21067\/revisions\/21068"}],"up":[{"embeddable":true,"href":"https:\/\/huckerts.net\/it\/wp-json\/wp\/v2\/pages\/21026"}],"wp:attachment":[{"href":"https:\/\/huckerts.net\/it\/wp-json\/wp\/v2\/media?parent=21067"}],"curies":[{"name":"wp","href":"https:\/\/api.w.org\/{rel}","templated":true}]}}