{"id":21026,"date":"2025-08-26T19:17:31","date_gmt":"2025-08-26T17:17:31","guid":{"rendered":"https:\/\/huckerts.net\/nos-univers\/sante\/"},"modified":"2026-02-25T12:23:35","modified_gmt":"2026-02-25T11:23:35","slug":"sante","status":"publish","type":"page","link":"https:\/\/huckerts.net\/it\/nos-univers\/sante\/","title":{"rendered":"Sanit\u00e0"},"content":{"rendered":"<p>[vc_row][vc_column]\r\n  <div class=\"block block_text\">\r\n    <div class=\"block_text__container\">\r\n      <div class=\"block_text__container__content\">\r\n        <h2 class=\" animateFade fadeOutAnimation\"><\/h2>\r\n        <div class=\"text animateFade fadeOutAnimation\">\r\n          Laboratoire Huckert\u2019s International supporta gli operatori sanitari con soluzioni progettate per rispondere ai requisiti di igiene, sicurezza e prevenzione in tutti gli ambienti medici, dai pi\u00f9 comuni ai pi\u00f9 sensibili. La nostra esperienza contribuisce a proteggere pazienti, operatori, attrezzature e ambiente, garantendo un\u2019assistenza di qualit\u00e0.\r\n        <\/div>\r\n      <\/div>\r\n    <\/div>\r\n  <\/div>[\/vc_column][\/vc_row][vc_row][vc_column]\r\n  <div class=\"block block_grid\">\r\n    <div class=\"block_grid__container\">\r\n      <div class=\"block_grid__container__items\">\r\n        \r\n    <div class=\"block_grid__container__items__item\">\r\n      <a href=\"https:\/\/huckerts.net\/wp-content\/uploads\/2026\/02\/FP00935_gynecologie-FR.pdf\" target=\"_blank\">\r\n        <div class=\"image animateFade fadeOutAnimation\">\r\n          <img decoding=\"async\" src=\"https:\/\/huckerts.net\/wp-content\/uploads\/2025\/08\/gyneco_echographie-scaled.jpg\" alt=\"Image mise en avant\">\r\n        <\/div>\r\n        <div class=\"grid-content animateFade fadeOutAnimation\">\r\n          <div class=\"top-title animateFade fadeOutAnimation\">Sanit\u00e0<\/div>\r\n          <div class=\"title\">\r\n            <h3>Ginecologia<\/h3>\r\n            <span href=\"https:\/\/huckerts.net\/wp-content\/uploads\/2026\/02\/FP00935_gynecologie-FR.pdf\" target=\"_blank\" class=\"arrow-button\"><\/span>\r\n          <\/div>\r\n          <div class=\"description\">\r\n            Soluzioni convalidate per gli ambienti pi\u00f9 sensibili per una disinfezione sicura e ad alte prestazioni.\r\n          <\/div>\r\n        <\/div>\r\n      <\/a>\r\n    <\/div>\r\n    \r\n    <div class=\"block_grid__container__items__item\">\r\n      <a href=\"https:\/\/huckerts.net\/wp-content\/uploads\/2026\/02\/Neonatologie-FR.pdf\" target=\"_blank\">\r\n        <div class=\"image animateFade fadeOutAnimation\">\r\n          <img decoding=\"async\" src=\"https:\/\/huckerts.net\/wp-content\/uploads\/2025\/08\/bebe_incubateur-scaled.jpeg\" alt=\"Image mise en avant\">\r\n        <\/div>\r\n        <div class=\"grid-content animateFade fadeOutAnimation\">\r\n          <div class=\"top-title animateFade fadeOutAnimation\">Sanit\u00e0<\/div>\r\n          <div class=\"title\">\r\n            <h3>Neonatologia<\/h3>\r\n            <span href=\"https:\/\/huckerts.net\/wp-content\/uploads\/2026\/02\/Neonatologie-FR.pdf\" target=\"_blank\" class=\"arrow-button\"><\/span>\r\n          <\/div>\r\n          <div class=\"description\">\r\n            Prodotti convalidati per preservare la salute del neonato, senza scendere a compromessi sulla disinfezione.\r\n          <\/div>\r\n        <\/div>\r\n      <\/a>\r\n    <\/div>\r\n    \r\n    <div class=\"block_grid__container__items__item\">\r\n      <a href=\"https:\/\/huckerts.net\/wp-content\/uploads\/2026\/02\/Catalogue-FIVAMP-FR.pdf\" target=\"_blank\">\r\n        <div class=\"image animateFade fadeOutAnimation\">\r\n          <img decoding=\"async\" src=\"https:\/\/huckerts.net\/wp-content\/uploads\/2025\/08\/Embryon.jpg\" alt=\"Image mise en avant\">\r\n        <\/div>\r\n        <div class=\"grid-content animateFade fadeOutAnimation\">\r\n          <div class=\"top-title animateFade fadeOutAnimation\">Sanit\u00e0<\/div>\r\n          <div class=\"title\">\r\n            <h3>FIV\/PMA<\/h3>\r\n            <span href=\"https:\/\/huckerts.net\/wp-content\/uploads\/2026\/02\/Catalogue-FIVAMP-FR.pdf\" target=\"_blank\" class=\"arrow-button\"><\/span>\r\n          <\/div>\r\n          <div class=\"description\">\r\n            Soluzioni sicure ed efficaci, garanzia del successo dei protocolli di FIV.\r\n          <\/div>\r\n        <\/div>\r\n      <\/a>\r\n    <\/div>\r\n    \r\n    <div class=\"block_grid__container__items__item\">\r\n      <a href=\"https:\/\/huckerts.net\/wp-content\/uploads\/2026\/02\/FP00904-Hopitaux-cliniques.pdf\" target=\"_blank\">\r\n        <div class=\"image animateFade fadeOutAnimation\">\r\n          <img decoding=\"async\" src=\"https:\/\/huckerts.net\/wp-content\/uploads\/2025\/08\/Couloir-hopital-1.png\" alt=\"Image mise en avant\">\r\n        <\/div>\r\n        <div class=\"grid-content animateFade fadeOutAnimation\">\r\n          <div class=\"top-title animateFade fadeOutAnimation\">Sanit\u00e0<\/div>\r\n          <div class=\"title\">\r\n            <h3>Ospedali e cliniche<\/h3>\r\n            <span href=\"https:\/\/huckerts.net\/wp-content\/uploads\/2026\/02\/FP00904-Hopitaux-cliniques.pdf\" target=\"_blank\" class=\"arrow-button\"><\/span>\r\n          <\/div>\r\n          <div class=\"description\">\r\n            Soluzioni affidabili, che coniugano efficacia, sicurezza e rispetto delle attrezzature, del personale e dei pazienti.\r\n          <\/div>\r\n        <\/div>\r\n      <\/a>\r\n    <\/div>\r\n    \r\n    <div class=\"block_grid__container__items__item\">\r\n      <a href=\"https:\/\/huckerts.net\/wp-content\/uploads\/2025\/08\/Dentiste-FR.pdf\" target=\"_blank\">\r\n        <div class=\"image animateFade fadeOutAnimation\">\r\n          <img decoding=\"async\" src=\"https:\/\/huckerts.net\/wp-content\/uploads\/2025\/08\/dentiste_zoom_mains_instruments-scaled.jpg\" alt=\"Image mise en avant\">\r\n        <\/div>\r\n        <div class=\"grid-content animateFade fadeOutAnimation\">\r\n          <div class=\"top-title animateFade fadeOutAnimation\">Sanit\u00e0<\/div>\r\n          <div class=\"title\">\r\n            <h3>Odontoiatria<\/h3>\r\n            <span href=\"https:\/\/huckerts.net\/wp-content\/uploads\/2025\/08\/Dentiste-FR.pdf\" target=\"_blank\" class=\"arrow-button\"><\/span>\r\n          <\/div>\r\n          <div class=\"description\">\r\n            Una disinfezione efficace, rapida e sicura, al servizio dello studio dentistico\/ortodontico\r\n          <\/div>\r\n        <\/div>\r\n      <\/a>\r\n    <\/div>\r\n    \r\n    <div class=\"block_grid__container__items__item\">\r\n        <div class=\"image animateFade fadeOutAnimation\">\r\n          <img decoding=\"async\" src=\"https:\/\/huckerts.net\/wp-content\/uploads\/2025\/08\/secours2-scaled.jpg\" alt=\"Image mise en avant\">\r\n        <\/div>\r\n        <div class=\"grid-content animateFade fadeOutAnimation\">\r\n          <div class=\"top-title animateFade fadeOutAnimation\">Sanit\u00e0<\/div>\r\n          <div class=\"title\">\r\n            <h3>Servizi di emergenza<\/h3>\r\n          <\/div>\r\n          <div class=\"description\">\r\n            Igiene e disinfezione senza compromessi, adattate alle condizioni pi\u00f9 critiche\r\n          <\/div>\r\n        <\/div>\r\n    <\/div>\r\n    \r\n    <div class=\"block_grid__container__items__item\">\r\n        <div class=\"image animateFade fadeOutAnimation\">\r\n          <img decoding=\"async\" src=\"https:\/\/huckerts.net\/wp-content\/uploads\/2025\/08\/Consultation-03-scaled.jpg\" alt=\"Image mise en avant\">\r\n        <\/div>\r\n        <div class=\"grid-content animateFade fadeOutAnimation\">\r\n          <div class=\"top-title animateFade fadeOutAnimation\">Sanit\u00e0<\/div>\r\n          <div class=\"title\">\r\n            <h3>Professioni paramediche<\/h3>\r\n          <\/div>\r\n          <div class=\"description\">\r\n            Soluzioni semplici ed efficaci, adatte sia all\u2019assistenza in studio che a domicilio\r\n          <\/div>\r\n        <\/div>\r\n    <\/div>\r\n    \r\n      <\/div>\r\n    <\/div>\r\n  <\/div>\r\n\r\n  [\/vc_column][\/vc_row]<\/p>\n","protected":false},"excerpt":{"rendered":"<p>[vc_row][vc_column][\/vc_column][\/vc_row][vc_row][vc_column][\/vc_column][\/vc_row]<\/p>\n","protected":false},"author":15,"featured_media":18845,"parent":21007,"menu_order":0,"comment_status":"closed","ping_status":"closed","template":"","meta":{"footnotes":""},"yoast_head":"<!-- This site is optimized with the Yoast SEO plugin v21.7 - https:\/\/yoast.com\/wordpress\/plugins\/seo\/ -->\n<title>Sanit\u00e0 - Huckert&#039;s<\/title>\n<meta name=\"robots\" content=\"index, follow, max-snippet:-1, max-image-preview:large, max-video-preview:-1\" \/>\n<link rel=\"canonical\" href=\"https:\/\/huckerts.net\/it\/nos-univers\/sante\/\" \/>\n<meta property=\"og:locale\" content=\"it_IT\" \/>\n<meta property=\"og:type\" content=\"article\" \/>\n<meta property=\"og:title\" content=\"Sanit\u00e0 - Huckert&#039;s\" \/>\n<meta property=\"og:description\" content=\"[vc_row][vc_column][\/vc_column][\/vc_row][vc_row][vc_column][\/vc_column][\/vc_row]\" \/>\n<meta property=\"og:url\" content=\"https:\/\/huckerts.net\/it\/nos-univers\/sante\/\" \/>\n<meta property=\"og:site_name\" content=\"Huckert&#039;s\" \/>\n<meta property=\"article:publisher\" content=\"https:\/\/www.facebook.com\/huckerts\" \/>\n<meta property=\"article:modified_time\" content=\"2026-02-25T11:23:35+00:00\" \/>\n<meta property=\"og:image\" content=\"https:\/\/huckerts.net\/wp-content\/uploads\/2025\/08\/Couloir-hopital-1-1024x731.png\" \/>\n\t<meta property=\"og:image:width\" content=\"1024\" \/>\n\t<meta property=\"og:image:height\" content=\"731\" \/>\n\t<meta property=\"og:image:type\" content=\"image\/png\" \/>\n<meta name=\"twitter:card\" content=\"summary_large_image\" \/>\n<meta name=\"twitter:label1\" content=\"Tempo di lettura stimato\" \/>\n\t<meta name=\"twitter:data1\" content=\"1 minuto\" \/>\n<script type=\"application\/ld+json\" class=\"yoast-schema-graph\">{\"@context\":\"https:\/\/schema.org\",\"@graph\":[{\"@type\":\"WebPage\",\"@id\":\"https:\/\/huckerts.net\/it\/nos-univers\/sante\/\",\"url\":\"https:\/\/huckerts.net\/it\/nos-univers\/sante\/\",\"name\":\"Sanit\u00e0 - Huckert&#039;s\",\"isPartOf\":{\"@id\":\"https:\/\/huckerts.net\/#website\"},\"datePublished\":\"2025-08-26T17:17:31+00:00\",\"dateModified\":\"2026-02-25T11:23:35+00:00\",\"breadcrumb\":{\"@id\":\"https:\/\/huckerts.net\/it\/nos-univers\/sante\/#breadcrumb\"},\"inLanguage\":\"it-IT\",\"potentialAction\":[{\"@type\":\"ReadAction\",\"target\":[\"https:\/\/huckerts.net\/it\/nos-univers\/sante\/\"]}]},{\"@type\":\"BreadcrumbList\",\"@id\":\"https:\/\/huckerts.net\/it\/nos-univers\/sante\/#breadcrumb\",\"itemListElement\":[{\"@type\":\"ListItem\",\"position\":1,\"name\":\"Nos univers\",\"item\":\"https:\/\/huckerts.net\/it\/nos-univers\/\"},{\"@type\":\"ListItem\",\"position\":2,\"name\":\"Sanit\u00e0\"}]},{\"@type\":\"WebSite\",\"@id\":\"https:\/\/huckerts.net\/#website\",\"url\":\"https:\/\/huckerts.net\/\",\"name\":\"Huckert&#039;s\",\"description\":\"La d\u00e9sinfection ma\u00eetris\u00e9e\",\"potentialAction\":[{\"@type\":\"SearchAction\",\"target\":{\"@type\":\"EntryPoint\",\"urlTemplate\":\"https:\/\/huckerts.net\/?s={search_term_string}\"},\"query-input\":\"required name=search_term_string\"}],\"inLanguage\":\"it-IT\"}]}<\/script>\n<!-- \/ Yoast SEO plugin. -->","yoast_head_json":{"title":"Sanit\u00e0 - Huckert&#039;s","robots":{"index":"index","follow":"follow","max-snippet":"max-snippet:-1","max-image-preview":"max-image-preview:large","max-video-preview":"max-video-preview:-1"},"canonical":"https:\/\/huckerts.net\/it\/nos-univers\/sante\/","og_locale":"it_IT","og_type":"article","og_title":"Sanit\u00e0 - Huckert&#039;s","og_description":"[vc_row][vc_column][\/vc_column][\/vc_row][vc_row][vc_column][\/vc_column][\/vc_row]","og_url":"https:\/\/huckerts.net\/it\/nos-univers\/sante\/","og_site_name":"Huckert&#039;s","article_publisher":"https:\/\/www.facebook.com\/huckerts","article_modified_time":"2026-02-25T11:23:35+00:00","og_image":[{"width":1024,"height":731,"url":"https:\/\/huckerts.net\/wp-content\/uploads\/2025\/08\/Couloir-hopital-1-1024x731.png","type":"image\/png"}],"twitter_card":"summary_large_image","twitter_misc":{"Tempo di lettura stimato":"1 minuto"},"schema":{"@context":"https:\/\/schema.org","@graph":[{"@type":"WebPage","@id":"https:\/\/huckerts.net\/it\/nos-univers\/sante\/","url":"https:\/\/huckerts.net\/it\/nos-univers\/sante\/","name":"Sanit\u00e0 - Huckert&#039;s","isPartOf":{"@id":"https:\/\/huckerts.net\/#website"},"datePublished":"2025-08-26T17:17:31+00:00","dateModified":"2026-02-25T11:23:35+00:00","breadcrumb":{"@id":"https:\/\/huckerts.net\/it\/nos-univers\/sante\/#breadcrumb"},"inLanguage":"it-IT","potentialAction":[{"@type":"ReadAction","target":["https:\/\/huckerts.net\/it\/nos-univers\/sante\/"]}]},{"@type":"BreadcrumbList","@id":"https:\/\/huckerts.net\/it\/nos-univers\/sante\/#breadcrumb","itemListElement":[{"@type":"ListItem","position":1,"name":"Nos univers","item":"https:\/\/huckerts.net\/it\/nos-univers\/"},{"@type":"ListItem","position":2,"name":"Sanit\u00e0"}]},{"@type":"WebSite","@id":"https:\/\/huckerts.net\/#website","url":"https:\/\/huckerts.net\/","name":"Huckert&#039;s","description":"La d\u00e9sinfection ma\u00eetris\u00e9e","potentialAction":[{"@type":"SearchAction","target":{"@type":"EntryPoint","urlTemplate":"https:\/\/huckerts.net\/?s={search_term_string}"},"query-input":"required name=search_term_string"}],"inLanguage":"it-IT"}]}},"_links":{"self":[{"href":"https:\/\/huckerts.net\/it\/wp-json\/wp\/v2\/pages\/21026"}],"collection":[{"href":"https:\/\/huckerts.net\/it\/wp-json\/wp\/v2\/pages"}],"about":[{"href":"https:\/\/huckerts.net\/it\/wp-json\/wp\/v2\/types\/page"}],"author":[{"embeddable":true,"href":"https:\/\/huckerts.net\/it\/wp-json\/wp\/v2\/users\/15"}],"replies":[{"embeddable":true,"href":"https:\/\/huckerts.net\/it\/wp-json\/wp\/v2\/comments?post=21026"}],"version-history":[{"count":3,"href":"https:\/\/huckerts.net\/it\/wp-json\/wp\/v2\/pages\/21026\/revisions"}],"predecessor-version":[{"id":21076,"href":"https:\/\/huckerts.net\/it\/wp-json\/wp\/v2\/pages\/21026\/revisions\/21076"}],"up":[{"embeddable":true,"href":"https:\/\/huckerts.net\/it\/wp-json\/wp\/v2\/pages\/21007"}],"wp:featuredmedia":[{"embeddable":true,"href":"https:\/\/huckerts.net\/it\/wp-json\/wp\/v2\/media\/18845"}],"wp:attachment":[{"href":"https:\/\/huckerts.net\/it\/wp-json\/wp\/v2\/media?parent=21026"}],"curies":[{"name":"wp","href":"https:\/\/api.w.org\/{rel}","templated":true}]}}