{"id":21023,"date":"2025-08-26T19:44:42","date_gmt":"2025-08-26T17:44:42","guid":{"rendered":"https:\/\/huckerts.net\/nos-univers\/laboratoire-recherche\/"},"modified":"2026-02-25T12:21:39","modified_gmt":"2026-02-25T11:21:39","slug":"laboratoire-recherche","status":"publish","type":"page","link":"https:\/\/huckerts.net\/it\/nos-univers\/laboratoire-recherche\/","title":{"rendered":"Laboratori\/Ricerca"},"content":{"rendered":"<p>[vc_row][vc_column]\r\n  <div class=\"block block_text\">\r\n    <div class=\"block_text__container\">\r\n      <div class=\"block_text__container__content\">\r\n        <h2 class=\" animateFade fadeOutAnimation\"><\/h2>\r\n        <div class=\"text animateFade fadeOutAnimation\">\r\n          Gli ambienti di ricerca richiedono un rigoroso controllo dei rischi e assoluta affidabilit\u00e0. Laboratoire Huckert\u2019s International sviluppa soluzioni adatte ai protocolli scientifici e ai laboratori all\u2019avanguardia, per sostenere l\u2019innovazione in totale sicurezza.\r\n        <\/div>\r\n      <\/div>\r\n    <\/div>\r\n  <\/div>[\/vc_column][\/vc_row][vc_row][vc_column]\r\n  <div class=\"block block_grid\">\r\n    <div class=\"block_grid__container\">\r\n      <div class=\"block_grid__container__items\">\r\n        \r\n    <div class=\"block_grid__container__items__item\">\r\n        <div class=\"image animateFade fadeOutAnimation\">\r\n          <img decoding=\"async\" src=\"https:\/\/huckerts.net\/wp-content\/uploads\/2025\/08\/Agroscience05.png\" alt=\"Image mise en avant\">\r\n        <\/div>\r\n        <div class=\"grid-content animateFade fadeOutAnimation\">\r\n          <div class=\"top-title animateFade fadeOutAnimation\">Laboratori\/Ricerca<\/div>\r\n          <div class=\"title\">\r\n            <h3>Agroscienze<\/h3>\r\n          <\/div>\r\n          <div class=\"description\">\r\n            Igiene, sicurezza e rispetto dell\u2019ambiente per una produzione vegetale di qualit\u00e0\r\n          <\/div>\r\n        <\/div>\r\n    <\/div>\r\n    \r\n    <div class=\"block_grid__container__items__item\">\r\n      <a href=\"https:\/\/huckerts.net\/wp-content\/uploads\/2026\/02\/Laboratoire-de-recherche-FR.pdf\" target=\"_blank\">\r\n        <div class=\"image animateFade fadeOutAnimation\">\r\n          <img decoding=\"async\" src=\"https:\/\/huckerts.net\/wp-content\/uploads\/2025\/08\/Femme-au-microscopelogo.jpg\" alt=\"Image mise en avant\">\r\n        <\/div>\r\n        <div class=\"grid-content animateFade fadeOutAnimation\">\r\n          <div class=\"top-title animateFade fadeOutAnimation\">Laboratori\/Ricerca<\/div>\r\n          <div class=\"title\">\r\n            <h3>Laboratori di ricerca<\/h3>\r\n            <span href=\"https:\/\/huckerts.net\/wp-content\/uploads\/2026\/02\/Laboratoire-de-recherche-FR.pdf\" target=\"_blank\" class=\"arrow-button\"><\/span>\r\n          <\/div>\r\n          <div class=\"description\">\r\n            Prodotti affidabili e privi di rischi per garantire la sicurezza e l\u2019integrit\u00e0 dei vostri protocolli scientifici\r\n          <\/div>\r\n        <\/div>\r\n      <\/a>\r\n    <\/div>\r\n    \r\n      <\/div>\r\n    <\/div>\r\n  <\/div>\r\n\r\n  [\/vc_column][\/vc_row]<\/p>\n","protected":false},"excerpt":{"rendered":"<p>[vc_row][vc_column][\/vc_column][\/vc_row][vc_row][vc_column][\/vc_column][\/vc_row]<\/p>\n","protected":false},"author":15,"featured_media":0,"parent":21007,"menu_order":0,"comment_status":"closed","ping_status":"closed","template":"","meta":{"footnotes":""},"yoast_head":"<!-- This site is optimized with the Yoast SEO plugin v21.7 - https:\/\/yoast.com\/wordpress\/plugins\/seo\/ -->\n<title>Laboratori\/Ricerca - Huckert&#039;s<\/title>\n<meta name=\"robots\" content=\"index, follow, max-snippet:-1, max-image-preview:large, max-video-preview:-1\" \/>\n<link rel=\"canonical\" href=\"https:\/\/huckerts.net\/it\/nos-univers\/laboratoire-recherche\/\" \/>\n<meta property=\"og:locale\" content=\"it_IT\" \/>\n<meta property=\"og:type\" content=\"article\" \/>\n<meta property=\"og:title\" content=\"Laboratori\/Ricerca - Huckert&#039;s\" \/>\n<meta property=\"og:description\" content=\"[vc_row][vc_column][\/vc_column][\/vc_row][vc_row][vc_column][\/vc_column][\/vc_row]\" \/>\n<meta property=\"og:url\" content=\"https:\/\/huckerts.net\/it\/nos-univers\/laboratoire-recherche\/\" \/>\n<meta property=\"og:site_name\" content=\"Huckert&#039;s\" \/>\n<meta property=\"article:publisher\" content=\"https:\/\/www.facebook.com\/huckerts\" \/>\n<meta property=\"article:modified_time\" content=\"2026-02-25T11:21:39+00:00\" \/>\n<meta property=\"og:image\" content=\"https:\/\/huckerts.net\/wp-content\/uploads\/2022\/01\/huckertnet-screeshot_2022-scaled.jpg\" \/>\n\t<meta property=\"og:image:width\" content=\"2560\" \/>\n\t<meta property=\"og:image:height\" content=\"1600\" \/>\n\t<meta property=\"og:image:type\" content=\"image\/jpeg\" \/>\n<meta name=\"twitter:card\" content=\"summary_large_image\" \/>\n<meta name=\"twitter:label1\" content=\"Tempo di lettura stimato\" \/>\n\t<meta name=\"twitter:data1\" content=\"1 minuto\" \/>\n<script type=\"application\/ld+json\" class=\"yoast-schema-graph\">{\"@context\":\"https:\/\/schema.org\",\"@graph\":[{\"@type\":\"WebPage\",\"@id\":\"https:\/\/huckerts.net\/it\/nos-univers\/laboratoire-recherche\/\",\"url\":\"https:\/\/huckerts.net\/it\/nos-univers\/laboratoire-recherche\/\",\"name\":\"Laboratori\/Ricerca - Huckert&#039;s\",\"isPartOf\":{\"@id\":\"https:\/\/huckerts.net\/#website\"},\"datePublished\":\"2025-08-26T17:44:42+00:00\",\"dateModified\":\"2026-02-25T11:21:39+00:00\",\"breadcrumb\":{\"@id\":\"https:\/\/huckerts.net\/it\/nos-univers\/laboratoire-recherche\/#breadcrumb\"},\"inLanguage\":\"it-IT\",\"potentialAction\":[{\"@type\":\"ReadAction\",\"target\":[\"https:\/\/huckerts.net\/it\/nos-univers\/laboratoire-recherche\/\"]}]},{\"@type\":\"BreadcrumbList\",\"@id\":\"https:\/\/huckerts.net\/it\/nos-univers\/laboratoire-recherche\/#breadcrumb\",\"itemListElement\":[{\"@type\":\"ListItem\",\"position\":1,\"name\":\"Nos univers\",\"item\":\"https:\/\/huckerts.net\/it\/nos-univers\/\"},{\"@type\":\"ListItem\",\"position\":2,\"name\":\"Laboratori\/Ricerca\"}]},{\"@type\":\"WebSite\",\"@id\":\"https:\/\/huckerts.net\/#website\",\"url\":\"https:\/\/huckerts.net\/\",\"name\":\"Huckert&#039;s\",\"description\":\"La d\u00e9sinfection ma\u00eetris\u00e9e\",\"potentialAction\":[{\"@type\":\"SearchAction\",\"target\":{\"@type\":\"EntryPoint\",\"urlTemplate\":\"https:\/\/huckerts.net\/?s={search_term_string}\"},\"query-input\":\"required name=search_term_string\"}],\"inLanguage\":\"it-IT\"}]}<\/script>\n<!-- \/ Yoast SEO plugin. -->","yoast_head_json":{"title":"Laboratori\/Ricerca - Huckert&#039;s","robots":{"index":"index","follow":"follow","max-snippet":"max-snippet:-1","max-image-preview":"max-image-preview:large","max-video-preview":"max-video-preview:-1"},"canonical":"https:\/\/huckerts.net\/it\/nos-univers\/laboratoire-recherche\/","og_locale":"it_IT","og_type":"article","og_title":"Laboratori\/Ricerca - Huckert&#039;s","og_description":"[vc_row][vc_column][\/vc_column][\/vc_row][vc_row][vc_column][\/vc_column][\/vc_row]","og_url":"https:\/\/huckerts.net\/it\/nos-univers\/laboratoire-recherche\/","og_site_name":"Huckert&#039;s","article_publisher":"https:\/\/www.facebook.com\/huckerts","article_modified_time":"2026-02-25T11:21:39+00:00","og_image":[{"width":2560,"height":1600,"url":"https:\/\/huckerts.net\/wp-content\/uploads\/2022\/01\/huckertnet-screeshot_2022-scaled.jpg","type":"image\/jpeg"}],"twitter_card":"summary_large_image","twitter_misc":{"Tempo di lettura stimato":"1 minuto"},"schema":{"@context":"https:\/\/schema.org","@graph":[{"@type":"WebPage","@id":"https:\/\/huckerts.net\/it\/nos-univers\/laboratoire-recherche\/","url":"https:\/\/huckerts.net\/it\/nos-univers\/laboratoire-recherche\/","name":"Laboratori\/Ricerca - Huckert&#039;s","isPartOf":{"@id":"https:\/\/huckerts.net\/#website"},"datePublished":"2025-08-26T17:44:42+00:00","dateModified":"2026-02-25T11:21:39+00:00","breadcrumb":{"@id":"https:\/\/huckerts.net\/it\/nos-univers\/laboratoire-recherche\/#breadcrumb"},"inLanguage":"it-IT","potentialAction":[{"@type":"ReadAction","target":["https:\/\/huckerts.net\/it\/nos-univers\/laboratoire-recherche\/"]}]},{"@type":"BreadcrumbList","@id":"https:\/\/huckerts.net\/it\/nos-univers\/laboratoire-recherche\/#breadcrumb","itemListElement":[{"@type":"ListItem","position":1,"name":"Nos univers","item":"https:\/\/huckerts.net\/it\/nos-univers\/"},{"@type":"ListItem","position":2,"name":"Laboratori\/Ricerca"}]},{"@type":"WebSite","@id":"https:\/\/huckerts.net\/#website","url":"https:\/\/huckerts.net\/","name":"Huckert&#039;s","description":"La d\u00e9sinfection ma\u00eetris\u00e9e","potentialAction":[{"@type":"SearchAction","target":{"@type":"EntryPoint","urlTemplate":"https:\/\/huckerts.net\/?s={search_term_string}"},"query-input":"required name=search_term_string"}],"inLanguage":"it-IT"}]}},"_links":{"self":[{"href":"https:\/\/huckerts.net\/it\/wp-json\/wp\/v2\/pages\/21023"}],"collection":[{"href":"https:\/\/huckerts.net\/it\/wp-json\/wp\/v2\/pages"}],"about":[{"href":"https:\/\/huckerts.net\/it\/wp-json\/wp\/v2\/types\/page"}],"author":[{"embeddable":true,"href":"https:\/\/huckerts.net\/it\/wp-json\/wp\/v2\/users\/15"}],"replies":[{"embeddable":true,"href":"https:\/\/huckerts.net\/it\/wp-json\/wp\/v2\/comments?post=21023"}],"version-history":[{"count":3,"href":"https:\/\/huckerts.net\/it\/wp-json\/wp\/v2\/pages\/21023\/revisions"}],"predecessor-version":[{"id":21075,"href":"https:\/\/huckerts.net\/it\/wp-json\/wp\/v2\/pages\/21023\/revisions\/21075"}],"up":[{"embeddable":true,"href":"https:\/\/huckerts.net\/it\/wp-json\/wp\/v2\/pages\/21007"}],"wp:attachment":[{"href":"https:\/\/huckerts.net\/it\/wp-json\/wp\/v2\/media?parent=21023"}],"curies":[{"name":"wp","href":"https:\/\/api.w.org\/{rel}","templated":true}]}}