{"id":21009,"date":"2025-08-26T19:50:11","date_gmt":"2025-08-26T17:50:11","guid":{"rendered":"https:\/\/huckerts.net\/nos-univers\/veterinaire\/"},"modified":"2026-02-25T12:24:05","modified_gmt":"2026-02-25T11:24:05","slug":"veterinaire","status":"publish","type":"page","link":"https:\/\/huckerts.net\/it\/nos-univers\/veterinaire\/","title":{"rendered":"Veterinaria"},"content":{"rendered":"<p>[vc_row][vc_column]\r\n  <div class=\"block block_text\">\r\n    <div class=\"block_text__container\">\r\n      <div class=\"block_text__container__content\">\r\n        <h2 class=\" animateFade fadeOutAnimation\"><\/h2>\r\n        <div class=\"text animateFade fadeOutAnimation\">\r\n          Dal momento che la salute animale \u00e8 indissociabile da quella umana, Laboratoire Huckert\u2019s International offre soluzioni idonee agli ambienti veterinari. Il nostro impegno: proteggere gli animali, il personale e le strutture, garantendo elevati standard di igiene e biosicurezza. Prodotti per la disinfezione affidabili e privi di rischi per l\u2019ambiente, gli animali e le vostre attrezzature.\r\n        <\/div>\r\n      <\/div>\r\n    <\/div>\r\n  <\/div>[\/vc_column][\/vc_row][vc_row][vc_column]\r\n  <div class=\"block block_grid\">\r\n    <div class=\"block_grid__container\">\r\n      <div class=\"block_grid__container__items\">\r\n        \r\n    <div class=\"block_grid__container__items__item\">\r\n        <div class=\"image animateFade fadeOutAnimation\">\r\n          <img decoding=\"async\" src=\"https:\/\/huckerts.net\/wp-content\/uploads\/2025\/08\/5.png\" alt=\"Image mise en avant\">\r\n        <\/div>\r\n        <div class=\"grid-content animateFade fadeOutAnimation\">\r\n          <div class=\"top-title animateFade fadeOutAnimation\">V\u00e9terinaire<\/div>\r\n          <div class=\"title\">\r\n            <h3>Veterinaria<\/h3>\r\n          <\/div>\r\n          <div class=\"description\">\r\n            Des produits de d\u00e9sinfection fiables et sans risque pour l'environnement, nos animaux et vos \u00e9quipements\r\n          <\/div>\r\n        <\/div>\r\n    <\/div>\r\n    \r\n      <\/div>\r\n    <\/div>\r\n  <\/div>\r\n\r\n  [\/vc_column][\/vc_row]<\/p>\n","protected":false},"excerpt":{"rendered":"<p>[vc_row][vc_column][\/vc_column][\/vc_row][vc_row][vc_column][\/vc_column][\/vc_row]<\/p>\n","protected":false},"author":15,"featured_media":19602,"parent":21007,"menu_order":0,"comment_status":"closed","ping_status":"closed","template":"","meta":{"footnotes":""},"yoast_head":"<!-- This site is optimized with the Yoast SEO plugin v21.7 - https:\/\/yoast.com\/wordpress\/plugins\/seo\/ -->\n<title>Veterinaria - Huckert&#039;s<\/title>\n<meta name=\"robots\" content=\"index, follow, max-snippet:-1, max-image-preview:large, max-video-preview:-1\" \/>\n<link rel=\"canonical\" href=\"https:\/\/huckerts.net\/it\/nos-univers\/veterinaire\/\" \/>\n<meta property=\"og:locale\" content=\"it_IT\" \/>\n<meta property=\"og:type\" content=\"article\" \/>\n<meta property=\"og:title\" content=\"Veterinaria - Huckert&#039;s\" \/>\n<meta property=\"og:description\" content=\"[vc_row][vc_column][\/vc_column][\/vc_row][vc_row][vc_column][\/vc_column][\/vc_row]\" \/>\n<meta property=\"og:url\" content=\"https:\/\/huckerts.net\/it\/nos-univers\/veterinaire\/\" \/>\n<meta property=\"og:site_name\" content=\"Huckert&#039;s\" \/>\n<meta property=\"article:publisher\" content=\"https:\/\/www.facebook.com\/huckerts\" \/>\n<meta property=\"article:modified_time\" content=\"2026-02-25T11:24:05+00:00\" \/>\n<meta property=\"og:image\" content=\"https:\/\/huckerts.net\/wp-content\/uploads\/2025\/09\/7-1024x683.png\" \/>\n\t<meta property=\"og:image:width\" content=\"1024\" \/>\n\t<meta property=\"og:image:height\" content=\"683\" \/>\n\t<meta property=\"og:image:type\" content=\"image\/png\" \/>\n<meta name=\"twitter:card\" content=\"summary_large_image\" \/>\n<meta name=\"twitter:label1\" content=\"Tempo di lettura stimato\" \/>\n\t<meta name=\"twitter:data1\" content=\"1 minuto\" \/>\n<script type=\"application\/ld+json\" class=\"yoast-schema-graph\">{\"@context\":\"https:\/\/schema.org\",\"@graph\":[{\"@type\":\"WebPage\",\"@id\":\"https:\/\/huckerts.net\/it\/nos-univers\/veterinaire\/\",\"url\":\"https:\/\/huckerts.net\/it\/nos-univers\/veterinaire\/\",\"name\":\"Veterinaria - Huckert&#039;s\",\"isPartOf\":{\"@id\":\"https:\/\/huckerts.net\/#website\"},\"datePublished\":\"2025-08-26T17:50:11+00:00\",\"dateModified\":\"2026-02-25T11:24:05+00:00\",\"breadcrumb\":{\"@id\":\"https:\/\/huckerts.net\/it\/nos-univers\/veterinaire\/#breadcrumb\"},\"inLanguage\":\"it-IT\",\"potentialAction\":[{\"@type\":\"ReadAction\",\"target\":[\"https:\/\/huckerts.net\/it\/nos-univers\/veterinaire\/\"]}]},{\"@type\":\"BreadcrumbList\",\"@id\":\"https:\/\/huckerts.net\/it\/nos-univers\/veterinaire\/#breadcrumb\",\"itemListElement\":[{\"@type\":\"ListItem\",\"position\":1,\"name\":\"Nos univers\",\"item\":\"https:\/\/huckerts.net\/it\/nos-univers\/\"},{\"@type\":\"ListItem\",\"position\":2,\"name\":\"Veterinaria\"}]},{\"@type\":\"WebSite\",\"@id\":\"https:\/\/huckerts.net\/#website\",\"url\":\"https:\/\/huckerts.net\/\",\"name\":\"Huckert&#039;s\",\"description\":\"La d\u00e9sinfection ma\u00eetris\u00e9e\",\"potentialAction\":[{\"@type\":\"SearchAction\",\"target\":{\"@type\":\"EntryPoint\",\"urlTemplate\":\"https:\/\/huckerts.net\/?s={search_term_string}\"},\"query-input\":\"required name=search_term_string\"}],\"inLanguage\":\"it-IT\"}]}<\/script>\n<!-- \/ Yoast SEO plugin. -->","yoast_head_json":{"title":"Veterinaria - Huckert&#039;s","robots":{"index":"index","follow":"follow","max-snippet":"max-snippet:-1","max-image-preview":"max-image-preview:large","max-video-preview":"max-video-preview:-1"},"canonical":"https:\/\/huckerts.net\/it\/nos-univers\/veterinaire\/","og_locale":"it_IT","og_type":"article","og_title":"Veterinaria - Huckert&#039;s","og_description":"[vc_row][vc_column][\/vc_column][\/vc_row][vc_row][vc_column][\/vc_column][\/vc_row]","og_url":"https:\/\/huckerts.net\/it\/nos-univers\/veterinaire\/","og_site_name":"Huckert&#039;s","article_publisher":"https:\/\/www.facebook.com\/huckerts","article_modified_time":"2026-02-25T11:24:05+00:00","og_image":[{"width":1024,"height":683,"url":"https:\/\/huckerts.net\/wp-content\/uploads\/2025\/09\/7-1024x683.png","type":"image\/png"}],"twitter_card":"summary_large_image","twitter_misc":{"Tempo di lettura stimato":"1 minuto"},"schema":{"@context":"https:\/\/schema.org","@graph":[{"@type":"WebPage","@id":"https:\/\/huckerts.net\/it\/nos-univers\/veterinaire\/","url":"https:\/\/huckerts.net\/it\/nos-univers\/veterinaire\/","name":"Veterinaria - Huckert&#039;s","isPartOf":{"@id":"https:\/\/huckerts.net\/#website"},"datePublished":"2025-08-26T17:50:11+00:00","dateModified":"2026-02-25T11:24:05+00:00","breadcrumb":{"@id":"https:\/\/huckerts.net\/it\/nos-univers\/veterinaire\/#breadcrumb"},"inLanguage":"it-IT","potentialAction":[{"@type":"ReadAction","target":["https:\/\/huckerts.net\/it\/nos-univers\/veterinaire\/"]}]},{"@type":"BreadcrumbList","@id":"https:\/\/huckerts.net\/it\/nos-univers\/veterinaire\/#breadcrumb","itemListElement":[{"@type":"ListItem","position":1,"name":"Nos univers","item":"https:\/\/huckerts.net\/it\/nos-univers\/"},{"@type":"ListItem","position":2,"name":"Veterinaria"}]},{"@type":"WebSite","@id":"https:\/\/huckerts.net\/#website","url":"https:\/\/huckerts.net\/","name":"Huckert&#039;s","description":"La d\u00e9sinfection ma\u00eetris\u00e9e","potentialAction":[{"@type":"SearchAction","target":{"@type":"EntryPoint","urlTemplate":"https:\/\/huckerts.net\/?s={search_term_string}"},"query-input":"required name=search_term_string"}],"inLanguage":"it-IT"}]}},"_links":{"self":[{"href":"https:\/\/huckerts.net\/it\/wp-json\/wp\/v2\/pages\/21009"}],"collection":[{"href":"https:\/\/huckerts.net\/it\/wp-json\/wp\/v2\/pages"}],"about":[{"href":"https:\/\/huckerts.net\/it\/wp-json\/wp\/v2\/types\/page"}],"author":[{"embeddable":true,"href":"https:\/\/huckerts.net\/it\/wp-json\/wp\/v2\/users\/15"}],"replies":[{"embeddable":true,"href":"https:\/\/huckerts.net\/it\/wp-json\/wp\/v2\/comments?post=21009"}],"version-history":[{"count":4,"href":"https:\/\/huckerts.net\/it\/wp-json\/wp\/v2\/pages\/21009\/revisions"}],"predecessor-version":[{"id":21077,"href":"https:\/\/huckerts.net\/it\/wp-json\/wp\/v2\/pages\/21009\/revisions\/21077"}],"up":[{"embeddable":true,"href":"https:\/\/huckerts.net\/it\/wp-json\/wp\/v2\/pages\/21007"}],"wp:featuredmedia":[{"embeddable":true,"href":"https:\/\/huckerts.net\/it\/wp-json\/wp\/v2\/media\/19602"}],"wp:attachment":[{"href":"https:\/\/huckerts.net\/it\/wp-json\/wp\/v2\/media?parent=21009"}],"curies":[{"name":"wp","href":"https:\/\/api.w.org\/{rel}","templated":true}]}}