{"id":21007,"date":"2024-07-25T17:57:06","date_gmt":"2024-07-25T15:57:06","guid":{"rendered":"https:\/\/huckerts.net\/nos-univers\/"},"modified":"2026-02-25T11:30:02","modified_gmt":"2026-02-25T10:30:02","slug":"nos-univers","status":"publish","type":"page","link":"https:\/\/huckerts.net\/it\/nos-univers\/","title":{"rendered":"Nos univers"},"content":{"rendered":"<p>[vc_row][vc_column]\r\n  <div class=\"block block_univers\">\r\n    <div class=\"block_univers__container\">\r\n      <div class=\"block_univers__container__title  animateFade fadeOutAnimation\">\r\n        <h2><\/h2>\r\n      <\/div>\r\n      <div class=\"block_univers__container__items\">\r\n        <div class=\"block_univers__container__items__item animateFade fadeOutAnimation\">\r\n    <a href=\"https:\/\/huckerts.net\/it\/nos-univers\/collectivite\/\">\r\n      <div class=\"letters-link\"><span>Co<\/span><span class=\"arrow-link\"><\/span><\/div>\r\n      <div class=\"name\"><h3>Comunit\u00e0<\/h3><\/div>\r\n      <\/a>\r\n    <\/div><div class=\"block_univers__container__items__item animateFade fadeOutAnimation\">\r\n    <a href=\"https:\/\/huckerts.net\/it\/nos-univers\/industrie\/\">\r\n      <div class=\"letters-link\"><span>In<\/span><span class=\"arrow-link\"><\/span><\/div>\r\n      <div class=\"name\"><h3>Industria<\/h3><\/div>\r\n      <\/a>\r\n    <\/div><div class=\"block_univers__container__items__item animateFade fadeOutAnimation\">\r\n    <a href=\"https:\/\/huckerts.net\/it\/nos-univers\/laboratoire-recherche\/\">\r\n      <div class=\"letters-link\"><span>Lr<\/span><span class=\"arrow-link\"><\/span><\/div>\r\n      <div class=\"name\"><h3>Laboratori\/Ricerca<\/h3><\/div>\r\n      <\/a>\r\n    <\/div><div class=\"block_univers__container__items__item animateFade fadeOutAnimation\">\r\n    <a href=\"https:\/\/huckerts.net\/it\/nos-univers\/sante\/\">\r\n      <div class=\"letters-link\"><span>Sa<\/span><span class=\"arrow-link\"><\/span><\/div>\r\n      <div class=\"name\"><h3>Sanit\u00e0<\/h3><\/div>\r\n      <\/a>\r\n    <\/div><div class=\"block_univers__container__items__item animateFade fadeOutAnimation\">\r\n    <a href=\"https:\/\/huckerts.net\/it\/nos-univers\/veterinaire\/\">\r\n      <div class=\"letters-link\"><span>Ve<\/span><span class=\"arrow-link\"><\/span><\/div>\r\n      <div class=\"name\"><h3>Veterinaria<\/h3><\/div>\r\n      <\/a>\r\n    <\/div>\r\n      <\/div>\r\n      \r\n    <\/div>\r\n  <\/div>[\/vc_column][\/vc_row]<\/p>\n","protected":false},"excerpt":{"rendered":"<p>[vc_row][vc_column][\/vc_column][\/vc_row]<\/p>\n","protected":false},"author":15,"featured_media":0,"parent":0,"menu_order":0,"comment_status":"closed","ping_status":"closed","template":"","meta":{"footnotes":""},"yoast_head":"<!-- This site is optimized with the Yoast SEO plugin v21.7 - https:\/\/yoast.com\/wordpress\/plugins\/seo\/ -->\n<title>Nos univers - Huckert&#039;s<\/title>\n<meta name=\"robots\" content=\"index, follow, max-snippet:-1, max-image-preview:large, max-video-preview:-1\" \/>\n<link rel=\"canonical\" href=\"https:\/\/huckerts.net\/it\/nos-univers\/\" \/>\n<meta property=\"og:locale\" content=\"it_IT\" \/>\n<meta property=\"og:type\" content=\"article\" \/>\n<meta property=\"og:title\" content=\"Nos univers - Huckert&#039;s\" \/>\n<meta property=\"og:description\" content=\"[vc_row][vc_column][\/vc_column][\/vc_row]\" \/>\n<meta property=\"og:url\" content=\"https:\/\/huckerts.net\/it\/nos-univers\/\" \/>\n<meta property=\"og:site_name\" content=\"Huckert&#039;s\" \/>\n<meta property=\"article:publisher\" content=\"https:\/\/www.facebook.com\/huckerts\" \/>\n<meta property=\"article:modified_time\" content=\"2026-02-25T10:30:02+00:00\" \/>\n<meta property=\"og:image\" content=\"https:\/\/huckerts.net\/wp-content\/uploads\/2022\/01\/huckertnet-screeshot_2022-scaled.jpg\" \/>\n\t<meta property=\"og:image:width\" content=\"2560\" \/>\n\t<meta property=\"og:image:height\" content=\"1600\" \/>\n\t<meta property=\"og:image:type\" content=\"image\/jpeg\" \/>\n<meta name=\"twitter:card\" content=\"summary_large_image\" \/>\n<meta name=\"twitter:label1\" content=\"Tempo di lettura stimato\" \/>\n\t<meta name=\"twitter:data1\" content=\"1 minuto\" \/>\n<script type=\"application\/ld+json\" class=\"yoast-schema-graph\">{\"@context\":\"https:\/\/schema.org\",\"@graph\":[{\"@type\":\"WebPage\",\"@id\":\"https:\/\/huckerts.net\/it\/nos-univers\/\",\"url\":\"https:\/\/huckerts.net\/it\/nos-univers\/\",\"name\":\"Nos univers - Huckert&#039;s\",\"isPartOf\":{\"@id\":\"https:\/\/huckerts.net\/#website\"},\"datePublished\":\"2024-07-25T15:57:06+00:00\",\"dateModified\":\"2026-02-25T10:30:02+00:00\",\"inLanguage\":\"it-IT\",\"potentialAction\":[{\"@type\":\"ReadAction\",\"target\":[\"https:\/\/huckerts.net\/it\/nos-univers\/\"]}]},{\"@type\":\"WebSite\",\"@id\":\"https:\/\/huckerts.net\/#website\",\"url\":\"https:\/\/huckerts.net\/\",\"name\":\"Huckert&#039;s\",\"description\":\"La d\u00e9sinfection ma\u00eetris\u00e9e\",\"potentialAction\":[{\"@type\":\"SearchAction\",\"target\":{\"@type\":\"EntryPoint\",\"urlTemplate\":\"https:\/\/huckerts.net\/?s={search_term_string}\"},\"query-input\":\"required name=search_term_string\"}],\"inLanguage\":\"it-IT\"}]}<\/script>\n<!-- \/ Yoast SEO plugin. -->","yoast_head_json":{"title":"Nos univers - Huckert&#039;s","robots":{"index":"index","follow":"follow","max-snippet":"max-snippet:-1","max-image-preview":"max-image-preview:large","max-video-preview":"max-video-preview:-1"},"canonical":"https:\/\/huckerts.net\/it\/nos-univers\/","og_locale":"it_IT","og_type":"article","og_title":"Nos univers - Huckert&#039;s","og_description":"[vc_row][vc_column][\/vc_column][\/vc_row]","og_url":"https:\/\/huckerts.net\/it\/nos-univers\/","og_site_name":"Huckert&#039;s","article_publisher":"https:\/\/www.facebook.com\/huckerts","article_modified_time":"2026-02-25T10:30:02+00:00","og_image":[{"width":2560,"height":1600,"url":"https:\/\/huckerts.net\/wp-content\/uploads\/2022\/01\/huckertnet-screeshot_2022-scaled.jpg","type":"image\/jpeg"}],"twitter_card":"summary_large_image","twitter_misc":{"Tempo di lettura stimato":"1 minuto"},"schema":{"@context":"https:\/\/schema.org","@graph":[{"@type":"WebPage","@id":"https:\/\/huckerts.net\/it\/nos-univers\/","url":"https:\/\/huckerts.net\/it\/nos-univers\/","name":"Nos univers - Huckert&#039;s","isPartOf":{"@id":"https:\/\/huckerts.net\/#website"},"datePublished":"2024-07-25T15:57:06+00:00","dateModified":"2026-02-25T10:30:02+00:00","inLanguage":"it-IT","potentialAction":[{"@type":"ReadAction","target":["https:\/\/huckerts.net\/it\/nos-univers\/"]}]},{"@type":"WebSite","@id":"https:\/\/huckerts.net\/#website","url":"https:\/\/huckerts.net\/","name":"Huckert&#039;s","description":"La d\u00e9sinfection ma\u00eetris\u00e9e","potentialAction":[{"@type":"SearchAction","target":{"@type":"EntryPoint","urlTemplate":"https:\/\/huckerts.net\/?s={search_term_string}"},"query-input":"required name=search_term_string"}],"inLanguage":"it-IT"}]}},"_links":{"self":[{"href":"https:\/\/huckerts.net\/it\/wp-json\/wp\/v2\/pages\/21007"}],"collection":[{"href":"https:\/\/huckerts.net\/it\/wp-json\/wp\/v2\/pages"}],"about":[{"href":"https:\/\/huckerts.net\/it\/wp-json\/wp\/v2\/types\/page"}],"author":[{"embeddable":true,"href":"https:\/\/huckerts.net\/it\/wp-json\/wp\/v2\/users\/15"}],"replies":[{"embeddable":true,"href":"https:\/\/huckerts.net\/it\/wp-json\/wp\/v2\/comments?post=21007"}],"version-history":[{"count":1,"href":"https:\/\/huckerts.net\/it\/wp-json\/wp\/v2\/pages\/21007\/revisions"}],"predecessor-version":[{"id":21008,"href":"https:\/\/huckerts.net\/it\/wp-json\/wp\/v2\/pages\/21007\/revisions\/21008"}],"wp:attachment":[{"href":"https:\/\/huckerts.net\/it\/wp-json\/wp\/v2\/media?parent=21007"}],"curies":[{"name":"wp","href":"https:\/\/api.w.org\/{rel}","templated":true}]}}