{"id":20984,"date":"2021-08-25T13:41:13","date_gmt":"2021-08-25T11:41:13","guid":{"rendered":"https:\/\/huckerts.net\/umonium38\/"},"modified":"2026-02-25T11:03:54","modified_gmt":"2026-02-25T10:03:54","slug":"umonium38","status":"publish","type":"page","link":"https:\/\/huckerts.net\/it\/umonium38\/","title":{"rendered":"UMONIUM38\u00ae"},"content":{"rendered":"<p>[vc_row css=&#8221;.vc_custom_1607082351781{margin-top: 107px !important;}&#8221;][vc_column][vc_column_text]<\/p>\n<p class=\"p1\">Sono stati effettuati 38 tentativi per ottenere la formula in grado di combinare <span class=\"s1\">prestazioni, <\/span>rapidit\u00e0, stabilit\u00e0 e sicurezza.<\/p>\n<p class=\"p1\">La formulazione dei nostri prodotti <span class=\"s1\">UMONIUM<\/span><span class=\"s2\">38\u00ae<\/span><span class=\"s3\">\u00a0<\/span>mostra uno spettro d&#8217;attivit\u00e0 considerevolmente <span class=\"s4\">pi\u00f9 ampio. I <\/span>tempi di contatto sono brevi e tollerabili<span class=\"s4\">. Le <\/span>concentrazioni di utilizzo sono basse<span class=\"s4\">. <\/span><\/p>\n<p class=\"p1\"><span class=\"s4\">Il carattere tensioattivo della <\/span>formula permette contemporaneamente un&#8217; <span class=\"s1\">azione efficace <\/span>di detersione, e disinfezione di alta qualit\u00e0 contro tutti i patogeni e l&#8217;eliminazione del film grasso, proteico e del biofilm, tramite immersione, circolazione di flusso, pulitura a umido, vaporizzazione, spruzzo di schiuma, ecc., &#8230; A freddo come a caldo.<\/p>\n<p>[\/vc_column_text][vc_single_image image=&#8221;20157&#8243; img_size=&#8221;full&#8221; alignment=&#8221;center&#8221; css_animation=&#8221;fadeInUp&#8221;][vc_empty_space height=&#8221;64px&#8221;][\/vc_column][\/vc_row][vc_row][vc_column]\r\n  <div class=\"block block_two_columns\">\r\n    <div class=\"block_two_columns__container default\">\r\n      <div class=\"block_two_columns__container__image\">\r\n        <img decoding=\"async\" src=\"https:\/\/huckerts.net\/wp-content\/uploads\/2021\/09\/U38-01.jpg\" alt=\"Image mise en avant\" class=\" animateFade fadeOutAnimation\">\r\n      <\/div>\r\n      <div class=\"block_two_columns__container__content\">\r\n        <div class=\"text animateFade fadeOutAnimation\">\r\n          <\/p>\n<div class=\"wpb_text_column wpb_content_element \">\n<div class=\"wpb_wrapper\">\n<h2>EFFICACIA RICONOSCIUTA<\/h2>\n<\/div>\n<\/div>\n<div class=\"wpb_text_column wpb_content_element \">\n<div class=\"wpb_wrapper\">\n<p class=\"p1\">Conformi e convalidati in base ai pi\u00f9 alti standard normativi europei applicabili, l&#8217;efficacia dei nostri disinfettanti \u00e8 riconosciuta su tutta <span class=\"s1\">la flora patogena\u00a0<\/span>(batteri, lieviti, funghi, micobatteri, virus), anche in caso di interferenze.<\/p>\n<\/div>\n<\/div>\n<p>\r\n        <\/div>\r\n        \r\n      <\/div>\r\n    <\/div>\r\n  <\/div>[\/vc_column][\/vc_row][vc_row][vc_column]\r\n  <div class=\"block block_two_columns\">\r\n    <div class=\"block_two_columns__container inverse\">\r\n      <div class=\"block_two_columns__container__image\">\r\n        <img decoding=\"async\" src=\"https:\/\/huckerts.net\/wp-content\/uploads\/2021\/09\/U38-02.jpg\" alt=\"Image mise en avant\" class=\" animateFade fadeOutAnimation\">\r\n      <\/div>\r\n      <div class=\"block_two_columns__container__content\">\r\n        <div class=\"text animateFade fadeOutAnimation\">\r\n          <\/p>\n<div class=\"wpb_text_column wpb_content_element \">\n<div class=\"wpb_wrapper\">\n<h2>PRODOTTI SICURI<\/h2>\n<\/div>\n<\/div>\n<div class=\"wpb_text_column wpb_content_element \">\n<div class=\"wpb_wrapper\">\n<p class=\"p1\">Nel contesto di un approccio<span class=\"s1\">\u00a0RESPONSABILE<\/span>, il Laboratoire Huckert\u2019s International s&#8217;impegna a commercializzare \u00a0<span class=\"s2\">prodotti che\u00a0<\/span>non comportino rischi per l&#8217;operatore, il paziente, i materiali e l&#8217;ambiente.<\/p>\n<p>Senza sostanze CMR (cancerogene, mutagene oppure tossiche per la riproduzione) n\u00e9 interferenti endocrini, i nostri disinfettantia pH neutro sono non corrosivi, non infiammabili e non rilasciano alcun vapore tossico.<\/p>\n<p>Dei prodotti che rispettano la vostra salute e quella del vostro materiale!<\/p><\/div>\n<\/div>\n<p>\r\n        <\/div>\r\n        \r\n      <\/div>\r\n    <\/div>\r\n  <\/div>[\/vc_column][\/vc_row][vc_row][vc_column][vc_empty_space height=&#8221;30px&#8221;][vc_row_inner][vc_column_inner width=&#8221;1\/4&#8243;][vc_single_image image=&#8221;3920&#8243; img_size=&#8221;90 x 90&#8243; alignment=&#8221;center&#8221; style=&#8221;vc_box_rounded&#8221;][vc_column_text]<\/p>\n<p style=\"font-size: 15px; font-weight: normal; font-stretch: normal; font-style: normal; line-height: 1.33; letter-spacing: normal; text-align: center; color: rgba(0, 0, 0, 0.66);\">Senza vapori pericolosi<\/p>\n<p>[\/vc_column_text][\/vc_column_inner][vc_column_inner width=&#8221;1\/4&#8243;][vc_single_image image=&#8221;3918&#8243; img_size=&#8221;90 x 90&#8243; alignment=&#8221;center&#8221; style=&#8221;vc_box_rounded&#8221;][vc_column_text]<\/p>\n<p style=\"font-size: 15px; font-weight: normal; font-stretch: normal; font-style: normal; line-height: 1.33; letter-spacing: normal; text-align: center; color: rgba(0, 0, 0, 0.66);\">Senza sostanze CMR<br \/>\no interferenti endocrini<\/p>\n<p>[\/vc_column_text][\/vc_column_inner][vc_column_inner width=&#8221;1\/4&#8243;][vc_single_image image=&#8221;3917&#8243; img_size=&#8221;90 x 90&#8243; alignment=&#8221;center&#8221; style=&#8221;vc_box_rounded&#8221;][vc_column_text]<\/p>\n<p class=\"p1\" style=\"text-align: center;\">Non infiammabile<\/p>\n<p>[\/vc_column_text][\/vc_column_inner][vc_column_inner width=&#8221;1\/4&#8243;][vc_single_image image=&#8221;3915&#8243; img_size=&#8221;90 x 90&#8243; alignment=&#8221;center&#8221; style=&#8221;vc_box_rounded&#8221;][vc_column_text]<\/p>\n<p style=\"font-size: 15px; font-weight: normal; font-stretch: normal; font-style: normal; line-height: 1.33; letter-spacing: normal; text-align: center; color: rgba(0, 0, 0, 0.66);\">Senza residui dopo il risciacquo<\/p>\n<p>[\/vc_column_text][\/vc_column_inner][\/vc_row_inner][vc_empty_space height=&#8221;30px&#8221;][\/vc_column][\/vc_row][vc_row][vc_column]\r\n  <div class=\"block block_two_columns\">\r\n    <div class=\"block_two_columns__container default\">\r\n      <div class=\"block_two_columns__container__image\">\r\n        <img decoding=\"async\" src=\"https:\/\/huckerts.net\/wp-content\/uploads\/2021\/09\/U38-03.jpg\" alt=\"Image mise en avant\" class=\" animateFade fadeOutAnimation\">\r\n      <\/div>\r\n      <div class=\"block_two_columns__container__content\">\r\n        <div class=\"text animateFade fadeOutAnimation\">\r\n          <\/p>\n<div class=\"wpb_text_column wpb_content_element \">\n<div class=\"wpb_wrapper\">\n<h2>GAMME ADATTE<\/h2>\n<\/div>\n<\/div>\n<div class=\"wpb_text_column wpb_content_element \">\n<div class=\"wpb_wrapper\">\n<p>Poich\u00e9 ogni attivit\u00e0 ha le proprie esigenze, il nostro laboratorio ha sviluppato pi\u00f9 gamme di disinfettanti per rispondere alle esigenze specifiche di ogni settore professionale.<\/p>\n<p>Con o senza oli essenziali, proponiamo biocidi e dispositivi medici adatti agli ambienti pi\u00f9 esigenti, sensibili o a contatto con gli alimenti.<\/p><\/div>\n<\/div>\n<p>\r\n        <\/div>\r\n        \r\n      <\/div>\r\n    <\/div>\r\n  <\/div>[\/vc_column][\/vc_row][vc_row][vc_column]\r\n  <div class=\"block block_two_columns\">\r\n    <div class=\"block_two_columns__container inverse\">\r\n      <div class=\"block_two_columns__container__image\">\r\n        <img decoding=\"async\" src=\"https:\/\/huckerts.net\/wp-content\/uploads\/2021\/09\/U38-04.jpg\" alt=\"Image mise en avant\" class=\" animateFade fadeOutAnimation\">\r\n      <\/div>\r\n      <div class=\"block_two_columns__container__content\">\r\n        <div class=\"text animateFade fadeOutAnimation\">\r\n          <\/p>\n<div class=\"wpb_text_column wpb_content_element \">\n<div class=\"wpb_wrapper\">\n<h2>DOPPIA AZIONE: DETERGENTE E DISINFETTANTE<\/h2>\n<\/div>\n<\/div>\n<div class=\"wpb_text_column wpb_content_element \">\n<div class=\"wpb_wrapper\">\n<p class=\"p1\">La formula\u00a0<span class=\"s1\">UMONIUM<\/span><span class=\"s2\">38\u00ae pha propriet\u00e0 tensioattive<\/span>. Destabilizza i legami tra le molecole d&#8217;acqua e consente a quest&#8217;ultima di penetrare pi\u00f9 in profondit\u00e0 nelle micro asperit\u00e0, nonch\u00e9 di favorire la solubilizzazione di altre molecole (lipidi, sporco, ecc.).<\/p>\n<p class=\"p1\">Questa particolarit\u00e0 le consente di essere utilizzata per la detersione e la disinfezione.<\/p>\n<\/div>\n<\/div>\n<p>\r\n        <\/div>\r\n        \r\n      <\/div>\r\n    <\/div>\r\n  <\/div>[\/vc_column][\/vc_row]<\/p>\n","protected":false},"excerpt":{"rendered":"<p>[vc_row css=&#8221;.vc_custom_1607082351781{margin-top: 107px !important;}&#8221;][vc_column][vc_column_text] Sono stati effettuati 38 tentativi per ottenere la formula in grado di combinare prestazioni, rapidit\u00e0, stabilit\u00e0 e sicurezza. La formulazione dei nostri prodotti UMONIUM38\u00ae\u00a0mostra uno spettro d&#8217;attivit\u00e0 considerevolmente pi\u00f9 ampio. I tempi di contatto sono brevi e tollerabili. Le concentrazioni di utilizzo sono basse. Il carattere tensioattivo della formula permette contemporaneamente un&#8217; azione efficace di detersione, e disinfezione di alta qualit\u00e0 contro tutti i patogeni e l&#8217;eliminazione del film grasso, proteico e del biofilm, tramite immersione, circolazione di flusso, pulitura a umido, vaporizzazione, spruzzo di schiuma, ecc., &#8230; A freddo come a caldo. [\/vc_column_text][vc_single_image image=&#8221;20157&#8243; img_size=&#8221;full&#8221; alignment=&#8221;center&#8221; css_animation=&#8221;fadeInUp&#8221;][vc_empty_space height=&#8221;64px&#8221;][\/vc_column][\/vc_row][vc_row][vc_column][\/vc_column][\/vc_row][vc_row][vc_column][\/vc_column][\/vc_row][vc_row][vc_column][vc_empty_space height=&#8221;30px&#8221;][vc_row_inner][vc_column_inner width=&#8221;1\/4&#8243;][vc_single_image image=&#8221;3920&#8243; img_size=&#8221;90 x 90&#8243; alignment=&#8221;center&#8221; style=&#8221;vc_box_rounded&#8221;][vc_column_text] Senza vapori pericolosi [\/vc_column_text][\/vc_column_inner][vc_column_inner width=&#8221;1\/4&#8243;][vc_single_image image=&#8221;3918&#8243; img_size=&#8221;90 x 90&#8243; alignment=&#8221;center&#8221; style=&#8221;vc_box_rounded&#8221;][vc_column_text] Senza sostanze CMR o interferenti endocrini [\/vc_column_text][\/vc_column_inner][vc_column_inner width=&#8221;1\/4&#8243;][vc_single_image image=&#8221;3917&#8243; img_size=&#8221;90 x 90&#8243; alignment=&#8221;center&#8221; style=&#8221;vc_box_rounded&#8221;][vc_column_text] Non infiammabile [\/vc_column_text][\/vc_column_inner][vc_column_inner width=&#8221;1\/4&#8243;][vc_single_image image=&#8221;3915&#8243; img_size=&#8221;90 x 90&#8243; alignment=&#8221;center&#8221; style=&#8221;vc_box_rounded&#8221;][vc_column_text] Senza residui dopo il risciacquo [\/vc_column_text][\/vc_column_inner][\/vc_row_inner][vc_empty_space height=&#8221;30px&#8221;][\/vc_column][\/vc_row][vc_row][vc_column][\/vc_column][\/vc_row][vc_row][vc_column][\/vc_column][\/vc_row]<\/p>\n","protected":false},"author":13,"featured_media":0,"parent":0,"menu_order":0,"comment_status":"closed","ping_status":"closed","template":"","meta":{"footnotes":""},"yoast_head":"<!-- This site is optimized with the Yoast SEO plugin v21.7 - https:\/\/yoast.com\/wordpress\/plugins\/seo\/ -->\n<title>UMONIUM38\u00ae - Huckert&#039;s<\/title>\n<meta name=\"robots\" content=\"index, follow, max-snippet:-1, max-image-preview:large, max-video-preview:-1\" \/>\n<link rel=\"canonical\" href=\"https:\/\/huckerts.net\/it\/umonium38\/\" \/>\n<meta property=\"og:locale\" content=\"it_IT\" \/>\n<meta property=\"og:type\" content=\"article\" \/>\n<meta property=\"og:title\" content=\"UMONIUM38\u00ae - Huckert&#039;s\" \/>\n<meta property=\"og:description\" content=\"[vc_row css=&#8221;.vc_custom_1607082351781{margin-top: 107px !important;}&#8221;][vc_column][vc_column_text] Sono stati effettuati 38 tentativi per ottenere la formula in grado di combinare prestazioni, rapidit\u00e0, stabilit\u00e0 e sicurezza. La formulazione dei nostri prodotti UMONIUM38\u00ae\u00a0mostra uno spettro d&#8217;attivit\u00e0 considerevolmente pi\u00f9 ampio. I tempi di contatto sono brevi e tollerabili. Le concentrazioni di utilizzo sono basse. Il carattere tensioattivo della formula permette contemporaneamente un&#8217; azione efficace di detersione, e disinfezione di alta qualit\u00e0 contro tutti i patogeni e l&#8217;eliminazione del film grasso, proteico e del biofilm, tramite immersione, circolazione di flusso, pulitura a umido, vaporizzazione, spruzzo di schiuma, ecc., &#8230; A freddo come a caldo. [\/vc_column_text][vc_single_image image=&#8221;20157&#8243; img_size=&#8221;full&#8221; alignment=&#8221;center&#8221; css_animation=&#8221;fadeInUp&#8221;][vc_empty_space height=&#8221;64px&#8221;][\/vc_column][\/vc_row][vc_row][vc_column][\/vc_column][\/vc_row][vc_row][vc_column][\/vc_column][\/vc_row][vc_row][vc_column][vc_empty_space height=&#8221;30px&#8221;][vc_row_inner][vc_column_inner width=&#8221;1\/4&#8243;][vc_single_image image=&#8221;3920&#8243; img_size=&#8221;90 x 90&#8243; alignment=&#8221;center&#8221; style=&#8221;vc_box_rounded&#8221;][vc_column_text] Senza vapori pericolosi [\/vc_column_text][\/vc_column_inner][vc_column_inner width=&#8221;1\/4&#8243;][vc_single_image image=&#8221;3918&#8243; img_size=&#8221;90 x 90&#8243; alignment=&#8221;center&#8221; style=&#8221;vc_box_rounded&#8221;][vc_column_text] Senza sostanze CMR o interferenti endocrini [\/vc_column_text][\/vc_column_inner][vc_column_inner width=&#8221;1\/4&#8243;][vc_single_image image=&#8221;3917&#8243; img_size=&#8221;90 x 90&#8243; alignment=&#8221;center&#8221; style=&#8221;vc_box_rounded&#8221;][vc_column_text] Non infiammabile [\/vc_column_text][\/vc_column_inner][vc_column_inner width=&#8221;1\/4&#8243;][vc_single_image image=&#8221;3915&#8243; img_size=&#8221;90 x 90&#8243; alignment=&#8221;center&#8221; style=&#8221;vc_box_rounded&#8221;][vc_column_text] Senza residui dopo il risciacquo [\/vc_column_text][\/vc_column_inner][\/vc_row_inner][vc_empty_space height=&#8221;30px&#8221;][\/vc_column][\/vc_row][vc_row][vc_column][\/vc_column][\/vc_row][vc_row][vc_column][\/vc_column][\/vc_row]\" \/>\n<meta property=\"og:url\" content=\"https:\/\/huckerts.net\/it\/umonium38\/\" \/>\n<meta property=\"og:site_name\" content=\"Huckert&#039;s\" \/>\n<meta property=\"article:publisher\" content=\"https:\/\/www.facebook.com\/huckerts\" \/>\n<meta property=\"article:modified_time\" content=\"2026-02-25T10:03:54+00:00\" \/>\n<meta property=\"og:image\" content=\"https:\/\/huckerts.net\/wp-content\/uploads\/2022\/01\/huckertnet-screeshot_2022-scaled.jpg\" \/>\n\t<meta property=\"og:image:width\" content=\"2560\" \/>\n\t<meta property=\"og:image:height\" content=\"1600\" \/>\n\t<meta property=\"og:image:type\" content=\"image\/jpeg\" \/>\n<meta name=\"twitter:card\" content=\"summary_large_image\" \/>\n<meta name=\"twitter:label1\" content=\"Tempo di lettura stimato\" \/>\n\t<meta name=\"twitter:data1\" content=\"2 minutes\" \/>\n<script type=\"application\/ld+json\" class=\"yoast-schema-graph\">{\"@context\":\"https:\/\/schema.org\",\"@graph\":[{\"@type\":\"WebPage\",\"@id\":\"https:\/\/huckerts.net\/it\/umonium38\/\",\"url\":\"https:\/\/huckerts.net\/it\/umonium38\/\",\"name\":\"UMONIUM38\u00ae - Huckert&#039;s\",\"isPartOf\":{\"@id\":\"https:\/\/huckerts.net\/#website\"},\"datePublished\":\"2021-08-25T11:41:13+00:00\",\"dateModified\":\"2026-02-25T10:03:54+00:00\",\"inLanguage\":\"it-IT\",\"potentialAction\":[{\"@type\":\"ReadAction\",\"target\":[\"https:\/\/huckerts.net\/it\/umonium38\/\"]}]},{\"@type\":\"WebSite\",\"@id\":\"https:\/\/huckerts.net\/#website\",\"url\":\"https:\/\/huckerts.net\/\",\"name\":\"Huckert&#039;s\",\"description\":\"La d\u00e9sinfection ma\u00eetris\u00e9e\",\"potentialAction\":[{\"@type\":\"SearchAction\",\"target\":{\"@type\":\"EntryPoint\",\"urlTemplate\":\"https:\/\/huckerts.net\/?s={search_term_string}\"},\"query-input\":\"required name=search_term_string\"}],\"inLanguage\":\"it-IT\"}]}<\/script>\n<!-- \/ Yoast SEO plugin. -->","yoast_head_json":{"title":"UMONIUM38\u00ae - Huckert&#039;s","robots":{"index":"index","follow":"follow","max-snippet":"max-snippet:-1","max-image-preview":"max-image-preview:large","max-video-preview":"max-video-preview:-1"},"canonical":"https:\/\/huckerts.net\/it\/umonium38\/","og_locale":"it_IT","og_type":"article","og_title":"UMONIUM38\u00ae - Huckert&#039;s","og_description":"[vc_row css=&#8221;.vc_custom_1607082351781{margin-top: 107px !important;}&#8221;][vc_column][vc_column_text] Sono stati effettuati 38 tentativi per ottenere la formula in grado di combinare prestazioni, rapidit\u00e0, stabilit\u00e0 e sicurezza. La formulazione dei nostri prodotti UMONIUM38\u00ae\u00a0mostra uno spettro d&#8217;attivit\u00e0 considerevolmente pi\u00f9 ampio. I tempi di contatto sono brevi e tollerabili. Le concentrazioni di utilizzo sono basse. Il carattere tensioattivo della formula permette contemporaneamente un&#8217; azione efficace di detersione, e disinfezione di alta qualit\u00e0 contro tutti i patogeni e l&#8217;eliminazione del film grasso, proteico e del biofilm, tramite immersione, circolazione di flusso, pulitura a umido, vaporizzazione, spruzzo di schiuma, ecc., &#8230; A freddo come a caldo. [\/vc_column_text][vc_single_image image=&#8221;20157&#8243; img_size=&#8221;full&#8221; alignment=&#8221;center&#8221; css_animation=&#8221;fadeInUp&#8221;][vc_empty_space height=&#8221;64px&#8221;][\/vc_column][\/vc_row][vc_row][vc_column][\/vc_column][\/vc_row][vc_row][vc_column][\/vc_column][\/vc_row][vc_row][vc_column][vc_empty_space height=&#8221;30px&#8221;][vc_row_inner][vc_column_inner width=&#8221;1\/4&#8243;][vc_single_image image=&#8221;3920&#8243; img_size=&#8221;90 x 90&#8243; alignment=&#8221;center&#8221; style=&#8221;vc_box_rounded&#8221;][vc_column_text] Senza vapori pericolosi [\/vc_column_text][\/vc_column_inner][vc_column_inner width=&#8221;1\/4&#8243;][vc_single_image image=&#8221;3918&#8243; img_size=&#8221;90 x 90&#8243; alignment=&#8221;center&#8221; style=&#8221;vc_box_rounded&#8221;][vc_column_text] Senza sostanze CMR o interferenti endocrini [\/vc_column_text][\/vc_column_inner][vc_column_inner width=&#8221;1\/4&#8243;][vc_single_image image=&#8221;3917&#8243; img_size=&#8221;90 x 90&#8243; alignment=&#8221;center&#8221; style=&#8221;vc_box_rounded&#8221;][vc_column_text] Non infiammabile [\/vc_column_text][\/vc_column_inner][vc_column_inner width=&#8221;1\/4&#8243;][vc_single_image image=&#8221;3915&#8243; img_size=&#8221;90 x 90&#8243; alignment=&#8221;center&#8221; style=&#8221;vc_box_rounded&#8221;][vc_column_text] Senza residui dopo il risciacquo [\/vc_column_text][\/vc_column_inner][\/vc_row_inner][vc_empty_space height=&#8221;30px&#8221;][\/vc_column][\/vc_row][vc_row][vc_column][\/vc_column][\/vc_row][vc_row][vc_column][\/vc_column][\/vc_row]","og_url":"https:\/\/huckerts.net\/it\/umonium38\/","og_site_name":"Huckert&#039;s","article_publisher":"https:\/\/www.facebook.com\/huckerts","article_modified_time":"2026-02-25T10:03:54+00:00","og_image":[{"width":2560,"height":1600,"url":"https:\/\/huckerts.net\/wp-content\/uploads\/2022\/01\/huckertnet-screeshot_2022-scaled.jpg","type":"image\/jpeg"}],"twitter_card":"summary_large_image","twitter_misc":{"Tempo di lettura stimato":"2 minutes"},"schema":{"@context":"https:\/\/schema.org","@graph":[{"@type":"WebPage","@id":"https:\/\/huckerts.net\/it\/umonium38\/","url":"https:\/\/huckerts.net\/it\/umonium38\/","name":"UMONIUM38\u00ae - Huckert&#039;s","isPartOf":{"@id":"https:\/\/huckerts.net\/#website"},"datePublished":"2021-08-25T11:41:13+00:00","dateModified":"2026-02-25T10:03:54+00:00","inLanguage":"it-IT","potentialAction":[{"@type":"ReadAction","target":["https:\/\/huckerts.net\/it\/umonium38\/"]}]},{"@type":"WebSite","@id":"https:\/\/huckerts.net\/#website","url":"https:\/\/huckerts.net\/","name":"Huckert&#039;s","description":"La d\u00e9sinfection ma\u00eetris\u00e9e","potentialAction":[{"@type":"SearchAction","target":{"@type":"EntryPoint","urlTemplate":"https:\/\/huckerts.net\/?s={search_term_string}"},"query-input":"required name=search_term_string"}],"inLanguage":"it-IT"}]}},"_links":{"self":[{"href":"https:\/\/huckerts.net\/it\/wp-json\/wp\/v2\/pages\/20984"}],"collection":[{"href":"https:\/\/huckerts.net\/it\/wp-json\/wp\/v2\/pages"}],"about":[{"href":"https:\/\/huckerts.net\/it\/wp-json\/wp\/v2\/types\/page"}],"author":[{"embeddable":true,"href":"https:\/\/huckerts.net\/it\/wp-json\/wp\/v2\/users\/13"}],"replies":[{"embeddable":true,"href":"https:\/\/huckerts.net\/it\/wp-json\/wp\/v2\/comments?post=20984"}],"version-history":[{"count":4,"href":"https:\/\/huckerts.net\/it\/wp-json\/wp\/v2\/pages\/20984\/revisions"}],"predecessor-version":[{"id":20990,"href":"https:\/\/huckerts.net\/it\/wp-json\/wp\/v2\/pages\/20984\/revisions\/20990"}],"wp:attachment":[{"href":"https:\/\/huckerts.net\/it\/wp-json\/wp\/v2\/media?parent=20984"}],"curies":[{"name":"wp","href":"https:\/\/api.w.org\/{rel}","templated":true}]}}