{"id":20976,"date":"2016-03-14T18:17:49","date_gmt":"2016-03-14T17:17:49","guid":{"rendered":"https:\/\/huckerts.net\/contact\/"},"modified":"2026-02-24T15:06:24","modified_gmt":"2026-02-24T14:06:24","slug":"contact","status":"publish","type":"page","link":"https:\/\/huckerts.net\/it\/contact\/","title":{"rendered":"Contatti"},"content":{"rendered":"<p>[vc_row][vc_column][vc_empty_space][vc_column_text]\n<div class=\"wpcf7 no-js\" id=\"wpcf7-f7358-o1\" lang=\"en-US\" dir=\"ltr\">\n<div class=\"screen-reader-response\"><p role=\"status\" aria-live=\"polite\" aria-atomic=\"true\"><\/p> <ul><\/ul><\/div>\n<form action=\"\/it\/wp-json\/wp\/v2\/pages\/20976#wpcf7-f7358-o1\" method=\"post\" class=\"wpcf7-form init\" aria-label=\"Contact form\" novalidate=\"novalidate\" data-status=\"init\">\n<div style=\"display: none;\">\n<input type=\"hidden\" name=\"_wpcf7\" value=\"7358\" \/>\n<input type=\"hidden\" name=\"_wpcf7_version\" value=\"5.8.5\" \/>\n<input type=\"hidden\" name=\"_wpcf7_locale\" value=\"en_US\" \/>\n<input type=\"hidden\" name=\"_wpcf7_unit_tag\" value=\"wpcf7-f7358-o1\" \/>\n<input type=\"hidden\" name=\"_wpcf7_container_post\" value=\"0\" \/>\n<input type=\"hidden\" name=\"_wpcf7_posted_data_hash\" value=\"\" \/>\n<input type=\"hidden\" name=\"_wpcf7_recaptcha_response\" value=\"\" \/>\n<\/div>\n<input class=\"wpcf7-form-control wpcf7-hidden\" value=\"\" type=\"hidden\" name=\"source\" \/>\n<div class=\"row\">\n\t<div class=\"col-md-6\">\n\t\t<div class=\"form-group\">\n\t\t\t<p><label>Cognome *<\/label><br \/>\n<span class=\"wpcf7-form-control-wrap\" data-name=\"last-name\"><input size=\"40\" class=\"wpcf7-form-control wpcf7-text wpcf7-validates-as-required form-control\" aria-required=\"true\" aria-invalid=\"false\" placeholder=\"Cognome\" value=\"\" type=\"text\" name=\"last-name\" \/><\/span>\n\t\t\t<\/p>\n\t\t<\/div>\n\t\t<div class=\"form-group\">\n\t\t\t<p><label>Nome *<\/label><br \/>\n<span class=\"wpcf7-form-control-wrap\" data-name=\"first-name\"><input size=\"40\" class=\"wpcf7-form-control wpcf7-text wpcf7-validates-as-required form-control\" aria-required=\"true\" aria-invalid=\"false\" placeholder=\"Nome\" value=\"\" type=\"text\" name=\"first-name\" \/><\/span>\n\t\t\t<\/p>\n\t\t<\/div>\n\t\t<div class=\"form-group\">\n\t\t\t<p><label>Azienda *<\/label><br \/>\n<span class=\"wpcf7-form-control-wrap\" data-name=\"company\"><input size=\"40\" class=\"wpcf7-form-control wpcf7-text wpcf7-validates-as-required form-control\" aria-required=\"true\" aria-invalid=\"false\" placeholder=\"La vostra azienda\" value=\"\" type=\"text\" name=\"company\" \/><\/span>\n\t\t\t<\/p>\n\t\t<\/div>\n\t\t<div class=\"form-group\">\n\t\t\t<p><label>E-mail *<\/label><br \/>\n<span class=\"wpcf7-form-control-wrap\" data-name=\"email\"><input size=\"40\" class=\"wpcf7-form-control wpcf7-email wpcf7-validates-as-required wpcf7-text wpcf7-validates-as-email form-control\" aria-required=\"true\" aria-invalid=\"false\" placeholder=\"Il tuo indirizzo e-mail\" value=\"\" type=\"email\" name=\"email\" \/><\/span>\n\t\t\t<\/p>\n\t\t<\/div>\n\t<\/div>\n\t<div class=\"col-md-6\">\n\t\t<div class=\"form-group\">\n\t\t\t<p><label>Paese *<\/label><br \/>\n<span class=\"wpcf7-form-control-wrap\" data-name=\"country\"><input size=\"40\" class=\"wpcf7-form-control wpcf7-text wpcf7-validates-as-required form-control\" aria-required=\"true\" aria-invalid=\"false\" placeholder=\"Paese (ad es.: Belgio, Francia, Italia\u2026)\" value=\"\" type=\"text\" name=\"country\" \/><\/span>\n\t\t\t<\/p>\n\t\t<\/div>\n\t\t<div class=\"form-group\">\n\t\t\t<p><label>Telefono *<\/label><br \/>\n<span class=\"wpcf7-form-control-wrap\" data-name=\"phone\"><input size=\"40\" class=\"wpcf7-form-control wpcf7-tel wpcf7-validates-as-required wpcf7-text wpcf7-validates-as-tel form-control\" aria-required=\"true\" aria-invalid=\"false\" placeholder=\"Il tuo numero di telefono con il prefisso\" value=\"\" type=\"tel\" name=\"phone\" \/><\/span>\n\t\t\t<\/p>\n\t\t<\/div>\n\t\t<div class=\"form-group\">\n\t\t\t<p><label>Settore di attivit\u00e0 *<\/label><br \/>\n<span class=\"wpcf7-form-control-wrap\" data-name=\"menu-971\"><select class=\"wpcf7-form-control wpcf7-select wpcf7-validates-as-required form-control\" id=\"3972\" aria-required=\"true\" aria-invalid=\"false\" name=\"menu-971\"><option value=\"Altro\">Altro<\/option><option value=\"Accoglienza del pubblico\">Accoglienza del pubblico<\/option><option value=\"Agroalimentare\">Agroalimentare<\/option><option value=\"Agroscienze\">Agroscienze<\/option><option value=\"Esercito\">Esercito<\/option><option value=\"Aviazione\">Aviazione<\/option><option value=\"Istituto di bellezza e benessere\">Istituto di bellezza e benessere<\/option><option value=\"Cardiologia\">Cardiologia<\/option><option value=\"Odontoiatria\">Odontoiatria<\/option><option value=\"EHPAD \/ Casa di riposo\">EHPAD \/ Casa di riposo<\/option><option value=\"Termalismo\/spa\">Termalismo\/spa<\/option><option value=\"PMA\">PMA<\/option><option value=\"Servizi funebri\">Servizi funebri<\/option><option value=\"Gastroenterologia\">Gastroenterologia<\/option><option value=\"Commercio al dettaglio\">Commercio al dettaglio<\/option><option value=\"Ginecologia\">Ginecologia<\/option><option value=\"Ospedali e cliniche\">Ospedali e cliniche<\/option><option value=\"Industria\">Industria<\/option><option value=\"Industria cosmetica\">Industria cosmetica<\/option><option value=\"Industria farmaceutica\">Industria farmaceutica<\/option><option value=\"Laboratorio di ricerca\">Laboratorio di ricerca<\/option><option value=\"Microelettronica e aerospaziale\">Microelettronica e aerospaziale<\/option><option value=\"Neonatologia\">Neonatologia<\/option><option value=\"Oftalmologia\">Oftalmologia<\/option><option value=\"ORL\">ORL<\/option><option value=\"Prima infanzia\">Prima infanzia<\/option><option value=\"Professioni paramediche\u201d \u201cSalute\">Professioni paramediche\u201d \u201cSalute<\/option><option value=\"Servizi di emergenza\">Servizi di emergenza<\/option><option value=\"Urologia\">Urologia<\/option><option value=\"Veterinaria\">Veterinaria<\/option><\/select><\/span>\n\t\t\t<\/p>\n\t\t<\/div>\n\t\t<div class=\"form-group\">\n\t\t\t<p><label>Messaggio *<\/label><br \/>\n<span class=\"wpcf7-form-control-wrap\" data-name=\"message\"><textarea cols=\"40\" rows=\"10\" class=\"wpcf7-form-control wpcf7-textarea wpcf7-validates-as-required form-control\" aria-required=\"true\" aria-invalid=\"false\" placeholder=\"Scrivi qui il tuo messaggio\" name=\"message\"><\/textarea><\/span>\n\t\t\t<\/p>\n\t\t<\/div>\n\t<\/div>\n<\/div>\n<div class=\"row\">\n\t<div class=\"col-md-12\">\n\t\t<div class=\"form-group\">\n\t\t\t<p><span class=\"wpcf7-form-control-wrap\" data-name=\"checkbox-10\"><span class=\"wpcf7-form-control wpcf7-checkbox wpcf7-validates-as-required\"><span class=\"wpcf7-list-item first last\"><label><input type=\"checkbox\" name=\"checkbox-10[]\" value=\"Autorizzo Laboratoire Huckert&#039;s International a contattarmi all&#039;indirizzo email indicato nel modulo\" \/><span class=\"wpcf7-list-item-label\">Autorizzo Laboratoire Huckert&#039;s International a contattarmi all&#039;indirizzo email indicato nel modulo<\/span><\/label><\/span><\/span><\/span>\n\t\t\t<\/p>\n\t\t<\/div>\n\t\t<div class=\"form-group center text-center\">\n\t\t\t<p><input class=\"wpcf7-form-control wpcf7-submit has-spinner btn btn-primary\" type=\"submit\" value=\"Invia la mia richiesta\" \/>\n\t\t\t<\/p>\n\t\t<\/div>\n\t<\/div>\n<\/div><div class=\"wpcf7-response-output\" aria-hidden=\"true\"><\/div>\n<\/form>\n<\/div>\n[\/vc_column_text][\/vc_column][\/vc_row][vc_row][vc_column][vc_empty_space][vc_empty_space][\/vc_column][\/vc_row][vc_row][vc_column][vc_row_inner][vc_column_inner width=&#8221;1\/3&#8243;][vc_column_text]<span class=\"nodeText editable \"><span class=\" \"><h4 class=\"block-title\">BELGIO<\/h4><br \/>\n<div class=\"\"> <\/div>20 Avenue Lavoisier<br \/>\n1300 Wavre<br \/>\n+32 (0)67 89 41 00<\/span><\/span>[\/vc_column_text][\/vc_column_inner][vc_column_inner width=&#8221;1\/3&#8243;][vc_column_text]<h4 class=\"block-title\">FRANCIA<\/h4><br \/>\n<span class=\"nodeText editable \"><span class=\" \"><div class=\"\"> <\/div><\/span><\/span>91 rue Nationale<br \/>\n59000 LILLE<br \/>\n<span class=\"nodeText editable \"><span class=\" \">+33 (0)1 39 76 15 05<\/span><\/span>[\/vc_column_text][\/vc_column_inner][vc_column_inner width=&#8221;1\/3&#8243;][vc_column_text]<h4 class=\"block-title\">GD LUSSEMBURGO<\/h4><br \/>\n<span class=\"nodeText editable \"><span class=\" \"><div class=\"\"> <\/div>177 Rue du Luxembourg<br \/>\n<\/span><\/span>L 8077<span class=\"nodeText editable \"><span class=\" \">\u00a0Bertrange<br \/>\n+352 26 39 42 60<\/span><\/span>[\/vc_column_text][\/vc_column_inner][\/vc_row_inner][vc_row_inner][vc_column_inner width=&#8221;1\/3&#8243;][vc_column_text]<h4 class=\"block-title\">ITALIA<\/h4><br \/>\n<span class=\"nodeText editable \"><span class=\" \"><div class=\"\"> <\/div>20 Via Giulio Natta<br \/>\n05100 Terni<br \/>\n+39 0744 80 03 87<\/span><\/span>[\/vc_column_text][\/vc_column_inner][vc_column_inner width=&#8221;1\/3&#8243;][vc_column_text]<h4 class=\"block-title\">SVIZZERA<\/h4><br \/>\n<span class=\"nodeText editable \"><span class=\" \"><div class=\"\"> <\/div><\/span><\/span>Rue de la Grotte 6 &#8211; CP848<br \/>\n1001 LAUSANNE<br \/>\n<span class=\"nodeText editable \"><span class=\" \">+32 (0)67 89 41 00<\/span><\/span>[\/vc_column_text][\/vc_column_inner][vc_column_inner width=&#8221;1\/3&#8243;][vc_column_text]<h4 class=\"block-title\">SINGAPORE<\/h4><br \/>\n<span class=\"nodeText editable \"><span class=\" \"><div class=\"\"> <\/div><\/span><\/span>9 Raffles Place, #18-21 Republic Plaza II,<br \/>\nSingapore 048619<br \/>\n+65 983 45 333[\/vc_column_text][\/vc_column_inner][\/vc_row_inner][\/vc_column][\/vc_row][vc_row][vc_column][vc_single_image image=&#8221;19691&#8243; img_size=&#8221;full&#8221; alignment=&#8221;center&#8221;][\/vc_column][\/vc_row]<\/p>\n","protected":false},"excerpt":{"rendered":"<p>[vc_row][vc_column][vc_empty_space][vc_column_text][\/vc_column_text][\/vc_column][\/vc_row][vc_row][vc_column][vc_empty_space][vc_empty_space][\/vc_column][\/vc_row][vc_row][vc_column][vc_row_inner][vc_column_inner width=&#8221;1\/3&#8243;][vc_column_text] 20 Avenue Lavoisier 1300 Wavre +32 (0)67 89 41 00[\/vc_column_text][\/vc_column_inner][vc_column_inner width=&#8221;1\/3&#8243;][vc_column_text] 91 rue Nationale 59000 LILLE +33 (0)1 39 76 15 05[\/vc_column_text][\/vc_column_inner][vc_column_inner width=&#8221;1\/3&#8243;][vc_column_text] 177 Rue du Luxembourg L 8077\u00a0Bertrange +352 26 39 42 60[\/vc_column_text][\/vc_column_inner][\/vc_row_inner][vc_row_inner][vc_column_inner width=&#8221;1\/3&#8243;][vc_column_text] 20 Via Giulio Natta 05100 Terni +39 0744 80 03 87[\/vc_column_text][\/vc_column_inner][vc_column_inner width=&#8221;1\/3&#8243;][vc_column_text] Rue de la Grotte 6 &#8211; CP848 1001 LAUSANNE +32 (0)67 89 41 00[\/vc_column_text][\/vc_column_inner][vc_column_inner width=&#8221;1\/3&#8243;][vc_column_text] 9 Raffles Place, #18-21 Republic Plaza II, Singapore 048619 +65 983 45 333[\/vc_column_text][\/vc_column_inner][\/vc_row_inner][\/vc_column][\/vc_row][vc_row][vc_column][vc_single_image image=&#8221;19691&#8243; img_size=&#8221;full&#8221; alignment=&#8221;center&#8221;][\/vc_column][\/vc_row]<\/p>\n","protected":false},"author":15,"featured_media":0,"parent":0,"menu_order":0,"comment_status":"closed","ping_status":"closed","template":"","meta":{"footnotes":""},"yoast_head":"<!-- This site is optimized with the Yoast SEO plugin v21.7 - https:\/\/yoast.com\/wordpress\/plugins\/seo\/ -->\n<title>Contatti - Huckert&#039;s<\/title>\n<meta name=\"description\" content=\"Vous d\u00e9sirez de plus amples informations sur nos produits ? Contactez-nous\" \/>\n<meta name=\"robots\" content=\"index, follow, max-snippet:-1, max-image-preview:large, max-video-preview:-1\" \/>\n<link rel=\"canonical\" href=\"https:\/\/huckerts.net\/it\/contact\/\" \/>\n<meta property=\"og:locale\" content=\"it_IT\" \/>\n<meta property=\"og:type\" content=\"article\" \/>\n<meta property=\"og:title\" content=\"Contatti - Huckert&#039;s\" \/>\n<meta property=\"og:description\" content=\"Vous d\u00e9sirez de plus amples informations sur nos produits ? Contactez-nous\" \/>\n<meta property=\"og:url\" content=\"https:\/\/huckerts.net\/it\/contact\/\" \/>\n<meta property=\"og:site_name\" content=\"Huckert&#039;s\" \/>\n<meta property=\"article:publisher\" content=\"https:\/\/www.facebook.com\/huckerts\" \/>\n<meta property=\"article:modified_time\" content=\"2026-02-24T14:06:24+00:00\" \/>\n<meta property=\"og:image\" content=\"https:\/\/huckerts.net\/wp-content\/uploads\/2022\/01\/huckertnet-screeshot_2022-scaled.jpg\" \/>\n\t<meta property=\"og:image:width\" content=\"2560\" \/>\n\t<meta property=\"og:image:height\" content=\"1600\" \/>\n\t<meta property=\"og:image:type\" content=\"image\/jpeg\" \/>\n<meta name=\"twitter:card\" content=\"summary_large_image\" \/>\n<meta name=\"twitter:label1\" content=\"Tempo di lettura stimato\" \/>\n\t<meta name=\"twitter:data1\" content=\"1 minuto\" \/>\n<script type=\"application\/ld+json\" class=\"yoast-schema-graph\">{\"@context\":\"https:\/\/schema.org\",\"@graph\":[{\"@type\":\"WebPage\",\"@id\":\"https:\/\/huckerts.net\/it\/contact\/\",\"url\":\"https:\/\/huckerts.net\/it\/contact\/\",\"name\":\"Contatti - Huckert&#039;s\",\"isPartOf\":{\"@id\":\"https:\/\/huckerts.net\/#website\"},\"datePublished\":\"2016-03-14T17:17:49+00:00\",\"dateModified\":\"2026-02-24T14:06:24+00:00\",\"description\":\"Vous d\u00e9sirez de plus amples informations sur nos produits ? Contactez-nous\",\"inLanguage\":\"it-IT\",\"potentialAction\":[{\"@type\":\"ReadAction\",\"target\":[\"https:\/\/huckerts.net\/it\/contact\/\"]}]},{\"@type\":\"WebSite\",\"@id\":\"https:\/\/huckerts.net\/#website\",\"url\":\"https:\/\/huckerts.net\/\",\"name\":\"Huckert&#039;s\",\"description\":\"La d\u00e9sinfection ma\u00eetris\u00e9e\",\"potentialAction\":[{\"@type\":\"SearchAction\",\"target\":{\"@type\":\"EntryPoint\",\"urlTemplate\":\"https:\/\/huckerts.net\/?s={search_term_string}\"},\"query-input\":\"required name=search_term_string\"}],\"inLanguage\":\"it-IT\"}]}<\/script>\n<!-- \/ Yoast SEO plugin. -->","yoast_head_json":{"title":"Contatti - Huckert&#039;s","description":"Vous d\u00e9sirez de plus amples informations sur nos produits ? Contactez-nous","robots":{"index":"index","follow":"follow","max-snippet":"max-snippet:-1","max-image-preview":"max-image-preview:large","max-video-preview":"max-video-preview:-1"},"canonical":"https:\/\/huckerts.net\/it\/contact\/","og_locale":"it_IT","og_type":"article","og_title":"Contatti - Huckert&#039;s","og_description":"Vous d\u00e9sirez de plus amples informations sur nos produits ? Contactez-nous","og_url":"https:\/\/huckerts.net\/it\/contact\/","og_site_name":"Huckert&#039;s","article_publisher":"https:\/\/www.facebook.com\/huckerts","article_modified_time":"2026-02-24T14:06:24+00:00","og_image":[{"width":2560,"height":1600,"url":"https:\/\/huckerts.net\/wp-content\/uploads\/2022\/01\/huckertnet-screeshot_2022-scaled.jpg","type":"image\/jpeg"}],"twitter_card":"summary_large_image","twitter_misc":{"Tempo di lettura stimato":"1 minuto"},"schema":{"@context":"https:\/\/schema.org","@graph":[{"@type":"WebPage","@id":"https:\/\/huckerts.net\/it\/contact\/","url":"https:\/\/huckerts.net\/it\/contact\/","name":"Contatti - Huckert&#039;s","isPartOf":{"@id":"https:\/\/huckerts.net\/#website"},"datePublished":"2016-03-14T17:17:49+00:00","dateModified":"2026-02-24T14:06:24+00:00","description":"Vous d\u00e9sirez de plus amples informations sur nos produits ? Contactez-nous","inLanguage":"it-IT","potentialAction":[{"@type":"ReadAction","target":["https:\/\/huckerts.net\/it\/contact\/"]}]},{"@type":"WebSite","@id":"https:\/\/huckerts.net\/#website","url":"https:\/\/huckerts.net\/","name":"Huckert&#039;s","description":"La d\u00e9sinfection ma\u00eetris\u00e9e","potentialAction":[{"@type":"SearchAction","target":{"@type":"EntryPoint","urlTemplate":"https:\/\/huckerts.net\/?s={search_term_string}"},"query-input":"required name=search_term_string"}],"inLanguage":"it-IT"}]}},"_links":{"self":[{"href":"https:\/\/huckerts.net\/it\/wp-json\/wp\/v2\/pages\/20976"}],"collection":[{"href":"https:\/\/huckerts.net\/it\/wp-json\/wp\/v2\/pages"}],"about":[{"href":"https:\/\/huckerts.net\/it\/wp-json\/wp\/v2\/types\/page"}],"author":[{"embeddable":true,"href":"https:\/\/huckerts.net\/it\/wp-json\/wp\/v2\/users\/15"}],"replies":[{"embeddable":true,"href":"https:\/\/huckerts.net\/it\/wp-json\/wp\/v2\/comments?post=20976"}],"version-history":[{"count":3,"href":"https:\/\/huckerts.net\/it\/wp-json\/wp\/v2\/pages\/20976\/revisions"}],"predecessor-version":[{"id":20979,"href":"https:\/\/huckerts.net\/it\/wp-json\/wp\/v2\/pages\/20976\/revisions\/20979"}],"wp:attachment":[{"href":"https:\/\/huckerts.net\/it\/wp-json\/wp\/v2\/media?parent=20976"}],"curies":[{"name":"wp","href":"https:\/\/api.w.org\/{rel}","templated":true}]}}