{"id":20971,"date":"2016-03-14T17:56:52","date_gmt":"2016-03-14T16:56:52","guid":{"rendered":"https:\/\/huckerts.net\/carrieres\/"},"modified":"2026-02-24T14:38:45","modified_gmt":"2026-02-24T13:38:45","slug":"carrieres","status":"publish","type":"page","link":"https:\/\/huckerts.net\/it\/carrieres\/","title":{"rendered":"Carriere"},"content":{"rendered":"<p>[vc_row][vc_column]\r\n  <div class=\"block block_text\">\r\n    <div class=\"block_text__container\">\r\n      <div class=\"block_text__container__content\">\r\n        <h2 class=\" animateFade fadeOutAnimation\"><\/h2>\r\n        <div class=\"text animateFade fadeOutAnimation\">\r\n          In un settore in costante crescita, il nostro laboratorio \u00e8 sempre alla ricerca di nuovi collaboratori da inserire nei vari reparti: produzione, qualit\u00e0, ricerca scientifica, normativo, commerciale, amministrativo e altri ancora.<\/p>\n<p>Invitiamo chi fosse interessato a inviare la propria candidatura spontanea attraverso il nostro modulo online. Terremo la vostra candidatura nel nostro database per eventuali opportunit\u00e0 future.\r\n        <\/div>\r\n      <\/div>\r\n    <\/div>\r\n  <\/div>[\/vc_column][\/vc_row][vc_row][vc_column][vc_empty_space height=&#8221;50px&#8221;][\/vc_column][\/vc_row][vc_row disable_element=&#8221;yes&#8221;][vc_column]\r\n  <div class=\"block block_accordion\">\r\n    <div class=\"block_accordion__container\">\r\n      <div class=\"block_accordion__container__sidebar\">\r\n        <ul class=\"block_accordion__container__sidebar__items \">\r\n          \r\n    <li class=\"block_accordion__container__sidebar__items__item active animateFade fadeOutAnimation\" data-name=\"intitule-du-poste\">\r\n      <a href=\"#\">Intitul\u00e9 du poste<\/a>\r\n    <\/li>\r\n    \r\n    <li class=\"block_accordion__container__sidebar__items__item  animateFade fadeOutAnimation\" data-name=\"intitule-du-poste\">\r\n      <a href=\"#\">Intitul\u00e9 du poste<\/a>\r\n    <\/li>\r\n    \r\n    <li class=\"block_accordion__container__sidebar__items__item  animateFade fadeOutAnimation\" data-name=\"intitule-du-poste\">\r\n      <a href=\"#\">Intitul\u00e9 du poste<\/a>\r\n    <\/li>\r\n    \r\n    <li class=\"block_accordion__container__sidebar__items__item  animateFade fadeOutAnimation\" data-name=\"intitule-du-poste\">\r\n      <a href=\"#\">Intitul\u00e9 du poste<\/a>\r\n    <\/li>\r\n    \r\n    <li class=\"block_accordion__container__sidebar__items__item  animateFade fadeOutAnimation\" data-name=\"intitule-du-poste\">\r\n      <a href=\"#\">Intitul\u00e9 du poste<\/a>\r\n    <\/li>\r\n    \r\n    <li class=\"block_accordion__container__sidebar__items__item  animateFade fadeOutAnimation\" data-name=\"intitule-du-poste\">\r\n      <a href=\"#\">Intitul\u00e9 du poste<\/a>\r\n    <\/li>\r\n    \r\n        <\/ul>\r\n      <\/div>\r\n      <div class=\"block_accordion__container__content\">\r\n        <div class=\"block_accordion__container__content__items\">\r\n          \r\n    <div class=\"block_accordion__container__content__items__item active \" data-name=\"intitule-du-poste\">\r\n      Description du post\n\nCum autem commodis intervallata temporibus convivia longa et noxia coeperint apparari vel distributio sollemnium sportularum, anxia deliberatione tractatur an exceptis his quibus vicissitudo debetur, peregrinum invitari conveniet, et si digesto plene consilio id placuerit fieri, is adhibetur qui pro domibus excubat aurigarum aut artem tesserariam profitetur aut secretiora quaedam se nosse confingit.\n\nCum autem commodis intervallata temporibus convivia longa et noxia coeperint apparari vel distributio sollemnium sportularum, anxia deliberatione tractatur an exceptis his quibus vicissitudo debetur, peregrinum invitari conveniet, et si digesto plene consilio id placuerit fieri, is adhibetur qui pro domibus excubat aurigarum aut artem tesserariam profitetur aut secretiora quaedam se nosse confingit.\n\n\n\n\r\n    <\/div>\r\n    \r\n    <div class=\"block_accordion__container__content__items__item  \" data-name=\"intitule-du-poste\">\r\n      Description du post\n\nCum autem commodis intervallata temporibus convivia longa et noxia coeperint apparari vel distributio sollemnium sportularum, anxia deliberatione tractatur an exceptis his quibus vicissitudo debetur, peregrinum invitari conveniet, et si digesto plene consilio id placuerit fieri, is adhibetur qui pro domibus excubat aurigarum aut artem tesserariam profitetur aut secretiora quaedam se nosse confingit.\n\nCum autem commodis intervallata temporibus convivia longa et noxia coeperint apparari vel distributio sollemnium sportularum, anxia deliberatione tractatur an exceptis his quibus vicissitudo debetur, peregrinum invitari conveniet, et si digesto plene consilio id placuerit fieri, is adhibetur qui pro domibus excubat aurigarum aut artem tesserariam profitetur aut secretiora quaedam se nosse confingit.\n\n\n\n\r\n    <\/div>\r\n    \r\n    <div class=\"block_accordion__container__content__items__item  \" data-name=\"intitule-du-poste\">\r\n      Description du post\n\nCum autem commodis intervallata temporibus convivia longa et noxia coeperint apparari vel distributio sollemnium sportularum, anxia deliberatione tractatur an exceptis his quibus vicissitudo debetur, peregrinum invitari conveniet, et si digesto plene consilio id placuerit fieri, is adhibetur qui pro domibus excubat aurigarum aut artem tesserariam profitetur aut secretiora quaedam se nosse confingit.\n\nCum autem commodis intervallata temporibus convivia longa et noxia coeperint apparari vel distributio sollemnium sportularum, anxia deliberatione tractatur an exceptis his quibus vicissitudo debetur, peregrinum invitari conveniet, et si digesto plene consilio id placuerit fieri, is adhibetur qui pro domibus excubat aurigarum aut artem tesserariam profitetur aut secretiora quaedam se nosse confingit.\n\n\n\n\r\n    <\/div>\r\n    \r\n    <div class=\"block_accordion__container__content__items__item  \" data-name=\"intitule-du-poste\">\r\n      Description du post\n\nCum autem commodis intervallata temporibus convivia longa et noxia coeperint apparari vel distributio sollemnium sportularum, anxia deliberatione tractatur an exceptis his quibus vicissitudo debetur, peregrinum invitari conveniet, et si digesto plene consilio id placuerit fieri, is adhibetur qui pro domibus excubat aurigarum aut artem tesserariam profitetur aut secretiora quaedam se nosse confingit.\n\nCum autem commodis intervallata temporibus convivia longa et noxia coeperint apparari vel distributio sollemnium sportularum, anxia deliberatione tractatur an exceptis his quibus vicissitudo debetur, peregrinum invitari conveniet, et si digesto plene consilio id placuerit fieri, is adhibetur qui pro domibus excubat aurigarum aut artem tesserariam profitetur aut secretiora quaedam se nosse confingit.\n\n\n\n\r\n    <\/div>\r\n    \r\n    <div class=\"block_accordion__container__content__items__item  \" data-name=\"intitule-du-poste\">\r\n      Description du post\n\nCum autem commodis intervallata temporibus convivia longa et noxia coeperint apparari vel distributio sollemnium sportularum, anxia deliberatione tractatur an exceptis his quibus vicissitudo debetur, peregrinum invitari conveniet, et si digesto plene consilio id placuerit fieri, is adhibetur qui pro domibus excubat aurigarum aut artem tesserariam profitetur aut secretiora quaedam se nosse confingit.\n\nCum autem commodis intervallata temporibus convivia longa et noxia coeperint apparari vel distributio sollemnium sportularum, anxia deliberatione tractatur an exceptis his quibus vicissitudo debetur, peregrinum invitari conveniet, et si digesto plene consilio id placuerit fieri, is adhibetur qui pro domibus excubat aurigarum aut artem tesserariam profitetur aut secretiora quaedam se nosse confingit.\n\n\n\n\r\n    <\/div>\r\n    \r\n    <div class=\"block_accordion__container__content__items__item  \" data-name=\"intitule-du-poste\">\r\n      Description du post\n\nCum autem commodis intervallata temporibus convivia longa et noxia coeperint apparari vel distributio sollemnium sportularum, anxia deliberatione tractatur an exceptis his quibus vicissitudo debetur, peregrinum invitari conveniet, et si digesto plene consilio id placuerit fieri, is adhibetur qui pro domibus excubat aurigarum aut artem tesserariam profitetur aut secretiora quaedam se nosse confingit.\n\nCum autem commodis intervallata temporibus convivia longa et noxia coeperint apparari vel distributio sollemnium sportularum, anxia deliberatione tractatur an exceptis his quibus vicissitudo debetur, peregrinum invitari conveniet, et si digesto plene consilio id placuerit fieri, is adhibetur qui pro domibus excubat aurigarum aut artem tesserariam profitetur aut secretiora quaedam se nosse confingit.\n\n\n\n\r\n    <\/div>\r\n    \r\n        <\/div>\r\n      <\/div>\r\n    <\/div>\r\n  <\/div>[\/vc_column][\/vc_row][vc_row][vc_column]\n<div class=\"wpcf7 no-js\" id=\"wpcf7-f11615-o1\" lang=\"en-US\" dir=\"ltr\">\n<div class=\"screen-reader-response\"><p role=\"status\" aria-live=\"polite\" aria-atomic=\"true\"><\/p> <ul><\/ul><\/div>\n<form action=\"\/it\/wp-json\/wp\/v2\/pages\/20971#wpcf7-f11615-o1\" method=\"post\" class=\"wpcf7-form init\" aria-label=\"Contact form\" novalidate=\"novalidate\" data-status=\"init\">\n<div style=\"display: none;\">\n<input type=\"hidden\" name=\"_wpcf7\" value=\"11615\" \/>\n<input type=\"hidden\" name=\"_wpcf7_version\" value=\"5.8.5\" \/>\n<input type=\"hidden\" name=\"_wpcf7_locale\" value=\"en_US\" \/>\n<input type=\"hidden\" name=\"_wpcf7_unit_tag\" value=\"wpcf7-f11615-o1\" \/>\n<input type=\"hidden\" name=\"_wpcf7_container_post\" value=\"0\" \/>\n<input type=\"hidden\" name=\"_wpcf7_posted_data_hash\" value=\"\" \/>\n<input type=\"hidden\" name=\"_wpcf7_recaptcha_response\" value=\"\" \/>\n<\/div>\n<div class=\"row\">\n\t<div class=\"col-md-12\">\n\t\t<div class=\"form-group\">\n\t\t\t<p><label>Cognome *<\/label><br \/>\n<span class=\"wpcf7-form-control-wrap\" data-name=\"Cognome\"><input size=\"40\" class=\"wpcf7-form-control wpcf7-text wpcf7-validates-as-required form-control\" aria-required=\"true\" aria-invalid=\"false\" value=\"\" type=\"text\" name=\"Cognome\" \/><\/span>\n\t\t\t<\/p>\n\t\t<\/div>\n\t\t<div class=\"form-group\">\n\t\t\t<p><label>Nome *<\/label><br \/>\n<span class=\"wpcf7-form-control-wrap\" data-name=\"Nome\"><input size=\"40\" class=\"wpcf7-form-control wpcf7-text wpcf7-validates-as-required form-control\" aria-required=\"true\" aria-invalid=\"false\" value=\"\" type=\"text\" name=\"Nome\" \/><\/span>\n\t\t\t<\/p>\n\t\t<\/div>\n\t\t<div class=\"form-group\">\n\t\t\t<p><label>E-mail *<\/label><br \/>\n<span class=\"wpcf7-form-control-wrap\" data-name=\"e-mail\"><input size=\"40\" class=\"wpcf7-form-control wpcf7-email wpcf7-validates-as-required wpcf7-text wpcf7-validates-as-email form-control\" aria-required=\"true\" aria-invalid=\"false\" value=\"\" type=\"email\" name=\"e-mail\" \/><\/span>\n\t\t\t<\/p>\n\t\t<\/div>\n\t\t<div class=\"form-group\">\n\t\t\t<p><label>Titolo della posizione *<\/label><br \/>\n<span class=\"wpcf7-form-control-wrap\" data-name=\"menu-580\"><select class=\"wpcf7-form-control wpcf7-select form-control\" aria-invalid=\"false\" name=\"menu-580\"><option value=\"Candidatura spontanea\">Candidatura spontanea<\/option><option value=\"Altro\">Altro<\/option><\/select><\/span>\n\t\t\t<\/p>\n\t\t<\/div>\n\t\t<div class=\"form-group\">\n\t\t\t<p><label>Allegare il proprio CV e la lettera di motivazione *<\/label><br \/>\n<span class=\"wpcf7-form-control-wrap\" data-name=\"upload-file-1\"><input size=\"40\" class=\"wpcf7-form-control wpcf7-drag-n-drop-file d-none\" aria-required=\"true\" aria-invalid=\"false\" type=\"file\" multiple=\"multiple\" data-name=\"upload-file-1\" data-type=\"jpeg|png|jpg|gif|pdf|doc|docx\" data-limit=\"3276800\" data-id=\"11615\" data-version=\"free version 1.3.7.4\" accept=\".jpeg, .png, .jpg, .gif, .pdf, .doc, .docx\" \/><\/span>\n\t\t\t<\/p>\n\t\t<\/div>\n\t\t<div class=\"spacer-10\">\n\t\t<\/div>\n\t\t<div class=\"form-group\">\n\t\t\t<p><span class=\"wpcf7-form-control-wrap\" data-name=\"checkbox-10\"><span class=\"wpcf7-form-control wpcf7-checkbox wpcf7-validates-as-required\"><span class=\"wpcf7-list-item first last\"><label><input type=\"checkbox\" name=\"checkbox-10[]\" value=\"Autorizzo il Laboratorio Huckert&#039;s International a contattarmi tramite l&#039;indirizzo e-mail indicato nel presente modulo.\" \/><span class=\"wpcf7-list-item-label\">Autorizzo il Laboratorio Huckert&#039;s International a contattarmi tramite l&#039;indirizzo e-mail indicato nel presente modulo.<\/span><\/label><\/span><\/span><\/span>\n\t\t\t<\/p>\n\t\t<\/div>\n\t\t<div class=\"form-group text-center\">\n\t\t\t<p><input class=\"wpcf7-form-control wpcf7-submit has-spinner btn btn-primary\" type=\"submit\" value=\"Invia la tua candidatura\" \/>\n\t\t\t<\/p>\n\t\t<\/div>\n\t<\/div>\n<\/div><div class=\"wpcf7-response-output\" aria-hidden=\"true\"><\/div>\n<\/form>\n<\/div>\n[\/vc_column][\/vc_row]<\/p>\n","protected":false},"excerpt":{"rendered":"<p>[vc_row][vc_column][\/vc_column][\/vc_row][vc_row][vc_column][vc_empty_space height=&#8221;50px&#8221;][\/vc_column][\/vc_row][vc_row disable_element=&#8221;yes&#8221;][vc_column][\/vc_column][\/vc_row][vc_row][vc_column][\/vc_column][\/vc_row]<\/p>\n","protected":false},"author":15,"featured_media":5909,"parent":0,"menu_order":0,"comment_status":"closed","ping_status":"closed","template":"","meta":{"footnotes":""},"yoast_head":"<!-- This site is optimized with the Yoast SEO plugin v21.7 - https:\/\/yoast.com\/wordpress\/plugins\/seo\/ -->\n<title>Carriere - Huckert&#039;s<\/title>\n<meta name=\"description\" content=\"Dans un secteur d\u2019activit\u00e9 en plein essor, notre laboratoire recherche r\u00e9guli\u00e8rement de nouveaux collaborateurs\" \/>\n<meta name=\"robots\" content=\"index, follow, max-snippet:-1, max-image-preview:large, max-video-preview:-1\" \/>\n<link rel=\"canonical\" href=\"https:\/\/huckerts.net\/it\/carrieres\/\" \/>\n<meta property=\"og:locale\" content=\"it_IT\" \/>\n<meta property=\"og:type\" content=\"article\" \/>\n<meta property=\"og:title\" content=\"Carriere - Huckert&#039;s\" \/>\n<meta property=\"og:description\" content=\"Dans un secteur d\u2019activit\u00e9 en plein essor, notre laboratoire recherche r\u00e9guli\u00e8rement de nouveaux collaborateurs\" \/>\n<meta property=\"og:url\" content=\"https:\/\/huckerts.net\/it\/carrieres\/\" \/>\n<meta property=\"og:site_name\" content=\"Huckert&#039;s\" \/>\n<meta property=\"article:publisher\" content=\"https:\/\/www.facebook.com\/huckerts\" \/>\n<meta property=\"article:modified_time\" content=\"2026-02-24T13:38:45+00:00\" \/>\n<meta property=\"og:image\" content=\"https:\/\/huckerts.net\/wp-content\/uploads\/2021\/04\/c-v-1.jpg\" \/>\n\t<meta property=\"og:image:width\" content=\"1920\" \/>\n\t<meta property=\"og:image:height\" content=\"240\" \/>\n\t<meta property=\"og:image:type\" content=\"image\/jpeg\" \/>\n<meta name=\"twitter:card\" content=\"summary_large_image\" \/>\n<meta name=\"twitter:label1\" content=\"Tempo di lettura stimato\" \/>\n\t<meta name=\"twitter:data1\" content=\"1 minuto\" \/>\n<script type=\"application\/ld+json\" class=\"yoast-schema-graph\">{\"@context\":\"https:\/\/schema.org\",\"@graph\":[{\"@type\":\"WebPage\",\"@id\":\"https:\/\/huckerts.net\/it\/carrieres\/\",\"url\":\"https:\/\/huckerts.net\/it\/carrieres\/\",\"name\":\"Carriere - Huckert&#039;s\",\"isPartOf\":{\"@id\":\"https:\/\/huckerts.net\/#website\"},\"datePublished\":\"2016-03-14T16:56:52+00:00\",\"dateModified\":\"2026-02-24T13:38:45+00:00\",\"description\":\"Dans un secteur d\u2019activit\u00e9 en plein essor, notre laboratoire recherche r\u00e9guli\u00e8rement de nouveaux collaborateurs\",\"inLanguage\":\"it-IT\",\"potentialAction\":[{\"@type\":\"ReadAction\",\"target\":[\"https:\/\/huckerts.net\/it\/carrieres\/\"]}]},{\"@type\":\"WebSite\",\"@id\":\"https:\/\/huckerts.net\/#website\",\"url\":\"https:\/\/huckerts.net\/\",\"name\":\"Huckert&#039;s\",\"description\":\"La d\u00e9sinfection ma\u00eetris\u00e9e\",\"potentialAction\":[{\"@type\":\"SearchAction\",\"target\":{\"@type\":\"EntryPoint\",\"urlTemplate\":\"https:\/\/huckerts.net\/?s={search_term_string}\"},\"query-input\":\"required name=search_term_string\"}],\"inLanguage\":\"it-IT\"}]}<\/script>\n<!-- \/ Yoast SEO plugin. -->","yoast_head_json":{"title":"Carriere - Huckert&#039;s","description":"Dans un secteur d\u2019activit\u00e9 en plein essor, notre laboratoire recherche r\u00e9guli\u00e8rement de nouveaux collaborateurs","robots":{"index":"index","follow":"follow","max-snippet":"max-snippet:-1","max-image-preview":"max-image-preview:large","max-video-preview":"max-video-preview:-1"},"canonical":"https:\/\/huckerts.net\/it\/carrieres\/","og_locale":"it_IT","og_type":"article","og_title":"Carriere - Huckert&#039;s","og_description":"Dans un secteur d\u2019activit\u00e9 en plein essor, notre laboratoire recherche r\u00e9guli\u00e8rement de nouveaux collaborateurs","og_url":"https:\/\/huckerts.net\/it\/carrieres\/","og_site_name":"Huckert&#039;s","article_publisher":"https:\/\/www.facebook.com\/huckerts","article_modified_time":"2026-02-24T13:38:45+00:00","og_image":[{"width":1920,"height":240,"url":"https:\/\/huckerts.net\/wp-content\/uploads\/2021\/04\/c-v-1.jpg","type":"image\/jpeg"}],"twitter_card":"summary_large_image","twitter_misc":{"Tempo di lettura stimato":"1 minuto"},"schema":{"@context":"https:\/\/schema.org","@graph":[{"@type":"WebPage","@id":"https:\/\/huckerts.net\/it\/carrieres\/","url":"https:\/\/huckerts.net\/it\/carrieres\/","name":"Carriere - Huckert&#039;s","isPartOf":{"@id":"https:\/\/huckerts.net\/#website"},"datePublished":"2016-03-14T16:56:52+00:00","dateModified":"2026-02-24T13:38:45+00:00","description":"Dans un secteur d\u2019activit\u00e9 en plein essor, notre laboratoire recherche r\u00e9guli\u00e8rement de nouveaux collaborateurs","inLanguage":"it-IT","potentialAction":[{"@type":"ReadAction","target":["https:\/\/huckerts.net\/it\/carrieres\/"]}]},{"@type":"WebSite","@id":"https:\/\/huckerts.net\/#website","url":"https:\/\/huckerts.net\/","name":"Huckert&#039;s","description":"La d\u00e9sinfection ma\u00eetris\u00e9e","potentialAction":[{"@type":"SearchAction","target":{"@type":"EntryPoint","urlTemplate":"https:\/\/huckerts.net\/?s={search_term_string}"},"query-input":"required name=search_term_string"}],"inLanguage":"it-IT"}]}},"_links":{"self":[{"href":"https:\/\/huckerts.net\/it\/wp-json\/wp\/v2\/pages\/20971"}],"collection":[{"href":"https:\/\/huckerts.net\/it\/wp-json\/wp\/v2\/pages"}],"about":[{"href":"https:\/\/huckerts.net\/it\/wp-json\/wp\/v2\/types\/page"}],"author":[{"embeddable":true,"href":"https:\/\/huckerts.net\/it\/wp-json\/wp\/v2\/users\/15"}],"replies":[{"embeddable":true,"href":"https:\/\/huckerts.net\/it\/wp-json\/wp\/v2\/comments?post=20971"}],"version-history":[{"count":4,"href":"https:\/\/huckerts.net\/it\/wp-json\/wp\/v2\/pages\/20971\/revisions"}],"predecessor-version":[{"id":20975,"href":"https:\/\/huckerts.net\/it\/wp-json\/wp\/v2\/pages\/20971\/revisions\/20975"}],"wp:featuredmedia":[{"embeddable":true,"href":"https:\/\/huckerts.net\/it\/wp-json\/wp\/v2\/media\/5909"}],"wp:attachment":[{"href":"https:\/\/huckerts.net\/it\/wp-json\/wp\/v2\/media?parent=20971"}],"curies":[{"name":"wp","href":"https:\/\/api.w.org\/{rel}","templated":true}]}}