{"id":20968,"date":"2020-12-04T12:42:17","date_gmt":"2020-12-04T11:42:17","guid":{"rendered":"https:\/\/huckerts.net\/nos-engagements\/"},"modified":"2026-02-24T14:11:15","modified_gmt":"2026-02-24T13:11:15","slug":"nos-engagements","status":"publish","type":"page","link":"https:\/\/huckerts.net\/it\/nos-engagements\/","title":{"rendered":"I nostri impegni"},"content":{"rendered":"<p>[vc_row css=&#8221;.vc_custom_1723199245729{margin-top: 0px !important;}&#8221;][vc_column]\r\n  <div class=\"block block_text\">\r\n    <div class=\"block_text__container\">\r\n      <div class=\"block_text__container__content\">\r\n        <h2 class=\" animateFade fadeOutAnimation\">UN PROFONDO IMPEGNO DA OLTRE 60 ANNI<\/h2>\r\n        <div class=\"text animateFade fadeOutAnimation\">\r\n          <strong>Esigenze, affidabilit\u00e0, sicurezza, proteggiamo quanto c&#8217;\u00e8 di pi\u00f9 prezioso: la vita.<\/strong><\/p>\n<p>Il Laboratoire Huckert&#8217;s International fabbrica dispositivi medici ad alte prestazioni, adatti alla disinfezione dei dispositivi medici che rispondono ai requisiti della direttiva 93\/42\/CEE sui dispositivi medici e che soddisfaranno i futuri requisiti dell&#8217;MDR.<\/p>\n<p><strong> Fabbrichiamo inoltre\u00a0:<\/strong><\/p>\n<p>Biocidi per i settori medico, alimentare, industriale, domestico e professionale Prodotti dermocosmetici arricchiti con oli essenziali che rispettano la pelle, anche fragile.<br \/>\nTutti i nostri prodotti sono realizzati conformemente ai criteri di qualit\u00e0 (tracciabilit\u00e0 e stabilit\u00e0 costante) stabiliti dalle certificazioni ISO 9001: 2015 e ISO 13485: 2016..<\/p>\n<p>Il percorso di fabbricazione di ogni prodotto consta di 10 tappe che vanno dall&#8217;elaborazione all&#8217;utilizzo finale. Tutto il nostro personale si impegna quotidianamente per garantirvi la massima soddisfazione. Ci auguriamo che, con l&#8217;utilizzo delle nostre soluzioni, percepiate il nostro desiderio di proporvi prodotti di qualit\u00e0, in grado di proteggere ci\u00f2 che \u00e8 pi\u00f9 prezioso :<strong> la vita<\/strong>.<\/p>\n<p><strong>IL NOSTRO LEITMOTIV\u00a0:<\/strong><\/p>\n<p>Desideriamo accompagnare efficacemente le imprese che ricorrono ai nostri servizi per una disinfezione di qualit\u00e0 superiore. Dimostriamo un&#8217;attenzione costante alla qualit\u00e0 e alla soddisfazione dei clienti.<\/p>\n<p>Lo sviluppo sostenibile \u00e8 parte integrante del sistema di gestione della qualit\u00e0 del Laboratoire Huckert&#8217;s International. Innanzitutto cerchiamo di fare aderire i nostri collaboratori ai nostri valori di azienda familiare, qualit\u00e0, salute, etica, che sono al centro di tutte le nostre iniziative.\r\n        <\/div>\r\n      <\/div>\r\n    <\/div>\r\n  <\/div>[vc_empty_space][\/vc_column][\/vc_row][vc_row][vc_column]\r\n  <div class=\"block block_two_columns\">\r\n    <div class=\"block_two_columns__container default\">\r\n      <div class=\"block_two_columns__container__image\">\r\n        <img decoding=\"async\" src=\"https:\/\/huckerts.net\/wp-content\/uploads\/2025\/07\/photo4-phytogel-huckerts.jpg\" alt=\"Image mise en avant\" class=\" animateFade fadeOutAnimation\">\r\n      <\/div>\r\n      <div class=\"block_two_columns__container__content\">\r\n        <div class=\"text animateFade fadeOutAnimation\">\r\n          <\/p>\n<div class=\"wpb_text_column wpb_content_element \">\n<div class=\"wpb_wrapper\">\n<h2>FORMULE RISPETTOSE DELLA SALUTE<\/h2>\n<\/div>\n<\/div>\n<div class=\"wpb_text_column wpb_content_element \">\n<div class=\"wpb_wrapper\">\n<p>La maggior parte delle nostre formule contiene oli essenziali ed estratti di concentrati di piante medicinali.<\/p>\n<p>Ci imponiamo di non lavorare con ingredienti classificati CMR (cancerogeni, mutageni o tossici per la riproduzione) e ingredienti enumerati negli elenchi come interferenti endocrini. Un programma proattivo di sorveglianza regolamentare e tecnica permette di tenerci costantemente informati sulle evoluzioni in questi ambiti in continuo mutamento.<\/p>\n<p>Allo stesso modo, ci impegniamo affinch\u00e9 i nostri prodotti siano a pH neutro e non corrosivi.<\/p>\n<\/div>\n<\/div>\n<p>\r\n        <\/div>\r\n        \r\n      <\/div>\r\n    <\/div>\r\n  <\/div>[\/vc_column][\/vc_row][vc_row][vc_column]\r\n  <div class=\"block block_banner\">\r\n    <div class=\"block_banner__container\">\r\n      <div class=\"block_banner__container__image animateFade fadeOutAnimation\"  style=\"background-image:url(https:\/\/huckerts.net\/wp-content\/uploads\/2025\/07\/arbre.jpg)\"><\/div>\r\n      <div class=\"block_banner__container__content\">\r\n        <h2 class=\" animateFade fadeOutAnimation\">UNA FABBRICAZIONE RISPETTOSA DELL'AMBIENTE<\/h2>\r\n        <div class=\"text animateFade fadeOutAnimation\">\r\n          Le nostre formule concentrate sono biodegradabili per oltre l&#8217;80%*.<br \/>\nLavoriamo sui nostri cosmetici per ottenere un tasso di naturalit\u00e0 superiore al 90%.<br \/>\nPrediligiamo le produzioni a freddo per ridurre i consumi energetici.<br \/>\nIn quanto membri dell&#8217;Associazione Val-I-Pac, versiamo annualmente un contributo per la raccolta e il riciclo dei nostri imballaggi industriali.<\/p>\n<p><em>* Test OECD 301B, non valido per le salviette.<\/em>\r\n        <\/div>\r\n      <\/div>\r\n    <\/div>\r\n  <\/div>[\/vc_column][\/vc_row][vc_row][vc_column]\r\n  <div class=\"block block_two_columns\">\r\n    <div class=\"block_two_columns__container inverse\">\r\n      <div class=\"block_two_columns__container__image\">\r\n        <img decoding=\"async\" src=\"https:\/\/huckerts.net\/wp-content\/uploads\/2020\/12\/Photo2-engagement-huckerts.jpg\" alt=\"Image mise en avant\" class=\" animateFade fadeOutAnimation\">\r\n      <\/div>\r\n      <div class=\"block_two_columns__container__content\">\r\n        <div class=\"text animateFade fadeOutAnimation\">\r\n          <\/p>\n<div class=\"wpb_text_column wpb_content_element \">\n<div class=\"wpb_wrapper\">\n<h2>UNA FABBRICAZIONE RISPETTOSA DELL&#8217;AMBIENTE<\/h2>\n<\/div>\n<\/div>\n<p>Nell&#8217;ambito del nostro impegno per preservare l&#8217;ambiente, ci teniamo a ridurre l&#8217;impatto ambientale dei nostri imballaggi, senza tuttavia compromettere la sicurezza o l&#8217;efficacia dei nostri prodotti. Per questo motivo dal 2020, abbiamo optato per un PE (polietilene) vegetale\/plastica a base biologica per le nostre taniche da 5 l, gli spray da 1 l e 500 ml e i nostri flaconi cosmetici*.<\/p>\n<p>Il PE vegetale \u00e8 una plastica realizzata a partire dalla canna da zucchero che possiede le medesime propriet\u00e0 di protezione e conservazione di un PE classico.<br \/>\n\u00c8 protettivo, sostenibile e riciclabile.<\/p>\n<p>Perch\u00e9 la canna da zucchero? La sua coltivazione non comporta deprivazione alimentare. La sua produzione \u00e8 rispettosa dell&#8217;ambiente. I flaconi in plastica vegetale emettono il 75% di CO\u2082 in meno rispetto ai flaconi tradizionali.<\/p>\n<p>Inoltre, i nostri vaporizzatori pronti all&#8217;uso sono privi di gas propellente<\/p>\n<p><em>* Previa verifica di disponibilit\u00e0 della materia prima.<\/em>\r\n        <\/div>\r\n        \r\n      <\/div>\r\n    <\/div>\r\n  <\/div>[\/vc_column][\/vc_row][vc_row][vc_column]\r\n  <div class=\"block block_two_columns\">\r\n    <div class=\"block_two_columns__container default\">\r\n      <div class=\"block_two_columns__container__image\">\r\n        <img decoding=\"async\" src=\"https:\/\/huckerts.net\/wp-content\/uploads\/2025\/07\/co2.jpg\" alt=\"Image mise en avant\" class=\" animateFade fadeOutAnimation\">\r\n      <\/div>\r\n      <div class=\"block_two_columns__container__content\">\r\n        <div class=\"text animateFade fadeOutAnimation\">\r\n          Privilegiamo la collaborazione con fornitori europei nell&#8217;ottica di ridurre la filiera e quindi le emissioni di CO\u2082, ma anche per sostenere l&#8217;economia europea. L&#8217;emissione di CO\u2082 dei veicoli che formano la nostra flotta \u00e8 oggetto di particolare attenzione.<\/p>\n<p>Scegliamo i veicoli con un&#8217;impronta di carbonio pi\u00f9 bassa possibile.<\/p>\n<p>Abbiamo deciso di dotare tutti i nostri punti luminosi di LED, con un consumo di energia 4 volte inferiore rispetto alle lampadine a incandescenza.\r\n        <\/div>\r\n        \r\n      <\/div>\r\n    <\/div>\r\n  <\/div>[\/vc_column][\/vc_row]<\/p>\n","protected":false},"excerpt":{"rendered":"<p>[vc_row css=&#8221;.vc_custom_1723199245729{margin-top: 0px !important;}&#8221;][vc_column][vc_empty_space][\/vc_column][\/vc_row][vc_row][vc_column][\/vc_column][\/vc_row][vc_row][vc_column][\/vc_column][\/vc_row][vc_row][vc_column][\/vc_column][\/vc_row][vc_row][vc_column][\/vc_column][\/vc_row]<\/p>\n","protected":false},"author":15,"featured_media":17204,"parent":0,"menu_order":0,"comment_status":"closed","ping_status":"closed","template":"","meta":{"footnotes":""},"yoast_head":"<!-- This site is optimized with the Yoast SEO plugin v21.7 - https:\/\/yoast.com\/wordpress\/plugins\/seo\/ -->\n<title>I nostri impegni - Huckert&#039;s<\/title>\n<meta name=\"robots\" content=\"index, follow, max-snippet:-1, max-image-preview:large, max-video-preview:-1\" \/>\n<link rel=\"canonical\" href=\"https:\/\/huckerts.net\/it\/nos-engagements\/\" \/>\n<meta property=\"og:locale\" content=\"it_IT\" \/>\n<meta property=\"og:type\" content=\"article\" \/>\n<meta property=\"og:title\" content=\"I nostri impegni - Huckert&#039;s\" \/>\n<meta property=\"og:description\" content=\"[vc_row css=&#8221;.vc_custom_1723199245729{margin-top: 0px !important;}&#8221;][vc_column][vc_empty_space][\/vc_column][\/vc_row][vc_row][vc_column][\/vc_column][\/vc_row][vc_row][vc_column][\/vc_column][\/vc_row][vc_row][vc_column][\/vc_column][\/vc_row][vc_row][vc_column][\/vc_column][\/vc_row]\" \/>\n<meta property=\"og:url\" content=\"https:\/\/huckerts.net\/it\/nos-engagements\/\" \/>\n<meta property=\"og:site_name\" content=\"Huckert&#039;s\" \/>\n<meta property=\"article:publisher\" content=\"https:\/\/www.facebook.com\/huckerts\" \/>\n<meta property=\"article:modified_time\" content=\"2026-02-24T13:11:15+00:00\" \/>\n<meta property=\"og:image\" content=\"https:\/\/huckerts.net\/wp-content\/uploads\/2025\/07\/engagements-1024x683.jpg\" \/>\n\t<meta property=\"og:image:width\" content=\"1024\" \/>\n\t<meta property=\"og:image:height\" content=\"683\" \/>\n\t<meta property=\"og:image:type\" content=\"image\/jpeg\" \/>\n<meta name=\"twitter:card\" content=\"summary_large_image\" \/>\n<meta name=\"twitter:label1\" content=\"Tempo di lettura stimato\" \/>\n\t<meta name=\"twitter:data1\" content=\"4 minutes\" \/>\n<script type=\"application\/ld+json\" class=\"yoast-schema-graph\">{\"@context\":\"https:\/\/schema.org\",\"@graph\":[{\"@type\":\"WebPage\",\"@id\":\"https:\/\/huckerts.net\/it\/nos-engagements\/\",\"url\":\"https:\/\/huckerts.net\/it\/nos-engagements\/\",\"name\":\"I nostri impegni - Huckert&#039;s\",\"isPartOf\":{\"@id\":\"https:\/\/huckerts.net\/#website\"},\"datePublished\":\"2020-12-04T11:42:17+00:00\",\"dateModified\":\"2026-02-24T13:11:15+00:00\",\"inLanguage\":\"it-IT\",\"potentialAction\":[{\"@type\":\"ReadAction\",\"target\":[\"https:\/\/huckerts.net\/it\/nos-engagements\/\"]}]},{\"@type\":\"WebSite\",\"@id\":\"https:\/\/huckerts.net\/#website\",\"url\":\"https:\/\/huckerts.net\/\",\"name\":\"Huckert&#039;s\",\"description\":\"La d\u00e9sinfection ma\u00eetris\u00e9e\",\"potentialAction\":[{\"@type\":\"SearchAction\",\"target\":{\"@type\":\"EntryPoint\",\"urlTemplate\":\"https:\/\/huckerts.net\/?s={search_term_string}\"},\"query-input\":\"required name=search_term_string\"}],\"inLanguage\":\"it-IT\"}]}<\/script>\n<!-- \/ Yoast SEO plugin. -->","yoast_head_json":{"title":"I nostri impegni - Huckert&#039;s","robots":{"index":"index","follow":"follow","max-snippet":"max-snippet:-1","max-image-preview":"max-image-preview:large","max-video-preview":"max-video-preview:-1"},"canonical":"https:\/\/huckerts.net\/it\/nos-engagements\/","og_locale":"it_IT","og_type":"article","og_title":"I nostri impegni - Huckert&#039;s","og_description":"[vc_row css=&#8221;.vc_custom_1723199245729{margin-top: 0px !important;}&#8221;][vc_column][vc_empty_space][\/vc_column][\/vc_row][vc_row][vc_column][\/vc_column][\/vc_row][vc_row][vc_column][\/vc_column][\/vc_row][vc_row][vc_column][\/vc_column][\/vc_row][vc_row][vc_column][\/vc_column][\/vc_row]","og_url":"https:\/\/huckerts.net\/it\/nos-engagements\/","og_site_name":"Huckert&#039;s","article_publisher":"https:\/\/www.facebook.com\/huckerts","article_modified_time":"2026-02-24T13:11:15+00:00","og_image":[{"width":1024,"height":683,"url":"https:\/\/huckerts.net\/wp-content\/uploads\/2025\/07\/engagements-1024x683.jpg","type":"image\/jpeg"}],"twitter_card":"summary_large_image","twitter_misc":{"Tempo di lettura stimato":"4 minutes"},"schema":{"@context":"https:\/\/schema.org","@graph":[{"@type":"WebPage","@id":"https:\/\/huckerts.net\/it\/nos-engagements\/","url":"https:\/\/huckerts.net\/it\/nos-engagements\/","name":"I nostri impegni - Huckert&#039;s","isPartOf":{"@id":"https:\/\/huckerts.net\/#website"},"datePublished":"2020-12-04T11:42:17+00:00","dateModified":"2026-02-24T13:11:15+00:00","inLanguage":"it-IT","potentialAction":[{"@type":"ReadAction","target":["https:\/\/huckerts.net\/it\/nos-engagements\/"]}]},{"@type":"WebSite","@id":"https:\/\/huckerts.net\/#website","url":"https:\/\/huckerts.net\/","name":"Huckert&#039;s","description":"La d\u00e9sinfection ma\u00eetris\u00e9e","potentialAction":[{"@type":"SearchAction","target":{"@type":"EntryPoint","urlTemplate":"https:\/\/huckerts.net\/?s={search_term_string}"},"query-input":"required name=search_term_string"}],"inLanguage":"it-IT"}]}},"_links":{"self":[{"href":"https:\/\/huckerts.net\/it\/wp-json\/wp\/v2\/pages\/20968"}],"collection":[{"href":"https:\/\/huckerts.net\/it\/wp-json\/wp\/v2\/pages"}],"about":[{"href":"https:\/\/huckerts.net\/it\/wp-json\/wp\/v2\/types\/page"}],"author":[{"embeddable":true,"href":"https:\/\/huckerts.net\/it\/wp-json\/wp\/v2\/users\/15"}],"replies":[{"embeddable":true,"href":"https:\/\/huckerts.net\/it\/wp-json\/wp\/v2\/comments?post=20968"}],"version-history":[{"count":2,"href":"https:\/\/huckerts.net\/it\/wp-json\/wp\/v2\/pages\/20968\/revisions"}],"predecessor-version":[{"id":20970,"href":"https:\/\/huckerts.net\/it\/wp-json\/wp\/v2\/pages\/20968\/revisions\/20970"}],"wp:featuredmedia":[{"embeddable":true,"href":"https:\/\/huckerts.net\/it\/wp-json\/wp\/v2\/media\/17204"}],"wp:attachment":[{"href":"https:\/\/huckerts.net\/it\/wp-json\/wp\/v2\/media?parent=20968"}],"curies":[{"name":"wp","href":"https:\/\/api.w.org\/{rel}","templated":true}]}}