{"id":20965,"date":"2024-07-25T18:43:51","date_gmt":"2024-07-25T16:43:51","guid":{"rendered":"https:\/\/huckerts.net\/notre-histoire\/"},"modified":"2026-02-24T13:56:58","modified_gmt":"2026-02-24T12:56:58","slug":"notre-histoire","status":"publish","type":"page","link":"https:\/\/huckerts.net\/it\/notre-histoire\/","title":{"rendered":"Chi siamo"},"content":{"rendered":"<p>[vc_row][vc_column]\r\n  <div class=\"block block_timeline\">\r\n    <div class=\"block_timeline__container\">\r\n      <div class=\"block_timeline__container__items\">\r\n        <h2 class=\" animateFade fadeOutAnimation\">Storia<\/h2>\r\n        <div id=\"timeline\" class=\"horizontal-timeline\">\r\n        <div class=\"events-content\">\r\n            <ol>\r\n              \r\n    <li data-horizontal-timeline='{\"date\": \"01\/01\/1957\",\"customDisplay\":\"1957\"}'>\r\n      <div class=\"description\">\r\n        <div class=\"description__image animateFade fadeOutAnimation\">\r\n          <img decoding=\"async\" src=\"https:\/\/huckerts.net\/wp-content\/uploads\/2024\/07\/notre_histoire_01.jpg\" alt=\"Image timeline\" \/>\r\n        <\/div>\r\n        <div class=\"description__content animateFade fadeOutAnimation\"> \r\n          <p class=\"date\">1957<\/span>\r\n          <h2>L'INIZIO DI UNA BELLA AVVENTURA<\/h2>\r\n          <p class=\"text\">Dalla sua creazione nel 1957 ad opera di Charles Huckert, Laboratoire Huckert's International sviluppa e commercializza disinfettanti di alta qualit\u00e0 che garantiscono una notevole sicurezza per gli operatori, ai materiali e all'ambiente naturale.  L\u2019attivit\u00e0 del Laboratoire Huckert's International \u00e8 in continuo sviluppo.    Il successo di questa azienda a conduzione familiare risiede nella qualit\u00e0 dei suoi prodotti e nella professionalit\u00e0 dei suoi dipendenti. La nostra parola d'ordine \u00e8 INNOVAZIONE.<\/span>\r\n        <\/div>\r\n    <\/li>\r\n    \r\n    <li data-horizontal-timeline='{\"date\": \"01\/02\/1980\",\"customDisplay\":\"1980\"}'>\r\n      <div class=\"description\">\r\n        <div class=\"description__image animateFade fadeOutAnimation\">\r\n          <img decoding=\"async\" src=\"https:\/\/huckerts.net\/wp-content\/uploads\/2025\/07\/notre_histoire_02.jpg\" alt=\"Image timeline\" \/>\r\n        <\/div>\r\n        <div class=\"description__content animateFade fadeOutAnimation\"> \r\n          <p class=\"date\">1980<\/span>\r\n          <h2>SVILUPPO A LIVELLO INTERNAZIONALE<\/h2>\r\n          <p class=\"text\">Il Laboratoire Huckert's International compie un ulteriore passo negli anni '80 espandendo la propria attivit\u00e0 all'estero.\n<br><br>\n\nOggi vantiamo una presenza in tutti i continenti. Questo sviluppo costringe l'azienda familiare a specializzarsi nella gestione del rischio infettivo e soprattutto nel campo medico, che \u00e8 il nostro principale settore di attivit\u00e0.<\/span>\r\n        <\/div>\r\n    <\/li>\r\n    \r\n    <li data-horizontal-timeline='{\"date\": \"01\/03\/1996\",\"customDisplay\":\"1996\"}'>\r\n      <div class=\"description\">\r\n        <div class=\"description__image animateFade fadeOutAnimation\">\r\n          <img decoding=\"async\" src=\"https:\/\/huckerts.net\/wp-content\/uploads\/2025\/07\/notre_histoire_04.jpg\" alt=\"Image timeline\" \/>\r\n        <\/div>\r\n        <div class=\"description__content animateFade fadeOutAnimation\"> \r\n          <p class=\"date\">1996<\/span>\r\n          <h2>UN AMBIENTE CERTIFICATO<\/h2>\r\n          <p class=\"text\">Nel 1996, i nuovi locali di Nivelles (Belgio) ci consentono di realizzare un sistema di funzionamento progressivo in un ambiente controllato (camera bianca). \n<br><br>\nNel 1999, i nostri sforzi per la garanzia della qualit\u00e0 sono coronati dalla certificazione ISO 9001 e ISO 13485. Da allora, certifichiamo una perfetta tracciabilit\u00e0 e riproducibilit\u00e0 delle nostre gamme di dispositivi medici e biocidi.<\/span>\r\n        <\/div>\r\n    <\/li>\r\n    \r\n    <li data-horizontal-timeline='{\"date\": \"01\/04\/2000\",\"customDisplay\":\"2000\"}'>\r\n      <div class=\"description\">\r\n        <div class=\"description__image animateFade fadeOutAnimation\">\r\n          <img decoding=\"async\" src=\"https:\/\/huckerts.net\/wp-content\/uploads\/2025\/07\/notre_histoire_03.jpg\" alt=\"Image timeline\" \/>\r\n        <\/div>\r\n        <div class=\"description__content animateFade fadeOutAnimation\"> \r\n          <p class=\"date\">2000<\/span>\r\n          <h2>NUOVI LOCALI \u2026<\/h2>\r\n          <p class=\"text\">La volont\u00e0 di soddisfare le esigenze dei propri clienti e di essere loro vicini, ha indotto il Laboratoire Huckert's International ad aprire delle sedi in Lussemburgo e in Francia negli anni 2000.  \n<br><br>\nUna nuova tappa \u00e8 stata superata nel 2014 con l'acquisizione di un sito di oltre 3 ettari situato a Wavre (Belgio), presso il quale si trovano tutte le attivit\u00e0 di ricerca e sviluppo, produzione, confezionamento e controllo qualit\u00e0. <\/span>\r\n        <\/div>\r\n    <\/li>\r\n    \r\n    <li data-horizontal-timeline='{\"date\": \"01\/05\/2015\",\"customDisplay\":\"2015\"}'>\r\n      <div class=\"description\">\r\n        <div class=\"description__image animateFade fadeOutAnimation\">\r\n          <img decoding=\"async\" src=\"https:\/\/huckerts.net\/wp-content\/uploads\/2025\/07\/LHI-ITALIA.jpg\" alt=\"Image timeline\" \/>\r\n        <\/div>\r\n        <div class=\"description__content animateFade fadeOutAnimation\"> \r\n          <p class=\"date\">2015<\/span>\r\n          <h2>\u2026 IN EUROPA E IN ASIA<\/h2>\r\n          <p class=\"text\">Nel 2015, l'insediamento del Laboratoire Huckert's International in Italia \u00e8 segnato in particolare dall'acquisto di un immobile nel cuore dell'Umbria.\n<br><br>\nNel 2018, il laboratorio acquisisce un nuovo immobile a Wavre (Belgio) di oltre 2500 m\u00b2, sito al civico 31 Avenue Lavoisier.\n<br><br>\nNel 2019, la direzione continua a consolidare il suo desiderio di sviluppo a livello internazionale e crea un'entit\u00e0 a Singapore.\n<br><br>\nSul finire del 2021 si concretizza il progetto di una nuova entit\u00e0 in Svizzera. \n\n<\/span>\r\n        <\/div>\r\n    <\/li>\r\n    \r\n    <li data-horizontal-timeline='{\"date\": \"01\/06\/2022\",\"customDisplay\":\"2022\"}'>\r\n      <div class=\"description\">\r\n        <div class=\"description__image animateFade fadeOutAnimation\">\r\n          <img decoding=\"async\" src=\"https:\/\/huckerts.net\/wp-content\/uploads\/2025\/07\/notre_histoire_05.jpg\" alt=\"Image timeline\" \/>\r\n        <\/div>\r\n        <div class=\"description__content animateFade fadeOutAnimation\"> \r\n          <p class=\"date\">2022<\/span>\r\n          <h2>NUOVE LINEE DI PRODUZIONE<\/h2>\r\n          <p class=\"text\">Nel 2022 vede la luce un'estensione di oltre 1000 m\u00b2, che permette di ampliare lo spazio di stoccaggio e ottimizzare la zona di produzione. Vi sono installate nuove linee di produzione che aumentano di 8 volte le capacit\u00e0 di fabbricazione.\n<br><br>\nQuesto investimento ci permette di guadagnare in termini di reattivit\u00e0. In seguito alla crisi del SARS-COV-2, abbiamo dovuto riorganizzare i nostri metodi di lavoro per rispondere alle numerose richieste in tempi molto rapidi, senza scendere a compromessi rispetto alla qualit\u00e0. \n<br><br>\nQuesta trasformazione permette all'azienda familiare di dotarsi di un impianto di oltre 7500 m\u00b2.Un bel passo avanti che contribuisce all'espansione del Laboratoire Huckert's su scala mondiale. <\/span>\r\n        <\/div>\r\n    <\/li>\r\n    \r\n            <\/ol>\r\n        <\/div>\r\n        <\/div>\r\n      <\/div>\r\n    <\/div>\r\n  <\/div>\r\n\r\n  [\/vc_column][\/vc_row]<\/p>\n","protected":false},"excerpt":{"rendered":"<p>[vc_row][vc_column][\/vc_column][\/vc_row]<\/p>\n","protected":false},"author":15,"featured_media":0,"parent":0,"menu_order":0,"comment_status":"closed","ping_status":"closed","template":"","meta":{"footnotes":""},"yoast_head":"<!-- This site is optimized with the Yoast SEO plugin v21.7 - https:\/\/yoast.com\/wordpress\/plugins\/seo\/ -->\n<title>Chi siamo - Huckert&#039;s<\/title>\n<meta name=\"robots\" content=\"index, follow, max-snippet:-1, max-image-preview:large, max-video-preview:-1\" \/>\n<link rel=\"canonical\" href=\"https:\/\/huckerts.net\/it\/notre-histoire\/\" \/>\n<meta property=\"og:locale\" content=\"it_IT\" \/>\n<meta property=\"og:type\" content=\"article\" \/>\n<meta property=\"og:title\" content=\"Chi siamo - Huckert&#039;s\" \/>\n<meta property=\"og:description\" content=\"[vc_row][vc_column][\/vc_column][\/vc_row]\" \/>\n<meta property=\"og:url\" content=\"https:\/\/huckerts.net\/it\/notre-histoire\/\" \/>\n<meta property=\"og:site_name\" content=\"Huckert&#039;s\" \/>\n<meta property=\"article:publisher\" content=\"https:\/\/www.facebook.com\/huckerts\" \/>\n<meta property=\"article:modified_time\" content=\"2026-02-24T12:56:58+00:00\" \/>\n<meta property=\"og:image\" content=\"https:\/\/huckerts.net\/wp-content\/uploads\/2022\/01\/huckertnet-screeshot_2022-scaled.jpg\" \/>\n\t<meta property=\"og:image:width\" content=\"2560\" \/>\n\t<meta property=\"og:image:height\" content=\"1600\" \/>\n\t<meta property=\"og:image:type\" content=\"image\/jpeg\" \/>\n<meta name=\"twitter:card\" content=\"summary_large_image\" \/>\n<meta name=\"twitter:label1\" content=\"Tempo di lettura stimato\" \/>\n\t<meta name=\"twitter:data1\" content=\"1 minuto\" \/>\n<script type=\"application\/ld+json\" class=\"yoast-schema-graph\">{\"@context\":\"https:\/\/schema.org\",\"@graph\":[{\"@type\":\"WebPage\",\"@id\":\"https:\/\/huckerts.net\/it\/notre-histoire\/\",\"url\":\"https:\/\/huckerts.net\/it\/notre-histoire\/\",\"name\":\"Chi siamo - Huckert&#039;s\",\"isPartOf\":{\"@id\":\"https:\/\/huckerts.net\/#website\"},\"datePublished\":\"2024-07-25T16:43:51+00:00\",\"dateModified\":\"2026-02-24T12:56:58+00:00\",\"inLanguage\":\"it-IT\",\"potentialAction\":[{\"@type\":\"ReadAction\",\"target\":[\"https:\/\/huckerts.net\/it\/notre-histoire\/\"]}]},{\"@type\":\"WebSite\",\"@id\":\"https:\/\/huckerts.net\/#website\",\"url\":\"https:\/\/huckerts.net\/\",\"name\":\"Huckert&#039;s\",\"description\":\"La d\u00e9sinfection ma\u00eetris\u00e9e\",\"potentialAction\":[{\"@type\":\"SearchAction\",\"target\":{\"@type\":\"EntryPoint\",\"urlTemplate\":\"https:\/\/huckerts.net\/?s={search_term_string}\"},\"query-input\":\"required name=search_term_string\"}],\"inLanguage\":\"it-IT\"}]}<\/script>\n<!-- \/ Yoast SEO plugin. -->","yoast_head_json":{"title":"Chi siamo - Huckert&#039;s","robots":{"index":"index","follow":"follow","max-snippet":"max-snippet:-1","max-image-preview":"max-image-preview:large","max-video-preview":"max-video-preview:-1"},"canonical":"https:\/\/huckerts.net\/it\/notre-histoire\/","og_locale":"it_IT","og_type":"article","og_title":"Chi siamo - Huckert&#039;s","og_description":"[vc_row][vc_column][\/vc_column][\/vc_row]","og_url":"https:\/\/huckerts.net\/it\/notre-histoire\/","og_site_name":"Huckert&#039;s","article_publisher":"https:\/\/www.facebook.com\/huckerts","article_modified_time":"2026-02-24T12:56:58+00:00","og_image":[{"width":2560,"height":1600,"url":"https:\/\/huckerts.net\/wp-content\/uploads\/2022\/01\/huckertnet-screeshot_2022-scaled.jpg","type":"image\/jpeg"}],"twitter_card":"summary_large_image","twitter_misc":{"Tempo di lettura stimato":"1 minuto"},"schema":{"@context":"https:\/\/schema.org","@graph":[{"@type":"WebPage","@id":"https:\/\/huckerts.net\/it\/notre-histoire\/","url":"https:\/\/huckerts.net\/it\/notre-histoire\/","name":"Chi siamo - Huckert&#039;s","isPartOf":{"@id":"https:\/\/huckerts.net\/#website"},"datePublished":"2024-07-25T16:43:51+00:00","dateModified":"2026-02-24T12:56:58+00:00","inLanguage":"it-IT","potentialAction":[{"@type":"ReadAction","target":["https:\/\/huckerts.net\/it\/notre-histoire\/"]}]},{"@type":"WebSite","@id":"https:\/\/huckerts.net\/#website","url":"https:\/\/huckerts.net\/","name":"Huckert&#039;s","description":"La d\u00e9sinfection ma\u00eetris\u00e9e","potentialAction":[{"@type":"SearchAction","target":{"@type":"EntryPoint","urlTemplate":"https:\/\/huckerts.net\/?s={search_term_string}"},"query-input":"required name=search_term_string"}],"inLanguage":"it-IT"}]}},"_links":{"self":[{"href":"https:\/\/huckerts.net\/it\/wp-json\/wp\/v2\/pages\/20965"}],"collection":[{"href":"https:\/\/huckerts.net\/it\/wp-json\/wp\/v2\/pages"}],"about":[{"href":"https:\/\/huckerts.net\/it\/wp-json\/wp\/v2\/types\/page"}],"author":[{"embeddable":true,"href":"https:\/\/huckerts.net\/it\/wp-json\/wp\/v2\/users\/15"}],"replies":[{"embeddable":true,"href":"https:\/\/huckerts.net\/it\/wp-json\/wp\/v2\/comments?post=20965"}],"version-history":[{"count":2,"href":"https:\/\/huckerts.net\/it\/wp-json\/wp\/v2\/pages\/20965\/revisions"}],"predecessor-version":[{"id":20967,"href":"https:\/\/huckerts.net\/it\/wp-json\/wp\/v2\/pages\/20965\/revisions\/20967"}],"wp:attachment":[{"href":"https:\/\/huckerts.net\/it\/wp-json\/wp\/v2\/media?parent=20965"}],"curies":[{"name":"wp","href":"https:\/\/api.w.org\/{rel}","templated":true}]}}