{"id":20958,"date":"2024-07-16T14:29:22","date_gmt":"2024-07-16T12:29:22","guid":{"rendered":"https:\/\/huckerts.net\/laboratoire-huckerts-international\/"},"modified":"2026-03-02T10:01:56","modified_gmt":"2026-03-02T09:01:56","slug":"laboratoire-huckerts-international","status":"publish","type":"page","link":"https:\/\/huckerts.net\/it\/","title":{"rendered":"Homepage"},"content":{"rendered":"<p>[vc_row][vc_column]\r\n  <div class=\"block block_home_intro\">\r\n    <div class=\"block_home_intro__container\">\r\n      <div class=\"block_home_intro__container__column\">\r\n        <h2 class=\"animateFade fadeOutAnimation\">Laboratoire <span>Huckert\u2019s<\/span> in breve.<\/h2>\r\n        <div class=\"content animateFade fadeOutAnimation\">\r\n          Combattiamo i germi dal 1957. Azienda a conduzione familiare con valori solidi: etici, umani e ambientali. Sviluppiamo, produciamo e commercializziamo disinfettanti d\u2019eccellenza e cosmetici rispettosi della pelle e dell\u2019ambiente.<\/p>\n<p>Vi accompagniamo nelle pratiche di disinfezione, qualunque sia il vostro settore. I nostri prodotti, efficaci e completamente sicuri, sono perfetti<br \/>\nanche negli ambienti pi\u00f9 delicati, come i reparti di neonatologia.\r\n        <\/div>\r\n        <a href=\"https:\/\/huckerts.net\/it\/notre-histoire\/\" class=\"button button-blue animateFade fadeOutAnimation\">Scopri di pi\u00f9<\/a>\r\n      <\/div>\r\n      <div class=\"block_home_intro__container__column\">\r\n        <div class=\"block_home_intro__container__column__items\">\r\n          <div class=\"block_home_intro__container__column__items__item animateFade fadeOutAnimation\">\r\n            <div class=\"image\">\r\n              <img decoding=\"async\" src=\"https:\/\/huckerts.net\/wp-content\/uploads\/2024\/07\/Group-1335.svg\" alt=\"Logo Icon Item 1\"> \r\n            <\/div>\r\n            <div class=\"content\">\r\n              <h3>La nostra missione<\/h3>\r\n              <div class=\"text\">\r\n                Essere protagonisti nell\u2019eccellenza della pulizia e della disinfezione, fissando nuovi standard di qualit\u00e0, sostenibilit\u00e0 e innovazione, per creare un mondo pi\u00f9 sano e sicuro per le generazioni future.\r\n              <\/div>\r\n            <\/div>\r\n          <\/div>\r\n          <div class=\"block_home_intro__container__column__items__item animateFade fadeOutAnimation\">\r\n            <div class=\"image\">\r\n              <img decoding=\"async\" src=\"https:\/\/huckerts.net\/wp-content\/uploads\/2025\/07\/Calque_2.png\" alt=\"Logo Icon Item 2\"> \r\n            <\/div>\r\n            <div class=\"content\">\r\n              <h3>La nostra visione<\/h3>\r\n              <div class=\"text\">\r\n                Offrire a operatori sanitari e industrie di tutto il mondo soluzioni di disinfezione d\u2019eccellenza: sicure, non tossiche e rispettose dell\u2019ambiente, che pongano al centro qualit\u00e0, sostenibilit\u00e0 e sicurezza, salvaguardando vite, materiali e il pianeta, per promuovere una salute migliore a livello globale.\r\n              <\/div>\r\n            <\/div>\r\n          <\/div>\r\n          <div class=\"block_home_intro__container__column__items__item animateFade fadeOutAnimation\">\r\n            <div class=\"image\">\r\n              <img decoding=\"async\" src=\"https:\/\/huckerts.net\/wp-content\/uploads\/2024\/07\/Vector-1.svg\" alt=\"Logo Icon Item 3\"> \r\n            <\/div>\r\n            <div class=\"content\">\r\n              <h3>I nostri valori<\/h3>\r\n              <div class=\"text\">\r\n                Tra i nostri valori fondamentali, la tutela dell\u2019ambiente permea l\u2019intero ciclo di produzione e di vita del laboratorio.<br \/>\nDalle materie prime alle confezioni biodegradabili, passando per un\u2019attenta selezione dei collaboratori, il nostro impegno si rafforza e si perfeziona ogni giorno.\r\n              <\/div>\r\n            <\/div>\r\n          <\/div>\r\n        <\/div>\r\n      <\/div>\r\n    <\/div>\r\n  <\/div>[\/vc_column][\/vc_row][vc_row][vc_column]\r\n  <div class=\"block block_univers\">\r\n    <div class=\"block_univers__container\">\r\n      <div class=\"block_univers__container__title  animateFade fadeOutAnimation\">\r\n        <h2>I settori<\/h2>\r\n      <\/div>\r\n      <div class=\"block_univers__container__items\">\r\n        <div class=\"block_univers__container__items__item animateFade fadeOutAnimation\">\r\n    <a href=\"https:\/\/huckerts.net\/it\/nos-univers\/collectivite\/\">\r\n      <div class=\"letters-link\"><span>Co<\/span><span class=\"arrow-link\"><\/span><\/div>\r\n      <div class=\"name\"><h3>Comunit\u00e0<\/h3><\/div>\r\n      <\/a>\r\n    <\/div><div class=\"block_univers__container__items__item animateFade fadeOutAnimation\">\r\n    <a href=\"https:\/\/huckerts.net\/it\/nos-univers\/industrie\/\">\r\n      <div class=\"letters-link\"><span>In<\/span><span class=\"arrow-link\"><\/span><\/div>\r\n      <div class=\"name\"><h3>Industria<\/h3><\/div>\r\n      <\/a>\r\n    <\/div><div class=\"block_univers__container__items__item animateFade fadeOutAnimation\">\r\n    <a href=\"https:\/\/huckerts.net\/it\/nos-univers\/laboratoire-recherche\/\">\r\n      <div class=\"letters-link\"><span>Lr<\/span><span class=\"arrow-link\"><\/span><\/div>\r\n      <div class=\"name\"><h3>Laboratori\/Ricerca<\/h3><\/div>\r\n      <\/a>\r\n    <\/div><div class=\"block_univers__container__items__item animateFade fadeOutAnimation\">\r\n    <a href=\"https:\/\/huckerts.net\/it\/nos-univers\/sante\/\">\r\n      <div class=\"letters-link\"><span>Sa<\/span><span class=\"arrow-link\"><\/span><\/div>\r\n      <div class=\"name\"><h3>Sanit\u00e0<\/h3><\/div>\r\n      <\/a>\r\n    <\/div><div class=\"block_univers__container__items__item animateFade fadeOutAnimation\">\r\n    <a href=\"https:\/\/huckerts.net\/it\/nos-univers\/veterinaire\/\">\r\n      <div class=\"letters-link\"><span>Ve<\/span><span class=\"arrow-link\"><\/span><\/div>\r\n      <div class=\"name\"><h3>Veterinaria<\/h3><\/div>\r\n      <\/a>\r\n    <\/div>\r\n      <\/div>\r\n      <div class=\"block_univers__container__link\">\r\n  <a href=\"https:\/\/huckerts.net\/it\/nos-univers\/\" class=\"button button-white  animateFade fadeOutAnimation\">Tutti gli universi<\/a>\r\n  <\/div>\r\n    <\/div>\r\n  <\/div>[\/vc_column][\/vc_row][vc_row][vc_column]<div class=\"block block_featured_products\">\r\n    <div class=\"block_featured_products__container\"><div class=\"block_products__top\"><h2>In primo piano<\/h2><a class=\"button button-blue animateFade fadeOutAnimation\" href=\"https:\/\/huckerts.net\/it\/les-produits\/\" target=\"\" >Tutti i prodotti<\/a><\/div><div class=\"block_products__items\">\r\n            <div class=\"block_products__item\">\r\n                <a href=\"https:\/\/huckerts.net\/it\/produit\/umonium38-neutralis-tissues\/\" class=\"block_products__item__link-image text-center\">\r\n                    <span class=\"block_products__item__best-seller\">Best seller<\/span>\r\n                    <img decoding=\"async\" src=\"https:\/\/huckerts.net\/wp-content\/uploads\/2025\/09\/U38-Neutralis-Tissues-100-ouvert-MDR-IIb.png\" alt=\"UMONIUM38\u00ae NEUTRALIS TISSUES\" class=\"block_products__item__image\">\r\n                <\/a>\r\n                <a href=\"https:\/\/huckerts.net\/it\/produit\/umonium38-neutralis-tissues\/\" class=\"block_products__item__link block_products__item__link--title\">\r\n                    <h3 class=\"block_products__item__title text-left\">UMONIUM38\u00ae NEUTRALIS TISSUES<\/h3>\r\n                <\/a>\r\n                <p class=\"block_products__item__excerpt text-left\">\r\n                    \r\n                <\/p>\r\n                <a href=\"https:\/\/huckerts.net\/it\/produit\/umonium38-neutralis-tissues\/\" class=\"block_products__item__link block_products__item__link--button  text-left\">\r\n                    Vedi il prodotto\r\n                <\/a>\r\n            <\/div>\r\n        \r\n            <div class=\"block_products__item\">\r\n                <a href=\"https:\/\/huckerts.net\/it\/produit\/umonium38-neutralis-spray\/\" class=\"block_products__item__link-image text-center\">\r\n                    <span class=\"block_products__item__best-seller\">Best seller<\/span>\r\n                    <img decoding=\"async\" src=\"https:\/\/huckerts.net\/wp-content\/uploads\/2025\/09\/U38-Neutralis-Spray-500ml-MDR-rond2.png\" alt=\"UMONIUM38\u00ae NEUTRALIS SPRAY\" class=\"block_products__item__image\">\r\n                <\/a>\r\n                <a href=\"https:\/\/huckerts.net\/it\/produit\/umonium38-neutralis-spray\/\" class=\"block_products__item__link block_products__item__link--title\">\r\n                    <h3 class=\"block_products__item__title text-left\">UMONIUM38\u00ae NEUTRALIS SPRAY<\/h3>\r\n                <\/a>\r\n                <p class=\"block_products__item__excerpt text-left\">\r\n                    \r\n                <\/p>\r\n                <a href=\"https:\/\/huckerts.net\/it\/produit\/umonium38-neutralis-spray\/\" class=\"block_products__item__link block_products__item__link--button  text-left\">\r\n                    Vedi il prodotto\r\n                <\/a>\r\n            <\/div>\r\n        \r\n            <div class=\"block_products__item\">\r\n                <a href=\"https:\/\/huckerts.net\/it\/produit\/umonium38-neutralis\/\" class=\"block_products__item__link-image text-center\">\r\n                    <span class=\"block_products__item__best-seller\">Best seller<\/span>\r\n                    <img decoding=\"async\" src=\"https:\/\/huckerts.net\/wp-content\/uploads\/2025\/09\/U38-Neutralis-1L-MDR.png\" alt=\"UMONIUM38\u00ae NEUTRALIS\" class=\"block_products__item__image\">\r\n                <\/a>\r\n                <a href=\"https:\/\/huckerts.net\/it\/produit\/umonium38-neutralis\/\" class=\"block_products__item__link block_products__item__link--title\">\r\n                    <h3 class=\"block_products__item__title text-left\">UMONIUM38\u00ae NEUTRALIS<\/h3>\r\n                <\/a>\r\n                <p class=\"block_products__item__excerpt text-left\">\r\n                    \r\n                <\/p>\r\n                <a href=\"https:\/\/huckerts.net\/it\/produit\/umonium38-neutralis\/\" class=\"block_products__item__link block_products__item__link--button  text-left\">\r\n                    Vedi il prodotto\r\n                <\/a>\r\n            <\/div>\r\n        <\/div><\/div><\/div>[\/vc_column][\/vc_row][vc_row][vc_column]\r\n  <div class=\"block block_keyfigures\">\r\n    <div class=\"block_keyfigures__container\">\r\n      <div class=\"block_keyfigures__container__image\" style=\"background-image:url(https:\/\/huckerts.net\/wp-content\/uploads\/2024\/07\/Rectangle-13886.png)\">\r\n      <\/div>\r\n      <div class=\"block_keyfigures__container__items\">\r\n          \r\n    <div class=\"block_keyfigures__container__items__item  animateFade fadeOutAnimation\">\r\n      <h3>49 milioni<\/h3>\r\n      <p>di persone colpite ogni anno da uno stato di immunodeficienza.<\/p>\r\n    <\/div>\r\n    \r\n    <div class=\"block_keyfigures__container__items__item  animateFade fadeOutAnimation\">\r\n      <h3>L'80%<\/h3>\r\n      <p>delle infezioni passa attraverso le mani.<\/p>\r\n    <\/div>\r\n    \r\n    <div class=\"block_keyfigures__container__items__item  animateFade fadeOutAnimation\">\r\n      <h3>1 su 10<\/h3>\r\n      <p>morte materna \u00e8 causata da un'infezione.<\/p>\r\n    <\/div>\r\n    \r\n    <div class=\"block_keyfigures__container__items__item  animateFade fadeOutAnimation\">\r\n      <h3>15%<\/h3>\r\n      <p>\u00e8 la percentuale di rischio di infezione nosocomiale durante ricovero ospedaliero.<\/p>\r\n    <\/div>\r\n    \r\n        <\/div>\r\n    <\/div>\r\n  <\/div>[\/vc_column][\/vc_row][vc_row][vc_column]\r\n  <div class=\"block block_brands\">\r\n    <div class=\"block_brands__container\">\r\n      <div class=\"block_brands__container__content\">\r\n        <h2 class=\" animateFade fadeOutAnimation\">I nostri marchi<\/h2>\r\n        <p class=\" animateFade fadeOutAnimation\">Le nostre gamme sono progettate per soddisfare in modo ottimale e sicuro tutte le vostre esigenze di disinfezione: dall\u2019ambiente alle superfici, dagli strumenti tecnici fino alla pelle umana.<\/p>\r\n      <\/div>\r\n      <div class=\"block_brands__container__items\">\r\n          \r\n    <div class=\"block_brands__container__items__item  animateFade fadeOutAnimation\">\r\n      <div class=\"image\" style=\"background-image:url(https:\/\/huckerts.net\/wp-content\/uploads\/2025\/08\/Phytogel-Couleurs-EN.png)\">\r\n        <div class=\"hover\">\r\n          <a href=\"\/it\/phytogel\/\">Scopri il marchio<\/a>\r\n        <\/div>\r\n      <\/div>\r\n    <\/div>\r\n    \r\n    <div class=\"block_brands__container__items__item  animateFade fadeOutAnimation\">\r\n      <div class=\"image\" style=\"background-image:url(https:\/\/huckerts.net\/wp-content\/uploads\/2024\/07\/Group-1317.png)\">\r\n        <div class=\"hover\">\r\n          <a href=\"\/it\/umonium38\/\">Scopri il marchio<\/a>\r\n        <\/div>\r\n      <\/div>\r\n    <\/div>\r\n    \r\n        <\/div>\r\n    <\/div>\r\n  <\/div>[\/vc_column][\/vc_row][vc_row][vc_column]<div class=\"block block_news\">\n    <div class=\"block_news__container\">\n      <div class=\"block_news__container__top\">\n        <h2>Da segnare in agenda<\/h2>\n        <section class=\"splide splide-news\"><div class=\"splide__track\"><ul class=\"splide__list\"><li class=\"splide__slide\"><div class=\"inner-news\"><div class=\"date\"><span class=\"day\">22<\/span><span class=\"month\">avril<\/span><span class=\"year\">2026<\/span><\/div><div class=\"description\"><h3>Inspire health & care<\/h3><h4>Dal 22 al 23 aprile 2026<\/h4><h5>Gent, BELGIO<\/h5><p>Inspire Health & Care \u00e8 l'evento ideale per entrare in contatto con il settore sanitario. Incontra tutti gli attori del settore, dai dirigenti agli operatori sanitari.<\/p><a href=\"https:\/\/www.health-care.be\/fr\/?_gl=1*9vxo96*_up*MQ..*_ga*MjA3ODk5NTg2OC4xNzc1MTExNzEy*_ga_NDPH24PCT6*czE3NzUxMTY4NzAkbzIkZzAkdDE3NzUxMTY4NzAkajYwJGwwJGgw\" target=\"_blank\" class=\"\">En savoir plus<\/a><\/div><div class=\"image\"><img decoding=\"async\" src=\"https:\/\/huckerts.net\/wp-content\/uploads\/2026\/02\/inspire-health-care-mkd.png\" \/><\/div><\/div><\/li><li class=\"splide__slide\"><div class=\"inner-news\"><div class=\"date\"><span class=\"day\">09<\/span><span class=\"month\">avril<\/span><span class=\"year\">2026<\/span><\/div><div class=\"description\"><h3>IDEA & MUSA Congresso<\/h3><h4>9 e 11 aprile 2026<\/h4><h5>UZ Leuven, BELGIO<\/h5><p>Unitevi ai massimi esperti in ginecologia, diagnostica per immagini e chirurgia in occasione del Congresso Internazionale IDEA & MUSA 2026, un evento accademico e clinico della durata di tre giorni.<\/p><a href=\"https:\/\/iotaplus.org\/en\/events\/international-idea-and-musa-congress-2026\" target=\"_blank\" class=\"\">En savoir plus<\/a><\/div><div class=\"image\"><img decoding=\"async\" src=\"https:\/\/huckerts.net\/wp-content\/uploads\/2025\/12\/IDEA-MUSA-CONGRESS-banner.png\" \/><\/div><\/div><\/li><li class=\"splide__slide\"><div class=\"inner-news\"><div class=\"date\"><span class=\"day\">07<\/span><span class=\"month\">mai<\/span><span class=\"year\">2026<\/span><\/div><div class=\"description\"><h3>ASPIRE<\/h3><h4>7 - 10 maggio 2026<\/h4><h5>Beijin, China<\/h5><p>Il 15\u00b0 congresso dell'Iniziativa Asia-Pacifico sulla riproduzione sottolinea l'impegno a promuovere la comunicazione e la collaborazione nel campo della medicina riproduttiva.<\/p><a href=\"https:\/\/www.aspire2026.com\/\" target=\"_blank\" class=\"\">En savoir plus<\/a><\/div><div class=\"image\"><img decoding=\"async\" src=\"https:\/\/huckerts.net\/wp-content\/uploads\/2026\/02\/Aspire-2026.png\" \/><\/div><\/div><\/li><li class=\"splide__slide\"><div class=\"inner-news\"><div class=\"date\"><span class=\"day\">03<\/span><span class=\"month\">juin<\/span><span class=\"year\">2026<\/span><\/div><div class=\"description\"><h3>SF2H<\/h3><h4>03 - 05 giugno 2026<\/h4><h5>Lille, Francia<\/h5><p>XXXVI Congresso nazionale della Societ\u00e0 francese di igiene ospedaliera<\/p><a href=\"https:\/\/www.sf2h.net\/congres\/36eme-congres-sf2h-lille-2026.html\" target=\"_blank\" class=\"\">En savoir plus<\/a><\/div><div class=\"image\"><img decoding=\"async\" src=\"https:\/\/huckerts.net\/wp-content\/uploads\/2026\/02\/normal_lille.webp\" \/><\/div><\/div><\/li><\/ul><\/div><\/section><\/div>\n      <\/div>\n    <\/div>\n  <\/div>[\/vc_column][\/vc_row][vc_row][vc_column]\r\n  <div class=\"block block_video\">\r\n    <div class=\"block_video__container animateFade fadeOutAnimation\">\r\n      <div class=\"block_video__container__image\"  style=\"background-image:url(https:\/\/huckerts.net\/wp-content\/uploads\/2024\/07\/Rectangle-13880.png)\">\r\n        <a href=\"#\" class=\"play-youtube\" data-url=\"https:\/\/www.youtube.com\/watch?v=UwK70nvDt2w\">\r\n          <img decoding=\"async\" src=\"https:\/\/huckerts.net\/wp-content\/themes\/born-to-give-child\/a42\/assets\/images\/player.svg\">\r\n        <\/a>\r\n      <\/div>\r\n      <div class=\"block_video__container__content\"><\/div>\r\n    <\/div>\r\n  <\/div>[\/vc_column][\/vc_row]<\/p>\n","protected":false},"excerpt":{"rendered":"<p>[vc_row][vc_column][\/vc_column][\/vc_row][vc_row][vc_column][\/vc_column][\/vc_row][vc_row][vc_column][\/vc_column][\/vc_row][vc_row][vc_column][\/vc_column][\/vc_row][vc_row][vc_column][\/vc_column][\/vc_row][vc_row][vc_column][\/vc_column][\/vc_row][vc_row][vc_column][\/vc_column][\/vc_row]<\/p>\n","protected":false},"author":15,"featured_media":0,"parent":0,"menu_order":0,"comment_status":"closed","ping_status":"closed","template":"","meta":{"footnotes":""},"yoast_head":"<!-- This site is optimized with the Yoast SEO plugin v21.7 - https:\/\/yoast.com\/wordpress\/plugins\/seo\/ -->\n<title>Homepage - Huckert&#039;s<\/title>\n<meta name=\"description\" content=\"Esperti in disinfezione di alto livello, eco-responsabili dal 1957. Prodotti senza CMR n\u00e9 interferenti endocrini. Scoprite le nostre soluzioni sicure.\" \/>\n<meta name=\"robots\" content=\"index, follow, max-snippet:-1, max-image-preview:large, max-video-preview:-1\" \/>\n<link rel=\"canonical\" href=\"https:\/\/huckerts.net\/it\/\" \/>\n<meta property=\"og:locale\" content=\"it_IT\" \/>\n<meta property=\"og:type\" content=\"article\" \/>\n<meta property=\"og:title\" content=\"Homepage - Huckert&#039;s\" \/>\n<meta property=\"og:description\" content=\"Esperti in disinfezione di alto livello, eco-responsabili dal 1957. Prodotti senza CMR n\u00e9 interferenti endocrini. Scoprite le nostre soluzioni sicure.\" \/>\n<meta property=\"og:url\" content=\"https:\/\/huckerts.net\/it\/\" \/>\n<meta property=\"og:site_name\" content=\"Huckert&#039;s\" \/>\n<meta property=\"article:publisher\" content=\"https:\/\/www.facebook.com\/huckerts\" \/>\n<meta property=\"article:modified_time\" content=\"2026-03-02T09:01:56+00:00\" \/>\n<meta property=\"og:image\" content=\"https:\/\/huckerts.net\/wp-content\/uploads\/2022\/01\/huckertnet-screeshot_2022-scaled.jpg\" \/>\n\t<meta property=\"og:image:width\" content=\"2560\" \/>\n\t<meta property=\"og:image:height\" content=\"1600\" \/>\n\t<meta property=\"og:image:type\" content=\"image\/jpeg\" \/>\n<meta name=\"twitter:card\" content=\"summary_large_image\" \/>\n<meta name=\"twitter:label1\" content=\"Tempo di lettura stimato\" \/>\n\t<meta name=\"twitter:data1\" content=\"2 minutes\" \/>\n<script type=\"application\/ld+json\" class=\"yoast-schema-graph\">{\"@context\":\"https:\/\/schema.org\",\"@graph\":[{\"@type\":\"WebPage\",\"@id\":\"https:\/\/huckerts.net\/it\/\",\"url\":\"https:\/\/huckerts.net\/it\/\",\"name\":\"Homepage - Huckert&#039;s\",\"isPartOf\":{\"@id\":\"https:\/\/huckerts.net\/#website\"},\"datePublished\":\"2024-07-16T12:29:22+00:00\",\"dateModified\":\"2026-03-02T09:01:56+00:00\",\"description\":\"Esperti in disinfezione di alto livello, eco-responsabili dal 1957. Prodotti senza CMR n\u00e9 interferenti endocrini. Scoprite le nostre soluzioni sicure.\",\"inLanguage\":\"it-IT\",\"potentialAction\":[{\"@type\":\"ReadAction\",\"target\":[\"https:\/\/huckerts.net\/it\/\"]}]},{\"@type\":\"WebSite\",\"@id\":\"https:\/\/huckerts.net\/#website\",\"url\":\"https:\/\/huckerts.net\/\",\"name\":\"Huckert&#039;s\",\"description\":\"La d\u00e9sinfection ma\u00eetris\u00e9e\",\"potentialAction\":[{\"@type\":\"SearchAction\",\"target\":{\"@type\":\"EntryPoint\",\"urlTemplate\":\"https:\/\/huckerts.net\/?s={search_term_string}\"},\"query-input\":\"required name=search_term_string\"}],\"inLanguage\":\"it-IT\"}]}<\/script>\n<!-- \/ Yoast SEO plugin. -->","yoast_head_json":{"title":"Homepage - Huckert&#039;s","description":"Esperti in disinfezione di alto livello, eco-responsabili dal 1957. Prodotti senza CMR n\u00e9 interferenti endocrini. Scoprite le nostre soluzioni sicure.","robots":{"index":"index","follow":"follow","max-snippet":"max-snippet:-1","max-image-preview":"max-image-preview:large","max-video-preview":"max-video-preview:-1"},"canonical":"https:\/\/huckerts.net\/it\/","og_locale":"it_IT","og_type":"article","og_title":"Homepage - Huckert&#039;s","og_description":"Esperti in disinfezione di alto livello, eco-responsabili dal 1957. Prodotti senza CMR n\u00e9 interferenti endocrini. Scoprite le nostre soluzioni sicure.","og_url":"https:\/\/huckerts.net\/it\/","og_site_name":"Huckert&#039;s","article_publisher":"https:\/\/www.facebook.com\/huckerts","article_modified_time":"2026-03-02T09:01:56+00:00","og_image":[{"width":2560,"height":1600,"url":"https:\/\/huckerts.net\/wp-content\/uploads\/2022\/01\/huckertnet-screeshot_2022-scaled.jpg","type":"image\/jpeg"}],"twitter_card":"summary_large_image","twitter_misc":{"Tempo di lettura stimato":"2 minutes"},"schema":{"@context":"https:\/\/schema.org","@graph":[{"@type":"WebPage","@id":"https:\/\/huckerts.net\/it\/","url":"https:\/\/huckerts.net\/it\/","name":"Homepage - Huckert&#039;s","isPartOf":{"@id":"https:\/\/huckerts.net\/#website"},"datePublished":"2024-07-16T12:29:22+00:00","dateModified":"2026-03-02T09:01:56+00:00","description":"Esperti in disinfezione di alto livello, eco-responsabili dal 1957. Prodotti senza CMR n\u00e9 interferenti endocrini. Scoprite le nostre soluzioni sicure.","inLanguage":"it-IT","potentialAction":[{"@type":"ReadAction","target":["https:\/\/huckerts.net\/it\/"]}]},{"@type":"WebSite","@id":"https:\/\/huckerts.net\/#website","url":"https:\/\/huckerts.net\/","name":"Huckert&#039;s","description":"La d\u00e9sinfection ma\u00eetris\u00e9e","potentialAction":[{"@type":"SearchAction","target":{"@type":"EntryPoint","urlTemplate":"https:\/\/huckerts.net\/?s={search_term_string}"},"query-input":"required name=search_term_string"}],"inLanguage":"it-IT"}]}},"_links":{"self":[{"href":"https:\/\/huckerts.net\/it\/wp-json\/wp\/v2\/pages\/20958"}],"collection":[{"href":"https:\/\/huckerts.net\/it\/wp-json\/wp\/v2\/pages"}],"about":[{"href":"https:\/\/huckerts.net\/it\/wp-json\/wp\/v2\/types\/page"}],"author":[{"embeddable":true,"href":"https:\/\/huckerts.net\/it\/wp-json\/wp\/v2\/users\/15"}],"replies":[{"embeddable":true,"href":"https:\/\/huckerts.net\/it\/wp-json\/wp\/v2\/comments?post=20958"}],"version-history":[{"count":9,"href":"https:\/\/huckerts.net\/it\/wp-json\/wp\/v2\/pages\/20958\/revisions"}],"predecessor-version":[{"id":21172,"href":"https:\/\/huckerts.net\/it\/wp-json\/wp\/v2\/pages\/20958\/revisions\/21172"}],"wp:attachment":[{"href":"https:\/\/huckerts.net\/it\/wp-json\/wp\/v2\/media?parent=20958"}],"curies":[{"name":"wp","href":"https:\/\/api.w.org\/{rel}","templated":true}]}}