{"id":19768,"date":"2016-03-14T18:17:49","date_gmt":"2016-03-14T17:17:49","guid":{"rendered":"https:\/\/huckerts.net\/contact\/"},"modified":"2025-09-05T13:56:29","modified_gmt":"2025-09-05T11:56:29","slug":"contact","status":"publish","type":"page","link":"https:\/\/huckerts.net\/en\/contact\/","title":{"rendered":"Contact us"},"content":{"rendered":"<p>[vc_row][vc_column][vc_empty_space][vc_column_text]\n<div class=\"wpcf7 no-js\" id=\"wpcf7-f6741-o1\" lang=\"en-US\" dir=\"ltr\">\n<div class=\"screen-reader-response\"><p role=\"status\" aria-live=\"polite\" aria-atomic=\"true\"><\/p> <ul><\/ul><\/div>\n<form action=\"\/en\/wp-json\/wp\/v2\/pages\/19768#wpcf7-f6741-o1\" method=\"post\" class=\"wpcf7-form init\" aria-label=\"Contact form\" novalidate=\"novalidate\" data-status=\"init\">\n<div style=\"display: none;\">\n<input type=\"hidden\" name=\"_wpcf7\" value=\"6741\" \/>\n<input type=\"hidden\" name=\"_wpcf7_version\" value=\"5.8.5\" \/>\n<input type=\"hidden\" name=\"_wpcf7_locale\" value=\"en_US\" \/>\n<input type=\"hidden\" name=\"_wpcf7_unit_tag\" value=\"wpcf7-f6741-o1\" \/>\n<input type=\"hidden\" name=\"_wpcf7_container_post\" value=\"0\" \/>\n<input type=\"hidden\" name=\"_wpcf7_posted_data_hash\" value=\"\" \/>\n<input type=\"hidden\" name=\"_wpcf7_recaptcha_response\" value=\"\" \/>\n<\/div>\n<input class=\"wpcf7-form-control wpcf7-hidden\" value=\"\" type=\"hidden\" name=\"source\" \/>\n<div class=\"row\">\n\t<div class=\"col-md-6\">\n\t\t<div class=\"form-group\">\n\t\t\t<p><label>Name *<\/label><br \/>\n<span class=\"wpcf7-form-control-wrap\" data-name=\"last-name\"><input size=\"40\" class=\"wpcf7-form-control wpcf7-text wpcf7-validates-as-required form-control\" aria-required=\"true\" aria-invalid=\"false\" placeholder=\"Name\" value=\"\" type=\"text\" name=\"last-name\" \/><\/span>\n\t\t\t<\/p>\n\t\t<\/div>\n\t\t<div class=\"form-group\">\n\t\t\t<p><label>First name *<\/label><br \/>\n<span class=\"wpcf7-form-control-wrap\" data-name=\"first-name\"><input size=\"40\" class=\"wpcf7-form-control wpcf7-text wpcf7-validates-as-required form-control\" aria-required=\"true\" aria-invalid=\"false\" placeholder=\"First name\" value=\"\" type=\"text\" name=\"first-name\" \/><\/span>\n\t\t\t<\/p>\n\t\t<\/div>\n\t\t<div class=\"form-group\">\n\t\t\t<p><label>Company *<\/label><br \/>\n<span class=\"wpcf7-form-control-wrap\" data-name=\"company\"><input size=\"40\" class=\"wpcf7-form-control wpcf7-text wpcf7-validates-as-required form-control\" aria-required=\"true\" aria-invalid=\"false\" placeholder=\"Your company\" value=\"\" type=\"text\" name=\"company\" \/><\/span>\n\t\t\t<\/p>\n\t\t<\/div>\n\t\t<div class=\"form-group\">\n\t\t\t<p><label>Email *<\/label><br \/>\n<span class=\"wpcf7-form-control-wrap\" data-name=\"email\"><input size=\"40\" class=\"wpcf7-form-control wpcf7-email wpcf7-validates-as-required wpcf7-text wpcf7-validates-as-email form-control\" aria-required=\"true\" aria-invalid=\"false\" placeholder=\"Your email\" value=\"\" type=\"email\" name=\"email\" \/><\/span>\n\t\t\t<\/p>\n\t\t<\/div>\n\t<\/div>\n\t<div class=\"col-md-6\">\n\t\t<div class=\"form-group\">\n\t\t\t<p><label>Country *<\/label><br \/>\n<span class=\"wpcf7-form-control-wrap\" data-name=\"country\"><input size=\"40\" class=\"wpcf7-form-control wpcf7-text wpcf7-validates-as-required form-control\" aria-required=\"true\" aria-invalid=\"false\" placeholder=\"Country (e.g. Belgium, France, Italy, etc.)\" value=\"\" type=\"text\" name=\"country\" \/><\/span>\n\t\t\t<\/p>\n\t\t<\/div>\n\t\t<div class=\"form-group\">\n\t\t\t<p><label>Phone *<\/label><br \/>\n<span class=\"wpcf7-form-control-wrap\" data-name=\"phone\"><input size=\"40\" class=\"wpcf7-form-control wpcf7-tel wpcf7-validates-as-required wpcf7-text wpcf7-validates-as-tel form-control\" aria-required=\"true\" aria-invalid=\"false\" placeholder=\"Your telephone number with its area code\" value=\"\" type=\"tel\" name=\"phone\" \/><\/span>\n\t\t\t<\/p>\n\t\t<\/div>\n\t\t<div class=\"form-group\">\n\t\t\t<p><label>Business sector *<\/label><br \/>\n<span class=\"wpcf7-form-control-wrap\" data-name=\"menu-971\"><select class=\"wpcf7-form-control wpcf7-select wpcf7-validates-as-required form-control\" id=\"3972\" aria-required=\"true\" aria-invalid=\"false\" name=\"menu-971\"><option value=\"Other\">Other<\/option><option value=\"Customer service\">Customer service<\/option><option value=\"Agri-food\">Agri-food<\/option><option value=\"Agricultural sciences\">Agricultural sciences<\/option><option value=\"Military\">Military<\/option><option value=\"Aviation\">Aviation<\/option><option value=\"Beauty and wellness institute\">Beauty and wellness institute<\/option><option value=\"Cardiology\">Cardiology<\/option><option value=\"Dental\">Dental<\/option><option value=\"Nursing homes\/retirement homes\">Nursing homes\/retirement homes<\/option><option value=\"Thermals\/spa\">Thermals\/spa<\/option><option value=\"Assisted reproduction\">Assisted reproduction<\/option><option value=\"Funeral services\">Funeral services<\/option><option value=\"Gastroenterology\">Gastroenterology<\/option><option value=\"Retail\">Retail<\/option><option value=\"Gynaecology\">Gynaecology<\/option><option value=\"Hospitals and clinics\">Hospitals and clinics<\/option><option value=\"Industry\">Industry<\/option><option value=\"Cosmetics industry\">Cosmetics industry<\/option><option value=\"Pharmaceutical industry\">Pharmaceutical industry<\/option><option value=\"Research laboratory\">Research laboratory<\/option><option value=\"Microelectronics and aerospace\">Microelectronics and aerospace<\/option><option value=\"Neonatology\">Neonatology<\/option><option value=\"Ophthalmology\">Ophthalmology<\/option><option value=\"ENT\">ENT<\/option><option value=\"Early childhood\">Early childhood<\/option><option value=\"Paramedical professions\">Paramedical professions<\/option><option value=\"Health\">Health<\/option><option value=\"Emergency services\">Emergency services<\/option><option value=\"Urology\">Urology<\/option><option value=\"Veterinary\">Veterinary<\/option><\/select><\/span>\n\t\t\t<\/p>\n\t\t<\/div>\n\t\t<div class=\"form-group\">\n\t\t\t<p><label>Message *<\/label><br \/>\n<span class=\"wpcf7-form-control-wrap\" data-name=\"message\"><textarea cols=\"40\" rows=\"10\" class=\"wpcf7-form-control wpcf7-textarea wpcf7-validates-as-required form-control\" aria-required=\"true\" aria-invalid=\"false\" placeholder=\"Write your message here\" name=\"message\"><\/textarea><\/span>\n\t\t\t<\/p>\n\t\t<\/div>\n\t<\/div>\n<\/div>\n<div class=\"row\">\n\t<div class=\"col-md-12\">\n\t\t<div class=\"form-group\">\n\t\t\t<p><span class=\"wpcf7-form-control-wrap\" data-name=\"checkbox-10\"><span class=\"wpcf7-form-control wpcf7-checkbox wpcf7-validates-as-required\"><span class=\"wpcf7-list-item first last\"><label><input type=\"checkbox\" name=\"checkbox-10[]\" value=\"I authorise Laboratoire Huckert\u2019s International to contact me via the email address provided in this form\" \/><span class=\"wpcf7-list-item-label\">I authorise Laboratoire Huckert\u2019s International to contact me via the email address provided in this form<\/span><\/label><\/span><\/span><\/span>\n\t\t\t<\/p>\n\t\t<\/div>\n\t\t<div class=\"form-group center text-center\">\n\t\t\t<p><input class=\"wpcf7-form-control wpcf7-submit has-spinner btn btn-primary\" type=\"submit\" value=\"Send my request\" \/>\n\t\t\t<\/p>\n\t\t<\/div>\n\t<\/div>\n<\/div><div class=\"wpcf7-response-output\" aria-hidden=\"true\"><\/div>\n<\/form>\n<\/div>\n[\/vc_column_text][\/vc_column][\/vc_row][vc_row][vc_column][vc_empty_space][vc_empty_space][\/vc_column][\/vc_row][vc_row][vc_column][vc_row_inner][vc_column_inner width=&#8221;1\/3&#8243;][vc_column_text]<h4 class=\"block-title\">BELGIUM<\/h4><br \/>\n<span class=\"nodeText editable \"><span class=\" \"><div class=\"\"> <\/div>20 Avenue Lavoisier<br \/>\n1300 Wavre<br \/>\n+32 (0)67 89 41 00<\/span><\/span>[\/vc_column_text][\/vc_column_inner][vc_column_inner width=&#8221;1\/3&#8243;][vc_column_text]<h4 class=\"block-title\">FRANCE<\/h4><br \/>\n<span class=\"nodeText editable \"><span class=\" \"><div class=\"\"> <\/div><\/span><\/span>91 rue Nationale<br \/>\n59000 LILLE<br \/>\n<span class=\"nodeText editable \"><span class=\" \">+33 (0)1 39 76 15 05<\/span><\/span>[\/vc_column_text][\/vc_column_inner][vc_column_inner width=&#8221;1\/3&#8243;][vc_column_text]<h4 class=\"block-title\">GD LUXEMBOURG<\/h4><br \/>\n<span class=\"nodeText editable \"><span class=\" \"><div class=\"\"> <\/div>177 Rue du Luxembourg<br \/>\n<\/span><\/span>L 8077<span class=\"nodeText editable \"><span class=\" \">\u00a0Bertrange<br \/>\n+352 26 39 42 60<\/span><\/span>[\/vc_column_text][\/vc_column_inner][\/vc_row_inner][vc_row_inner][vc_column_inner width=&#8221;1\/3&#8243;][vc_column_text]<h4 class=\"block-title\">ITALY<\/h4><br \/>\n<span class=\"nodeText editable \"><span class=\" \"><div class=\"\"> <\/div>20 Via Giulio Natta<br \/>\n05100 Terni<br \/>\n+39 0744 80 03 87<\/span><\/span>[\/vc_column_text][\/vc_column_inner][vc_column_inner width=&#8221;1\/3&#8243;][vc_column_text]<h4 class=\"block-title\">SWITZERLAND<\/h4><br \/>\n<span class=\"nodeText editable \"><span class=\" \"><div class=\"\"> <\/div><\/span><\/span>Rue de la Grotte 6 &#8211; CP848<br \/>\n1001 LAUSANNE<br \/>\n<span class=\"nodeText editable \"><span class=\" \">+32 (0)67 89 41 00<\/span><\/span>[\/vc_column_text][\/vc_column_inner][vc_column_inner width=&#8221;1\/3&#8243;][vc_column_text]<h4 class=\"block-title\">SINGAPORE<\/h4><br \/>\n<span class=\"nodeText editable \"><span class=\" \"><div class=\"\"> <\/div><\/span><\/span>9 Raffles Place, #18-21 Republic Plaza II,<br \/>\nSingapore 048619<br \/>\n+65 983 45 333[\/vc_column_text][\/vc_column_inner][\/vc_row_inner][\/vc_column][\/vc_row][vc_row][vc_column][vc_single_image image=&#8221;19691&#8243; img_size=&#8221;full&#8221; alignment=&#8221;center&#8221;][\/vc_column][\/vc_row]<\/p>\n","protected":false},"excerpt":{"rendered":"<p>[vc_row][vc_column][vc_empty_space][vc_column_text][\/vc_column_text][\/vc_column][\/vc_row][vc_row][vc_column][vc_empty_space][vc_empty_space][\/vc_column][\/vc_row][vc_row][vc_column][vc_row_inner][vc_column_inner width=&#8221;1\/3&#8243;][vc_column_text] 20 Avenue Lavoisier 1300 Wavre +32 (0)67 89 41 00[\/vc_column_text][\/vc_column_inner][vc_column_inner width=&#8221;1\/3&#8243;][vc_column_text] 91 rue Nationale 59000 LILLE +33 (0)1 39 76 15 05[\/vc_column_text][\/vc_column_inner][vc_column_inner width=&#8221;1\/3&#8243;][vc_column_text] 177 Rue du Luxembourg L 8077\u00a0Bertrange +352 26 39 42 60[\/vc_column_text][\/vc_column_inner][\/vc_row_inner][vc_row_inner][vc_column_inner width=&#8221;1\/3&#8243;][vc_column_text] 20 Via Giulio Natta 05100 Terni +39 0744 80 03 87[\/vc_column_text][\/vc_column_inner][vc_column_inner width=&#8221;1\/3&#8243;][vc_column_text] Rue de la Grotte 6 &#8211; CP848 1001 LAUSANNE +32 (0)67 89 41 00[\/vc_column_text][\/vc_column_inner][vc_column_inner width=&#8221;1\/3&#8243;][vc_column_text] 9 Raffles Place, #18-21 Republic Plaza II, Singapore 048619 +65 983 45 333[\/vc_column_text][\/vc_column_inner][\/vc_row_inner][\/vc_column][\/vc_row][vc_row][vc_column][vc_single_image image=&#8221;19691&#8243; img_size=&#8221;full&#8221; alignment=&#8221;center&#8221;][\/vc_column][\/vc_row]<\/p>\n","protected":false},"author":15,"featured_media":0,"parent":0,"menu_order":0,"comment_status":"closed","ping_status":"closed","template":"","meta":{"footnotes":""},"yoast_head":"<!-- This site is optimized with the Yoast SEO plugin v21.7 - https:\/\/yoast.com\/wordpress\/plugins\/seo\/ -->\n<title>Contact us - Huckert&#039;s<\/title>\n<meta name=\"robots\" content=\"index, follow, max-snippet:-1, max-image-preview:large, max-video-preview:-1\" \/>\n<link rel=\"canonical\" href=\"https:\/\/huckerts.net\/en\/contact\/\" \/>\n<meta property=\"og:locale\" content=\"en_US\" \/>\n<meta property=\"og:type\" content=\"article\" \/>\n<meta property=\"og:title\" content=\"Contact us - Huckert&#039;s\" \/>\n<meta property=\"og:description\" content=\"[vc_row][vc_column][vc_empty_space][vc_column_text][\/vc_column_text][\/vc_column][\/vc_row][vc_row][vc_column][vc_empty_space][vc_empty_space][\/vc_column][\/vc_row][vc_row][vc_column][vc_row_inner][vc_column_inner width=&#8221;1\/3&#8243;][vc_column_text] 20 Avenue Lavoisier 1300 Wavre +32 (0)67 89 41 00[\/vc_column_text][\/vc_column_inner][vc_column_inner width=&#8221;1\/3&#8243;][vc_column_text] 91 rue Nationale 59000 LILLE +33 (0)1 39 76 15 05[\/vc_column_text][\/vc_column_inner][vc_column_inner width=&#8221;1\/3&#8243;][vc_column_text] 177 Rue du Luxembourg L 8077\u00a0Bertrange +352 26 39 42 60[\/vc_column_text][\/vc_column_inner][\/vc_row_inner][vc_row_inner][vc_column_inner width=&#8221;1\/3&#8243;][vc_column_text] 20 Via Giulio Natta 05100 Terni +39 0744 80 03 87[\/vc_column_text][\/vc_column_inner][vc_column_inner width=&#8221;1\/3&#8243;][vc_column_text] Rue de la Grotte 6 &#8211; CP848 1001 LAUSANNE +32 (0)67 89 41 00[\/vc_column_text][\/vc_column_inner][vc_column_inner width=&#8221;1\/3&#8243;][vc_column_text] 9 Raffles Place, #18-21 Republic Plaza II, Singapore 048619 +65 983 45 333[\/vc_column_text][\/vc_column_inner][\/vc_row_inner][\/vc_column][\/vc_row][vc_row][vc_column][vc_single_image image=&#8221;19691&#8243; img_size=&#8221;full&#8221; alignment=&#8221;center&#8221;][\/vc_column][\/vc_row]\" \/>\n<meta property=\"og:url\" content=\"https:\/\/huckerts.net\/en\/contact\/\" \/>\n<meta property=\"og:site_name\" content=\"Huckert&#039;s\" \/>\n<meta property=\"article:publisher\" content=\"https:\/\/www.facebook.com\/huckerts\" \/>\n<meta property=\"article:modified_time\" content=\"2025-09-05T11:56:29+00:00\" \/>\n<meta property=\"og:image\" content=\"https:\/\/huckerts.net\/wp-content\/uploads\/2022\/01\/huckertnet-screeshot_2022-scaled.jpg\" \/>\n\t<meta property=\"og:image:width\" content=\"2560\" \/>\n\t<meta property=\"og:image:height\" content=\"1600\" \/>\n\t<meta property=\"og:image:type\" content=\"image\/jpeg\" \/>\n<meta name=\"twitter:card\" content=\"summary_large_image\" \/>\n<meta name=\"twitter:label1\" content=\"Est. reading time\" \/>\n\t<meta name=\"twitter:data1\" content=\"1 minute\" \/>\n<script type=\"application\/ld+json\" class=\"yoast-schema-graph\">{\"@context\":\"https:\/\/schema.org\",\"@graph\":[{\"@type\":\"WebPage\",\"@id\":\"https:\/\/huckerts.net\/en\/contact\/\",\"url\":\"https:\/\/huckerts.net\/en\/contact\/\",\"name\":\"Contact us - Huckert&#039;s\",\"isPartOf\":{\"@id\":\"https:\/\/huckerts.net\/#website\"},\"datePublished\":\"2016-03-14T17:17:49+00:00\",\"dateModified\":\"2025-09-05T11:56:29+00:00\",\"inLanguage\":\"en-US\",\"potentialAction\":[{\"@type\":\"ReadAction\",\"target\":[\"https:\/\/huckerts.net\/en\/contact\/\"]}]},{\"@type\":\"WebSite\",\"@id\":\"https:\/\/huckerts.net\/#website\",\"url\":\"https:\/\/huckerts.net\/\",\"name\":\"Huckert&#039;s\",\"description\":\"La d\u00e9sinfection ma\u00eetris\u00e9\",\"potentialAction\":[{\"@type\":\"SearchAction\",\"target\":{\"@type\":\"EntryPoint\",\"urlTemplate\":\"https:\/\/huckerts.net\/?s={search_term_string}\"},\"query-input\":\"required name=search_term_string\"}],\"inLanguage\":\"en-US\"}]}<\/script>\n<!-- \/ Yoast SEO plugin. -->","yoast_head_json":{"title":"Contact us - Huckert&#039;s","robots":{"index":"index","follow":"follow","max-snippet":"max-snippet:-1","max-image-preview":"max-image-preview:large","max-video-preview":"max-video-preview:-1"},"canonical":"https:\/\/huckerts.net\/en\/contact\/","og_locale":"en_US","og_type":"article","og_title":"Contact us - Huckert&#039;s","og_description":"[vc_row][vc_column][vc_empty_space][vc_column_text][\/vc_column_text][\/vc_column][\/vc_row][vc_row][vc_column][vc_empty_space][vc_empty_space][\/vc_column][\/vc_row][vc_row][vc_column][vc_row_inner][vc_column_inner width=&#8221;1\/3&#8243;][vc_column_text] 20 Avenue Lavoisier 1300 Wavre +32 (0)67 89 41 00[\/vc_column_text][\/vc_column_inner][vc_column_inner width=&#8221;1\/3&#8243;][vc_column_text] 91 rue Nationale 59000 LILLE +33 (0)1 39 76 15 05[\/vc_column_text][\/vc_column_inner][vc_column_inner width=&#8221;1\/3&#8243;][vc_column_text] 177 Rue du Luxembourg L 8077\u00a0Bertrange +352 26 39 42 60[\/vc_column_text][\/vc_column_inner][\/vc_row_inner][vc_row_inner][vc_column_inner width=&#8221;1\/3&#8243;][vc_column_text] 20 Via Giulio Natta 05100 Terni +39 0744 80 03 87[\/vc_column_text][\/vc_column_inner][vc_column_inner width=&#8221;1\/3&#8243;][vc_column_text] Rue de la Grotte 6 &#8211; CP848 1001 LAUSANNE +32 (0)67 89 41 00[\/vc_column_text][\/vc_column_inner][vc_column_inner width=&#8221;1\/3&#8243;][vc_column_text] 9 Raffles Place, #18-21 Republic Plaza II, Singapore 048619 +65 983 45 333[\/vc_column_text][\/vc_column_inner][\/vc_row_inner][\/vc_column][\/vc_row][vc_row][vc_column][vc_single_image image=&#8221;19691&#8243; img_size=&#8221;full&#8221; alignment=&#8221;center&#8221;][\/vc_column][\/vc_row]","og_url":"https:\/\/huckerts.net\/en\/contact\/","og_site_name":"Huckert&#039;s","article_publisher":"https:\/\/www.facebook.com\/huckerts","article_modified_time":"2025-09-05T11:56:29+00:00","og_image":[{"width":2560,"height":1600,"url":"https:\/\/huckerts.net\/wp-content\/uploads\/2022\/01\/huckertnet-screeshot_2022-scaled.jpg","type":"image\/jpeg"}],"twitter_card":"summary_large_image","twitter_misc":{"Est. reading time":"1 minute"},"schema":{"@context":"https:\/\/schema.org","@graph":[{"@type":"WebPage","@id":"https:\/\/huckerts.net\/en\/contact\/","url":"https:\/\/huckerts.net\/en\/contact\/","name":"Contact us - Huckert&#039;s","isPartOf":{"@id":"https:\/\/huckerts.net\/#website"},"datePublished":"2016-03-14T17:17:49+00:00","dateModified":"2025-09-05T11:56:29+00:00","inLanguage":"en-US","potentialAction":[{"@type":"ReadAction","target":["https:\/\/huckerts.net\/en\/contact\/"]}]},{"@type":"WebSite","@id":"https:\/\/huckerts.net\/#website","url":"https:\/\/huckerts.net\/","name":"Huckert&#039;s","description":"La d\u00e9sinfection ma\u00eetris\u00e9","potentialAction":[{"@type":"SearchAction","target":{"@type":"EntryPoint","urlTemplate":"https:\/\/huckerts.net\/?s={search_term_string}"},"query-input":"required name=search_term_string"}],"inLanguage":"en-US"}]}},"_links":{"self":[{"href":"https:\/\/huckerts.net\/en\/wp-json\/wp\/v2\/pages\/19768"}],"collection":[{"href":"https:\/\/huckerts.net\/en\/wp-json\/wp\/v2\/pages"}],"about":[{"href":"https:\/\/huckerts.net\/en\/wp-json\/wp\/v2\/types\/page"}],"author":[{"embeddable":true,"href":"https:\/\/huckerts.net\/en\/wp-json\/wp\/v2\/users\/15"}],"replies":[{"embeddable":true,"href":"https:\/\/huckerts.net\/en\/wp-json\/wp\/v2\/comments?post=19768"}],"version-history":[{"count":4,"href":"https:\/\/huckerts.net\/en\/wp-json\/wp\/v2\/pages\/19768\/revisions"}],"predecessor-version":[{"id":20241,"href":"https:\/\/huckerts.net\/en\/wp-json\/wp\/v2\/pages\/19768\/revisions\/20241"}],"wp:attachment":[{"href":"https:\/\/huckerts.net\/en\/wp-json\/wp\/v2\/media?parent=19768"}],"curies":[{"name":"wp","href":"https:\/\/api.w.org\/{rel}","templated":true}]}}