{"id":19651,"date":"2025-08-26T19:17:31","date_gmt":"2025-08-26T17:17:31","guid":{"rendered":"https:\/\/huckerts.net\/our-universes\/sante\/"},"modified":"2026-01-13T14:03:56","modified_gmt":"2026-01-13T13:03:56","slug":"sante","status":"publish","type":"page","link":"https:\/\/huckerts.net\/en\/our-universes\/sante\/","title":{"rendered":"Healthcare"},"content":{"rendered":"<p>[vc_row][vc_column]\r\n  <div class=\"block block_text\">\r\n    <div class=\"block_text__container\">\r\n      <div class=\"block_text__container__content\">\r\n        <h2 class=\" animateFade fadeOutAnimation\"><\/h2>\r\n        <div class=\"text animateFade fadeOutAnimation\">\r\n          Laboratoire Huckert&#8217;s International supports healthcare professionals with solutions designed to meet hygiene, safety and prevention challenges in all medical environments, from traditional to the most sensitive. Our expertise helps protect patients, caregivers, equipment and the environment, and ensures high-quality care.\r\n        <\/div>\r\n      <\/div>\r\n    <\/div>\r\n  <\/div>[\/vc_column][\/vc_row][vc_row][vc_column]\r\n  <div class=\"block block_grid\">\r\n    <div class=\"block_grid__container\">\r\n      <div class=\"block_grid__container__items\">\r\n        \r\n    <div class=\"block_grid__container__items__item\">\r\n      <a href=\"https:\/\/huckerts.net\/wp-content\/uploads\/2026\/02\/FP00944_catalogue_gynecologie_EN.pdf\" target=\"_blank\">\r\n        <div class=\"image animateFade fadeOutAnimation\">\r\n          <img decoding=\"async\" src=\"https:\/\/huckerts.net\/wp-content\/uploads\/2025\/08\/gyneco_echographie-scaled.jpg\" alt=\"Image mise en avant\">\r\n        <\/div>\r\n        <div class=\"grid-content animateFade fadeOutAnimation\">\r\n          <div class=\"top-title animateFade fadeOutAnimation\">Health<\/div>\r\n          <div class=\"title\">\r\n            <h3>Gynaecology<\/h3>\r\n            <span href=\"https:\/\/huckerts.net\/wp-content\/uploads\/2026\/02\/FP00944_catalogue_gynecologie_EN.pdf\" target=\"_blank\" class=\"arrow-button\"><\/span>\r\n          <\/div>\r\n          <div class=\"description\">\r\n            High-performance, safe disinfection solutions, validated for the most sensitive environments.\r\n          <\/div>\r\n        <\/div>\r\n      <\/a>\r\n    <\/div>\r\n    \r\n    <div class=\"block_grid__container__items__item\">\r\n      <a href=\"https:\/\/huckerts.net\/wp-content\/uploads\/2026\/02\/Neonatologie-EN.pdf\" target=\"_blank\">\r\n        <div class=\"image animateFade fadeOutAnimation\">\r\n          <img decoding=\"async\" src=\"https:\/\/huckerts.net\/wp-content\/uploads\/2025\/08\/bebe_incubateur-scaled.jpeg\" alt=\"Image mise en avant\">\r\n        <\/div>\r\n        <div class=\"grid-content animateFade fadeOutAnimation\">\r\n          <div class=\"top-title animateFade fadeOutAnimation\">Health<\/div>\r\n          <div class=\"title\">\r\n            <h3>Neonatology<\/h3>\r\n            <span href=\"https:\/\/huckerts.net\/wp-content\/uploads\/2026\/02\/Neonatologie-EN.pdf\" target=\"_blank\" class=\"arrow-button\"><\/span>\r\n          <\/div>\r\n          <div class=\"description\">\r\n            Products validated to protect infant health, without compromising on disinfection.\r\n          <\/div>\r\n        <\/div>\r\n      <\/a>\r\n    <\/div>\r\n    \r\n    <div class=\"block_grid__container__items__item\">\r\n      <a href=\"https:\/\/huckerts.net\/wp-content\/uploads\/2026\/02\/FP00937_Catalogue-FIVAMP-EN.pdf\" target=\"_blank\">\r\n        <div class=\"image animateFade fadeOutAnimation\">\r\n          <img decoding=\"async\" src=\"https:\/\/huckerts.net\/wp-content\/uploads\/2025\/08\/Embryon.jpg\" alt=\"Image mise en avant\">\r\n        <\/div>\r\n        <div class=\"grid-content animateFade fadeOutAnimation\">\r\n          <div class=\"top-title animateFade fadeOutAnimation\">Health<\/div>\r\n          <div class=\"title\">\r\n            <h3>IVF\/ART<\/h3>\r\n            <span href=\"https:\/\/huckerts.net\/wp-content\/uploads\/2026\/02\/FP00937_Catalogue-FIVAMP-EN.pdf\" target=\"_blank\" class=\"arrow-button\"><\/span>\r\n          <\/div>\r\n          <div class=\"description\">\r\n            Safe and effective solutions that guarantee the success of IVF protocols\r\n          <\/div>\r\n        <\/div>\r\n      <\/a>\r\n    <\/div>\r\n    \r\n    <div class=\"block_grid__container__items__item\">\r\n      <a href=\"https:\/\/huckerts.net\/wp-content\/uploads\/2026\/02\/EN_Hopitaux-cliniques.pdf\" target=\"_blank\">\r\n        <div class=\"image animateFade fadeOutAnimation\">\r\n          <img decoding=\"async\" src=\"https:\/\/huckerts.net\/wp-content\/uploads\/2025\/08\/Couloir-hopital-1.png\" alt=\"Image mise en avant\">\r\n        <\/div>\r\n        <div class=\"grid-content animateFade fadeOutAnimation\">\r\n          <div class=\"top-title animateFade fadeOutAnimation\">Health<\/div>\r\n          <div class=\"title\">\r\n            <h3>Hospitals &#038; clinics<\/h3>\r\n            <span href=\"https:\/\/huckerts.net\/wp-content\/uploads\/2026\/02\/EN_Hopitaux-cliniques.pdf\" target=\"_blank\" class=\"arrow-button\"><\/span>\r\n          <\/div>\r\n          <div class=\"description\">\r\n            Reliable solutions that combine performance, safety and respect for equipment, staff and patients.\r\n          <\/div>\r\n        <\/div>\r\n      <\/a>\r\n    <\/div>\r\n    \r\n    <div class=\"block_grid__container__items__item\">\r\n        <div class=\"image animateFade fadeOutAnimation\">\r\n          <img decoding=\"async\" src=\"https:\/\/huckerts.net\/wp-content\/uploads\/2025\/08\/dentiste_zoom_mains_instruments-scaled.jpg\" alt=\"Image mise en avant\">\r\n        <\/div>\r\n        <div class=\"grid-content animateFade fadeOutAnimation\">\r\n          <div class=\"top-title animateFade fadeOutAnimation\">Health<\/div>\r\n          <div class=\"title\">\r\n            <h3>Dentistry<\/h3>\r\n          <\/div>\r\n          <div class=\"description\">\r\n            Effective, rapid and safe disinfection for dental\/orthodontic practices\r\n          <\/div>\r\n        <\/div>\r\n    <\/div>\r\n    \r\n    <div class=\"block_grid__container__items__item\">\r\n        <div class=\"image animateFade fadeOutAnimation\">\r\n          <img decoding=\"async\" src=\"https:\/\/huckerts.net\/wp-content\/uploads\/2025\/08\/secours2-scaled.jpg\" alt=\"Image mise en avant\">\r\n        <\/div>\r\n        <div class=\"grid-content animateFade fadeOutAnimation\">\r\n          <div class=\"top-title animateFade fadeOutAnimation\">Sant\u00e9<\/div>\r\n          <div class=\"title\">\r\n            <h3>Emergency services<\/h3>\r\n          <\/div>\r\n          <div class=\"description\">\r\n            Uncompromising hygiene and disinfection, suitable for the most critical conditions\r\n          <\/div>\r\n        <\/div>\r\n    <\/div>\r\n    \r\n    <div class=\"block_grid__container__items__item\">\r\n        <div class=\"image animateFade fadeOutAnimation\">\r\n          <img decoding=\"async\" src=\"https:\/\/huckerts.net\/wp-content\/uploads\/2025\/08\/Consultation-03-scaled.jpg\" alt=\"Image mise en avant\">\r\n        <\/div>\r\n        <div class=\"grid-content animateFade fadeOutAnimation\">\r\n          <div class=\"top-title animateFade fadeOutAnimation\">Sant\u00e9<\/div>\r\n          <div class=\"title\">\r\n            <h3>Paramedical professions<\/h3>\r\n          <\/div>\r\n          <div class=\"description\">\r\n            Simple, effective solutions, suitable for both clinic and home care\r\n          <\/div>\r\n        <\/div>\r\n    <\/div>\r\n    \r\n      <\/div>\r\n    <\/div>\r\n  <\/div>\r\n\r\n  [\/vc_column][\/vc_row]<\/p>\n","protected":false},"excerpt":{"rendered":"<p>[vc_row][vc_column][\/vc_column][\/vc_row][vc_row][vc_column][\/vc_column][\/vc_row]<\/p>\n","protected":false},"author":15,"featured_media":18843,"parent":19568,"menu_order":0,"comment_status":"closed","ping_status":"closed","template":"","meta":{"footnotes":""},"yoast_head":"<!-- This site is optimized with the Yoast SEO plugin v21.7 - https:\/\/yoast.com\/wordpress\/plugins\/seo\/ -->\n<title>Healthcare - Huckert&#039;s<\/title>\n<meta name=\"robots\" content=\"index, follow, max-snippet:-1, max-image-preview:large, max-video-preview:-1\" \/>\n<link rel=\"canonical\" href=\"https:\/\/huckerts.net\/en\/our-universes\/sante\/\" \/>\n<meta property=\"og:locale\" content=\"en_US\" \/>\n<meta property=\"og:type\" content=\"article\" \/>\n<meta property=\"og:title\" content=\"Healthcare - Huckert&#039;s\" \/>\n<meta property=\"og:description\" content=\"[vc_row][vc_column][\/vc_column][\/vc_row][vc_row][vc_column][\/vc_column][\/vc_row]\" \/>\n<meta property=\"og:url\" content=\"https:\/\/huckerts.net\/en\/our-universes\/sante\/\" \/>\n<meta property=\"og:site_name\" content=\"Huckert&#039;s\" \/>\n<meta property=\"article:publisher\" content=\"https:\/\/www.facebook.com\/huckerts\" \/>\n<meta property=\"article:modified_time\" content=\"2026-01-13T13:03:56+00:00\" \/>\n<meta property=\"og:image\" content=\"https:\/\/huckerts.net\/wp-content\/uploads\/2025\/08\/Couloir-hopital-1-1024x731.png\" \/>\n\t<meta property=\"og:image:width\" content=\"1024\" \/>\n\t<meta property=\"og:image:height\" content=\"731\" \/>\n\t<meta property=\"og:image:type\" content=\"image\/png\" \/>\n<meta name=\"twitter:card\" content=\"summary_large_image\" \/>\n<meta name=\"twitter:label1\" content=\"Est. reading time\" \/>\n\t<meta name=\"twitter:data1\" content=\"1 minute\" \/>\n<script type=\"application\/ld+json\" class=\"yoast-schema-graph\">{\"@context\":\"https:\/\/schema.org\",\"@graph\":[{\"@type\":\"WebPage\",\"@id\":\"https:\/\/huckerts.net\/en\/our-universes\/sante\/\",\"url\":\"https:\/\/huckerts.net\/en\/our-universes\/sante\/\",\"name\":\"Healthcare - Huckert&#039;s\",\"isPartOf\":{\"@id\":\"https:\/\/huckerts.net\/#website\"},\"datePublished\":\"2025-08-26T17:17:31+00:00\",\"dateModified\":\"2026-01-13T13:03:56+00:00\",\"breadcrumb\":{\"@id\":\"https:\/\/huckerts.net\/en\/our-universes\/sante\/#breadcrumb\"},\"inLanguage\":\"en-US\",\"potentialAction\":[{\"@type\":\"ReadAction\",\"target\":[\"https:\/\/huckerts.net\/en\/our-universes\/sante\/\"]}]},{\"@type\":\"BreadcrumbList\",\"@id\":\"https:\/\/huckerts.net\/en\/our-universes\/sante\/#breadcrumb\",\"itemListElement\":[{\"@type\":\"ListItem\",\"position\":1,\"name\":\"Our universes\",\"item\":\"https:\/\/huckerts.net\/en\/our-universes\/\"},{\"@type\":\"ListItem\",\"position\":2,\"name\":\"Healthcare\"}]},{\"@type\":\"WebSite\",\"@id\":\"https:\/\/huckerts.net\/#website\",\"url\":\"https:\/\/huckerts.net\/\",\"name\":\"Huckert&#039;s\",\"description\":\"La d\u00e9sinfection ma\u00eetris\u00e9\",\"potentialAction\":[{\"@type\":\"SearchAction\",\"target\":{\"@type\":\"EntryPoint\",\"urlTemplate\":\"https:\/\/huckerts.net\/?s={search_term_string}\"},\"query-input\":\"required name=search_term_string\"}],\"inLanguage\":\"en-US\"}]}<\/script>\n<!-- \/ Yoast SEO plugin. -->","yoast_head_json":{"title":"Healthcare - Huckert&#039;s","robots":{"index":"index","follow":"follow","max-snippet":"max-snippet:-1","max-image-preview":"max-image-preview:large","max-video-preview":"max-video-preview:-1"},"canonical":"https:\/\/huckerts.net\/en\/our-universes\/sante\/","og_locale":"en_US","og_type":"article","og_title":"Healthcare - Huckert&#039;s","og_description":"[vc_row][vc_column][\/vc_column][\/vc_row][vc_row][vc_column][\/vc_column][\/vc_row]","og_url":"https:\/\/huckerts.net\/en\/our-universes\/sante\/","og_site_name":"Huckert&#039;s","article_publisher":"https:\/\/www.facebook.com\/huckerts","article_modified_time":"2026-01-13T13:03:56+00:00","og_image":[{"width":1024,"height":731,"url":"https:\/\/huckerts.net\/wp-content\/uploads\/2025\/08\/Couloir-hopital-1-1024x731.png","type":"image\/png"}],"twitter_card":"summary_large_image","twitter_misc":{"Est. reading time":"1 minute"},"schema":{"@context":"https:\/\/schema.org","@graph":[{"@type":"WebPage","@id":"https:\/\/huckerts.net\/en\/our-universes\/sante\/","url":"https:\/\/huckerts.net\/en\/our-universes\/sante\/","name":"Healthcare - Huckert&#039;s","isPartOf":{"@id":"https:\/\/huckerts.net\/#website"},"datePublished":"2025-08-26T17:17:31+00:00","dateModified":"2026-01-13T13:03:56+00:00","breadcrumb":{"@id":"https:\/\/huckerts.net\/en\/our-universes\/sante\/#breadcrumb"},"inLanguage":"en-US","potentialAction":[{"@type":"ReadAction","target":["https:\/\/huckerts.net\/en\/our-universes\/sante\/"]}]},{"@type":"BreadcrumbList","@id":"https:\/\/huckerts.net\/en\/our-universes\/sante\/#breadcrumb","itemListElement":[{"@type":"ListItem","position":1,"name":"Our universes","item":"https:\/\/huckerts.net\/en\/our-universes\/"},{"@type":"ListItem","position":2,"name":"Healthcare"}]},{"@type":"WebSite","@id":"https:\/\/huckerts.net\/#website","url":"https:\/\/huckerts.net\/","name":"Huckert&#039;s","description":"La d\u00e9sinfection ma\u00eetris\u00e9","potentialAction":[{"@type":"SearchAction","target":{"@type":"EntryPoint","urlTemplate":"https:\/\/huckerts.net\/?s={search_term_string}"},"query-input":"required name=search_term_string"}],"inLanguage":"en-US"}]}},"_links":{"self":[{"href":"https:\/\/huckerts.net\/en\/wp-json\/wp\/v2\/pages\/19651"}],"collection":[{"href":"https:\/\/huckerts.net\/en\/wp-json\/wp\/v2\/pages"}],"about":[{"href":"https:\/\/huckerts.net\/en\/wp-json\/wp\/v2\/types\/page"}],"author":[{"embeddable":true,"href":"https:\/\/huckerts.net\/en\/wp-json\/wp\/v2\/users\/15"}],"replies":[{"embeddable":true,"href":"https:\/\/huckerts.net\/en\/wp-json\/wp\/v2\/comments?post=19651"}],"version-history":[{"count":8,"href":"https:\/\/huckerts.net\/en\/wp-json\/wp\/v2\/pages\/19651\/revisions"}],"predecessor-version":[{"id":20510,"href":"https:\/\/huckerts.net\/en\/wp-json\/wp\/v2\/pages\/19651\/revisions\/20510"}],"up":[{"embeddable":true,"href":"https:\/\/huckerts.net\/en\/wp-json\/wp\/v2\/pages\/19568"}],"wp:featuredmedia":[{"embeddable":true,"href":"https:\/\/huckerts.net\/en\/wp-json\/wp\/v2\/media\/18843"}],"wp:attachment":[{"href":"https:\/\/huckerts.net\/en\/wp-json\/wp\/v2\/media?parent=19651"}],"curies":[{"name":"wp","href":"https:\/\/api.w.org\/{rel}","templated":true}]}}