{"id":19649,"date":"2025-08-28T12:15:03","date_gmt":"2025-08-28T10:15:03","guid":{"rendered":"https:\/\/huckerts.net\/?page_id=19649"},"modified":"2026-02-18T17:24:44","modified_gmt":"2026-02-18T16:24:44","slug":"hospitals-clinics","status":"publish","type":"page","link":"https:\/\/huckerts.net\/en\/our-universes\/sante\/hospitals-clinics\/","title":{"rendered":"Hospitals &#038; clinics"},"content":{"rendered":"","protected":false},"excerpt":{"rendered":"","protected":false},"author":13,"featured_media":0,"parent":19651,"menu_order":0,"comment_status":"closed","ping_status":"closed","template":"","meta":{"footnotes":""},"yoast_head":"<!-- This site is optimized with the Yoast SEO plugin v21.7 - https:\/\/yoast.com\/wordpress\/plugins\/seo\/ -->\n<title>Hospitals &amp; clinics - Huckert&#039;s<\/title>\n<meta name=\"robots\" content=\"index, follow, max-snippet:-1, max-image-preview:large, max-video-preview:-1\" \/>\n<link rel=\"canonical\" href=\"https:\/\/huckerts.net\/en\/our-universes\/sante\/hospitals-clinics\/\" \/>\n<meta property=\"og:locale\" content=\"en_US\" \/>\n<meta property=\"og:type\" content=\"article\" \/>\n<meta property=\"og:title\" content=\"Hospitals &amp; clinics - Huckert&#039;s\" \/>\n<meta property=\"og:url\" content=\"https:\/\/huckerts.net\/en\/our-universes\/sante\/hospitals-clinics\/\" \/>\n<meta property=\"og:site_name\" content=\"Huckert&#039;s\" \/>\n<meta property=\"article:publisher\" content=\"https:\/\/www.facebook.com\/huckerts\" \/>\n<meta property=\"article:modified_time\" content=\"2026-02-18T16:24:44+00:00\" \/>\n<meta property=\"og:image\" content=\"https:\/\/huckerts.net\/wp-content\/uploads\/2022\/01\/huckertnet-screeshot_2022-scaled.jpg\" \/>\n\t<meta property=\"og:image:width\" content=\"2560\" \/>\n\t<meta property=\"og:image:height\" content=\"1600\" \/>\n\t<meta property=\"og:image:type\" content=\"image\/jpeg\" \/>\n<meta name=\"twitter:card\" content=\"summary_large_image\" \/>\n<script type=\"application\/ld+json\" class=\"yoast-schema-graph\">{\"@context\":\"https:\/\/schema.org\",\"@graph\":[{\"@type\":\"WebPage\",\"@id\":\"https:\/\/huckerts.net\/en\/our-universes\/sante\/hospitals-clinics\/\",\"url\":\"https:\/\/huckerts.net\/en\/our-universes\/sante\/hospitals-clinics\/\",\"name\":\"Hospitals & clinics - Huckert&#039;s\",\"isPartOf\":{\"@id\":\"https:\/\/huckerts.net\/#website\"},\"datePublished\":\"2025-08-28T10:15:03+00:00\",\"dateModified\":\"2026-02-18T16:24:44+00:00\",\"breadcrumb\":{\"@id\":\"https:\/\/huckerts.net\/en\/our-universes\/sante\/hospitals-clinics\/#breadcrumb\"},\"inLanguage\":\"en-US\",\"potentialAction\":[{\"@type\":\"ReadAction\",\"target\":[\"https:\/\/huckerts.net\/en\/our-universes\/sante\/hospitals-clinics\/\"]}]},{\"@type\":\"BreadcrumbList\",\"@id\":\"https:\/\/huckerts.net\/en\/our-universes\/sante\/hospitals-clinics\/#breadcrumb\",\"itemListElement\":[{\"@type\":\"ListItem\",\"position\":1,\"name\":\"Our universes\",\"item\":\"https:\/\/huckerts.net\/en\/our-universes\/\"},{\"@type\":\"ListItem\",\"position\":2,\"name\":\"Healthcare\",\"item\":\"https:\/\/huckerts.net\/en\/our-universes\/sante\/\"},{\"@type\":\"ListItem\",\"position\":3,\"name\":\"Hospitals &#038; clinics\"}]},{\"@type\":\"WebSite\",\"@id\":\"https:\/\/huckerts.net\/#website\",\"url\":\"https:\/\/huckerts.net\/\",\"name\":\"Huckert&#039;s\",\"description\":\"La d\u00e9sinfection ma\u00eetris\u00e9\",\"potentialAction\":[{\"@type\":\"SearchAction\",\"target\":{\"@type\":\"EntryPoint\",\"urlTemplate\":\"https:\/\/huckerts.net\/?s={search_term_string}\"},\"query-input\":\"required name=search_term_string\"}],\"inLanguage\":\"en-US\"}]}<\/script>\n<!-- \/ Yoast SEO plugin. -->","yoast_head_json":{"title":"Hospitals & clinics - Huckert&#039;s","robots":{"index":"index","follow":"follow","max-snippet":"max-snippet:-1","max-image-preview":"max-image-preview:large","max-video-preview":"max-video-preview:-1"},"canonical":"https:\/\/huckerts.net\/en\/our-universes\/sante\/hospitals-clinics\/","og_locale":"en_US","og_type":"article","og_title":"Hospitals & clinics - Huckert&#039;s","og_url":"https:\/\/huckerts.net\/en\/our-universes\/sante\/hospitals-clinics\/","og_site_name":"Huckert&#039;s","article_publisher":"https:\/\/www.facebook.com\/huckerts","article_modified_time":"2026-02-18T16:24:44+00:00","og_image":[{"width":2560,"height":1600,"url":"https:\/\/huckerts.net\/wp-content\/uploads\/2022\/01\/huckertnet-screeshot_2022-scaled.jpg","type":"image\/jpeg"}],"twitter_card":"summary_large_image","schema":{"@context":"https:\/\/schema.org","@graph":[{"@type":"WebPage","@id":"https:\/\/huckerts.net\/en\/our-universes\/sante\/hospitals-clinics\/","url":"https:\/\/huckerts.net\/en\/our-universes\/sante\/hospitals-clinics\/","name":"Hospitals & clinics - Huckert&#039;s","isPartOf":{"@id":"https:\/\/huckerts.net\/#website"},"datePublished":"2025-08-28T10:15:03+00:00","dateModified":"2026-02-18T16:24:44+00:00","breadcrumb":{"@id":"https:\/\/huckerts.net\/en\/our-universes\/sante\/hospitals-clinics\/#breadcrumb"},"inLanguage":"en-US","potentialAction":[{"@type":"ReadAction","target":["https:\/\/huckerts.net\/en\/our-universes\/sante\/hospitals-clinics\/"]}]},{"@type":"BreadcrumbList","@id":"https:\/\/huckerts.net\/en\/our-universes\/sante\/hospitals-clinics\/#breadcrumb","itemListElement":[{"@type":"ListItem","position":1,"name":"Our universes","item":"https:\/\/huckerts.net\/en\/our-universes\/"},{"@type":"ListItem","position":2,"name":"Healthcare","item":"https:\/\/huckerts.net\/en\/our-universes\/sante\/"},{"@type":"ListItem","position":3,"name":"Hospitals &#038; clinics"}]},{"@type":"WebSite","@id":"https:\/\/huckerts.net\/#website","url":"https:\/\/huckerts.net\/","name":"Huckert&#039;s","description":"La d\u00e9sinfection ma\u00eetris\u00e9","potentialAction":[{"@type":"SearchAction","target":{"@type":"EntryPoint","urlTemplate":"https:\/\/huckerts.net\/?s={search_term_string}"},"query-input":"required name=search_term_string"}],"inLanguage":"en-US"}]}},"_links":{"self":[{"href":"https:\/\/huckerts.net\/en\/wp-json\/wp\/v2\/pages\/19649"}],"collection":[{"href":"https:\/\/huckerts.net\/en\/wp-json\/wp\/v2\/pages"}],"about":[{"href":"https:\/\/huckerts.net\/en\/wp-json\/wp\/v2\/types\/page"}],"author":[{"embeddable":true,"href":"https:\/\/huckerts.net\/en\/wp-json\/wp\/v2\/users\/13"}],"replies":[{"embeddable":true,"href":"https:\/\/huckerts.net\/en\/wp-json\/wp\/v2\/comments?post=19649"}],"version-history":[{"count":3,"href":"https:\/\/huckerts.net\/en\/wp-json\/wp\/v2\/pages\/19649\/revisions"}],"predecessor-version":[{"id":20947,"href":"https:\/\/huckerts.net\/en\/wp-json\/wp\/v2\/pages\/19649\/revisions\/20947"}],"up":[{"embeddable":true,"href":"https:\/\/huckerts.net\/en\/wp-json\/wp\/v2\/pages\/19651"}],"wp:attachment":[{"href":"https:\/\/huckerts.net\/en\/wp-json\/wp\/v2\/media?parent=19649"}],"curies":[{"name":"wp","href":"https:\/\/api.w.org\/{rel}","templated":true}]}}