{"id":19615,"date":"2025-08-26T19:49:33","date_gmt":"2025-08-26T17:49:33","guid":{"rendered":"https:\/\/huckerts.net\/our-universes\/collectivite\/"},"modified":"2025-09-17T10:56:00","modified_gmt":"2025-09-17T08:56:00","slug":"community","status":"publish","type":"page","link":"https:\/\/huckerts.net\/en\/our-universes\/community\/","title":{"rendered":"Community"},"content":{"rendered":"<p>[vc_row][vc_column]\r\n  <div class=\"block block_text\">\r\n    <div class=\"block_text__container\">\r\n      <div class=\"block_text__container__content\">\r\n        <h2 class=\" animateFade fadeOutAnimation\"><\/h2>\r\n        <div class=\"text animateFade fadeOutAnimation\">\r\n          Whether for reception areas, specialised establishments or public spaces, Laboratoire Huckert&#8217;s International puts its expertise at the service of collective health and safety. Our solutions aim to preserve the health, comfort and confidence of users and professionals alike.\r\n        <\/div>\r\n      <\/div>\r\n    <\/div>\r\n  <\/div>[\/vc_column][\/vc_row][vc_row][vc_column]\r\n  <div class=\"block block_grid\">\r\n    <div class=\"block_grid__container\">\r\n      <div class=\"block_grid__container__items\">\r\n        \r\n    <div class=\"block_grid__container__items__item\">\r\n        <div class=\"image animateFade fadeOutAnimation\">\r\n          <img decoding=\"async\" src=\"https:\/\/huckerts.net\/wp-content\/uploads\/2025\/08\/iStock_000018211297Medium.jpg\" alt=\"Image mise en avant\">\r\n        <\/div>\r\n        <div class=\"grid-content animateFade fadeOutAnimation\">\r\n          <div class=\"top-title animateFade fadeOutAnimation\">Community<\/div>\r\n          <div class=\"title\">\r\n            <h3>Public reception<\/h3>\r\n          <\/div>\r\n          <div class=\"description\">\r\n            Ensure optimal and safe hygiene to reassure and retain your customers.\r\n          <\/div>\r\n        <\/div>\r\n    <\/div>\r\n    \r\n    <div class=\"block_grid__container__items__item\">\r\n        <div class=\"image animateFade fadeOutAnimation\">\r\n          <img decoding=\"async\" src=\"https:\/\/huckerts.net\/wp-content\/uploads\/2025\/08\/Petite-enfance-04-scaled.jpg\" alt=\"Image mise en avant\">\r\n        <\/div>\r\n        <div class=\"grid-content animateFade fadeOutAnimation\">\r\n          <div class=\"top-title animateFade fadeOutAnimation\">Community<\/div>\r\n          <div class=\"title\">\r\n            <h3>Early childhood<\/h3>\r\n          <\/div>\r\n          <div class=\"description\">\r\n            Safe and effective disinfection solutions, suitable for young children and their environment\r\n          <\/div>\r\n        <\/div>\r\n    <\/div>\r\n    \r\n    <div class=\"block_grid__container__items__item\">\r\n        <div class=\"image animateFade fadeOutAnimation\">\r\n          <img decoding=\"async\" src=\"https:\/\/huckerts.net\/wp-content\/uploads\/2025\/08\/baignoire-spa.png\" alt=\"Image mise en avant\">\r\n        <\/div>\r\n        <div class=\"grid-content animateFade fadeOutAnimation\">\r\n          <div class=\"top-title animateFade fadeOutAnimation\">Community<\/div>\r\n          <div class=\"title\">\r\n            <h3>Spa<\/h3>\r\n          <\/div>\r\n          <div class=\"description\">\r\n            Maintain high hygiene standards for a healthy and reassuring spa experience.\r\n          <\/div>\r\n        <\/div>\r\n    <\/div>\r\n    \r\n    <div class=\"block_grid__container__items__item\">\r\n        <div class=\"image animateFade fadeOutAnimation\">\r\n          <img decoding=\"async\" src=\"https:\/\/huckerts.net\/wp-content\/uploads\/2025\/08\/Mains-old_young.png\" alt=\"Image mise en avant\">\r\n        <\/div>\r\n        <div class=\"grid-content animateFade fadeOutAnimation\">\r\n          <div class=\"top-title animateFade fadeOutAnimation\">Community<\/div>\r\n          <div class=\"title\">\r\n            <h3>Nursing home<\/h3>\r\n          <\/div>\r\n          <div class=\"description\">\r\n            Safe and effective hygiene solutions to protect residents and ensure a healthy environment\r\n          <\/div>\r\n        <\/div>\r\n    <\/div>\r\n    \r\n      <\/div>\r\n    <\/div>\r\n  <\/div>\r\n\r\n  [\/vc_column][\/vc_row]<\/p>\n","protected":false},"excerpt":{"rendered":"<p>[vc_row][vc_column][\/vc_column][\/vc_row][vc_row][vc_column][\/vc_column][\/vc_row]<\/p>\n","protected":false},"author":15,"featured_media":18892,"parent":19568,"menu_order":0,"comment_status":"closed","ping_status":"closed","template":"","meta":{"footnotes":""},"yoast_head":"<!-- This site is optimized with the Yoast SEO plugin v21.7 - https:\/\/yoast.com\/wordpress\/plugins\/seo\/ -->\n<title>Community - Huckert&#039;s<\/title>\n<meta name=\"robots\" content=\"index, follow, max-snippet:-1, max-image-preview:large, max-video-preview:-1\" \/>\n<link rel=\"canonical\" href=\"https:\/\/huckerts.net\/en\/our-universes\/community\/\" \/>\n<meta property=\"og:locale\" content=\"en_US\" \/>\n<meta property=\"og:type\" content=\"article\" \/>\n<meta property=\"og:title\" content=\"Community - Huckert&#039;s\" \/>\n<meta property=\"og:description\" content=\"[vc_row][vc_column][\/vc_column][\/vc_row][vc_row][vc_column][\/vc_column][\/vc_row]\" \/>\n<meta property=\"og:url\" content=\"https:\/\/huckerts.net\/en\/our-universes\/community\/\" \/>\n<meta property=\"og:site_name\" content=\"Huckert&#039;s\" \/>\n<meta property=\"article:publisher\" content=\"https:\/\/www.facebook.com\/huckerts\" \/>\n<meta property=\"article:modified_time\" content=\"2025-09-17T08:56:00+00:00\" \/>\n<meta property=\"og:image\" content=\"https:\/\/huckerts.net\/wp-content\/uploads\/2025\/08\/iStock_000018211297Medium.jpg\" \/>\n\t<meta property=\"og:image:width\" content=\"1698\" \/>\n\t<meta property=\"og:image:height\" content=\"1131\" \/>\n\t<meta property=\"og:image:type\" content=\"image\/jpeg\" \/>\n<meta name=\"twitter:card\" content=\"summary_large_image\" \/>\n<meta name=\"twitter:label1\" content=\"Est. reading time\" \/>\n\t<meta name=\"twitter:data1\" content=\"1 minute\" \/>\n<script type=\"application\/ld+json\" class=\"yoast-schema-graph\">{\"@context\":\"https:\/\/schema.org\",\"@graph\":[{\"@type\":\"WebPage\",\"@id\":\"https:\/\/huckerts.net\/en\/our-universes\/community\/\",\"url\":\"https:\/\/huckerts.net\/en\/our-universes\/community\/\",\"name\":\"Community - Huckert&#039;s\",\"isPartOf\":{\"@id\":\"https:\/\/huckerts.net\/#website\"},\"datePublished\":\"2025-08-26T17:49:33+00:00\",\"dateModified\":\"2025-09-17T08:56:00+00:00\",\"breadcrumb\":{\"@id\":\"https:\/\/huckerts.net\/en\/our-universes\/community\/#breadcrumb\"},\"inLanguage\":\"en-US\",\"potentialAction\":[{\"@type\":\"ReadAction\",\"target\":[\"https:\/\/huckerts.net\/en\/our-universes\/community\/\"]}]},{\"@type\":\"BreadcrumbList\",\"@id\":\"https:\/\/huckerts.net\/en\/our-universes\/community\/#breadcrumb\",\"itemListElement\":[{\"@type\":\"ListItem\",\"position\":1,\"name\":\"Our universes\",\"item\":\"https:\/\/huckerts.net\/en\/our-universes\/\"},{\"@type\":\"ListItem\",\"position\":2,\"name\":\"Community\"}]},{\"@type\":\"WebSite\",\"@id\":\"https:\/\/huckerts.net\/#website\",\"url\":\"https:\/\/huckerts.net\/\",\"name\":\"Huckert&#039;s\",\"description\":\"La d\u00e9sinfection ma\u00eetris\u00e9\",\"potentialAction\":[{\"@type\":\"SearchAction\",\"target\":{\"@type\":\"EntryPoint\",\"urlTemplate\":\"https:\/\/huckerts.net\/?s={search_term_string}\"},\"query-input\":\"required name=search_term_string\"}],\"inLanguage\":\"en-US\"}]}<\/script>\n<!-- \/ Yoast SEO plugin. -->","yoast_head_json":{"title":"Community - Huckert&#039;s","robots":{"index":"index","follow":"follow","max-snippet":"max-snippet:-1","max-image-preview":"max-image-preview:large","max-video-preview":"max-video-preview:-1"},"canonical":"https:\/\/huckerts.net\/en\/our-universes\/community\/","og_locale":"en_US","og_type":"article","og_title":"Community - Huckert&#039;s","og_description":"[vc_row][vc_column][\/vc_column][\/vc_row][vc_row][vc_column][\/vc_column][\/vc_row]","og_url":"https:\/\/huckerts.net\/en\/our-universes\/community\/","og_site_name":"Huckert&#039;s","article_publisher":"https:\/\/www.facebook.com\/huckerts","article_modified_time":"2025-09-17T08:56:00+00:00","og_image":[{"width":1698,"height":1131,"url":"https:\/\/huckerts.net\/wp-content\/uploads\/2025\/08\/iStock_000018211297Medium.jpg","type":"image\/jpeg"}],"twitter_card":"summary_large_image","twitter_misc":{"Est. reading time":"1 minute"},"schema":{"@context":"https:\/\/schema.org","@graph":[{"@type":"WebPage","@id":"https:\/\/huckerts.net\/en\/our-universes\/community\/","url":"https:\/\/huckerts.net\/en\/our-universes\/community\/","name":"Community - Huckert&#039;s","isPartOf":{"@id":"https:\/\/huckerts.net\/#website"},"datePublished":"2025-08-26T17:49:33+00:00","dateModified":"2025-09-17T08:56:00+00:00","breadcrumb":{"@id":"https:\/\/huckerts.net\/en\/our-universes\/community\/#breadcrumb"},"inLanguage":"en-US","potentialAction":[{"@type":"ReadAction","target":["https:\/\/huckerts.net\/en\/our-universes\/community\/"]}]},{"@type":"BreadcrumbList","@id":"https:\/\/huckerts.net\/en\/our-universes\/community\/#breadcrumb","itemListElement":[{"@type":"ListItem","position":1,"name":"Our universes","item":"https:\/\/huckerts.net\/en\/our-universes\/"},{"@type":"ListItem","position":2,"name":"Community"}]},{"@type":"WebSite","@id":"https:\/\/huckerts.net\/#website","url":"https:\/\/huckerts.net\/","name":"Huckert&#039;s","description":"La d\u00e9sinfection ma\u00eetris\u00e9","potentialAction":[{"@type":"SearchAction","target":{"@type":"EntryPoint","urlTemplate":"https:\/\/huckerts.net\/?s={search_term_string}"},"query-input":"required name=search_term_string"}],"inLanguage":"en-US"}]}},"_links":{"self":[{"href":"https:\/\/huckerts.net\/en\/wp-json\/wp\/v2\/pages\/19615"}],"collection":[{"href":"https:\/\/huckerts.net\/en\/wp-json\/wp\/v2\/pages"}],"about":[{"href":"https:\/\/huckerts.net\/en\/wp-json\/wp\/v2\/types\/page"}],"author":[{"embeddable":true,"href":"https:\/\/huckerts.net\/en\/wp-json\/wp\/v2\/users\/15"}],"replies":[{"embeddable":true,"href":"https:\/\/huckerts.net\/en\/wp-json\/wp\/v2\/comments?post=19615"}],"version-history":[{"count":8,"href":"https:\/\/huckerts.net\/en\/wp-json\/wp\/v2\/pages\/19615\/revisions"}],"predecessor-version":[{"id":20286,"href":"https:\/\/huckerts.net\/en\/wp-json\/wp\/v2\/pages\/19615\/revisions\/20286"}],"up":[{"embeddable":true,"href":"https:\/\/huckerts.net\/en\/wp-json\/wp\/v2\/pages\/19568"}],"wp:featuredmedia":[{"embeddable":true,"href":"https:\/\/huckerts.net\/en\/wp-json\/wp\/v2\/media\/18892"}],"wp:attachment":[{"href":"https:\/\/huckerts.net\/en\/wp-json\/wp\/v2\/media?parent=19615"}],"curies":[{"name":"wp","href":"https:\/\/api.w.org\/{rel}","templated":true}]}}