{"id":19591,"date":"2021-08-25T13:41:13","date_gmt":"2021-08-25T11:41:13","guid":{"rendered":"https:\/\/huckerts.net\/umonium38\/"},"modified":"2025-09-09T17:03:25","modified_gmt":"2025-09-09T15:03:25","slug":"umonium38","status":"publish","type":"page","link":"https:\/\/huckerts.net\/en\/umonium38\/","title":{"rendered":"UMONIUM38\u00ae"},"content":{"rendered":"<p>[vc_row css=&#8221;.vc_custom_1607082351781{margin-top: 107px !important;}&#8221;][vc_column][vc_column_text]<\/p>\n<p class=\"p1\">It took 38 attempts to obtain the formula that combines\u00a0<span class=\"s1\">performance<\/span>, speed, stability and safety.<\/p>\n<p class=\"p1\">The formulation of our\u00a0<span class=\"s1\">UMONIUM<\/span><span class=\"s2\">38\u00ae<\/span><span class=\"s3\">\u00a0<\/span>products demonstrates a considerably broader spectrum\u00a0<span class=\"s4\">of activity. Contact\u00a0<\/span>times are short and realistic.<span class=\"s4\">. Use\u00a0<\/span>concentrations are low<span class=\"s4\">.<\/span><\/p>\n<p class=\"p1\"><span class=\"s4\">The surfactant nature of the<\/span>\u00a0formula allows both a\u00a0<span class=\"s1\">powerful action<\/span>\u00a0ofdetergency, high-performance disinfection on all pathogens and the elimination of fatty film, protein and biofilm, by soaking, flow circulation, wet wiping, vaporisation, foam spraying\u2026 Cold or hot.<\/p>\n<p>[\/vc_column_text][vc_single_image image=&#8221;20153&#8243; img_size=&#8221;full&#8221; alignment=&#8221;center&#8221; css_animation=&#8221;fadeInUp&#8221;][vc_empty_space height=&#8221;64px&#8221;][\/vc_column][\/vc_row][vc_row][vc_column]\r\n  <div class=\"block block_two_columns\">\r\n    <div class=\"block_two_columns__container default\">\r\n      <div class=\"block_two_columns__container__image\">\r\n        <img decoding=\"async\" src=\"https:\/\/huckerts.net\/wp-content\/uploads\/2021\/09\/U38-01.jpg\" alt=\"Image mise en avant\" class=\" animateFade fadeOutAnimation\">\r\n      <\/div>\r\n      <div class=\"block_two_columns__container__content\">\r\n        <div class=\"text animateFade fadeOutAnimation\">\r\n          <\/p>\n<div class=\"wpb_text_column wpb_content_element \">\n<div class=\"wpb_wrapper\">\n<div class=\"wpb_text_column wpb_content_element \">\n<div class=\"wpb_wrapper\">\n<h2>RECOGNISED EFFICIENCY<\/h2>\n<\/div>\n<\/div>\n<\/div>\n<\/div>\n<div class=\"wpb_text_column wpb_content_element \">\n<div class=\"wpb_wrapper\">\n<p class=\"p1\">Compliant with and validated according to the highest applicable European standards, our disinfectants are effective against all pathogenic flora (bacteria, yeasts, fungi, mycobacteria, viruses), even under conditions of interference.<\/p>\n<\/div>\n<\/div>\n<p>\r\n        <\/div>\r\n        \r\n      <\/div>\r\n    <\/div>\r\n  <\/div>[\/vc_column][\/vc_row][vc_row][vc_column]\r\n  <div class=\"block block_two_columns\">\r\n    <div class=\"block_two_columns__container inverse\">\r\n      <div class=\"block_two_columns__container__image\">\r\n        <img decoding=\"async\" src=\"https:\/\/huckerts.net\/wp-content\/uploads\/2021\/09\/U38-02.jpg\" alt=\"Image mise en avant\" class=\" animateFade fadeOutAnimation\">\r\n      <\/div>\r\n      <div class=\"block_two_columns__container__content\">\r\n        <div class=\"text animateFade fadeOutAnimation\">\r\n          <\/p>\n<div class=\"wpb_text_column wpb_content_element \">\n<div class=\"wpb_wrapper\">\n<h2>SAFE PRODUCTS<\/h2>\n<\/div>\n<\/div>\n<div class=\"wpb_text_column wpb_content_element \">\n<div class=\"wpb_wrapper\">\n<p class=\"p1\">In line with our\u00a0<span class=\"s1\">RESPONSIBLE<\/span>\u00a0approach, Laboratoire Huckert\u2019s International undertakes to put products on the market\u00a0<span class=\"s2\">without risk to the<\/span>\u00a0operator, patient, equipment or environment.<\/p>\n<p>Without CMR (Carcinogenic, Mutagenic or Reprotoxic) components or endocrine disruptors, our pH-neutral disinfectants are non-corrosive, non-flammable and do not release any toxic fumes.<\/p>\n<p>Products that respect your health and that of your equipment!<\/p>\n<\/div>\n<\/div>\n<p>\r\n        <\/div>\r\n        \r\n      <\/div>\r\n    <\/div>\r\n  <\/div>[\/vc_column][\/vc_row][vc_row][vc_column][vc_empty_space height=&#8221;30px&#8221;][vc_row_inner][vc_column_inner width=&#8221;1\/4&#8243;][vc_single_image image=&#8221;3920&#8243; img_size=&#8221;90 x 90&#8243; alignment=&#8221;center&#8221; style=&#8221;vc_box_rounded&#8221;][vc_column_text]<\/p>\n<p style=\"font-size: 15px; font-weight: normal; font-stretch: normal; font-style: normal; line-height: 1.33; letter-spacing: normal; text-align: center; color: rgba(0, 0, 0, 0.66);\">No dangerous vapours<\/p>\n<p>[\/vc_column_text][\/vc_column_inner][vc_column_inner width=&#8221;1\/4&#8243;][vc_single_image image=&#8221;3918&#8243; img_size=&#8221;90 x 90&#8243; alignment=&#8221;center&#8221; style=&#8221;vc_box_rounded&#8221;][vc_column_text]<\/p>\n<p style=\"font-size: 15px; font-weight: normal; font-stretch: normal; font-style: normal; line-height: 1.33; letter-spacing: normal; text-align: center; color: rgba(0, 0, 0, 0.66);\">CMR<br \/>\nand endocrine disruptor-free<\/p>\n<p>[\/vc_column_text][\/vc_column_inner][vc_column_inner width=&#8221;1\/4&#8243;][vc_single_image image=&#8221;3917&#8243; img_size=&#8221;90 x 90&#8243; alignment=&#8221;center&#8221; style=&#8221;vc_box_rounded&#8221;][vc_column_text]<\/p>\n<p style=\"font-size: 15px; font-weight: normal; font-stretch: normal; font-style: normal; line-height: 1.33; letter-spacing: normal; text-align: center; color: rgba(0, 0, 0, 0.66);\">Non-flammable<\/p>\n<p>[\/vc_column_text][\/vc_column_inner][vc_column_inner width=&#8221;1\/4&#8243;][vc_single_image image=&#8221;3915&#8243; img_size=&#8221;90 x 90&#8243; alignment=&#8221;center&#8221; style=&#8221;vc_box_rounded&#8221;][vc_column_text]<\/p>\n<p style=\"font-size: 15px; font-weight: normal; font-stretch: normal; font-style: normal; line-height: 1.33; letter-spacing: normal; text-align: center; color: rgba(0, 0, 0, 0.66);\">Sans r\u00e9sidu apr\u00e8s rin\u00e7age<\/p>\n<p>[\/vc_column_text][\/vc_column_inner][\/vc_row_inner][vc_empty_space height=&#8221;30px&#8221;][\/vc_column][\/vc_row][vc_row][vc_column]\r\n  <div class=\"block block_two_columns\">\r\n    <div class=\"block_two_columns__container default\">\r\n      <div class=\"block_two_columns__container__image\">\r\n        <img decoding=\"async\" src=\"https:\/\/huckerts.net\/wp-content\/uploads\/2021\/09\/U38-03.jpg\" alt=\"Image mise en avant\" class=\" animateFade fadeOutAnimation\">\r\n      <\/div>\r\n      <div class=\"block_two_columns__container__content\">\r\n        <div class=\"text animateFade fadeOutAnimation\">\r\n          <\/p>\n<div class=\"wpb_text_column wpb_content_element \">\n<div class=\"wpb_wrapper\">\n<h2>ADAPTED RANGES<\/h2>\n<\/div>\n<\/div>\n<div class=\"wpb_text_column wpb_content_element \">\n<div class=\"wpb_wrapper\">\n<p>Because not all professions have the same requirements, our laboratory has developed several ranges of disinfectants to meet the specific needs of each professional sector.<\/p>\n<p>With or without essential oil, we offer biocides and medical devices suitable for the most demanding environments, sensitive or in contact with foodstuffs.<\/p>\n<\/div>\n<\/div>\n<p>\r\n        <\/div>\r\n        \r\n      <\/div>\r\n    <\/div>\r\n  <\/div>[\/vc_column][\/vc_row][vc_row][vc_column]\r\n  <div class=\"block block_two_columns\">\r\n    <div class=\"block_two_columns__container inverse\">\r\n      <div class=\"block_two_columns__container__image\">\r\n        <img decoding=\"async\" src=\"https:\/\/huckerts.net\/wp-content\/uploads\/2021\/09\/U38-04.jpg\" alt=\"Image mise en avant\" class=\" animateFade fadeOutAnimation\">\r\n      <\/div>\r\n      <div class=\"block_two_columns__container__content\">\r\n        <div class=\"text animateFade fadeOutAnimation\">\r\n          <\/p>\n<div class=\"wpb_text_column wpb_content_element \">\n<div class=\"wpb_wrapper\">\n<h2>DUAL ACTION: DETERGENT AND DISINFECTANT<\/h2>\n<\/div>\n<\/div>\n<div class=\"wpb_text_column wpb_content_element \">\n<div class=\"wpb_wrapper\">\n<p class=\"p1\">The formula\u00a0<span class=\"s1\">UMONIUM<\/span><span class=\"s2\">38\u00ae has surfactant properties<\/span>. It destabilises the bonds between water molecules and enables it to penetrate more deeply into micro-asperities, as well as promoting the solubilisation of other molecules (fat, grime, etc.).<\/p>\n<p class=\"p1\">This feature enables it to be used for detergence and disinfection.<\/p>\n<\/div>\n<\/div>\n<p>\r\n        <\/div>\r\n        \r\n      <\/div>\r\n    <\/div>\r\n  <\/div>[\/vc_column][\/vc_row]<\/p>\n","protected":false},"excerpt":{"rendered":"<p>[vc_row css=&#8221;.vc_custom_1607082351781{margin-top: 107px !important;}&#8221;][vc_column][vc_column_text] It took 38 attempts to obtain the formula that combines\u00a0performance, speed, stability and safety. The formulation of our\u00a0UMONIUM38\u00ae\u00a0products demonstrates a considerably broader spectrum\u00a0of activity. Contact\u00a0times are short and realistic.. Use\u00a0concentrations are low. The surfactant nature of the\u00a0formula allows both a\u00a0powerful action\u00a0ofdetergency, high-performance disinfection on all pathogens and the elimination of fatty film, protein and biofilm, by soaking, flow circulation, wet wiping, vaporisation, foam spraying\u2026 Cold or hot. [\/vc_column_text][vc_single_image image=&#8221;20153&#8243; img_size=&#8221;full&#8221; alignment=&#8221;center&#8221; css_animation=&#8221;fadeInUp&#8221;][vc_empty_space height=&#8221;64px&#8221;][\/vc_column][\/vc_row][vc_row][vc_column][\/vc_column][\/vc_row][vc_row][vc_column][\/vc_column][\/vc_row][vc_row][vc_column][vc_empty_space height=&#8221;30px&#8221;][vc_row_inner][vc_column_inner width=&#8221;1\/4&#8243;][vc_single_image image=&#8221;3920&#8243; img_size=&#8221;90 x 90&#8243; alignment=&#8221;center&#8221; style=&#8221;vc_box_rounded&#8221;][vc_column_text] No dangerous vapours [\/vc_column_text][\/vc_column_inner][vc_column_inner width=&#8221;1\/4&#8243;][vc_single_image image=&#8221;3918&#8243; img_size=&#8221;90 x 90&#8243; alignment=&#8221;center&#8221; style=&#8221;vc_box_rounded&#8221;][vc_column_text] CMR and endocrine disruptor-free [\/vc_column_text][\/vc_column_inner][vc_column_inner width=&#8221;1\/4&#8243;][vc_single_image image=&#8221;3917&#8243; img_size=&#8221;90 x 90&#8243; alignment=&#8221;center&#8221; style=&#8221;vc_box_rounded&#8221;][vc_column_text] Non-flammable [\/vc_column_text][\/vc_column_inner][vc_column_inner width=&#8221;1\/4&#8243;][vc_single_image image=&#8221;3915&#8243; img_size=&#8221;90 x 90&#8243; alignment=&#8221;center&#8221; style=&#8221;vc_box_rounded&#8221;][vc_column_text] Sans r\u00e9sidu apr\u00e8s rin\u00e7age [\/vc_column_text][\/vc_column_inner][\/vc_row_inner][vc_empty_space height=&#8221;30px&#8221;][\/vc_column][\/vc_row][vc_row][vc_column][\/vc_column][\/vc_row][vc_row][vc_column][\/vc_column][\/vc_row]<\/p>\n","protected":false},"author":13,"featured_media":0,"parent":0,"menu_order":0,"comment_status":"closed","ping_status":"closed","template":"","meta":{"footnotes":""},"yoast_head":"<!-- This site is optimized with the Yoast SEO plugin v21.7 - https:\/\/yoast.com\/wordpress\/plugins\/seo\/ -->\n<title>UMONIUM38\u00ae - Huckert&#039;s<\/title>\n<meta name=\"robots\" content=\"index, follow, max-snippet:-1, max-image-preview:large, max-video-preview:-1\" \/>\n<link rel=\"canonical\" href=\"https:\/\/huckerts.net\/en\/umonium38\/\" \/>\n<meta property=\"og:locale\" content=\"en_US\" \/>\n<meta property=\"og:type\" content=\"article\" \/>\n<meta property=\"og:title\" content=\"UMONIUM38\u00ae - Huckert&#039;s\" \/>\n<meta property=\"og:description\" content=\"[vc_row css=&#8221;.vc_custom_1607082351781{margin-top: 107px !important;}&#8221;][vc_column][vc_column_text] It took 38 attempts to obtain the formula that combines\u00a0performance, speed, stability and safety. The formulation of our\u00a0UMONIUM38\u00ae\u00a0products demonstrates a considerably broader spectrum\u00a0of activity. Contact\u00a0times are short and realistic.. Use\u00a0concentrations are low. The surfactant nature of the\u00a0formula allows both a\u00a0powerful action\u00a0ofdetergency, high-performance disinfection on all pathogens and the elimination of fatty film, protein and biofilm, by soaking, flow circulation, wet wiping, vaporisation, foam spraying\u2026 Cold or hot. [\/vc_column_text][vc_single_image image=&#8221;20153&#8243; img_size=&#8221;full&#8221; alignment=&#8221;center&#8221; css_animation=&#8221;fadeInUp&#8221;][vc_empty_space height=&#8221;64px&#8221;][\/vc_column][\/vc_row][vc_row][vc_column][\/vc_column][\/vc_row][vc_row][vc_column][\/vc_column][\/vc_row][vc_row][vc_column][vc_empty_space height=&#8221;30px&#8221;][vc_row_inner][vc_column_inner width=&#8221;1\/4&#8243;][vc_single_image image=&#8221;3920&#8243; img_size=&#8221;90 x 90&#8243; alignment=&#8221;center&#8221; style=&#8221;vc_box_rounded&#8221;][vc_column_text] No dangerous vapours [\/vc_column_text][\/vc_column_inner][vc_column_inner width=&#8221;1\/4&#8243;][vc_single_image image=&#8221;3918&#8243; img_size=&#8221;90 x 90&#8243; alignment=&#8221;center&#8221; style=&#8221;vc_box_rounded&#8221;][vc_column_text] CMR and endocrine disruptor-free [\/vc_column_text][\/vc_column_inner][vc_column_inner width=&#8221;1\/4&#8243;][vc_single_image image=&#8221;3917&#8243; img_size=&#8221;90 x 90&#8243; alignment=&#8221;center&#8221; style=&#8221;vc_box_rounded&#8221;][vc_column_text] Non-flammable [\/vc_column_text][\/vc_column_inner][vc_column_inner width=&#8221;1\/4&#8243;][vc_single_image image=&#8221;3915&#8243; img_size=&#8221;90 x 90&#8243; alignment=&#8221;center&#8221; style=&#8221;vc_box_rounded&#8221;][vc_column_text] Sans r\u00e9sidu apr\u00e8s rin\u00e7age [\/vc_column_text][\/vc_column_inner][\/vc_row_inner][vc_empty_space height=&#8221;30px&#8221;][\/vc_column][\/vc_row][vc_row][vc_column][\/vc_column][\/vc_row][vc_row][vc_column][\/vc_column][\/vc_row]\" \/>\n<meta property=\"og:url\" content=\"https:\/\/huckerts.net\/en\/umonium38\/\" \/>\n<meta property=\"og:site_name\" content=\"Huckert&#039;s\" \/>\n<meta property=\"article:publisher\" content=\"https:\/\/www.facebook.com\/huckerts\" \/>\n<meta property=\"article:modified_time\" content=\"2025-09-09T15:03:25+00:00\" \/>\n<meta property=\"og:image\" content=\"https:\/\/huckerts.net\/wp-content\/uploads\/2022\/01\/huckertnet-screeshot_2022-scaled.jpg\" \/>\n\t<meta property=\"og:image:width\" content=\"2560\" \/>\n\t<meta property=\"og:image:height\" content=\"1600\" \/>\n\t<meta property=\"og:image:type\" content=\"image\/jpeg\" \/>\n<meta name=\"twitter:card\" content=\"summary_large_image\" \/>\n<meta name=\"twitter:label1\" content=\"Est. reading time\" \/>\n\t<meta name=\"twitter:data1\" content=\"2 minutes\" \/>\n<script type=\"application\/ld+json\" class=\"yoast-schema-graph\">{\"@context\":\"https:\/\/schema.org\",\"@graph\":[{\"@type\":\"WebPage\",\"@id\":\"https:\/\/huckerts.net\/en\/umonium38\/\",\"url\":\"https:\/\/huckerts.net\/en\/umonium38\/\",\"name\":\"UMONIUM38\u00ae - Huckert&#039;s\",\"isPartOf\":{\"@id\":\"https:\/\/huckerts.net\/#website\"},\"datePublished\":\"2021-08-25T11:41:13+00:00\",\"dateModified\":\"2025-09-09T15:03:25+00:00\",\"inLanguage\":\"en-US\",\"potentialAction\":[{\"@type\":\"ReadAction\",\"target\":[\"https:\/\/huckerts.net\/en\/umonium38\/\"]}]},{\"@type\":\"WebSite\",\"@id\":\"https:\/\/huckerts.net\/#website\",\"url\":\"https:\/\/huckerts.net\/\",\"name\":\"Huckert&#039;s\",\"description\":\"La d\u00e9sinfection ma\u00eetris\u00e9\",\"potentialAction\":[{\"@type\":\"SearchAction\",\"target\":{\"@type\":\"EntryPoint\",\"urlTemplate\":\"https:\/\/huckerts.net\/?s={search_term_string}\"},\"query-input\":\"required name=search_term_string\"}],\"inLanguage\":\"en-US\"}]}<\/script>\n<!-- \/ Yoast SEO plugin. -->","yoast_head_json":{"title":"UMONIUM38\u00ae - Huckert&#039;s","robots":{"index":"index","follow":"follow","max-snippet":"max-snippet:-1","max-image-preview":"max-image-preview:large","max-video-preview":"max-video-preview:-1"},"canonical":"https:\/\/huckerts.net\/en\/umonium38\/","og_locale":"en_US","og_type":"article","og_title":"UMONIUM38\u00ae - Huckert&#039;s","og_description":"[vc_row css=&#8221;.vc_custom_1607082351781{margin-top: 107px !important;}&#8221;][vc_column][vc_column_text] It took 38 attempts to obtain the formula that combines\u00a0performance, speed, stability and safety. The formulation of our\u00a0UMONIUM38\u00ae\u00a0products demonstrates a considerably broader spectrum\u00a0of activity. Contact\u00a0times are short and realistic.. Use\u00a0concentrations are low. The surfactant nature of the\u00a0formula allows both a\u00a0powerful action\u00a0ofdetergency, high-performance disinfection on all pathogens and the elimination of fatty film, protein and biofilm, by soaking, flow circulation, wet wiping, vaporisation, foam spraying\u2026 Cold or hot. [\/vc_column_text][vc_single_image image=&#8221;20153&#8243; img_size=&#8221;full&#8221; alignment=&#8221;center&#8221; css_animation=&#8221;fadeInUp&#8221;][vc_empty_space height=&#8221;64px&#8221;][\/vc_column][\/vc_row][vc_row][vc_column][\/vc_column][\/vc_row][vc_row][vc_column][\/vc_column][\/vc_row][vc_row][vc_column][vc_empty_space height=&#8221;30px&#8221;][vc_row_inner][vc_column_inner width=&#8221;1\/4&#8243;][vc_single_image image=&#8221;3920&#8243; img_size=&#8221;90 x 90&#8243; alignment=&#8221;center&#8221; style=&#8221;vc_box_rounded&#8221;][vc_column_text] No dangerous vapours [\/vc_column_text][\/vc_column_inner][vc_column_inner width=&#8221;1\/4&#8243;][vc_single_image image=&#8221;3918&#8243; img_size=&#8221;90 x 90&#8243; alignment=&#8221;center&#8221; style=&#8221;vc_box_rounded&#8221;][vc_column_text] CMR and endocrine disruptor-free [\/vc_column_text][\/vc_column_inner][vc_column_inner width=&#8221;1\/4&#8243;][vc_single_image image=&#8221;3917&#8243; img_size=&#8221;90 x 90&#8243; alignment=&#8221;center&#8221; style=&#8221;vc_box_rounded&#8221;][vc_column_text] Non-flammable [\/vc_column_text][\/vc_column_inner][vc_column_inner width=&#8221;1\/4&#8243;][vc_single_image image=&#8221;3915&#8243; img_size=&#8221;90 x 90&#8243; alignment=&#8221;center&#8221; style=&#8221;vc_box_rounded&#8221;][vc_column_text] Sans r\u00e9sidu apr\u00e8s rin\u00e7age [\/vc_column_text][\/vc_column_inner][\/vc_row_inner][vc_empty_space height=&#8221;30px&#8221;][\/vc_column][\/vc_row][vc_row][vc_column][\/vc_column][\/vc_row][vc_row][vc_column][\/vc_column][\/vc_row]","og_url":"https:\/\/huckerts.net\/en\/umonium38\/","og_site_name":"Huckert&#039;s","article_publisher":"https:\/\/www.facebook.com\/huckerts","article_modified_time":"2025-09-09T15:03:25+00:00","og_image":[{"width":2560,"height":1600,"url":"https:\/\/huckerts.net\/wp-content\/uploads\/2022\/01\/huckertnet-screeshot_2022-scaled.jpg","type":"image\/jpeg"}],"twitter_card":"summary_large_image","twitter_misc":{"Est. reading time":"2 minutes"},"schema":{"@context":"https:\/\/schema.org","@graph":[{"@type":"WebPage","@id":"https:\/\/huckerts.net\/en\/umonium38\/","url":"https:\/\/huckerts.net\/en\/umonium38\/","name":"UMONIUM38\u00ae - Huckert&#039;s","isPartOf":{"@id":"https:\/\/huckerts.net\/#website"},"datePublished":"2021-08-25T11:41:13+00:00","dateModified":"2025-09-09T15:03:25+00:00","inLanguage":"en-US","potentialAction":[{"@type":"ReadAction","target":["https:\/\/huckerts.net\/en\/umonium38\/"]}]},{"@type":"WebSite","@id":"https:\/\/huckerts.net\/#website","url":"https:\/\/huckerts.net\/","name":"Huckert&#039;s","description":"La d\u00e9sinfection ma\u00eetris\u00e9","potentialAction":[{"@type":"SearchAction","target":{"@type":"EntryPoint","urlTemplate":"https:\/\/huckerts.net\/?s={search_term_string}"},"query-input":"required name=search_term_string"}],"inLanguage":"en-US"}]}},"_links":{"self":[{"href":"https:\/\/huckerts.net\/en\/wp-json\/wp\/v2\/pages\/19591"}],"collection":[{"href":"https:\/\/huckerts.net\/en\/wp-json\/wp\/v2\/pages"}],"about":[{"href":"https:\/\/huckerts.net\/en\/wp-json\/wp\/v2\/types\/page"}],"author":[{"embeddable":true,"href":"https:\/\/huckerts.net\/en\/wp-json\/wp\/v2\/users\/13"}],"replies":[{"embeddable":true,"href":"https:\/\/huckerts.net\/en\/wp-json\/wp\/v2\/comments?post=19591"}],"version-history":[{"count":6,"href":"https:\/\/huckerts.net\/en\/wp-json\/wp\/v2\/pages\/19591\/revisions"}],"predecessor-version":[{"id":20268,"href":"https:\/\/huckerts.net\/en\/wp-json\/wp\/v2\/pages\/19591\/revisions\/20268"}],"wp:attachment":[{"href":"https:\/\/huckerts.net\/en\/wp-json\/wp\/v2\/media?parent=19591"}],"curies":[{"name":"wp","href":"https:\/\/api.w.org\/{rel}","templated":true}]}}