{"id":19588,"date":"2020-12-09T11:59:05","date_gmt":"2020-12-09T10:59:05","guid":{"rendered":"https:\/\/huckerts.net\/phytogel\/"},"modified":"2025-09-08T09:34:23","modified_gmt":"2025-09-08T07:34:23","slug":"phytogel","status":"publish","type":"page","link":"https:\/\/huckerts.net\/en\/phytogel\/","title":{"rendered":"PHYTOGEL\u00ae By HUCKERT&#8217;S"},"content":{"rendered":"<p>[vc_row css=&#8221;.vc_custom_1607082351781{margin-top: 107px !important;}&#8221;][vc_column][vc_single_image image=&#8221;20145&#8243; img_size=&#8221;full&#8221; alignment=&#8221;center&#8221; css_animation=&#8221;fadeInUp&#8221;][vc_empty_space height=&#8221;64px&#8221;][\/vc_column][\/vc_row][vc_row][vc_column]\r\n  <div class=\"block block_text\">\r\n    <div class=\"block_text__container\">\r\n      <div class=\"block_text__container__content\">\r\n        <h2 class=\" animateFade fadeOutAnimation\"><\/h2>\r\n        <div class=\"text animateFade fadeOutAnimation\">\r\n          <\/p>\n<div class=\"block block_text\">\n<div class=\"block_text__container\">\n<div class=\"block_text__container__content\">\n<div class=\"text animateFade fadeInAnimation\">\n<p>Building on its heritage, our Laboratory selects the best medicinal plants to offer you high-performance products that cleanse, disinfect and respect your skin.<br \/>\nFormulated with a desire to minimise the risk of allergic reaction, our solutions combine safety, performance and pleasure of daily use.<\/p>\n<\/div>\n<\/div>\n<\/div>\n<\/div>\n<p>\r\n        <\/div>\r\n      <\/div>\r\n    <\/div>\r\n  <\/div>[\/vc_column][\/vc_row][vc_row][vc_column]\r\n  <div class=\"block block_two_columns\">\r\n    <div class=\"block_two_columns__container default\">\r\n      <div class=\"block_two_columns__container__image\">\r\n        <img decoding=\"async\" src=\"https:\/\/huckerts.net\/wp-content\/uploads\/2020\/12\/photo1-phytogel-huckerts.jpg\" alt=\"Image mise en avant\" class=\" animateFade fadeOutAnimation\">\r\n      <\/div>\r\n      <div class=\"block_two_columns__container__content\">\r\n        <div class=\"text animateFade fadeOutAnimation\">\r\n          <\/p>\n<div class=\"wpb_text_column wpb_content_element \">\n<div class=\"wpb_wrapper\">\n<h2>SKIN HYGIENE<\/h2>\n<\/div>\n<\/div>\n<div class=\"wpb_text_column wpb_content_element \">\n<div class=\"wpb_wrapper\">\n<p>Our formulations contain a subtle blend of essential oils and concentrated medicinal plant extracts.<\/p>\n<p>Hands are the main means of transmitting microorganisms. Hand-borne transmission represents 80% of infections, so hand hygiene has become a pillar in the fight against contamination.<\/p>\n<p>Very frequent use of soaps and hydroalcoholic solutions dries the skin and can lead to the development of dermatological disorders: dermatitis, allergies, eczema, etc.<\/p>\n<p>That\u2019s why we have developed effective cosmetics that respect your skin, even dry.<\/p>\n<p>Our hydroalcoholic gels guarantee hygienic, surgical-grade disinfection. Perfect protection guaranteed in any circumstances.<\/p>\n<\/div>\n<\/div>\n<p>\r\n        <\/div>\r\n        \r\n      <\/div>\r\n    <\/div>\r\n  <\/div>[\/vc_column][\/vc_row][vc_row][vc_column]\r\n  <div class=\"block block_two_columns\">\r\n    <div class=\"block_two_columns__container inverse\">\r\n      <div class=\"block_two_columns__container__image\">\r\n        <img decoding=\"async\" src=\"https:\/\/huckerts.net\/wp-content\/uploads\/2020\/12\/photo2-phytogel-huckerts.jpg\" alt=\"Image mise en avant\" class=\" animateFade fadeOutAnimation\">\r\n      <\/div>\r\n      <div class=\"block_two_columns__container__content\">\r\n        <div class=\"text animateFade fadeOutAnimation\">\r\n          <\/p>\n<div class=\"wpb_text_column wpb_content_element \">\n<div class=\"wpb_wrapper\">\n<h2>ADAPTED DERMATOLOGICAL SOLUTIONS<\/h2>\n<\/div>\n<\/div>\n<div class=\"wpb_text_column wpb_content_element \">\n<div class=\"wpb_wrapper\">\n<p>The skin is the largest human organ.<\/p>\n<p>Dermatologically tested, our solutions are developed according to well-defined specifications to respect all skin types, even the most sensitive and dry.<\/p>\n<p>PHYTOGEL\u00ae By HUCKERT\u2019S perfectly hydrates and protects, and helps maintain healthy skin.<\/p>\n<\/div>\n<\/div>\n<p>\r\n        <\/div>\r\n        \r\n      <\/div>\r\n    <\/div>\r\n  <\/div>[\/vc_column][\/vc_row][vc_row][vc_column][vc_empty_space height=&#8221;30px&#8221;][vc_row_inner][vc_column_inner width=&#8221;1\/4&#8243;][vc_single_image image=&#8221;3576&#8243; img_size=&#8221;90 x 90&#8243; alignment=&#8221;center&#8221; style=&#8221;vc_box_rounded&#8221;][vc_column_text]<\/p>\n<p style=\"font-size: 15px; font-weight: normal; font-stretch: normal; font-style: normal; line-height: 1.33; letter-spacing: normal; text-align: center; color: rgba(0, 0, 0, 0.66);\">100% natural fragance<\/p>\n<p>[\/vc_column_text][\/vc_column_inner][vc_column_inner width=&#8221;1\/4&#8243;][vc_single_image image=&#8221;3578&#8243; img_size=&#8221;90 x 90&#8243; alignment=&#8221;center&#8221; style=&#8221;vc_box_rounded&#8221;][vc_column_text]<\/p>\n<p style=\"font-size: 15px; font-weight: normal; font-stretch: normal; font-style: normal; line-height: 1.33; letter-spacing: normal; text-align: center; color: rgba(0, 0, 0, 0.66);\">Frequent use<\/p>\n<p>[\/vc_column_text][\/vc_column_inner][vc_column_inner width=&#8221;1\/4&#8243;][vc_single_image image=&#8221;3579&#8243; img_size=&#8221;90 x 90&#8243; alignment=&#8221;center&#8221; style=&#8221;vc_box_rounded&#8221;][vc_column_text]<\/p>\n<p style=\"font-size: 15px; font-weight: normal; font-stretch: normal; font-style: normal; line-height: 1.33; letter-spacing: normal; text-align: center; color: rgba(0, 0, 0, 0.66);\">Fragile skin<\/p>\n<p>[\/vc_column_text][\/vc_column_inner][vc_column_inner width=&#8221;1\/4&#8243;][vc_single_image image=&#8221;3581&#8243; img_size=&#8221;90 x 90&#8243; alignment=&#8221;center&#8221; style=&#8221;vc_box_rounded&#8221;][vc_column_text]<\/p>\n<p style=\"font-size: 15px; font-weight: normal; font-stretch: normal; font-style: normal; line-height: 1.33; letter-spacing: normal; text-align: center; color: rgba(0, 0, 0, 0.66);\">Formulas with essential oils<\/p>\n<p>[\/vc_column_text][\/vc_column_inner][\/vc_row_inner][vc_empty_space height=&#8221;30px&#8221;][\/vc_column][\/vc_row][vc_row][vc_column]\r\n  <div class=\"block block_two_columns\">\r\n    <div class=\"block_two_columns__container default\">\r\n      <div class=\"block_two_columns__container__image\">\r\n        <img decoding=\"async\" src=\"https:\/\/huckerts.net\/wp-content\/uploads\/2020\/12\/photo3-phytogel-huckerts.jpg\" alt=\"Image mise en avant\" class=\" animateFade fadeOutAnimation\">\r\n      <\/div>\r\n      <div class=\"block_two_columns__container__content\">\r\n        <div class=\"text animateFade fadeOutAnimation\">\r\n          <\/p>\n<div class=\"wpb_text_column wpb_content_element \">\n<div class=\"wpb_wrapper\">\n<h2>HIGH TOLERANCE<\/h2>\n<\/div>\n<\/div>\n<div class=\"wpb_text_column wpb_content_element \">\n<div class=\"wpb_wrapper\">\n<p>We refuse to work with CMR substances (Carcinogenic, Mutagenic, Reprotoxic) and substances containing endocrine disruptors.<\/p>\n<p>Our solutions enriched with essential oils of medicinal plants are particularly moisturising and provide high skin tolerance, even for the driest skin.<\/p>\n<\/div>\n<\/div>\n<p>\r\n        <\/div>\r\n        \r\n      <\/div>\r\n    <\/div>\r\n  <\/div>[\/vc_column][\/vc_row][vc_row][vc_column]\r\n  <div class=\"block block_two_columns\">\r\n    <div class=\"block_two_columns__container inverse\">\r\n      <div class=\"block_two_columns__container__image\">\r\n        <img decoding=\"async\" src=\"https:\/\/huckerts.net\/wp-content\/uploads\/2025\/07\/photo4-phytogel-huckerts.jpg\" alt=\"Image mise en avant\" class=\" animateFade fadeOutAnimation\">\r\n      <\/div>\r\n      <div class=\"block_two_columns__container__content\">\r\n        <div class=\"text animateFade fadeOutAnimation\">\r\n          <\/p>\n<div class=\"wpb_text_column wpb_content_element \">\n<div class=\"wpb_wrapper\">\n<div class=\"wpb_text_column wpb_content_element \">\n<div class=\"wpb_wrapper\">\n<h2 class=\"ewa-rteLine\">ECO-RESPONSIBLE PACKAGING<\/h2>\n<\/div>\n<\/div>\n<\/div>\n<\/div>\n<div class=\"wpb_text_column wpb_content_element \">\n<div class=\"wpb_wrapper\">\n<p>Since 2020, we have opted for plant-based PE\/biobased* plastic containers.<\/p>\n<p>Plant PE is a plastic made from sugar cane, which has the same protective and storage properties as classic PE. It\u2019s protective, sustainable and recyclable.<\/p>\n<p>* Subject to availability of the raw material.<\/p>\n<\/div>\n<\/div>\n<p>\r\n        <\/div>\r\n        \r\n      <\/div>\r\n    <\/div>\r\n  <\/div>[\/vc_column][\/vc_row]<\/p>\n","protected":false},"excerpt":{"rendered":"<p>[vc_row css=&#8221;.vc_custom_1607082351781{margin-top: 107px !important;}&#8221;][vc_column][vc_single_image image=&#8221;20145&#8243; img_size=&#8221;full&#8221; alignment=&#8221;center&#8221; css_animation=&#8221;fadeInUp&#8221;][vc_empty_space height=&#8221;64px&#8221;][\/vc_column][\/vc_row][vc_row][vc_column][\/vc_column][\/vc_row][vc_row][vc_column][\/vc_column][\/vc_row][vc_row][vc_column][\/vc_column][\/vc_row][vc_row][vc_column][vc_empty_space height=&#8221;30px&#8221;][vc_row_inner][vc_column_inner width=&#8221;1\/4&#8243;][vc_single_image image=&#8221;3576&#8243; img_size=&#8221;90 x 90&#8243; alignment=&#8221;center&#8221; style=&#8221;vc_box_rounded&#8221;][vc_column_text] 100% natural fragance [\/vc_column_text][\/vc_column_inner][vc_column_inner width=&#8221;1\/4&#8243;][vc_single_image image=&#8221;3578&#8243; img_size=&#8221;90 x 90&#8243; alignment=&#8221;center&#8221; style=&#8221;vc_box_rounded&#8221;][vc_column_text] Frequent use [\/vc_column_text][\/vc_column_inner][vc_column_inner width=&#8221;1\/4&#8243;][vc_single_image image=&#8221;3579&#8243; img_size=&#8221;90 x 90&#8243; alignment=&#8221;center&#8221; style=&#8221;vc_box_rounded&#8221;][vc_column_text] Fragile skin [\/vc_column_text][\/vc_column_inner][vc_column_inner width=&#8221;1\/4&#8243;][vc_single_image image=&#8221;3581&#8243; img_size=&#8221;90 x 90&#8243; alignment=&#8221;center&#8221; style=&#8221;vc_box_rounded&#8221;][vc_column_text] Formulas with essential oils [\/vc_column_text][\/vc_column_inner][\/vc_row_inner][vc_empty_space height=&#8221;30px&#8221;][\/vc_column][\/vc_row][vc_row][vc_column][\/vc_column][\/vc_row][vc_row][vc_column][\/vc_column][\/vc_row]<\/p>\n","protected":false},"author":15,"featured_media":0,"parent":0,"menu_order":0,"comment_status":"closed","ping_status":"closed","template":"","meta":{"footnotes":""},"yoast_head":"<!-- This site is optimized with the Yoast SEO plugin v21.7 - https:\/\/yoast.com\/wordpress\/plugins\/seo\/ -->\n<title>PHYTOGEL\u00ae By HUCKERT&#039;S - Huckert&#039;s<\/title>\n<meta name=\"robots\" content=\"index, follow, max-snippet:-1, max-image-preview:large, max-video-preview:-1\" \/>\n<link rel=\"canonical\" href=\"https:\/\/huckerts.net\/en\/phytogel\/\" \/>\n<meta property=\"og:locale\" content=\"en_US\" \/>\n<meta property=\"og:type\" content=\"article\" \/>\n<meta property=\"og:title\" content=\"PHYTOGEL\u00ae By HUCKERT&#039;S - Huckert&#039;s\" \/>\n<meta property=\"og:description\" content=\"[vc_row css=&#8221;.vc_custom_1607082351781{margin-top: 107px !important;}&#8221;][vc_column][vc_single_image image=&#8221;20145&#8243; img_size=&#8221;full&#8221; alignment=&#8221;center&#8221; css_animation=&#8221;fadeInUp&#8221;][vc_empty_space height=&#8221;64px&#8221;][\/vc_column][\/vc_row][vc_row][vc_column][\/vc_column][\/vc_row][vc_row][vc_column][\/vc_column][\/vc_row][vc_row][vc_column][\/vc_column][\/vc_row][vc_row][vc_column][vc_empty_space height=&#8221;30px&#8221;][vc_row_inner][vc_column_inner width=&#8221;1\/4&#8243;][vc_single_image image=&#8221;3576&#8243; img_size=&#8221;90 x 90&#8243; alignment=&#8221;center&#8221; style=&#8221;vc_box_rounded&#8221;][vc_column_text] 100% natural fragance [\/vc_column_text][\/vc_column_inner][vc_column_inner width=&#8221;1\/4&#8243;][vc_single_image image=&#8221;3578&#8243; img_size=&#8221;90 x 90&#8243; alignment=&#8221;center&#8221; style=&#8221;vc_box_rounded&#8221;][vc_column_text] Frequent use [\/vc_column_text][\/vc_column_inner][vc_column_inner width=&#8221;1\/4&#8243;][vc_single_image image=&#8221;3579&#8243; img_size=&#8221;90 x 90&#8243; alignment=&#8221;center&#8221; style=&#8221;vc_box_rounded&#8221;][vc_column_text] Fragile skin [\/vc_column_text][\/vc_column_inner][vc_column_inner width=&#8221;1\/4&#8243;][vc_single_image image=&#8221;3581&#8243; img_size=&#8221;90 x 90&#8243; alignment=&#8221;center&#8221; style=&#8221;vc_box_rounded&#8221;][vc_column_text] Formulas with essential oils [\/vc_column_text][\/vc_column_inner][\/vc_row_inner][vc_empty_space height=&#8221;30px&#8221;][\/vc_column][\/vc_row][vc_row][vc_column][\/vc_column][\/vc_row][vc_row][vc_column][\/vc_column][\/vc_row]\" \/>\n<meta property=\"og:url\" content=\"https:\/\/huckerts.net\/en\/phytogel\/\" \/>\n<meta property=\"og:site_name\" content=\"Huckert&#039;s\" \/>\n<meta property=\"article:publisher\" content=\"https:\/\/www.facebook.com\/huckerts\" \/>\n<meta property=\"article:modified_time\" content=\"2025-09-08T07:34:23+00:00\" \/>\n<meta property=\"og:image\" content=\"https:\/\/huckerts.net\/wp-content\/uploads\/2022\/01\/huckertnet-screeshot_2022-scaled.jpg\" \/>\n\t<meta property=\"og:image:width\" content=\"2560\" \/>\n\t<meta property=\"og:image:height\" content=\"1600\" \/>\n\t<meta property=\"og:image:type\" content=\"image\/jpeg\" \/>\n<meta name=\"twitter:card\" content=\"summary_large_image\" \/>\n<meta name=\"twitter:label1\" content=\"Est. reading time\" \/>\n\t<meta name=\"twitter:data1\" content=\"2 minutes\" \/>\n<script type=\"application\/ld+json\" class=\"yoast-schema-graph\">{\"@context\":\"https:\/\/schema.org\",\"@graph\":[{\"@type\":\"WebPage\",\"@id\":\"https:\/\/huckerts.net\/en\/phytogel\/\",\"url\":\"https:\/\/huckerts.net\/en\/phytogel\/\",\"name\":\"PHYTOGEL\u00ae By HUCKERT'S - Huckert&#039;s\",\"isPartOf\":{\"@id\":\"https:\/\/huckerts.net\/#website\"},\"datePublished\":\"2020-12-09T10:59:05+00:00\",\"dateModified\":\"2025-09-08T07:34:23+00:00\",\"inLanguage\":\"en-US\",\"potentialAction\":[{\"@type\":\"ReadAction\",\"target\":[\"https:\/\/huckerts.net\/en\/phytogel\/\"]}]},{\"@type\":\"WebSite\",\"@id\":\"https:\/\/huckerts.net\/#website\",\"url\":\"https:\/\/huckerts.net\/\",\"name\":\"Huckert&#039;s\",\"description\":\"La d\u00e9sinfection ma\u00eetris\u00e9\",\"potentialAction\":[{\"@type\":\"SearchAction\",\"target\":{\"@type\":\"EntryPoint\",\"urlTemplate\":\"https:\/\/huckerts.net\/?s={search_term_string}\"},\"query-input\":\"required name=search_term_string\"}],\"inLanguage\":\"en-US\"}]}<\/script>\n<!-- \/ Yoast SEO plugin. -->","yoast_head_json":{"title":"PHYTOGEL\u00ae By HUCKERT'S - Huckert&#039;s","robots":{"index":"index","follow":"follow","max-snippet":"max-snippet:-1","max-image-preview":"max-image-preview:large","max-video-preview":"max-video-preview:-1"},"canonical":"https:\/\/huckerts.net\/en\/phytogel\/","og_locale":"en_US","og_type":"article","og_title":"PHYTOGEL\u00ae By HUCKERT'S - Huckert&#039;s","og_description":"[vc_row css=&#8221;.vc_custom_1607082351781{margin-top: 107px !important;}&#8221;][vc_column][vc_single_image image=&#8221;20145&#8243; img_size=&#8221;full&#8221; alignment=&#8221;center&#8221; css_animation=&#8221;fadeInUp&#8221;][vc_empty_space height=&#8221;64px&#8221;][\/vc_column][\/vc_row][vc_row][vc_column][\/vc_column][\/vc_row][vc_row][vc_column][\/vc_column][\/vc_row][vc_row][vc_column][\/vc_column][\/vc_row][vc_row][vc_column][vc_empty_space height=&#8221;30px&#8221;][vc_row_inner][vc_column_inner width=&#8221;1\/4&#8243;][vc_single_image image=&#8221;3576&#8243; img_size=&#8221;90 x 90&#8243; alignment=&#8221;center&#8221; style=&#8221;vc_box_rounded&#8221;][vc_column_text] 100% natural fragance [\/vc_column_text][\/vc_column_inner][vc_column_inner width=&#8221;1\/4&#8243;][vc_single_image image=&#8221;3578&#8243; img_size=&#8221;90 x 90&#8243; alignment=&#8221;center&#8221; style=&#8221;vc_box_rounded&#8221;][vc_column_text] Frequent use [\/vc_column_text][\/vc_column_inner][vc_column_inner width=&#8221;1\/4&#8243;][vc_single_image image=&#8221;3579&#8243; img_size=&#8221;90 x 90&#8243; alignment=&#8221;center&#8221; style=&#8221;vc_box_rounded&#8221;][vc_column_text] Fragile skin [\/vc_column_text][\/vc_column_inner][vc_column_inner width=&#8221;1\/4&#8243;][vc_single_image image=&#8221;3581&#8243; img_size=&#8221;90 x 90&#8243; alignment=&#8221;center&#8221; style=&#8221;vc_box_rounded&#8221;][vc_column_text] Formulas with essential oils [\/vc_column_text][\/vc_column_inner][\/vc_row_inner][vc_empty_space height=&#8221;30px&#8221;][\/vc_column][\/vc_row][vc_row][vc_column][\/vc_column][\/vc_row][vc_row][vc_column][\/vc_column][\/vc_row]","og_url":"https:\/\/huckerts.net\/en\/phytogel\/","og_site_name":"Huckert&#039;s","article_publisher":"https:\/\/www.facebook.com\/huckerts","article_modified_time":"2025-09-08T07:34:23+00:00","og_image":[{"width":2560,"height":1600,"url":"https:\/\/huckerts.net\/wp-content\/uploads\/2022\/01\/huckertnet-screeshot_2022-scaled.jpg","type":"image\/jpeg"}],"twitter_card":"summary_large_image","twitter_misc":{"Est. reading time":"2 minutes"},"schema":{"@context":"https:\/\/schema.org","@graph":[{"@type":"WebPage","@id":"https:\/\/huckerts.net\/en\/phytogel\/","url":"https:\/\/huckerts.net\/en\/phytogel\/","name":"PHYTOGEL\u00ae By HUCKERT'S - Huckert&#039;s","isPartOf":{"@id":"https:\/\/huckerts.net\/#website"},"datePublished":"2020-12-09T10:59:05+00:00","dateModified":"2025-09-08T07:34:23+00:00","inLanguage":"en-US","potentialAction":[{"@type":"ReadAction","target":["https:\/\/huckerts.net\/en\/phytogel\/"]}]},{"@type":"WebSite","@id":"https:\/\/huckerts.net\/#website","url":"https:\/\/huckerts.net\/","name":"Huckert&#039;s","description":"La d\u00e9sinfection ma\u00eetris\u00e9","potentialAction":[{"@type":"SearchAction","target":{"@type":"EntryPoint","urlTemplate":"https:\/\/huckerts.net\/?s={search_term_string}"},"query-input":"required name=search_term_string"}],"inLanguage":"en-US"}]}},"_links":{"self":[{"href":"https:\/\/huckerts.net\/en\/wp-json\/wp\/v2\/pages\/19588"}],"collection":[{"href":"https:\/\/huckerts.net\/en\/wp-json\/wp\/v2\/pages"}],"about":[{"href":"https:\/\/huckerts.net\/en\/wp-json\/wp\/v2\/types\/page"}],"author":[{"embeddable":true,"href":"https:\/\/huckerts.net\/en\/wp-json\/wp\/v2\/users\/15"}],"replies":[{"embeddable":true,"href":"https:\/\/huckerts.net\/en\/wp-json\/wp\/v2\/comments?post=19588"}],"version-history":[{"count":4,"href":"https:\/\/huckerts.net\/en\/wp-json\/wp\/v2\/pages\/19588\/revisions"}],"predecessor-version":[{"id":20248,"href":"https:\/\/huckerts.net\/en\/wp-json\/wp\/v2\/pages\/19588\/revisions\/20248"}],"wp:attachment":[{"href":"https:\/\/huckerts.net\/en\/wp-json\/wp\/v2\/media?parent=19588"}],"curies":[{"name":"wp","href":"https:\/\/api.w.org\/{rel}","templated":true}]}}