{"id":19568,"date":"2024-07-25T17:57:06","date_gmt":"2024-07-25T15:57:06","guid":{"rendered":"https:\/\/huckerts.net\/nos-univers\/"},"modified":"2025-09-04T08:45:38","modified_gmt":"2025-09-04T06:45:38","slug":"our-universes","status":"publish","type":"page","link":"https:\/\/huckerts.net\/en\/our-universes\/","title":{"rendered":"Our universes"},"content":{"rendered":"<p>[vc_row][vc_column]\r\n  <div class=\"block block_univers\">\r\n    <div class=\"block_univers__container\">\r\n      <div class=\"block_univers__container__title  animateFade fadeOutAnimation\">\r\n        <h2><\/h2>\r\n      <\/div>\r\n      <div class=\"block_univers__container__items\">\r\n        <div class=\"block_univers__container__items__item animateFade fadeOutAnimation\">\r\n    <a href=\"https:\/\/huckerts.net\/en\/our-universes\/community\/\">\r\n      <div class=\"letters-link\"><span>Co<\/span><span class=\"arrow-link\"><\/span><\/div>\r\n      <div class=\"name\"><h3>Community<\/h3><\/div>\r\n      <\/a>\r\n    <\/div><div class=\"block_univers__container__items__item animateFade fadeOutAnimation\">\r\n    <a href=\"https:\/\/huckerts.net\/en\/our-universes\/industry\/\">\r\n      <div class=\"letters-link\"><span>In<\/span><span class=\"arrow-link\"><\/span><\/div>\r\n      <div class=\"name\"><h3>Industry<\/h3><\/div>\r\n      <\/a>\r\n    <\/div><div class=\"block_univers__container__items__item animateFade fadeOutAnimation\">\r\n    <a href=\"https:\/\/huckerts.net\/en\/our-universes\/laboratoire-recherche\/\">\r\n      <div class=\"letters-link\"><span>Lr<\/span><span class=\"arrow-link\"><\/span><\/div>\r\n      <div class=\"name\"><h3>Laboratory\/Research<\/h3><\/div>\r\n      <\/a>\r\n    <\/div><div class=\"block_univers__container__items__item animateFade fadeOutAnimation\">\r\n    <a href=\"https:\/\/huckerts.net\/en\/our-universes\/sante\/\">\r\n      <div class=\"letters-link\"><span>Hc<\/span><span class=\"arrow-link\"><\/span><\/div>\r\n      <div class=\"name\"><h3>Healthcare<\/h3><\/div>\r\n      <\/a>\r\n    <\/div><div class=\"block_univers__container__items__item animateFade fadeOutAnimation\">\r\n    <a href=\"https:\/\/huckerts.net\/en\/our-universes\/veterinary\/\">\r\n      <div class=\"letters-link\"><span>Ve<\/span><span class=\"arrow-link\"><\/span><\/div>\r\n      <div class=\"name\"><h3>Veterinary<\/h3><\/div>\r\n      <\/a>\r\n    <\/div>\r\n      <\/div>\r\n      \r\n    <\/div>\r\n  <\/div>[\/vc_column][\/vc_row]<\/p>\n","protected":false},"excerpt":{"rendered":"<p>[vc_row][vc_column][\/vc_column][\/vc_row]<\/p>\n","protected":false},"author":15,"featured_media":0,"parent":0,"menu_order":0,"comment_status":"closed","ping_status":"closed","template":"","meta":{"footnotes":""},"yoast_head":"<!-- This site is optimized with the Yoast SEO plugin v21.7 - https:\/\/yoast.com\/wordpress\/plugins\/seo\/ -->\n<title>Our universes - Huckert&#039;s<\/title>\n<meta name=\"robots\" content=\"index, follow, max-snippet:-1, max-image-preview:large, max-video-preview:-1\" \/>\n<link rel=\"canonical\" href=\"https:\/\/huckerts.net\/en\/our-universes\/\" \/>\n<meta property=\"og:locale\" content=\"en_US\" \/>\n<meta property=\"og:type\" content=\"article\" \/>\n<meta property=\"og:title\" content=\"Our universes - Huckert&#039;s\" \/>\n<meta property=\"og:description\" content=\"[vc_row][vc_column][\/vc_column][\/vc_row]\" \/>\n<meta property=\"og:url\" content=\"https:\/\/huckerts.net\/en\/our-universes\/\" \/>\n<meta property=\"og:site_name\" content=\"Huckert&#039;s\" \/>\n<meta property=\"article:publisher\" content=\"https:\/\/www.facebook.com\/huckerts\" \/>\n<meta property=\"article:modified_time\" content=\"2025-09-04T06:45:38+00:00\" \/>\n<meta property=\"og:image\" content=\"https:\/\/huckerts.net\/wp-content\/uploads\/2022\/01\/huckertnet-screeshot_2022-scaled.jpg\" \/>\n\t<meta property=\"og:image:width\" content=\"2560\" \/>\n\t<meta property=\"og:image:height\" content=\"1600\" \/>\n\t<meta property=\"og:image:type\" content=\"image\/jpeg\" \/>\n<meta name=\"twitter:card\" content=\"summary_large_image\" \/>\n<meta name=\"twitter:label1\" content=\"Est. reading time\" \/>\n\t<meta name=\"twitter:data1\" content=\"1 minute\" \/>\n<script type=\"application\/ld+json\" class=\"yoast-schema-graph\">{\"@context\":\"https:\/\/schema.org\",\"@graph\":[{\"@type\":\"WebPage\",\"@id\":\"https:\/\/huckerts.net\/en\/our-universes\/\",\"url\":\"https:\/\/huckerts.net\/en\/our-universes\/\",\"name\":\"Our universes - Huckert&#039;s\",\"isPartOf\":{\"@id\":\"https:\/\/huckerts.net\/#website\"},\"datePublished\":\"2024-07-25T15:57:06+00:00\",\"dateModified\":\"2025-09-04T06:45:38+00:00\",\"inLanguage\":\"en-US\",\"potentialAction\":[{\"@type\":\"ReadAction\",\"target\":[\"https:\/\/huckerts.net\/en\/our-universes\/\"]}]},{\"@type\":\"WebSite\",\"@id\":\"https:\/\/huckerts.net\/#website\",\"url\":\"https:\/\/huckerts.net\/\",\"name\":\"Huckert&#039;s\",\"description\":\"La d\u00e9sinfection ma\u00eetris\u00e9\",\"potentialAction\":[{\"@type\":\"SearchAction\",\"target\":{\"@type\":\"EntryPoint\",\"urlTemplate\":\"https:\/\/huckerts.net\/?s={search_term_string}\"},\"query-input\":\"required name=search_term_string\"}],\"inLanguage\":\"en-US\"}]}<\/script>\n<!-- \/ Yoast SEO plugin. -->","yoast_head_json":{"title":"Our universes - Huckert&#039;s","robots":{"index":"index","follow":"follow","max-snippet":"max-snippet:-1","max-image-preview":"max-image-preview:large","max-video-preview":"max-video-preview:-1"},"canonical":"https:\/\/huckerts.net\/en\/our-universes\/","og_locale":"en_US","og_type":"article","og_title":"Our universes - Huckert&#039;s","og_description":"[vc_row][vc_column][\/vc_column][\/vc_row]","og_url":"https:\/\/huckerts.net\/en\/our-universes\/","og_site_name":"Huckert&#039;s","article_publisher":"https:\/\/www.facebook.com\/huckerts","article_modified_time":"2025-09-04T06:45:38+00:00","og_image":[{"width":2560,"height":1600,"url":"https:\/\/huckerts.net\/wp-content\/uploads\/2022\/01\/huckertnet-screeshot_2022-scaled.jpg","type":"image\/jpeg"}],"twitter_card":"summary_large_image","twitter_misc":{"Est. reading time":"1 minute"},"schema":{"@context":"https:\/\/schema.org","@graph":[{"@type":"WebPage","@id":"https:\/\/huckerts.net\/en\/our-universes\/","url":"https:\/\/huckerts.net\/en\/our-universes\/","name":"Our universes - Huckert&#039;s","isPartOf":{"@id":"https:\/\/huckerts.net\/#website"},"datePublished":"2024-07-25T15:57:06+00:00","dateModified":"2025-09-04T06:45:38+00:00","inLanguage":"en-US","potentialAction":[{"@type":"ReadAction","target":["https:\/\/huckerts.net\/en\/our-universes\/"]}]},{"@type":"WebSite","@id":"https:\/\/huckerts.net\/#website","url":"https:\/\/huckerts.net\/","name":"Huckert&#039;s","description":"La d\u00e9sinfection ma\u00eetris\u00e9","potentialAction":[{"@type":"SearchAction","target":{"@type":"EntryPoint","urlTemplate":"https:\/\/huckerts.net\/?s={search_term_string}"},"query-input":"required name=search_term_string"}],"inLanguage":"en-US"}]}},"_links":{"self":[{"href":"https:\/\/huckerts.net\/en\/wp-json\/wp\/v2\/pages\/19568"}],"collection":[{"href":"https:\/\/huckerts.net\/en\/wp-json\/wp\/v2\/pages"}],"about":[{"href":"https:\/\/huckerts.net\/en\/wp-json\/wp\/v2\/types\/page"}],"author":[{"embeddable":true,"href":"https:\/\/huckerts.net\/en\/wp-json\/wp\/v2\/users\/15"}],"replies":[{"embeddable":true,"href":"https:\/\/huckerts.net\/en\/wp-json\/wp\/v2\/comments?post=19568"}],"version-history":[{"count":3,"href":"https:\/\/huckerts.net\/en\/wp-json\/wp\/v2\/pages\/19568\/revisions"}],"predecessor-version":[{"id":20134,"href":"https:\/\/huckerts.net\/en\/wp-json\/wp\/v2\/pages\/19568\/revisions\/20134"}],"wp:attachment":[{"href":"https:\/\/huckerts.net\/en\/wp-json\/wp\/v2\/media?parent=19568"}],"curies":[{"name":"wp","href":"https:\/\/api.w.org\/{rel}","templated":true}]}}