{"id":19547,"date":"2016-03-14T17:56:52","date_gmt":"2016-03-14T16:56:52","guid":{"rendered":"https:\/\/huckerts.net\/carrieres\/"},"modified":"2025-09-02T16:48:55","modified_gmt":"2025-09-02T14:48:55","slug":"carrieres","status":"publish","type":"page","link":"https:\/\/huckerts.net\/en\/carrieres\/","title":{"rendered":"Careers"},"content":{"rendered":"<p>[vc_row][vc_column]\r\n  <div class=\"block block_text\">\r\n    <div class=\"block_text__container\">\r\n      <div class=\"block_text__container__content\">\r\n        <h2 class=\" animateFade fadeOutAnimation\"><\/h2>\r\n        <div class=\"text animateFade fadeOutAnimation\">\r\n          In a booming industry, our laboratory is regularly looking for new employees for its various departments: production, quality, scientific, regulatory, sales, administrative, etc.<\/p>\n<p>Please feel free to send us your unsolicited application via our form. We will keep your application in our database for potential future opportunities.\r\n        <\/div>\r\n      <\/div>\r\n    <\/div>\r\n  <\/div>[\/vc_column][\/vc_row][vc_row][vc_column][vc_empty_space height=&#8221;50px&#8221;][\/vc_column][\/vc_row][vc_row disable_element=&#8221;yes&#8221;][vc_column]\r\n  <div class=\"block block_accordion\">\r\n    <div class=\"block_accordion__container\">\r\n      <div class=\"block_accordion__container__sidebar\">\r\n        <ul class=\"block_accordion__container__sidebar__items \">\r\n          \r\n    <li class=\"block_accordion__container__sidebar__items__item active animateFade fadeOutAnimation\" data-name=\"intitule-du-poste\">\r\n      <a href=\"#\">Intitul\u00e9 du poste<\/a>\r\n    <\/li>\r\n    \r\n    <li class=\"block_accordion__container__sidebar__items__item  animateFade fadeOutAnimation\" data-name=\"intitule-du-poste\">\r\n      <a href=\"#\">Intitul\u00e9 du poste<\/a>\r\n    <\/li>\r\n    \r\n    <li class=\"block_accordion__container__sidebar__items__item  animateFade fadeOutAnimation\" data-name=\"intitule-du-poste\">\r\n      <a href=\"#\">Intitul\u00e9 du poste<\/a>\r\n    <\/li>\r\n    \r\n    <li class=\"block_accordion__container__sidebar__items__item  animateFade fadeOutAnimation\" data-name=\"intitule-du-poste\">\r\n      <a href=\"#\">Intitul\u00e9 du poste<\/a>\r\n    <\/li>\r\n    \r\n    <li class=\"block_accordion__container__sidebar__items__item  animateFade fadeOutAnimation\" data-name=\"intitule-du-poste\">\r\n      <a href=\"#\">Intitul\u00e9 du poste<\/a>\r\n    <\/li>\r\n    \r\n    <li class=\"block_accordion__container__sidebar__items__item  animateFade fadeOutAnimation\" data-name=\"intitule-du-poste\">\r\n      <a href=\"#\">Intitul\u00e9 du poste<\/a>\r\n    <\/li>\r\n    \r\n        <\/ul>\r\n      <\/div>\r\n      <div class=\"block_accordion__container__content\">\r\n        <div class=\"block_accordion__container__content__items\">\r\n          \r\n    <div class=\"block_accordion__container__content__items__item active \" data-name=\"intitule-du-poste\">\r\n      Description du post\n\nCum autem commodis intervallata temporibus convivia longa et noxia coeperint apparari vel distributio sollemnium sportularum, anxia deliberatione tractatur an exceptis his quibus vicissitudo debetur, peregrinum invitari conveniet, et si digesto plene consilio id placuerit fieri, is adhibetur qui pro domibus excubat aurigarum aut artem tesserariam profitetur aut secretiora quaedam se nosse confingit.\n\nCum autem commodis intervallata temporibus convivia longa et noxia coeperint apparari vel distributio sollemnium sportularum, anxia deliberatione tractatur an exceptis his quibus vicissitudo debetur, peregrinum invitari conveniet, et si digesto plene consilio id placuerit fieri, is adhibetur qui pro domibus excubat aurigarum aut artem tesserariam profitetur aut secretiora quaedam se nosse confingit.\n\n\n\n\r\n    <\/div>\r\n    \r\n    <div class=\"block_accordion__container__content__items__item  \" data-name=\"intitule-du-poste\">\r\n      Description du post\n\nCum autem commodis intervallata temporibus convivia longa et noxia coeperint apparari vel distributio sollemnium sportularum, anxia deliberatione tractatur an exceptis his quibus vicissitudo debetur, peregrinum invitari conveniet, et si digesto plene consilio id placuerit fieri, is adhibetur qui pro domibus excubat aurigarum aut artem tesserariam profitetur aut secretiora quaedam se nosse confingit.\n\nCum autem commodis intervallata temporibus convivia longa et noxia coeperint apparari vel distributio sollemnium sportularum, anxia deliberatione tractatur an exceptis his quibus vicissitudo debetur, peregrinum invitari conveniet, et si digesto plene consilio id placuerit fieri, is adhibetur qui pro domibus excubat aurigarum aut artem tesserariam profitetur aut secretiora quaedam se nosse confingit.\n\n\n\n\r\n    <\/div>\r\n    \r\n    <div class=\"block_accordion__container__content__items__item  \" data-name=\"intitule-du-poste\">\r\n      Description du post\n\nCum autem commodis intervallata temporibus convivia longa et noxia coeperint apparari vel distributio sollemnium sportularum, anxia deliberatione tractatur an exceptis his quibus vicissitudo debetur, peregrinum invitari conveniet, et si digesto plene consilio id placuerit fieri, is adhibetur qui pro domibus excubat aurigarum aut artem tesserariam profitetur aut secretiora quaedam se nosse confingit.\n\nCum autem commodis intervallata temporibus convivia longa et noxia coeperint apparari vel distributio sollemnium sportularum, anxia deliberatione tractatur an exceptis his quibus vicissitudo debetur, peregrinum invitari conveniet, et si digesto plene consilio id placuerit fieri, is adhibetur qui pro domibus excubat aurigarum aut artem tesserariam profitetur aut secretiora quaedam se nosse confingit.\n\n\n\n\r\n    <\/div>\r\n    \r\n    <div class=\"block_accordion__container__content__items__item  \" data-name=\"intitule-du-poste\">\r\n      Description du post\n\nCum autem commodis intervallata temporibus convivia longa et noxia coeperint apparari vel distributio sollemnium sportularum, anxia deliberatione tractatur an exceptis his quibus vicissitudo debetur, peregrinum invitari conveniet, et si digesto plene consilio id placuerit fieri, is adhibetur qui pro domibus excubat aurigarum aut artem tesserariam profitetur aut secretiora quaedam se nosse confingit.\n\nCum autem commodis intervallata temporibus convivia longa et noxia coeperint apparari vel distributio sollemnium sportularum, anxia deliberatione tractatur an exceptis his quibus vicissitudo debetur, peregrinum invitari conveniet, et si digesto plene consilio id placuerit fieri, is adhibetur qui pro domibus excubat aurigarum aut artem tesserariam profitetur aut secretiora quaedam se nosse confingit.\n\n\n\n\r\n    <\/div>\r\n    \r\n    <div class=\"block_accordion__container__content__items__item  \" data-name=\"intitule-du-poste\">\r\n      Description du post\n\nCum autem commodis intervallata temporibus convivia longa et noxia coeperint apparari vel distributio sollemnium sportularum, anxia deliberatione tractatur an exceptis his quibus vicissitudo debetur, peregrinum invitari conveniet, et si digesto plene consilio id placuerit fieri, is adhibetur qui pro domibus excubat aurigarum aut artem tesserariam profitetur aut secretiora quaedam se nosse confingit.\n\nCum autem commodis intervallata temporibus convivia longa et noxia coeperint apparari vel distributio sollemnium sportularum, anxia deliberatione tractatur an exceptis his quibus vicissitudo debetur, peregrinum invitari conveniet, et si digesto plene consilio id placuerit fieri, is adhibetur qui pro domibus excubat aurigarum aut artem tesserariam profitetur aut secretiora quaedam se nosse confingit.\n\n\n\n\r\n    <\/div>\r\n    \r\n    <div class=\"block_accordion__container__content__items__item  \" data-name=\"intitule-du-poste\">\r\n      Description du post\n\nCum autem commodis intervallata temporibus convivia longa et noxia coeperint apparari vel distributio sollemnium sportularum, anxia deliberatione tractatur an exceptis his quibus vicissitudo debetur, peregrinum invitari conveniet, et si digesto plene consilio id placuerit fieri, is adhibetur qui pro domibus excubat aurigarum aut artem tesserariam profitetur aut secretiora quaedam se nosse confingit.\n\nCum autem commodis intervallata temporibus convivia longa et noxia coeperint apparari vel distributio sollemnium sportularum, anxia deliberatione tractatur an exceptis his quibus vicissitudo debetur, peregrinum invitari conveniet, et si digesto plene consilio id placuerit fieri, is adhibetur qui pro domibus excubat aurigarum aut artem tesserariam profitetur aut secretiora quaedam se nosse confingit.\n\n\n\n\r\n    <\/div>\r\n    \r\n        <\/div>\r\n      <\/div>\r\n    <\/div>\r\n  <\/div>[\/vc_column][\/vc_row][vc_row][vc_column]\n<div class=\"wpcf7 no-js\" id=\"wpcf7-f11614-o1\" lang=\"en-US\" dir=\"ltr\">\n<div class=\"screen-reader-response\"><p role=\"status\" aria-live=\"polite\" aria-atomic=\"true\"><\/p> <ul><\/ul><\/div>\n<form action=\"\/en\/wp-json\/wp\/v2\/pages\/19547#wpcf7-f11614-o1\" method=\"post\" class=\"wpcf7-form init\" aria-label=\"Contact form\" novalidate=\"novalidate\" data-status=\"init\">\n<div style=\"display: none;\">\n<input type=\"hidden\" name=\"_wpcf7\" value=\"11614\" \/>\n<input type=\"hidden\" name=\"_wpcf7_version\" value=\"5.8.5\" \/>\n<input type=\"hidden\" name=\"_wpcf7_locale\" value=\"en_US\" \/>\n<input type=\"hidden\" name=\"_wpcf7_unit_tag\" value=\"wpcf7-f11614-o1\" \/>\n<input type=\"hidden\" name=\"_wpcf7_container_post\" value=\"0\" \/>\n<input type=\"hidden\" name=\"_wpcf7_posted_data_hash\" value=\"\" \/>\n<input type=\"hidden\" name=\"_wpcf7_recaptcha_response\" value=\"\" \/>\n<\/div>\n<div class=\"row\">\n\t<div class=\"col-md-12\">\n\t\t<div class=\"form-group\">\n\t\t\t<p><label>Surname *<\/label><br \/>\n<span class=\"wpcf7-form-control-wrap\" data-name=\"last-name\"><input size=\"40\" class=\"wpcf7-form-control wpcf7-text wpcf7-validates-as-required form-control\" aria-required=\"true\" aria-invalid=\"false\" value=\"\" type=\"text\" name=\"last-name\" \/><\/span>\n\t\t\t<\/p>\n\t\t<\/div>\n\t\t<div class=\"form-group\">\n\t\t\t<p><label>First name *<\/label><br \/>\n<span class=\"wpcf7-form-control-wrap\" data-name=\"first-name\"><input size=\"40\" class=\"wpcf7-form-control wpcf7-text wpcf7-validates-as-required form-control\" aria-required=\"true\" aria-invalid=\"false\" value=\"\" type=\"text\" name=\"first-name\" \/><\/span>\n\t\t\t<\/p>\n\t\t<\/div>\n\t\t<div class=\"form-group\">\n\t\t\t<p><label>Email *<\/label><br \/>\n<span class=\"wpcf7-form-control-wrap\" data-name=\"email\"><input size=\"40\" class=\"wpcf7-form-control wpcf7-email wpcf7-validates-as-required wpcf7-text wpcf7-validates-as-email form-control\" aria-required=\"true\" aria-invalid=\"false\" value=\"\" type=\"email\" name=\"email\" \/><\/span>\n\t\t\t<\/p>\n\t\t<\/div>\n\t\t<div class=\"form-group\">\n\t\t\t<p><label>Job title *<\/label><br \/>\n<span class=\"wpcf7-form-control-wrap\" data-name=\"menu-580\"><select class=\"wpcf7-form-control wpcf7-select form-control\" aria-invalid=\"false\" name=\"menu-580\"><option value=\"Spontaneous application\">Spontaneous application<\/option><option value=\"Other\">Other<\/option><\/select><\/span>\n\t\t\t<\/p>\n\t\t<\/div>\n\t\t<div class=\"form-group\">\n\t\t\t<p><label>Attach your CV and cover letter *<\/label><br \/>\n<span class=\"wpcf7-form-control-wrap\" data-name=\"upload-file-1\"><input size=\"40\" class=\"wpcf7-form-control wpcf7-drag-n-drop-file d-none\" aria-required=\"true\" aria-invalid=\"false\" type=\"file\" multiple=\"multiple\" data-name=\"upload-file-1\" data-type=\"jpeg|png|jpg|gif|pdf|doc|docx\" data-limit=\"3276800\" data-id=\"11614\" data-version=\"free version 1.3.7.4\" accept=\".jpeg, .png, .jpg, .gif, .pdf, .doc, .docx\" \/><\/span>\n\t\t\t<\/p>\n\t\t<\/div>\n\t\t<div class=\"spacer-10\">\n\t\t<\/div>\n\t\t<div class=\"form-group\">\n\t\t\t<p><span class=\"wpcf7-form-control-wrap\" data-name=\"checkbox-10\"><span class=\"wpcf7-form-control wpcf7-checkbox wpcf7-validates-as-required\"><span class=\"wpcf7-list-item first last\"><label><input type=\"checkbox\" name=\"checkbox-10[]\" value=\"I authorise Laboratoire Huckert\u2019s International to contact me via the email address indicated in this form\" \/><span class=\"wpcf7-list-item-label\">I authorise Laboratoire Huckert\u2019s International to contact me via the email address indicated in this form<\/span><\/label><\/span><\/span><\/span>\n\t\t\t<\/p>\n\t\t<\/div>\n\t\t<div class=\"form-group text-center\">\n\t\t\t<p><input class=\"wpcf7-form-control wpcf7-submit has-spinner btn btn-primary\" type=\"submit\" value=\"Send your application\" \/>\n\t\t\t<\/p>\n\t\t<\/div>\n\t<\/div>\n<\/div><div class=\"wpcf7-response-output\" aria-hidden=\"true\"><\/div>\n<\/form>\n<\/div>\n[\/vc_column][\/vc_row]<\/p>\n","protected":false},"excerpt":{"rendered":"<p>[vc_row][vc_column][\/vc_column][\/vc_row][vc_row][vc_column][vc_empty_space height=&#8221;50px&#8221;][\/vc_column][\/vc_row][vc_row disable_element=&#8221;yes&#8221;][vc_column][\/vc_column][\/vc_row][vc_row][vc_column][\/vc_column][\/vc_row]<\/p>\n","protected":false},"author":15,"featured_media":5414,"parent":0,"menu_order":0,"comment_status":"closed","ping_status":"closed","template":"","meta":{"footnotes":""},"yoast_head":"<!-- This site is optimized with the Yoast SEO plugin v21.7 - https:\/\/yoast.com\/wordpress\/plugins\/seo\/ -->\n<title>Careers - Huckert&#039;s<\/title>\n<meta name=\"robots\" content=\"index, follow, max-snippet:-1, max-image-preview:large, max-video-preview:-1\" \/>\n<link rel=\"canonical\" href=\"https:\/\/huckerts.net\/en\/carrieres\/\" \/>\n<meta property=\"og:locale\" content=\"en_US\" \/>\n<meta property=\"og:type\" content=\"article\" \/>\n<meta property=\"og:title\" content=\"Careers - Huckert&#039;s\" \/>\n<meta property=\"og:description\" content=\"[vc_row][vc_column][\/vc_column][\/vc_row][vc_row][vc_column][vc_empty_space height=&#8221;50px&#8221;][\/vc_column][\/vc_row][vc_row disable_element=&#8221;yes&#8221;][vc_column][\/vc_column][\/vc_row][vc_row][vc_column][\/vc_column][\/vc_row]\" \/>\n<meta property=\"og:url\" content=\"https:\/\/huckerts.net\/en\/carrieres\/\" \/>\n<meta property=\"og:site_name\" content=\"Huckert&#039;s\" \/>\n<meta property=\"article:publisher\" content=\"https:\/\/www.facebook.com\/huckerts\" \/>\n<meta property=\"article:modified_time\" content=\"2025-09-02T14:48:55+00:00\" \/>\n<meta property=\"og:image\" content=\"https:\/\/huckerts.net\/wp-content\/uploads\/2021\/04\/c-v-1.jpg\" \/>\n\t<meta property=\"og:image:width\" content=\"1920\" \/>\n\t<meta property=\"og:image:height\" content=\"240\" \/>\n\t<meta property=\"og:image:type\" content=\"image\/jpeg\" \/>\n<meta name=\"twitter:card\" content=\"summary_large_image\" \/>\n<meta name=\"twitter:label1\" content=\"Est. reading time\" \/>\n\t<meta name=\"twitter:data1\" content=\"1 minute\" \/>\n<script type=\"application\/ld+json\" class=\"yoast-schema-graph\">{\"@context\":\"https:\/\/schema.org\",\"@graph\":[{\"@type\":\"WebPage\",\"@id\":\"https:\/\/huckerts.net\/en\/carrieres\/\",\"url\":\"https:\/\/huckerts.net\/en\/carrieres\/\",\"name\":\"Careers - Huckert&#039;s\",\"isPartOf\":{\"@id\":\"https:\/\/huckerts.net\/#website\"},\"datePublished\":\"2016-03-14T16:56:52+00:00\",\"dateModified\":\"2025-09-02T14:48:55+00:00\",\"inLanguage\":\"en-US\",\"potentialAction\":[{\"@type\":\"ReadAction\",\"target\":[\"https:\/\/huckerts.net\/en\/carrieres\/\"]}]},{\"@type\":\"WebSite\",\"@id\":\"https:\/\/huckerts.net\/#website\",\"url\":\"https:\/\/huckerts.net\/\",\"name\":\"Huckert&#039;s\",\"description\":\"La d\u00e9sinfection ma\u00eetris\u00e9\",\"potentialAction\":[{\"@type\":\"SearchAction\",\"target\":{\"@type\":\"EntryPoint\",\"urlTemplate\":\"https:\/\/huckerts.net\/?s={search_term_string}\"},\"query-input\":\"required name=search_term_string\"}],\"inLanguage\":\"en-US\"}]}<\/script>\n<!-- \/ Yoast SEO plugin. -->","yoast_head_json":{"title":"Careers - Huckert&#039;s","robots":{"index":"index","follow":"follow","max-snippet":"max-snippet:-1","max-image-preview":"max-image-preview:large","max-video-preview":"max-video-preview:-1"},"canonical":"https:\/\/huckerts.net\/en\/carrieres\/","og_locale":"en_US","og_type":"article","og_title":"Careers - Huckert&#039;s","og_description":"[vc_row][vc_column][\/vc_column][\/vc_row][vc_row][vc_column][vc_empty_space height=&#8221;50px&#8221;][\/vc_column][\/vc_row][vc_row disable_element=&#8221;yes&#8221;][vc_column][\/vc_column][\/vc_row][vc_row][vc_column][\/vc_column][\/vc_row]","og_url":"https:\/\/huckerts.net\/en\/carrieres\/","og_site_name":"Huckert&#039;s","article_publisher":"https:\/\/www.facebook.com\/huckerts","article_modified_time":"2025-09-02T14:48:55+00:00","og_image":[{"width":1920,"height":240,"url":"https:\/\/huckerts.net\/wp-content\/uploads\/2021\/04\/c-v-1.jpg","type":"image\/jpeg"}],"twitter_card":"summary_large_image","twitter_misc":{"Est. reading time":"1 minute"},"schema":{"@context":"https:\/\/schema.org","@graph":[{"@type":"WebPage","@id":"https:\/\/huckerts.net\/en\/carrieres\/","url":"https:\/\/huckerts.net\/en\/carrieres\/","name":"Careers - Huckert&#039;s","isPartOf":{"@id":"https:\/\/huckerts.net\/#website"},"datePublished":"2016-03-14T16:56:52+00:00","dateModified":"2025-09-02T14:48:55+00:00","inLanguage":"en-US","potentialAction":[{"@type":"ReadAction","target":["https:\/\/huckerts.net\/en\/carrieres\/"]}]},{"@type":"WebSite","@id":"https:\/\/huckerts.net\/#website","url":"https:\/\/huckerts.net\/","name":"Huckert&#039;s","description":"La d\u00e9sinfection ma\u00eetris\u00e9","potentialAction":[{"@type":"SearchAction","target":{"@type":"EntryPoint","urlTemplate":"https:\/\/huckerts.net\/?s={search_term_string}"},"query-input":"required name=search_term_string"}],"inLanguage":"en-US"}]}},"_links":{"self":[{"href":"https:\/\/huckerts.net\/en\/wp-json\/wp\/v2\/pages\/19547"}],"collection":[{"href":"https:\/\/huckerts.net\/en\/wp-json\/wp\/v2\/pages"}],"about":[{"href":"https:\/\/huckerts.net\/en\/wp-json\/wp\/v2\/types\/page"}],"author":[{"embeddable":true,"href":"https:\/\/huckerts.net\/en\/wp-json\/wp\/v2\/users\/15"}],"replies":[{"embeddable":true,"href":"https:\/\/huckerts.net\/en\/wp-json\/wp\/v2\/comments?post=19547"}],"version-history":[{"count":4,"href":"https:\/\/huckerts.net\/en\/wp-json\/wp\/v2\/pages\/19547\/revisions"}],"predecessor-version":[{"id":19717,"href":"https:\/\/huckerts.net\/en\/wp-json\/wp\/v2\/pages\/19547\/revisions\/19717"}],"wp:featuredmedia":[{"embeddable":true,"href":"https:\/\/huckerts.net\/en\/wp-json\/wp\/v2\/media\/5414"}],"wp:attachment":[{"href":"https:\/\/huckerts.net\/en\/wp-json\/wp\/v2\/media?parent=19547"}],"curies":[{"name":"wp","href":"https:\/\/api.w.org\/{rel}","templated":true}]}}