{"id":19541,"date":"2020-12-04T12:42:17","date_gmt":"2020-12-04T11:42:17","guid":{"rendered":"https:\/\/huckerts.net\/nos-engagements\/"},"modified":"2025-09-18T16:18:00","modified_gmt":"2025-09-18T14:18:00","slug":"our-commitments","status":"publish","type":"page","link":"https:\/\/huckerts.net\/en\/our-commitments\/","title":{"rendered":"Our commitments"},"content":{"rendered":"<p>[vc_row css=&#8221;.vc_custom_1723199245729{margin-top: 0px !important;}&#8221;][vc_column]\r\n  <div class=\"block block_text\">\r\n    <div class=\"block_text__container\">\r\n      <div class=\"block_text__container__content\">\r\n        <h2 class=\" animateFade fadeOutAnimation\">STRONG COMMITMENTS FOR MORE THAN 60 YEARS<\/h2>\r\n        <div class=\"text animateFade fadeOutAnimation\">\r\n          <strong>Requirements, reliability, safety \u2026 we protect what is most precious: life.<\/strong><\/p>\n<p>Laboratoire Huckert\u2019s International manufactures high-performance medical devices suitable for disinfection of medical apparatus that meet the requirements of Medical Device Directive 93\/42\/EEC and will meet future MDR requirements.<\/p>\n<p><strong>We also manufacture:<\/strong><\/p>\n<ul>\n<li>Biocides for the medical, food, industrial, household and professional sectors<\/li>\n<li>Dermo-cosmetic products enriched with essential oils that respect even the most fragile skin types.<\/li>\n<\/ul>\n<p>All our products are manufactured according to quality criteria (constant traceability and stability) imposed by the certifications ISO 9001: 2015 and ISO 13485: 2016.<\/p>\n<p>Each product is made on a 10-step flow from design to end use. All our teams work hard daily to guarantee complete satisfaction. We hope that by using our solutions, you will appreciate our efforts to offer you quality products that protect the most precious thing more than ever: <strong>life<\/strong>.<\/p>\n<p><strong>OUR AIM:<\/strong><\/p>\n<p>We want to effectively support companies that call on our services for high-performance disinfection. We are constantly committed to quality and customer satisfaction.<\/p>\n<p>Sustainable development forms an integral part of Laboratoire Huckert\u2019s International\u2019s quality management system. Above all, we seek to ensure our employees adhere to our family business values &#8211; quality, health and ethics are at the heart of everything we do.\r\n        <\/div>\r\n      <\/div>\r\n    <\/div>\r\n  <\/div>[vc_empty_space][\/vc_column][\/vc_row][vc_row][vc_column]\r\n  <div class=\"block block_two_columns\">\r\n    <div class=\"block_two_columns__container default\">\r\n      <div class=\"block_two_columns__container__image\">\r\n        <img decoding=\"async\" src=\"https:\/\/huckerts.net\/wp-content\/uploads\/2025\/07\/photo4-phytogel-huckerts.jpg\" alt=\"Image mise en avant\" class=\" animateFade fadeOutAnimation\">\r\n      <\/div>\r\n      <div class=\"block_two_columns__container__content\">\r\n        <div class=\"text animateFade fadeOutAnimation\">\r\n          <\/p>\n<div class=\"wpb_text_column wpb_content_element \">\n<div class=\"wpb_wrapper\">\n<h2 style=\"text-align: left;\">FORMULAS THAT RESPECT YOUR HEALTH<\/h2>\n<\/div>\n<\/div>\n<div class=\"wpb_text_column wpb_content_element \">\n<div class=\"wpb_wrapper\">\n<p>Most of our formulas contain essential oils and extracts of medicinal plant concentrates.<\/p>\n<p>We refuse to work with ingredients classified as CMR (Carcinogenic, Mutagenic or Reprotoxic) and ingredients listed as endocrine disruptors. A proactive programme of regulatory and technical monitoring keeps us constantly informed of developments in these constantly evolving fields.<\/p>\n<p>Similarly, we\u2019re proud that our products are pH-neutral and non-corrosive.<\/p>\n<\/div>\n<\/div>\n<p>\r\n        <\/div>\r\n        \r\n      <\/div>\r\n    <\/div>\r\n  <\/div>[\/vc_column][\/vc_row][vc_row][vc_column]\r\n  <div class=\"block block_banner\">\r\n    <div class=\"block_banner__container\">\r\n      <div class=\"block_banner__container__image animateFade fadeOutAnimation\"  style=\"background-image:url(https:\/\/huckerts.net\/wp-content\/uploads\/2025\/07\/arbre.jpg)\"><\/div>\r\n      <div class=\"block_banner__container__content\">\r\n        <h2 class=\" animateFade fadeOutAnimation\">ENVIRONMENTALLY-FRIENDLY MANUFACTURING<\/h2>\r\n        <div class=\"text animateFade fadeOutAnimation\">\r\n          Our concentrated formulas are over 99,4% biodegradable*.<br \/>\nWe\u2019re working on our cosmetics to obtain a rate of naturalness over 90%.<br \/>\nWe favour cold manufacture to use less energy.<br \/>\nA member of the Val-I-Pac Association, we pay an annual subscription for the collection and recycling of our industrial packaging.<\/p>\n<p>* OECD 301B test, not valid for wipes.\r\n        <\/div>\r\n      <\/div>\r\n    <\/div>\r\n  <\/div>[\/vc_column][\/vc_row][vc_row][vc_column]\r\n  <div class=\"block block_two_columns\">\r\n    <div class=\"block_two_columns__container inverse\">\r\n      <div class=\"block_two_columns__container__image\">\r\n        <img decoding=\"async\" src=\"https:\/\/huckerts.net\/wp-content\/uploads\/2020\/12\/Photo2-engagement-huckerts.jpg\" alt=\"Image mise en avant\" class=\" animateFade fadeOutAnimation\">\r\n      <\/div>\r\n      <div class=\"block_two_columns__container__content\">\r\n        <div class=\"text animateFade fadeOutAnimation\">\r\n          <\/p>\n<div class=\"wpb_text_column wpb_content_element \">\n<div class=\"wpb_wrapper\">\n<h2 style=\"text-align: left;\">ENVIRONMENTALLY-FRIENDLY MANUFACTURING<\/h2>\n<\/div>\n<\/div>\n<div class=\"wpb_text_column wpb_content_element \">\n<div class=\"wpb_wrapper\">\n<p>As part of our commitment to protect the environment, we are keen to reduce the environmental impact of our packaging, without compromising the safety or effectiveness of our products. That\u2019s why since 2020, we\u2019ve opted for a plant-based PE (polyethylene)\/biobased plastic for our 1L sprays, and our cosmetics bottles* Plant PE is a plastic made from sugar cane, which has the same protective and storage properties as classic PE. It\u2019s protective, sustainable and recyclable.<\/p>\n<p>Why sugar cane? Its cultivation doesn\u2019t lead to food deprivation. Its production is environmentally friendly. The plant-based plastic containers emit 75% less CO\u2082 than classic containers.<\/p>\n<p>What\u2019s more, our ready-to-use vaporisers are propellant gas-free.<\/p>\n<p class=\"p1\">* Subject to availability of the raw material.<\/p>\n<\/div>\n<\/div>\n<p>\r\n        <\/div>\r\n        \r\n      <\/div>\r\n    <\/div>\r\n  <\/div>[\/vc_column][\/vc_row][vc_row][vc_column]\r\n  <div class=\"block block_two_columns\">\r\n    <div class=\"block_two_columns__container default\">\r\n      <div class=\"block_two_columns__container__image\">\r\n        <img decoding=\"async\" src=\"https:\/\/huckerts.net\/wp-content\/uploads\/2025\/07\/co2.jpg\" alt=\"Image mise en avant\" class=\" animateFade fadeOutAnimation\">\r\n      <\/div>\r\n      <div class=\"block_two_columns__container__content\">\r\n        <div class=\"text animateFade fadeOutAnimation\">\r\n          <\/p>\n<div class=\"wpb_text_column wpb_content_element \">\n<div class=\"wpb_wrapper\">\n<h2 style=\"text-align: left;\">REDUCING CO\u2082<\/h2>\n<\/div>\n<\/div>\n<div class=\"wpb_text_column wpb_content_element \">\n<div class=\"wpb_wrapper\">\n<p>We promote collaboration with European suppliers in the context of reducing journey times and therefore CO\u2082 emissions, but also to support the European economy.<\/p>\n<p>Particular attention is paid to the CO\u2082 emissions of the vehicles in our fleet. We select vehicles with the lowest carbon footprint possible.<\/p>\n<p>The decision has been taken to equip all light points with LEDs, which consume 4 times less energy than incandescent bulbs.\r\n        <\/div>\r\n        \r\n      <\/div>\r\n    <\/div>\r\n  <\/div>[\/vc_column][\/vc_row][vc_row][vc_column][vc_column_text]<\/p>\n<\/div>\n<\/div>\n<p>[\/vc_column_text][\/vc_column][\/vc_row]<\/p>\n","protected":false},"excerpt":{"rendered":"<p>[vc_row css=&#8221;.vc_custom_1723199245729{margin-top: 0px !important;}&#8221;][vc_column][vc_empty_space][\/vc_column][\/vc_row][vc_row][vc_column][\/vc_column][\/vc_row][vc_row][vc_column][\/vc_column][\/vc_row][vc_row][vc_column][\/vc_column][\/vc_row][vc_row][vc_column][\/vc_column][\/vc_row][vc_row][vc_column][vc_column_text] [\/vc_column_text][\/vc_column][\/vc_row]<\/p>\n","protected":false},"author":15,"featured_media":17202,"parent":0,"menu_order":0,"comment_status":"closed","ping_status":"closed","template":"","meta":{"footnotes":""},"yoast_head":"<!-- This site is optimized with the Yoast SEO plugin v21.7 - https:\/\/yoast.com\/wordpress\/plugins\/seo\/ -->\n<title>Our commitments - Huckert&#039;s<\/title>\n<meta name=\"robots\" content=\"index, follow, max-snippet:-1, max-image-preview:large, max-video-preview:-1\" \/>\n<link rel=\"canonical\" href=\"https:\/\/huckerts.net\/en\/our-commitments\/\" \/>\n<meta property=\"og:locale\" content=\"en_US\" \/>\n<meta property=\"og:type\" content=\"article\" \/>\n<meta property=\"og:title\" content=\"Our commitments - Huckert&#039;s\" \/>\n<meta property=\"og:description\" content=\"[vc_row css=&#8221;.vc_custom_1723199245729{margin-top: 0px !important;}&#8221;][vc_column][vc_empty_space][\/vc_column][\/vc_row][vc_row][vc_column][\/vc_column][\/vc_row][vc_row][vc_column][\/vc_column][\/vc_row][vc_row][vc_column][\/vc_column][\/vc_row][vc_row][vc_column][\/vc_column][\/vc_row][vc_row][vc_column][vc_column_text] [\/vc_column_text][\/vc_column][\/vc_row]\" \/>\n<meta property=\"og:url\" content=\"https:\/\/huckerts.net\/en\/our-commitments\/\" \/>\n<meta property=\"og:site_name\" content=\"Huckert&#039;s\" \/>\n<meta property=\"article:publisher\" content=\"https:\/\/www.facebook.com\/huckerts\" \/>\n<meta property=\"article:modified_time\" content=\"2025-09-18T14:18:00+00:00\" \/>\n<meta property=\"og:image\" content=\"https:\/\/huckerts.net\/wp-content\/uploads\/2025\/07\/engagements-1024x683.jpg\" \/>\n\t<meta property=\"og:image:width\" content=\"1024\" \/>\n\t<meta property=\"og:image:height\" content=\"683\" \/>\n\t<meta property=\"og:image:type\" content=\"image\/jpeg\" \/>\n<meta name=\"twitter:card\" content=\"summary_large_image\" \/>\n<meta name=\"twitter:label1\" content=\"Est. reading time\" \/>\n\t<meta name=\"twitter:data1\" content=\"3 minutes\" \/>\n<script type=\"application\/ld+json\" class=\"yoast-schema-graph\">{\"@context\":\"https:\/\/schema.org\",\"@graph\":[{\"@type\":\"WebPage\",\"@id\":\"https:\/\/huckerts.net\/en\/our-commitments\/\",\"url\":\"https:\/\/huckerts.net\/en\/our-commitments\/\",\"name\":\"Our commitments - Huckert&#039;s\",\"isPartOf\":{\"@id\":\"https:\/\/huckerts.net\/#website\"},\"datePublished\":\"2020-12-04T11:42:17+00:00\",\"dateModified\":\"2025-09-18T14:18:00+00:00\",\"inLanguage\":\"en-US\",\"potentialAction\":[{\"@type\":\"ReadAction\",\"target\":[\"https:\/\/huckerts.net\/en\/our-commitments\/\"]}]},{\"@type\":\"WebSite\",\"@id\":\"https:\/\/huckerts.net\/#website\",\"url\":\"https:\/\/huckerts.net\/\",\"name\":\"Huckert&#039;s\",\"description\":\"La d\u00e9sinfection ma\u00eetris\u00e9\",\"potentialAction\":[{\"@type\":\"SearchAction\",\"target\":{\"@type\":\"EntryPoint\",\"urlTemplate\":\"https:\/\/huckerts.net\/?s={search_term_string}\"},\"query-input\":\"required name=search_term_string\"}],\"inLanguage\":\"en-US\"}]}<\/script>\n<!-- \/ Yoast SEO plugin. -->","yoast_head_json":{"title":"Our commitments - Huckert&#039;s","robots":{"index":"index","follow":"follow","max-snippet":"max-snippet:-1","max-image-preview":"max-image-preview:large","max-video-preview":"max-video-preview:-1"},"canonical":"https:\/\/huckerts.net\/en\/our-commitments\/","og_locale":"en_US","og_type":"article","og_title":"Our commitments - Huckert&#039;s","og_description":"[vc_row css=&#8221;.vc_custom_1723199245729{margin-top: 0px !important;}&#8221;][vc_column][vc_empty_space][\/vc_column][\/vc_row][vc_row][vc_column][\/vc_column][\/vc_row][vc_row][vc_column][\/vc_column][\/vc_row][vc_row][vc_column][\/vc_column][\/vc_row][vc_row][vc_column][\/vc_column][\/vc_row][vc_row][vc_column][vc_column_text] [\/vc_column_text][\/vc_column][\/vc_row]","og_url":"https:\/\/huckerts.net\/en\/our-commitments\/","og_site_name":"Huckert&#039;s","article_publisher":"https:\/\/www.facebook.com\/huckerts","article_modified_time":"2025-09-18T14:18:00+00:00","og_image":[{"width":1024,"height":683,"url":"https:\/\/huckerts.net\/wp-content\/uploads\/2025\/07\/engagements-1024x683.jpg","type":"image\/jpeg"}],"twitter_card":"summary_large_image","twitter_misc":{"Est. reading time":"3 minutes"},"schema":{"@context":"https:\/\/schema.org","@graph":[{"@type":"WebPage","@id":"https:\/\/huckerts.net\/en\/our-commitments\/","url":"https:\/\/huckerts.net\/en\/our-commitments\/","name":"Our commitments - Huckert&#039;s","isPartOf":{"@id":"https:\/\/huckerts.net\/#website"},"datePublished":"2020-12-04T11:42:17+00:00","dateModified":"2025-09-18T14:18:00+00:00","inLanguage":"en-US","potentialAction":[{"@type":"ReadAction","target":["https:\/\/huckerts.net\/en\/our-commitments\/"]}]},{"@type":"WebSite","@id":"https:\/\/huckerts.net\/#website","url":"https:\/\/huckerts.net\/","name":"Huckert&#039;s","description":"La d\u00e9sinfection ma\u00eetris\u00e9","potentialAction":[{"@type":"SearchAction","target":{"@type":"EntryPoint","urlTemplate":"https:\/\/huckerts.net\/?s={search_term_string}"},"query-input":"required name=search_term_string"}],"inLanguage":"en-US"}]}},"_links":{"self":[{"href":"https:\/\/huckerts.net\/en\/wp-json\/wp\/v2\/pages\/19541"}],"collection":[{"href":"https:\/\/huckerts.net\/en\/wp-json\/wp\/v2\/pages"}],"about":[{"href":"https:\/\/huckerts.net\/en\/wp-json\/wp\/v2\/types\/page"}],"author":[{"embeddable":true,"href":"https:\/\/huckerts.net\/en\/wp-json\/wp\/v2\/users\/15"}],"replies":[{"embeddable":true,"href":"https:\/\/huckerts.net\/en\/wp-json\/wp\/v2\/comments?post=19541"}],"version-history":[{"count":6,"href":"https:\/\/huckerts.net\/en\/wp-json\/wp\/v2\/pages\/19541\/revisions"}],"predecessor-version":[{"id":20327,"href":"https:\/\/huckerts.net\/en\/wp-json\/wp\/v2\/pages\/19541\/revisions\/20327"}],"wp:featuredmedia":[{"embeddable":true,"href":"https:\/\/huckerts.net\/en\/wp-json\/wp\/v2\/media\/17202"}],"wp:attachment":[{"href":"https:\/\/huckerts.net\/en\/wp-json\/wp\/v2\/media?parent=19541"}],"curies":[{"name":"wp","href":"https:\/\/api.w.org\/{rel}","templated":true}]}}