{"id":19537,"date":"2024-07-25T18:43:51","date_gmt":"2024-07-25T16:43:51","guid":{"rendered":"https:\/\/huckerts.net\/notre-histoire\/"},"modified":"2025-09-18T16:16:06","modified_gmt":"2025-09-18T14:16:06","slug":"our-history","status":"publish","type":"page","link":"https:\/\/huckerts.net\/en\/our-history\/","title":{"rendered":"Our history"},"content":{"rendered":"<p>[vc_row][vc_column]\r\n  <div class=\"block block_timeline\">\r\n    <div class=\"block_timeline__container\">\r\n      <div class=\"block_timeline__container__items\">\r\n        <h2 class=\" animateFade fadeOutAnimation\">History<\/h2>\r\n        <div id=\"timeline\" class=\"horizontal-timeline\">\r\n        <div class=\"events-content\">\r\n            <ol>\r\n              \r\n    <li data-horizontal-timeline='{\"date\": \"01\/01\/1957\",\"customDisplay\":\"1957\"}'>\r\n      <div class=\"description\">\r\n        <div class=\"description__image animateFade fadeOutAnimation\">\r\n          <img decoding=\"async\" src=\"https:\/\/huckerts.net\/wp-content\/uploads\/2024\/07\/notre_histoire_01.jpg\" alt=\"Image timeline\" \/>\r\n        <\/div>\r\n        <div class=\"description__content animateFade fadeOutAnimation\"> \r\n          <p class=\"date\">1957<\/span>\r\n          <h2>START OF A WONDERFUL ADVENTURE<\/h2>\r\n          <p class=\"text\">Since its creation in 1957 by Charles Huckert, Laboratoire Huckert\u2019s International has been developing and marketing high-performance disinfectants, with remarkable safety for the operator, equipment and natural environment.\nLaboratoire Huckert\u2019s International continues to develop its activity.\nA family business, its success lies in the quality of its products and the professionalism of its team. Our keyword is INNOVATION.. Our keyword Is INNOVATION.<\/span>\r\n        <\/div>\r\n    <\/li>\r\n    \r\n    <li data-horizontal-timeline='{\"date\": \"01\/02\/1980\",\"customDisplay\":\"1980\"}'>\r\n      <div class=\"description\">\r\n        <div class=\"description__image animateFade fadeOutAnimation\">\r\n          <img decoding=\"async\" src=\"https:\/\/huckerts.net\/wp-content\/uploads\/2025\/07\/notre_histoire_02.jpg\" alt=\"Image timeline\" \/>\r\n        <\/div>\r\n        <div class=\"description__content animateFade fadeOutAnimation\"> \r\n          <p class=\"date\">1980<\/span>\r\n          <h2>INTERNATIONAL DEVELOPMENT<\/h2>\r\n          <p class=\"text\">Laboratoire Huckert\u2019s International took a new turn in the 1980s by developing its activity internationally.\nWe\u2019re now present on all continents. We\u2019re now present on all continents. This development forced the family business to specialise in controlling infectious risk, particularly in the medical community, which is our main sector of activity.<\/span>\r\n        <\/div>\r\n    <\/li>\r\n    \r\n    <li data-horizontal-timeline='{\"date\": \"01\/03\/1996\",\"customDisplay\":\"1996\"}'>\r\n      <div class=\"description\">\r\n        <div class=\"description__image animateFade fadeOutAnimation\">\r\n          <img decoding=\"async\" src=\"https:\/\/huckerts.net\/wp-content\/uploads\/2025\/07\/notre_histoire_03.jpg\" alt=\"Image timeline\" \/>\r\n        <\/div>\r\n        <div class=\"description__content animateFade fadeOutAnimation\"> \r\n          <p class=\"date\">1996<\/span>\r\n          <h2>A CERTIFIED ENVIRONMENT<\/h2>\r\n          <p class=\"text\">In 1996, the new premises based in Nivelles (Belgium) allowed us to implement a progressive operation system in a controlled environment (clean room).\nIn 1999, our efforts to guarantee quality assurance were crowned by ISO 9001 and ISO13485 certification. Since then, we have been certifying the total traceability and reproducibility of our Medical Devices and Biocides ranges.<\/span>\r\n        <\/div>\r\n    <\/li>\r\n    \r\n    <li data-horizontal-timeline='{\"date\": \"01\/04\/2000\",\"customDisplay\":\"2000\"}'>\r\n      <div class=\"description\">\r\n        <div class=\"description__image animateFade fadeOutAnimation\">\r\n          <img decoding=\"async\" src=\"https:\/\/huckerts.net\/wp-content\/uploads\/2025\/07\/notre_histoire_04.jpg\" alt=\"Image timeline\" \/>\r\n        <\/div>\r\n        <div class=\"description__content animateFade fadeOutAnimation\"> \r\n          <p class=\"date\">2000<\/span>\r\n          <h2>NEW PREMISES\u2026<\/h2>\r\n          <p class=\"text\">The desire to meet its customers\u2019 needs and be as close to them as possible prompted Laboratoire Huckert\u2019s International to open facilities in the Grand Duchy of Luxembourg and in France in the early 2000s.\nA new step was taken in 2014, with acquisition of a site of more than 3 hectares located in Wavre (Belgium), on which all research and development, production, packaging and quality control activities are located.<\/span>\r\n        <\/div>\r\n    <\/li>\r\n    \r\n    <li data-horizontal-timeline='{\"date\": \"01\/05\/2015\",\"customDisplay\":\"2015\"}'>\r\n      <div class=\"description\">\r\n        <div class=\"description__image animateFade fadeOutAnimation\">\r\n          <img decoding=\"async\" src=\"https:\/\/huckerts.net\/wp-content\/uploads\/2025\/07\/LHI-ITALIA.jpg\" alt=\"Image timeline\" \/>\r\n        <\/div>\r\n        <div class=\"description__content animateFade fadeOutAnimation\"> \r\n          <p class=\"date\">2015<\/span>\r\n          <h2>\u2026 IN EUROPE AND ASIE<\/h2>\r\n          <p class=\"text\">In 2015, Laboratoire Huckert\u2019s International really got a foothold in Italy when it purchased a building in the centre of Umbria.\nIn 2018, the laboratory acquired a new building in Wavre (Belgique) of more than 2 500 m\u00b2 au 31 Avenue Lavoisier.\nIn 2019, senior management continued to consolidate its intention to develop internationally and created an entity in Singapore.\nAt the end of 2021, the project for a new entity in Switzerland saw the light of day.<\/span>\r\n        <\/div>\r\n    <\/li>\r\n    \r\n    <li data-horizontal-timeline='{\"date\": \"01\/06\/2022\",\"customDisplay\":\"2022\"}'>\r\n      <div class=\"description\">\r\n        <div class=\"description__image animateFade fadeOutAnimation\">\r\n          <img decoding=\"async\" src=\"https:\/\/huckerts.net\/wp-content\/uploads\/2025\/07\/notre_histoire_05.jpg\" alt=\"Image timeline\" \/>\r\n        <\/div>\r\n        <div class=\"description__content animateFade fadeOutAnimation\"> \r\n          <p class=\"date\">2022<\/span>\r\n          <h2>NEW PRODUCTION LINES<\/h2>\r\n          <p class=\"text\">An extension of more than 1000 m\u00b2 saw the light of day in 2022. Allowing it to enlarge the storage space and optimise the production area. New production lines are being installed, increasing manufacturing capacity 8 times.\nThis investment allows us to improve our reactivity. Following the SARS-CoV-2 crisis, we had to reorganise our working methods to respond to numerous requests as quickly as possible without compromising on our quality.\nThis transformation allowed the family business to have an installation of more than 7500 m\u00b2. A great development that contributes to the expansion of Laboratoire Huckert\u2019s worldwide.<\/span>\r\n        <\/div>\r\n    <\/li>\r\n    \r\n            <\/ol>\r\n        <\/div>\r\n        <\/div>\r\n      <\/div>\r\n    <\/div>\r\n  <\/div>\r\n\r\n  [\/vc_column][\/vc_row]<\/p>\n","protected":false},"excerpt":{"rendered":"<p>[vc_row][vc_column][\/vc_column][\/vc_row]<\/p>\n","protected":false},"author":15,"featured_media":0,"parent":0,"menu_order":0,"comment_status":"closed","ping_status":"closed","template":"","meta":{"footnotes":""},"yoast_head":"<!-- This site is optimized with the Yoast SEO plugin v21.7 - https:\/\/yoast.com\/wordpress\/plugins\/seo\/ -->\n<title>Our history - Huckert&#039;s<\/title>\n<meta name=\"robots\" content=\"index, follow, max-snippet:-1, max-image-preview:large, max-video-preview:-1\" \/>\n<link rel=\"canonical\" href=\"https:\/\/huckerts.net\/en\/our-history\/\" \/>\n<meta property=\"og:locale\" content=\"en_US\" \/>\n<meta property=\"og:type\" content=\"article\" \/>\n<meta property=\"og:title\" content=\"Our history - Huckert&#039;s\" \/>\n<meta property=\"og:description\" content=\"[vc_row][vc_column][\/vc_column][\/vc_row]\" \/>\n<meta property=\"og:url\" content=\"https:\/\/huckerts.net\/en\/our-history\/\" \/>\n<meta property=\"og:site_name\" content=\"Huckert&#039;s\" \/>\n<meta property=\"article:publisher\" content=\"https:\/\/www.facebook.com\/huckerts\" \/>\n<meta property=\"article:modified_time\" content=\"2025-09-18T14:16:06+00:00\" \/>\n<meta property=\"og:image\" content=\"https:\/\/huckerts.net\/wp-content\/uploads\/2022\/01\/huckertnet-screeshot_2022-scaled.jpg\" \/>\n\t<meta property=\"og:image:width\" content=\"2560\" \/>\n\t<meta property=\"og:image:height\" content=\"1600\" \/>\n\t<meta property=\"og:image:type\" content=\"image\/jpeg\" \/>\n<meta name=\"twitter:card\" content=\"summary_large_image\" \/>\n<meta name=\"twitter:label1\" content=\"Est. reading time\" \/>\n\t<meta name=\"twitter:data1\" content=\"1 minute\" \/>\n<script type=\"application\/ld+json\" class=\"yoast-schema-graph\">{\"@context\":\"https:\/\/schema.org\",\"@graph\":[{\"@type\":\"WebPage\",\"@id\":\"https:\/\/huckerts.net\/en\/our-history\/\",\"url\":\"https:\/\/huckerts.net\/en\/our-history\/\",\"name\":\"Our history - Huckert&#039;s\",\"isPartOf\":{\"@id\":\"https:\/\/huckerts.net\/#website\"},\"datePublished\":\"2024-07-25T16:43:51+00:00\",\"dateModified\":\"2025-09-18T14:16:06+00:00\",\"inLanguage\":\"en-US\",\"potentialAction\":[{\"@type\":\"ReadAction\",\"target\":[\"https:\/\/huckerts.net\/en\/our-history\/\"]}]},{\"@type\":\"WebSite\",\"@id\":\"https:\/\/huckerts.net\/#website\",\"url\":\"https:\/\/huckerts.net\/\",\"name\":\"Huckert&#039;s\",\"description\":\"La d\u00e9sinfection ma\u00eetris\u00e9\",\"potentialAction\":[{\"@type\":\"SearchAction\",\"target\":{\"@type\":\"EntryPoint\",\"urlTemplate\":\"https:\/\/huckerts.net\/?s={search_term_string}\"},\"query-input\":\"required name=search_term_string\"}],\"inLanguage\":\"en-US\"}]}<\/script>\n<!-- \/ Yoast SEO plugin. -->","yoast_head_json":{"title":"Our history - Huckert&#039;s","robots":{"index":"index","follow":"follow","max-snippet":"max-snippet:-1","max-image-preview":"max-image-preview:large","max-video-preview":"max-video-preview:-1"},"canonical":"https:\/\/huckerts.net\/en\/our-history\/","og_locale":"en_US","og_type":"article","og_title":"Our history - Huckert&#039;s","og_description":"[vc_row][vc_column][\/vc_column][\/vc_row]","og_url":"https:\/\/huckerts.net\/en\/our-history\/","og_site_name":"Huckert&#039;s","article_publisher":"https:\/\/www.facebook.com\/huckerts","article_modified_time":"2025-09-18T14:16:06+00:00","og_image":[{"width":2560,"height":1600,"url":"https:\/\/huckerts.net\/wp-content\/uploads\/2022\/01\/huckertnet-screeshot_2022-scaled.jpg","type":"image\/jpeg"}],"twitter_card":"summary_large_image","twitter_misc":{"Est. reading time":"1 minute"},"schema":{"@context":"https:\/\/schema.org","@graph":[{"@type":"WebPage","@id":"https:\/\/huckerts.net\/en\/our-history\/","url":"https:\/\/huckerts.net\/en\/our-history\/","name":"Our history - Huckert&#039;s","isPartOf":{"@id":"https:\/\/huckerts.net\/#website"},"datePublished":"2024-07-25T16:43:51+00:00","dateModified":"2025-09-18T14:16:06+00:00","inLanguage":"en-US","potentialAction":[{"@type":"ReadAction","target":["https:\/\/huckerts.net\/en\/our-history\/"]}]},{"@type":"WebSite","@id":"https:\/\/huckerts.net\/#website","url":"https:\/\/huckerts.net\/","name":"Huckert&#039;s","description":"La d\u00e9sinfection ma\u00eetris\u00e9","potentialAction":[{"@type":"SearchAction","target":{"@type":"EntryPoint","urlTemplate":"https:\/\/huckerts.net\/?s={search_term_string}"},"query-input":"required name=search_term_string"}],"inLanguage":"en-US"}]}},"_links":{"self":[{"href":"https:\/\/huckerts.net\/en\/wp-json\/wp\/v2\/pages\/19537"}],"collection":[{"href":"https:\/\/huckerts.net\/en\/wp-json\/wp\/v2\/pages"}],"about":[{"href":"https:\/\/huckerts.net\/en\/wp-json\/wp\/v2\/types\/page"}],"author":[{"embeddable":true,"href":"https:\/\/huckerts.net\/en\/wp-json\/wp\/v2\/users\/15"}],"replies":[{"embeddable":true,"href":"https:\/\/huckerts.net\/en\/wp-json\/wp\/v2\/comments?post=19537"}],"version-history":[{"count":6,"href":"https:\/\/huckerts.net\/en\/wp-json\/wp\/v2\/pages\/19537\/revisions"}],"predecessor-version":[{"id":20326,"href":"https:\/\/huckerts.net\/en\/wp-json\/wp\/v2\/pages\/19537\/revisions\/20326"}],"wp:attachment":[{"href":"https:\/\/huckerts.net\/en\/wp-json\/wp\/v2\/media?parent=19537"}],"curies":[{"name":"wp","href":"https:\/\/api.w.org\/{rel}","templated":true}]}}